{"id":5381,"date":"2025-10-12T12:25:20","date_gmt":"2025-10-12T10:25:20","guid":{"rendered":"https:\/\/vitamin.coredesign.hu\/?product=gal-titok-multivitamin-es-halkollagen-peptidek-msm-italpor-127g173g"},"modified":"2026-01-08T23:24:47","modified_gmt":"2026-01-08T22:24:47","slug":"gal-titok-multivitamin-es-halkollagen-peptidek-msm-italpor-127g173g","status":"publish","type":"product","link":"https:\/\/vitamin.coredesign.hu\/?product=gal-titok-multivitamin-es-halkollagen-peptidek-msm-italpor-127g173g","title":{"rendered":"GAL TITOK Multivitamin \u00e9s Halkollag\u00e9n peptidek + MSM italpor \u2013 127g+173g"},"content":{"rendered":"<p>&nbsp;<\/p>\n<div id=\"lt-accessibility-devtools\" aria-hidden=\"true\"><\/div>\n<p>A k\u00e9t term\u00e9k\u00fcnk (GAL TITOK Multivitamin \u00e9s Halkollag\u00e9n peptidek + MSM italpor) egy\u00fcttesen teljes\u00e9rt\u00e9k\u0171 megold\u00e1s, amellyel er\u0151s\u00edtheti a szervezet\u00e9t, \u00f3vhatja az eg\u00e9szs\u00e9g\u00e9t, t\u00e1mogathatja a sz\u00e9ps\u00e9g\u00e9t.<\/p>\n<h2>GAL TITOK Multivitamin \u00e9s Halkollag\u00e9n peptidek + MSM<\/h2>\n<p>A k\u00e9t term\u00e9k\u00fcnk (GAL TITOK Multivitamin \u00e9s Halkollag\u00e9n peptidek + MSM italpor) egy\u00fcttesen teljes\u00e9rt\u00e9k\u0171 megold\u00e1s, amellyel er\u0151s\u00edtheti a szervezet\u00e9t, \u00f3vhatja az eg\u00e9szs\u00e9g\u00e9t, t\u00e1mogathatja a sz\u00e9ps\u00e9g\u00e9t.<\/p>\n<p>A term\u00e9k, amelyet a kez\u00e9ben tart, minden r\u00e9szlet\u00e9ben azt a bizalmat t\u00f6rekszik megszolg\u00e1lni, amit mindannyian kifejez\u00fcnk, amikor t\u00e1pl\u00e1l\u00e9kot v\u00e1lasztunk a magunk vagy a szeretteink sz\u00e1m\u00e1ra.<\/p>\n<p>A\u00a0<strong>GAL TITOK Multivitamin<\/strong>\u00a0fejleszt\u00e9s\u00e9nek h\u00e1tter\u00e9t a leg\u00fajabb, de id\u0151t\u00e1ll\u00f3 kutat\u00e1sok eredm\u00e9nyeinek \u00e1llhatatos, \u00e9rt\u0151 felhaszn\u00e1l\u00e1sa biztos\u00edtja. \u00d6sszet\u00e9tel\u00e9nek harm\u00f3ni\u00e1j\u00e1t csakis az\u00e1ltal teremthett\u00fck meg, hogy a term\u00e9szetess\u00e9gb\u0151l \u00e9s \u00e9letszer\u0171s\u00e9gb\u0151l nem engedt\u00fcnk; a t\u00e1panyagd\u00fas \u00e9lelmiszerekben rejl\u0151, ide\u00e1lis vitamin-, \u00e1sv\u00e1nyianyag- \u00e9s nyomelemform\u00e1kat, mennyis\u00e9geket \u00e9s ar\u00e1nyokat megtartottuk. A sz\u00e9ps\u00e9get t\u00e1mogatja a term\u00e9k valamennyi alkot\u00f3eleme, de k\u00fcl\u00f6n a b\u0151r \u00e9s az \u00edz\u00fcletek t\u00e1panyagait, hialuronsavat \u00e9s MSM-et, s ezek mellett a k\u00f6rm\u00f6k eg\u00e9szs\u00e9g\u00e9t is \u00f3v\u00f3, nagyobb mennyis\u00e9g\u0171 szil\u00edciumot is tartalmaz. Nem hagytuk ki a k\u00fcl\u00f6nlegesen cseng\u0151 shilajitot sem, az indiai, tibeti \u00e9s sz\u00e1mos \u0151si gy\u00f3gy\u00e1szat \u00e9vezredek \u00f3ta nagy becsben tartott m\u00e9regtelen\u00edt\u0151-, er\u0151s\u00edt\u0151-, fiatal\u00edt\u00f3szer\u00e9t. S amint az \u00e9let szinte minden ter\u00fclet\u00e9n, ahogy egy hat\u00e1rozott, magabiztos n\u0151 v\u00e1laszt\u00e1saiban, fontos volt itt is, hogy mi az, aminek a term\u00e9kben nincs semmi keresnival\u00f3ja.<\/p>\n<p>A\u00a0<strong>GAL TITOK Halkollag\u00e9n peptidek + MSM<\/strong>\u00a0halkollag\u00e9n-alapanyag\u00e1ul a francia Naticol\u00ae halkollag\u00e9nje szolg\u00e1l. A gyors \u00e9s marad\u00e9ktalan hasznosul\u00e1st az \u00e1ltalunk v\u00e1lasztott, legink\u00e1bb el\u0151em\u00e9sztett v\u00e1ltozat biztos\u00edtja, amelynek \u00e1tlagos peptidm\u00e9rete 2000 Dalton alatti. A szervezeti kollag\u00e9n 95%-a, bele\u00e9rtve a csontokat is, az I-es t\u00edpus\u00fa kollag\u00e9nek csoportj\u00e1ba tartozik. K\u00f6z\u00fcl\u00fck azonban csak a halkollag\u00e9n Neu5Gc-mentes, ez\u00e9rt azon szigor\u00fa autoimmun di\u00e9t\u00e1t k\u00f6vet\u0151k sz\u00e1m\u00e1ra is fogyaszthat\u00f3, akiknek ker\u00fclni\u00fck kell az eml\u0151s\u00e1llatokt\u00f3l sz\u00e1rmaz\u00f3 \u00e9lelmiszereket. A halkollag\u00e9n j\u00f3t\u00e9konyan hat a csontok rugalmass\u00e1g\u00e1ra, s\u0171r\u0171s\u00e9g\u00e9re. Hum\u00e1n kutat\u00e1sok mutatj\u00e1k tov\u00e1bbi el\u0151nyeit a b\u0151r hidrat\u00e1lts\u00e1g\u00e1val, rugalmass\u00e1g\u00e1val \u00f6sszef\u00fcgg\u00e9sben, csak\u00fagy, mint hat\u00e1s\u00e1t a r\u00e1ncosod\u00e1s, illetve az id\u0151skori izomsorvad\u00e1s ellen, valamint az \u00edz\u00fcleti folyad\u00e9k\u00e1llom\u00e1ny cs\u00f6kken\u00e9s\u00e9nek visszaszor\u00edt\u00e1s\u00e1ban. A TITOK Multivitamin napi 250 mg-j\u00e1t ebben az italporban tov\u00e1bbi 750 mg MSM-mel eg\u00e9sz\u00edtett\u00fck ki.<\/p>\n<p>A\u00a0<strong><a href=\"https:\/\/vitaminnagyker.hu\/termek\/gal-titok-multivitamin-csomag-127g\/\" target=\"_blank\" rel=\"noopener\">GAL TITOK Multivitamint<\/a><\/strong>\u00a0\u00e9s\u00a0<strong><a href=\"https:\/\/vitaminnagyker.hu\/termek\/gal-titok-halkollagen-peptidek-msm-italpor-173g\/\" target=\"_blank\" rel=\"noopener\">Halkollag\u00e9n peptideket + MSM<\/a><\/strong>-et egy\u00fctt fogyasztva az egym\u00e1s\u00e9it kieg\u00e9sz\u00edt\u0151, er\u0151s\u00edt\u0151 hat\u00e1st tapasztalhat, vel\u00fck egy\u00fctt tehet az \u00f6r\u00f6mad\u00f3 sz\u00e9ps\u00e9g\u00e9rt \u00e9s az \u00e9ltet\u0151 eg\u00e9szs\u00e9g\u00e9rt.<\/p>\n","protected":false},"excerpt":{"rendered":"<p>A k\u00e9t term\u00e9k\u00fcnk (GAL TITOK Multivitamin \u00e9s Halkollag\u00e9n peptidek + MSM italpor) egy\u00fcttesen teljes\u00e9rt\u00e9k\u0171 megold\u00e1s, amellyel er\u0151s\u00edtheti a szervezet\u00e9t, \u00f3vhatja az eg\u00e9szs\u00e9g\u00e9t, t\u00e1mogathatja a sz\u00e9ps\u00e9g\u00e9t.<\/p>\n","protected":false},"featured_media":5382,"comment_status":"closed","ping_status":"open","template":"","meta":[],"product_cat":[60],"product_tag":[],"class_list":{"0":"post-5381","1":"product","2":"type-product","3":"status-publish","4":"has-post-thumbnail","6":"product_brand-gal","7":"product_cat-vitaminok","9":"first","10":"instock","11":"purchasable","12":"product-type-simple"},"_links":{"self":[{"href":"https:\/\/vitamin.coredesign.hu\/index.php?rest_route=\/wp\/v2\/product\/5381","targetHints":{"allow":["GET"]}}],"collection":[{"href":"https:\/\/vitamin.coredesign.hu\/index.php?rest_route=\/wp\/v2\/product"}],"about":[{"href":"https:\/\/vitamin.coredesign.hu\/index.php?rest_route=\/wp\/v2\/types\/product"}],"replies":[{"embeddable":true,"href":"https:\/\/vitamin.coredesign.hu\/index.php?rest_route=%2Fwp%2Fv2%2Fcomments&post=5381"}],"wp:featuredmedia":[{"embeddable":true,"href":"https:\/\/vitamin.coredesign.hu\/index.php?rest_route=\/wp\/v2\/media\/5382"}],"wp:attachment":[{"href":"https:\/\/vitamin.coredesign.hu\/index.php?rest_route=%2Fwp%2Fv2%2Fmedia&parent=5381"}],"wp:term":[{"taxonomy":"product_cat","embeddable":true,"href":"https:\/\/vitamin.coredesign.hu\/index.php?rest_route=%2Fwp%2Fv2%2Fproduct_cat&post=5381"},{"taxonomy":"product_tag","embeddable":true,"href":"https:\/\/vitamin.coredesign.hu\/index.php?rest_route=%2Fwp%2Fv2%2Fproduct_tag&post=5381"}],"curies":[{"name":"wp","href":"https:\/\/api.w.org\/{rel}","templated":true}]}}