{"id":5377,"date":"2025-10-12T12:25:20","date_gmt":"2025-10-12T10:25:20","guid":{"rendered":"https:\/\/vitamin.coredesign.hu\/?product=gal-jod-komplex-csepp-100ml"},"modified":"2026-01-08T23:24:45","modified_gmt":"2026-01-08T22:24:45","slug":"gal-jod-komplex-csepp-100ml","status":"publish","type":"product","link":"https:\/\/vitamin.coredesign.hu\/?product=gal-jod-komplex-csepp-100ml","title":{"rendered":"GAL J\u00f3d-komplex csepp \u2013 100ml"},"content":{"rendered":"<p>&nbsp;<\/p>\n<div id=\"lt-accessibility-devtools\" aria-hidden=\"true\"><\/div>\n<p>A j\u00f3d a pajzsmirigy \u00e1ltal termelt hormonok egyik alkot\u00f3eleme, \u00edgy n\u00e9lk\u00fcl\u00f6zhetetlen a megfelel\u0151 pajzsmirigy m\u0171k\u00f6d\u00e9shez. L\u00e9tfontoss\u00e1g\u00fa \u00e1sv\u00e1nyi anyag, amely az energiatermel\u0151 anyagcsere-folyamatokban is r\u00e9szt vesz. Autoimmun eredet\u0171 pajzsmirigyprobl\u00e9m\u00e1k eset\u00e9n a j\u00f3d alkalmaz\u00e1sa er\u0151sen ellenjavallt.<\/p>\n<h2>GAL J\u00f3d-komplex<\/h2>\n<p>A j\u00f3d a pajzsmirigy \u00e1ltal termelt hormonok egyik alkot\u00f3eleme, \u00edgy n\u00e9lk\u00fcl\u00f6zhetetlen a megfelel\u0151 pajzsmirigy m\u0171k\u00f6d\u00e9shez. L\u00e9tfontoss\u00e1g\u00fa \u00e1sv\u00e1nyi anyag, amely az energiatermel\u0151 anyagcsere-folyamatokban is r\u00e9szt vesz. Autoimmun eredet\u0171 pajzsmirigyprobl\u00e9m\u00e1k eset\u00e9n a j\u00f3d alkalmaz\u00e1sa er\u0151sen ellenjavallt.<\/p>\n<p>A GAL J\u00f3d-komplex egy teljes spektrum\u00fa j\u00f3dk\u00e9sz\u00edtm\u00e9ny.<\/p>\n<p>A j\u00f3d egy esszenci\u00e1lis, az ember sz\u00e1m\u00e1ra n\u00e9lk\u00fcl\u00f6zhetetlen nyomelem, amelynek a szervezet k\u00e9tf\u00e9le form\u00e1j\u00e1t ig\u00e9nyli: a jodidot \u00e9s az elemi j\u00f3dot.<\/p>\n<p>A legjobb term\u00e9szetes \u00e9s mesters\u00e9ges j\u00f3dforr\u00e1sokban mindk\u00e9t forma megtal\u00e1lhat\u00f3, az elemi j\u00f3d viszont sokak sz\u00e1m\u00e1ra kellemetlen \u00edz\u0171 \u00e9s szag\u00fa, r\u00e1ad\u00e1sul er\u0151sen ill\u00e9kony is. E teljes spektrum\u00fa j\u00f3d-komplex\u00fcnket ez\u00e9rt \u00fagy alkottuk meg, hogy alap\u00e1llapot\u00e1ban nincs benne elemi j\u00f3d, a gyomorsavval val\u00f3 tal\u00e1lkoz\u00e1sakor viszont az szabadul fel bel\u0151le. Jodidot az \u00e1talakul\u00e1s ut\u00e1n is tartalmaz.<\/p>\n<p>Amennyiben C-vitamint vagy acetilciszteint szed, tegye id\u0151ben elk\u00fcl\u00f6n\u00edtve, legal\u00e1bb f\u00e9l \u00f3ra k\u00fcl\u00f6nbs\u00e9ggel!<\/p>\n<h3>Hat\u00f3anyag 1 adagban (1 csepp):<\/h3>\n<ul>\n<li>J\u00f3d (k\u00e1lim-jodidb\u00f3l \u00e9s k\u00e1lium-jod\u00e1tb\u00f3l) 600 mg<\/li>\n<\/ul>\n<p><strong>T\u00f6bbszem\u00e9lyes kiszerel\u00e9s:\u00a0<\/strong>100 ml ~ 2000 adagot tartalmaz.<\/p>\n<h3>\u00d6sszetev\u0151k:<\/h3>\n<p>k\u00e1lim-jodid, k\u00e1lium-jod\u00e1t, sz\u00f3dabikarb\u00f3na, v\u00edz.<\/p>\n<h3>Aj\u00e1nlott adagol\u00e1s:<\/h3>\n<p>napi 1 csepp fogyaszt\u00e1s\u00e1t javasoljuk. A napi adag b\u00e1rmikor bevehet\u0151, de a legjobb \u00e9tkez\u00e9s el\u0151tt vagy k\u00f6zben, az els\u0151 1\u20132 falat ut\u00e1n, v\u00edzbe cseppentve bevenni.<\/p>\n<p><strong>Ellenjavallat:<\/strong>\u00a0auton\u00f3m hormontermel\u0151 sz\u00f6vet a pajzsmirigyben (k\u00f3ros pajzsmirgy g\u00f6b\u00f6k) vagy a petef\u00e9szekben, alacsony szel\u00e9nbevitel.<\/p>\n","protected":false},"excerpt":{"rendered":"<p>A j\u00f3d a pajzsmirigy \u00e1ltal termelt hormonok egyik alkot\u00f3eleme, \u00edgy n\u00e9lk\u00fcl\u00f6zhetetlen a megfelel\u0151 pajzsmirigy m\u0171k\u00f6d\u00e9shez. L\u00e9tfontoss\u00e1g\u00fa \u00e1sv\u00e1nyi anyag, amely az energiatermel\u0151 anyagcsere-folyamatokban is r\u00e9szt vesz. Autoimmun eredet\u0171 pajzsmirigyprobl\u00e9m\u00e1k eset\u00e9n a j\u00f3d alkalmaz\u00e1sa er\u0151sen ellenjavallt.<\/p>\n","protected":false},"featured_media":5378,"comment_status":"closed","ping_status":"open","template":"","meta":[],"product_cat":[73],"product_tag":[],"class_list":{"0":"post-5377","1":"product","2":"type-product","3":"status-publish","4":"has-post-thumbnail","6":"product_brand-gal","7":"product_cat-arvanyi-anyagok","9":"first","10":"instock","11":"purchasable","12":"product-type-simple"},"_links":{"self":[{"href":"https:\/\/vitamin.coredesign.hu\/index.php?rest_route=\/wp\/v2\/product\/5377","targetHints":{"allow":["GET"]}}],"collection":[{"href":"https:\/\/vitamin.coredesign.hu\/index.php?rest_route=\/wp\/v2\/product"}],"about":[{"href":"https:\/\/vitamin.coredesign.hu\/index.php?rest_route=\/wp\/v2\/types\/product"}],"replies":[{"embeddable":true,"href":"https:\/\/vitamin.coredesign.hu\/index.php?rest_route=%2Fwp%2Fv2%2Fcomments&post=5377"}],"wp:featuredmedia":[{"embeddable":true,"href":"https:\/\/vitamin.coredesign.hu\/index.php?rest_route=\/wp\/v2\/media\/5378"}],"wp:attachment":[{"href":"https:\/\/vitamin.coredesign.hu\/index.php?rest_route=%2Fwp%2Fv2%2Fmedia&parent=5377"}],"wp:term":[{"taxonomy":"product_cat","embeddable":true,"href":"https:\/\/vitamin.coredesign.hu\/index.php?rest_route=%2Fwp%2Fv2%2Fproduct_cat&post=5377"},{"taxonomy":"product_tag","embeddable":true,"href":"https:\/\/vitamin.coredesign.hu\/index.php?rest_route=%2Fwp%2Fv2%2Fproduct_tag&post=5377"}],"curies":[{"name":"wp","href":"https:\/\/api.w.org\/{rel}","templated":true}]}}