{"id":5375,"date":"2025-10-12T12:25:20","date_gmt":"2025-10-12T10:25:20","guid":{"rendered":"https:\/\/vitamin.coredesign.hu\/?product=gal-kurkuma-komplex-kapszula-60db"},"modified":"2026-01-08T23:24:44","modified_gmt":"2026-01-08T22:24:44","slug":"gal-kurkuma-komplex-kapszula-60db","status":"publish","type":"product","link":"https:\/\/vitamin.coredesign.hu\/?product=gal-kurkuma-komplex-kapszula-60db","title":{"rendered":"GAL Kurkuma-komplex kapszula \u2013 60db"},"content":{"rendered":"<p>&nbsp;<\/p>\n<div id=\"lt-accessibility-devtools\" aria-hidden=\"true\"><\/div>\n<p>A kurkuma term\u00e9szetes gyullad\u00e1scs\u00f6kkent\u0151, els\u0151sorban a reum\u00e1s panaszok enyh\u00edt\u00e9s\u00e9ben, az \u00edz\u00fcleti merevs\u00e9g old\u00e1s\u00e1ban, az \u00edz\u00fcletek rugalmass\u00e1g\u00e1nak megtart\u00e1s\u00e1ban \u00e9s az \u00f6d\u00e9m\u00e1k cs\u00f6kkent\u00e9s\u00e9ben j\u00e1tszik szerepet. Kiv\u00e1l\u00f3 m\u00e9regtelen\u00edt\u0151 \u00e9s f\u00e1jdalomcsillap\u00edt\u00f3 f\u0171szer- \u00e9s gy\u00f3gyn\u00f6v\u00e9ny, v\u00e9di a m\u00e1jat, a ves\u00e9ket, kezeli az em\u00e9szt\u00e9si panaszokat, a hasmen\u00e9st \u00e9s a sz\u00e9kreked\u00e9st.<\/p>\n<h2>GAL Kurkuma-komplex kapszula<\/h2>\n<p>A kurkuma term\u00e9szetes gyullad\u00e1scs\u00f6kkent\u0151, els\u0151sorban a reum\u00e1s panaszok enyh\u00edt\u00e9s\u00e9ben, az \u00edz\u00fcleti merevs\u00e9g old\u00e1s\u00e1ban, az \u00edz\u00fcletek rugalmass\u00e1g\u00e1nak megtart\u00e1s\u00e1ban \u00e9s az \u00f6d\u00e9m\u00e1k cs\u00f6kkent\u00e9s\u00e9ben j\u00e1tszik szerepet. Kiv\u00e1l\u00f3 m\u00e9regtelen\u00edt\u0151 \u00e9s f\u00e1jdalomcsillap\u00edt\u00f3 f\u0171szer- \u00e9s gy\u00f3gyn\u00f6v\u00e9ny, v\u00e9di a m\u00e1jat, a ves\u00e9ket, kezeli az em\u00e9szt\u00e9si panaszokat, a hasmen\u00e9st \u00e9s a sz\u00e9kreked\u00e9st.<\/p>\n<p>A GAL Kurkuma-komplex kapszula term\u00e9szetes, FenuMAT\u2122 technol\u00f3gi\u00e1val kezelt, kurkuminoidokat \u00e9s turmeronokat is tartalmaz\u00f3, v\u00edzold\u00e9kony kurkuma-kivonat, kurkuma-poliszacharidokkal d\u00fas\u00edtva.<\/p>\n<p>A FenuMAT\u2122 technol\u00f3gia egy kiz\u00e1r\u00f3lag term\u00e9szetes \u00f6sszetev\u0151ket tartalmaz\u00f3, galaktomann\u00e1n-rost alap\u00fa, \u00fan. reverzibilis hidrokolloid-rendszer, amely a liposzom\u00e1lis \u00e9s hasonl\u00f3 kolloidtechnol\u00f3gi\u00e1k \u00faj gener\u00e1ci\u00f3ja. A CurQfen\u00ae egy \u00edgy feldolgozott kurkuma-kivonat, amely r\u00e9v\u00e9n a kurkuminoidok java a hat\u00e1sos, szabad form\u00e1j\u00e1ban marad a szervezetben, az eddig l\u00e9tez\u0151 megold\u00e1sokkal ellent\u00e9tben.<\/p>\n<p>F\u00fcggetlen vizsg\u00e1latban is messze maga m\u00f6g\u00f6tt hagyott minden kor\u00e1bbi megold\u00e1st. Egyedi k\u00e9r\u00e9s\u00fcnkre e technol\u00f3gia birtokosai m\u00f3dszer\u00fckkel a kurkuma esszenciaolaj\u00e1nak hat\u00f3anyagait is integr\u00e1lt\u00e1k az \u00e1ltalunk k\u00e9rt m\u00f3dos\u00edtott CurQfen\u00ae-be.<\/p>\n<p>Ha ez \u00edgy m\u00e9g nem lenne el\u00e9g teljes spektrum\u00fa, a kurkuma hat\u00e1sos, v\u00edzold\u00e9kony rostfajt\u00e1ival, turmeroszacharidokkal is kieg\u00e9sz\u00edtett\u00fck term\u00e9k\u00fcnket, a klinikailag is vizsg\u00e1lt Turmacin\u00ae hozz\u00e1ad\u00e1sa \u00e1ltal.<\/p>\n<h3>Hat\u00f3anyagok 1 kapszul\u00e1ban:<\/h3>\n<ul>\n<li>Teljes spektrum\u00fa kurkuma-hat\u00f3anyag-m\u00e1trix 250 mg<br \/>\n\u2013 CurQfen\u00ae 200 mg<br \/>\n\u2013 Turmacin\u00ae 50 mg<\/li>\n<\/ul>\n<h3>\u00d6sszetev\u0151k:<\/h3>\n<p>egyedi gy\u00e1rt\u00e1s\u00faCurQfen\u00ae kurkuma-kivonat (kurkuma-kivonat \u00e9s g\u00f6r\u00f6gsz\u00e9namagb\u00f3l nyert galaktomann\u00e1n rost),Turmacin\u00ae kurkuma-kivonat, ak\u00e1ciarost, kapszulah\u00e9j (zselatin).<\/p>\n<h3>Aj\u00e1nlott adagol\u00e1s:<\/h3>\n<p>napi 1-3 kapszula fogyaszt\u00e1sa javasolt, \u00e9tkez\u00e9s k\u00f6zben.<\/p>\n","protected":false},"excerpt":{"rendered":"<p>A kurkuma term\u00e9szetes gyullad\u00e1scs\u00f6kkent\u0151, els\u0151sorban a reum\u00e1s panaszok enyh\u00edt\u00e9s\u00e9ben, az \u00edz\u00fcleti merevs\u00e9g old\u00e1s\u00e1ban, az \u00edz\u00fcletek rugalmass\u00e1g\u00e1nak megtart\u00e1s\u00e1ban \u00e9s az \u00f6d\u00e9m\u00e1k cs\u00f6kkent\u00e9s\u00e9ben j\u00e1tszik szerepet. Kiv\u00e1l\u00f3 m\u00e9regtelen\u00edt\u0151 \u00e9s f\u00e1jdalomcsillap\u00edt\u00f3 f\u0171szer- \u00e9s gy\u00f3gyn\u00f6v\u00e9ny, v\u00e9di a m\u00e1jat, a ves\u00e9ket, kezeli az em\u00e9szt\u00e9si panaszokat, a hasmen\u00e9st \u00e9s a sz\u00e9kreked\u00e9st.<\/p>\n","protected":false},"featured_media":5376,"comment_status":"closed","ping_status":"open","template":"","meta":[],"product_cat":[61],"product_tag":[],"class_list":{"0":"post-5375","1":"product","2":"type-product","3":"status-publish","4":"has-post-thumbnail","6":"product_brand-gal","7":"product_cat-etrend-kiegeszitok","9":"first","10":"instock","11":"purchasable","12":"product-type-simple"},"_links":{"self":[{"href":"https:\/\/vitamin.coredesign.hu\/index.php?rest_route=\/wp\/v2\/product\/5375","targetHints":{"allow":["GET"]}}],"collection":[{"href":"https:\/\/vitamin.coredesign.hu\/index.php?rest_route=\/wp\/v2\/product"}],"about":[{"href":"https:\/\/vitamin.coredesign.hu\/index.php?rest_route=\/wp\/v2\/types\/product"}],"replies":[{"embeddable":true,"href":"https:\/\/vitamin.coredesign.hu\/index.php?rest_route=%2Fwp%2Fv2%2Fcomments&post=5375"}],"wp:featuredmedia":[{"embeddable":true,"href":"https:\/\/vitamin.coredesign.hu\/index.php?rest_route=\/wp\/v2\/media\/5376"}],"wp:attachment":[{"href":"https:\/\/vitamin.coredesign.hu\/index.php?rest_route=%2Fwp%2Fv2%2Fmedia&parent=5375"}],"wp:term":[{"taxonomy":"product_cat","embeddable":true,"href":"https:\/\/vitamin.coredesign.hu\/index.php?rest_route=%2Fwp%2Fv2%2Fproduct_cat&post=5375"},{"taxonomy":"product_tag","embeddable":true,"href":"https:\/\/vitamin.coredesign.hu\/index.php?rest_route=%2Fwp%2Fv2%2Fproduct_tag&post=5375"}],"curies":[{"name":"wp","href":"https:\/\/api.w.org\/{rel}","templated":true}]}}