{"id":5371,"date":"2025-10-12T12:25:20","date_gmt":"2025-10-12T10:25:20","guid":{"rendered":"https:\/\/vitamin.coredesign.hu\/?product=gal-csirkeporc-komplex-90g"},"modified":"2026-01-08T23:24:42","modified_gmt":"2026-01-08T22:24:42","slug":"gal-csirkeporc-komplex-90g","status":"publish","type":"product","link":"https:\/\/vitamin.coredesign.hu\/?product=gal-csirkeporc-komplex-90g","title":{"rendered":"GAL Csirkeporc-komplex \u2013 90g"},"content":{"rendered":"<p>&nbsp;<\/p>\n<div id=\"lt-accessibility-devtools\" aria-hidden=\"true\"><\/div>\n<p>A k\u00e9sz\u00edtm\u00e9ny egy olyan Franciaorsz\u00e1gban el\u0151\u00e1ll\u00edtott enzimatikusan el\u0151em\u00e9sztett csirkeporc-kivonat, amely a porcban tal\u00e1lhat\u00f3 II-es t\u00edpus\u00fa kollag\u00e9n mellett tartalmaz hialuronsavat \u00e9s aminoglik\u00e1nokat, f\u0151k\u00e9nt kondroitin-szulf\u00e1tot, m\u00e9ghozz\u00e1 term\u00e9szetes form\u00e1ban.<\/p>\n<h2>GAL Csirkeporc-komplex<\/h2>\n<p>A GAL Csirkeporc-komplex Franciaorsz\u00e1gban el\u0151\u00e1ll\u00edtott, enzimatikusan el\u0151em\u00e9sztett (hidroliz\u00e1lt) csirkeporc-kivonat, amely nemcsak a porcban l\u00e9v\u0151 kollag\u00e9nt tartalmazza, hanem meg\u0151rz\u00e9sre ker\u00fcltek benne a porcot alkot\u00f3 \u00fan. extracellul\u00e1ris m\u00e1trix egy\u00e9b \u00f6sszetev\u0151i is. \u00cdgy a II-es t\u00edpus\u00fa kollag\u00e9nen fel\u00fcl hialuronsavat \u00e9s aminoglik\u00e1nokat, k\u00f6z\u00fcl\u00fck f\u0151leg kondroitin-szulf\u00e1tot is tartalmaz term\u00e9szetes m\u00f3don, nem hozz\u00e1adva.<\/p>\n<h3>Kondroitin<\/h3>\n<p>A kondroitin az emberi szervezetben is megtal\u00e1lhat\u00f3, mivel ez az anyag a porcok f\u0151 \u00f6sszetev\u0151je. A kondroitin a porc egyik legfontosabb alkot\u00f3eleme, mely nagyszer\u0171 v\u00edzmegk\u00f6t\u0151 k\u00e9pess\u00e9g\u00e9nek k\u00f6sz\u00f6nhet\u0151en k\u00e9pes biztos\u00edtani a porc mechanikus-elasztikus tulajdons\u00e1gait. A kondroitin t\u00e1mogatja a porc eg\u00e9szs\u00e9ges szerkezet\u00e9nek meg\u0151rz\u00e9s\u00e9t, illetve az \u00edz\u00fcletek norm\u00e1l m\u0171k\u00f6d\u00e9s\u00e9t. Hozz\u00e1j\u00e1rul a porc f\u0151 szerkezeti elemeinek fel\u00e9p\u00edt\u00e9s\u00e9hez \u00e9s fenntart\u00e1s\u00e1hoz, \u00edgy n\u00e9lk\u00fcl\u00f6zhetetlen szerepet j\u00e1tszik az \u00edz\u00fcleti porcok \u00e9ps\u00e9g\u00e9nek fenntart\u00e1s\u00e1ban \u00e9s regener\u00e1l\u00f3d\u00e1s\u00e1ban. A kondroitin fogyaszt\u00e1sa f\u0151k\u00e9nt neh\u00e9z fizikai munk\u00e1t v\u00e9gz\u0151knek, sportol\u00f3knak \u00e9s id\u0151sebb korban l\u00e9v\u0151knek aj\u00e1nlott.<\/p>\n<p>A kondroitin t\u00e1mogatja a k\u00f6t\u0151sz\u00f6vet kialak\u00edt\u00e1s\u00e1t az eg\u00e9sz testben, k\u00f6zt\u00fck az \u00edz\u00fcleteket \u00e9s a gyomor-b\u00e9lrendszert is. A kondroitin hozz\u00e1j\u00e1rul a merev vagy s\u00e9r\u00fclt sz\u00f6vetek \u00e9s \u00edz\u00fcletek rugalmass\u00e1g\u00e1nak meg\u0151rz\u00e9s\u00e9ben \u00e9s fokoz\u00e1s\u00e1ban. T\u00e1mogatja az \u00edz\u00fcleti f\u00e1jdalom kezel\u00e9s\u00e9t, a s\u00e9r\u00fcl\u00e9sek helyre\u00e1ll\u00edt\u00e1s\u00e1t \u00e9s a regener\u00e1ci\u00f3t, serkenti a sebgy\u00f3gyul\u00e1st \u00e9s lass\u00edtja a b\u0151r \u00f6reged\u00e9s\u00e9t.<\/p>\n<h3>Kollag\u00e9n<\/h3>\n<p>A kollag\u00e9n a rugalmass\u00e1g, az elasztikuss\u00e1g \u00e9s a feszess\u00e9g, teh\u00e1t a fiatals\u00e1g feh\u00e9rj\u00e9je. A kollag\u00e9n a k\u00f6t\u0151sz\u00f6vet \u00e9s a b\u0151r egyik term\u00e9szetes komponense, illetve nagy mennyis\u00e9gben van jelen a porcokban is. B\u0151r\u00fcnk nagyj\u00e1b\u00f3l 75%-a kollag\u00e9nb\u0151l \u00e1ll, ez\u00e9rt a kollag\u00e9n szintj\u00e9nek cs\u00f6kken\u00e9se egy\u00e9rtelm\u0171 nyomokat hagy a b\u0151r\u00f6n, mivel fokozatosan elvesz\u00edti rugalmass\u00e1g\u00e1t, feszess\u00e9g\u00e9t, megereszkedik, \u00e9s r\u00e1ncok jelennek meg rajta.<\/p>\n<p>A kollag\u00e9n ragaszt\u00f3anyagk\u00e9nt m\u0171k\u00f6dik a szervezetben, mivel \u00f6sszetapaszt mindent mindennel, \u00edgy p\u00e9ld\u00e1ul a kollag\u00e9n ragasztja \u00f6ssze a csontv\u00e1zat a l\u00e1gysz\u00f6vetekkel. A kollag\u00e9n egy olyan term\u00e9szetes feh\u00e9rje, ami biztos\u00edtja a szervek \u00e9s a sz\u00f6vetek rugalmass\u00e1g\u00e1t, \u00e9p\u00edti a b\u0151rt, a hajat, a k\u00f6rm\u00f6ket, a porcokat, az \u00edz\u00fcleteket \u00e9s minden l\u00e9tfontoss\u00e1g\u00fa szervet. A kollag\u00e9n termel\u00e9se a szervezetben az \u00e9letkor el\u0151rehaladt\u00e1val egyre cs\u00f6kken, \u00e9s \u00e9vente mintegy 1%-ot vesz\u00edt\u00fcnk test\u00fcnk kollag\u00e9n k\u00e9szlet\u00e9b\u0151l. Emiatt \u00e9rdemes a kollag\u00e9n p\u00f3tl\u00e1s\u00e1ra kiemelt gondot ford\u00edtanunk.<\/p>\n<p>A kollag\u00e9n hi\u00e1nya az eg\u00e9sz szervezet m\u0171k\u00f6d\u00e9s\u00e9re \u00e9s eg\u00e9szs\u00e9g\u00e9re negat\u00edvan hat, okozhat t\u00f6bbek k\u00f6z\u00f6tt f\u00e1rad\u00e9konys\u00e1got \u00e9s kimer\u00fclts\u00e9get, ez\u00e1ltal romolhat a k\u00f6z\u00e9rzet is. Leggyakrabban a 30. \u00e9let\u00e9v k\u00f6r\u00fcl t\u0171nnek fel a kollag\u00e9nhi\u00e1ny jelei az arcon apr\u00f3 szarkal\u00e1bak, r\u00e1ncocsk\u00e1k form\u00e1j\u00e1ban. A b\u0151r egyre fak\u00f3bb\u00e1 v\u00e1lhat, elveszti kor\u00e1bbi ragyog\u00e1s\u00e1t, fiatalos kin\u00e9zet\u00e9t. A haj szint\u00e9n sokat vesz\u00edthet kor\u00e1bbi f\u00e9ny\u00e9b\u0151l \u00e9s er\u0151ss\u00e9g\u00e9b\u0151l.<\/p>\n<p>A kollag\u00e9n hi\u00e1nya k\u00e9s\u0151bb egyre t\u00f6bb mozg\u00e1sszervi probl\u00e9m\u00e1t is okozhat, egyre jobban besz\u0171k\u00fclhet a mozg\u00e1st\u00e9r, az \u00edz\u00fcletek jelent\u0151sen vesz\u00edthetnek hajl\u00e9konys\u00e1gukb\u00f3l, aminek k\u00f6vetkezt\u00e9ben k\u00f6nnyen kialakulhatnak mozg\u00e1sszervi probl\u00e9m\u00e1k, \u00edz\u00fcleti f\u00e1jdalmak is. A kollag\u00e9n szintj\u00e9nek tov\u00e1bbi zuhan\u00e1sa miatt k\u00e1rosodhatnak a k\u00f6t\u0151sz\u00f6vetek \u00e9s az izomsz\u00f6vetek, \u00e9s ak\u00e1r meggyeng\u00fclhet a csontszerkezet is.<\/p>\n<h3>Mikor aj\u00e1nlott a GAL Csirkeporc-komplex fogyaszt\u00e1sa?<\/h3>\n<ul>\n<li>A porcok \u00e9ps\u00e9g\u00e9nek helyre\u00e1ll\u00edt\u00e1s\u00e1hoz \u00e9s fenntart\u00e1s\u00e1hoz<\/li>\n<li>A merev vagy s\u00e9r\u00fclt sz\u00f6vetek \u00e9s \u00edz\u00fcletek rugalmass\u00e1g\u00e1nak megtart\u00e1s\u00e1hoz \u00e9s n\u00f6vel\u00e9s\u00e9hez<\/li>\n<li>Az \u00edz\u00fcleti f\u00e1jdalom kezel\u00e9s\u00e9hez<\/li>\n<li>A s\u00e9r\u00fcl\u00e9sek helyre\u00e1ll\u00edt\u00e1s\u00e1hoz \u00e9s a regener\u00e1ci\u00f3hoz<\/li>\n<li>A sebgy\u00f3gyul\u00e1s gyors\u00edt\u00e1s\u00e1hoz<\/li>\n<li>A b\u0151r \u00f6reged\u00e9s\u00e9nek k\u00e9sleltet\u00e9s\u00e9hez<\/li>\n<li>A b\u0151r, a haj \u00e9s a k\u00f6rm\u00f6k norm\u00e1l \u00e1llapot\u00e1nak fenntart\u00e1s\u00e1hoz<\/li>\n<li>Az \u00f6reged\u00e9s l\u00e1that\u00f3 jeleinek cs\u00f6kkent\u00e9s\u00e9hez<\/li>\n<li>A r\u00e1ncok megel\u0151z\u00e9s\u00e9hez, cs\u00f6kkent\u00e9s\u00e9hez<\/li>\n<\/ul>\n<h3>Hat\u00f3anyagok 1 adagban (1,5g\/\u200a\u200a3ml):<\/h3>\n<ul>\n<li>Chondractiv csirkeporc kivonat 1500mg<\/li>\n<\/ul>\n<p>(55% II-es t\u00edpus\u00fa kollag\u00e9nre,<\/p>\n<p>12% kondroitin-szulf\u00e1tra \u00e9s<\/p>\n<p>1% hialuronsavra standardiz\u00e1lva)<\/p>\n<h3>\u00d6sszetev\u0151k:<\/h3>\n<p>Chondractiv csirkeporc kivonat hodroliz\u00e1tum.<\/p>\n<h3>Felhaszn\u00e1l\u00e1si javaslat:<\/h3>\n<p>A GAL Csirkeporc-komplexb\u0151l napi 1,5\u200ag (=\u200a\u200a\u200a3ml, avagy kb. 1 enyh\u00e9n p\u00fapos te\u00e1skan\u00e1lnyi) fogyaszt\u00e1s\u00e1t javasoljuk. B\u00e1rmikor bevehet\u0151, \u00e9tkez\u00e9skor vagy f\u00fcggetlen\u00fcl, de legjobb sportol\u00e1s el\u0151tt f\u00e9l-1 \u00f3r\u00e1val, illetve, ha van probl\u00e9m\u00e1s \u00edz\u00fclete, akkor annak ig\u00e9nybev\u00e9tele el\u0151tt f\u00e9l-egy \u00f3r\u00e1val javasoljuk bevenni (teh\u00e1t p\u00e9ld\u00e1ul egy nagyobb s\u00e9ta el\u0151tt). Reggel \u00e9hgyomorra is szedhet\u0151. \u00c9rdemes kev\u00e9s v\u00edzben vagy egy\u00e9b folyad\u00e9kban feloldva fogyasztani, mert b\u00e1r az \u00edze enyhe, de nem egy \u00e9lvezet, azaz jobb egy h\u00faz\u00e1sra.<\/p>\n<p><strong>Figyelmeztet\u00e9s:\u00a0<\/strong>Az aj\u00e1nlott fogyaszt\u00e1si mennyis\u00e9get ne l\u00e9pje t\u00fal! A term\u00e9k nem helyettes\u00edti a kiegyens\u00falyozott, v\u00e1ltozatos \u00e9trendet \u00e9s az eg\u00e9szs\u00e9ges \u00e9letm\u00f3dot. Gyermekek el\u0151l elz\u00e1rva t\u00e1roland\u00f3.<\/p>\n","protected":false},"excerpt":{"rendered":"<p>A k\u00e9sz\u00edtm\u00e9ny egy olyan Franciaorsz\u00e1gban el\u0151\u00e1ll\u00edtott enzimatikusan el\u0151em\u00e9sztett csirkeporc-kivonat, amely a porcban tal\u00e1lhat\u00f3 II-es t\u00edpus\u00fa kollag\u00e9n mellett tartalmaz hialuronsavat \u00e9s aminoglik\u00e1nokat, f\u0151k\u00e9nt kondroitin-szulf\u00e1tot, m\u00e9ghozz\u00e1 term\u00e9szetes form\u00e1ban.<\/p>\n","protected":false},"featured_media":5372,"comment_status":"closed","ping_status":"open","template":"","meta":[],"product_cat":[61],"product_tag":[],"class_list":{"0":"post-5371","1":"product","2":"type-product","3":"status-publish","4":"has-post-thumbnail","6":"product_brand-gal","7":"product_cat-etrend-kiegeszitok","9":"first","10":"instock","11":"purchasable","12":"product-type-simple"},"_links":{"self":[{"href":"https:\/\/vitamin.coredesign.hu\/index.php?rest_route=\/wp\/v2\/product\/5371","targetHints":{"allow":["GET"]}}],"collection":[{"href":"https:\/\/vitamin.coredesign.hu\/index.php?rest_route=\/wp\/v2\/product"}],"about":[{"href":"https:\/\/vitamin.coredesign.hu\/index.php?rest_route=\/wp\/v2\/types\/product"}],"replies":[{"embeddable":true,"href":"https:\/\/vitamin.coredesign.hu\/index.php?rest_route=%2Fwp%2Fv2%2Fcomments&post=5371"}],"wp:featuredmedia":[{"embeddable":true,"href":"https:\/\/vitamin.coredesign.hu\/index.php?rest_route=\/wp\/v2\/media\/5372"}],"wp:attachment":[{"href":"https:\/\/vitamin.coredesign.hu\/index.php?rest_route=%2Fwp%2Fv2%2Fmedia&parent=5371"}],"wp:term":[{"taxonomy":"product_cat","embeddable":true,"href":"https:\/\/vitamin.coredesign.hu\/index.php?rest_route=%2Fwp%2Fv2%2Fproduct_cat&post=5371"},{"taxonomy":"product_tag","embeddable":true,"href":"https:\/\/vitamin.coredesign.hu\/index.php?rest_route=%2Fwp%2Fv2%2Fproduct_tag&post=5371"}],"curies":[{"name":"wp","href":"https:\/\/api.w.org\/{rel}","templated":true}]}}