{"id":5370,"date":"2025-10-12T12:25:20","date_gmt":"2025-10-12T10:25:20","guid":{"rendered":"https:\/\/vitamin.coredesign.hu\/?product=gal-titok-multivitamin-csomag-127g"},"modified":"2026-01-08T23:24:42","modified_gmt":"2026-01-08T22:24:42","slug":"gal-titok-multivitamin-csomag-127g","status":"publish","type":"product","link":"https:\/\/vitamin.coredesign.hu\/?product=gal-titok-multivitamin-csomag-127g","title":{"rendered":"GAL TITOK Multivitamin csomag \u2013 127g"},"content":{"rendered":"<p>&nbsp;<\/p>\n<div id=\"lt-accessibility-devtools\" aria-hidden=\"true\"><\/div>\n<p>A GAL TITOK Multivitamin fejleszt\u00e9s\u00e9nek h\u00e1tter\u00e9t a leg\u00fajabb, de id\u0151t\u00e1ll\u00f3 kutat\u00e1sok eredm\u00e9nyeinek \u00e1llhatatos, \u00e9rt\u0151 felhaszn\u00e1l\u00e1sa biztos\u00edtja. \u00d6sszet\u00e9tel\u00e9nek harm\u00f3ni\u00e1j\u00e1t csakis az\u00e1ltal teremthett\u00fck meg, hogy a term\u00e9szetess\u00e9gb\u0151l \u00e9s \u00e9letszer\u0171s\u00e9gb\u0151l nem engedt\u00fcnk; a t\u00e1panyagd\u00fas \u00e9lelmiszerekben rejl\u0151, ide\u00e1lis vitamin-, \u00e1sv\u00e1nyianyag- \u00e9s nyomelemform\u00e1kat, mennyis\u00e9geket \u00e9s ar\u00e1nyokat megtartottuk.<\/p>\n<h2>GAL TITOK Multivitamin<\/h2>\n<p>A GAL TITOK Multivitamin fejleszt\u00e9s\u00e9nek h\u00e1tter\u00e9t a leg\u00fajabb, de id\u0151t\u00e1ll\u00f3 kutat\u00e1sok eredm\u00e9nyeinek \u00e1llhatatos, \u00e9rt\u0151 felhaszn\u00e1l\u00e1sa biztos\u00edtja. \u00d6sszet\u00e9tel\u00e9nek harm\u00f3ni\u00e1j\u00e1t csakis az\u00e1ltal teremthett\u00fck meg, hogy a term\u00e9szetess\u00e9gb\u0151l \u00e9s \u00e9letszer\u0171s\u00e9gb\u0151l nem engedt\u00fcnk; a t\u00e1panyagd\u00fas \u00e9lelmiszerekben rejl\u0151, ide\u00e1lis vitamin-, \u00e1sv\u00e1nyianyag- \u00e9s nyomelemform\u00e1kat, mennyis\u00e9geket \u00e9s ar\u00e1nyokat megtartottuk.<\/p>\n<p>GAL TITOK Multivitamin \u2013 a tudom\u00e1ny \u00e1ltal bizony\u00edtottan legjobb \u00f6sszetev\u0151k, \u00e9rt\u0151 m\u00f3don meghat\u00e1rozott mennyis\u00e9gek \u00e9s ar\u00e1nyok, minden felesleges vagy \u00e1rt\u00f3 anyagokt\u00f3l mentesen.<\/p>\n<p>A term\u00e9k, amelyet a kez\u00e9ben tart, minden r\u00e9szlet\u00e9ben azt a bizalmat t\u00f6rekszik megszolg\u00e1lni, amit mindannyian kifejez\u00fcnk, amikor t\u00e1pl\u00e1l\u00e9kot v\u00e1lasztunk a magunk vagy a szeretteink sz\u00e1m\u00e1ra.<\/p>\n<p>A sz\u00e9ps\u00e9get t\u00e1mogatja a term\u00e9k valamennyi alkot\u00f3eleme, de k\u00fcl\u00f6n a b\u0151r \u00e9s az \u00edz\u00fcletek t\u00e1panyagait, hialuronsavat \u00e9s MSM-et, s ezek mellett a k\u00f6rm\u00f6k eg\u00e9szs\u00e9g\u00e9t is \u00f3v\u00f3, nagyobb mennyis\u00e9g\u0171 szil\u00edciumot is tartalmaz. Nem hagytuk ki a k\u00fcl\u00f6nlegesen cseng\u0151 shilajitot sem, az indiai, tibeti \u00e9s sz\u00e1mos \u0151si gy\u00f3gy\u00e1szat \u00e9vezredek \u00f3ta nagy becsben tartott m\u00e9regtelen\u00edt\u0151-, er\u0151s\u00edt\u0151-, fiatal\u00edt\u00f3szer\u00e9t.<\/p>\n<p>Mint az \u00e9let szinte minden ter\u00fclet\u00e9n, ahogy egy hat\u00e1rozott, magabiztos n\u0151 v\u00e1laszt\u00e1saiban, fontos volt itt is, hogy mi az, aminek a term\u00e9kben nincs semmi keresnival\u00f3ja.<\/p>\n<h3 class=\"WordSection1\">Hat\u00f3anyagok a napi adagban:<\/h3>\n<ul>\n<li>A-vitamin (fenntarthat\u00f3 gazdas\u00e1gb\u00f3l sz\u00e1rmaz\u00f3, MSPO-min\u0151s\u00edtett v\u00f6r\u00f6sp\u00e1lma gy\u00fcm\u00f6lcsb\u0151l nyert karotinoidokb\u00f3l \u00e9s retinil-palmit\u00e1tb\u00f3l) 5000NE \/ 1500 mcg<\/li>\n<li>B1-vitamin (tiamin-mononitr\u00e1tb\u00f3l, tiamin-hidrokloridb\u00f3l \u00e9s bio n\u00f6v\u00e9nyi kivonatokb\u00f3l) 50 mg<\/li>\n<li>B2-vitamin (riboflavin r\u00e9szben bio n\u00f6v\u00e9nyi kivonatokb\u00f3l) 20 mg<\/li>\n<li>B5-vitamin (d-kalcium-pantoten\u00e1tb\u00f3l \u00e9s bio n\u00f6v\u00e9nyi kivonatokb\u00f3l) 100 mg<\/li>\n<li>B6-vitamin (piridoxal-5-fosztatb\u00f3l, piridoxin-hidrokloridb\u00f3l \u00e9s bio n\u00f6v\u00e9nyi kivonatokb\u00f3l) 25 mg<\/li>\n<li>B7-vitamin (d-biotin r\u00e9szben bio n\u00f6v\u00e9nyi kivonatokb\u00f3l) 1000 mcg<\/li>\n<li>B9-vitamin (Magnafolate\u00ae C-krist\u00e1lyos metil-L-fol\u00e1t k\u00e1lcium-s\u00f3j\u00e1b\u00f3l + nyomokban bio n\u00f6v\u00e9nyi kivonatokb\u00f3l sz\u00e1rmaz\u00f3 fol\u00e1tb\u00f3l) 300 mcg<\/li>\n<li>B12-vitamin (metilkobalamin) 100 mcg<\/li>\n<li>BioPerine\u00ae (feketebors-kivonat 95% piperinre standardiz\u00e1lva) 2+2,5 mg<\/li>\n<li>B\u00f3r (Borax: n\u00e1trium-bor\u00e1t) 3 mg<\/li>\n<li>C-vitamin (L-aszkorbinsav) 667 mg<\/li>\n<li>Cink (szerves form\u00e1ban: cink-biszglicin\u00e1tb\u00f3l \u00e9s bio n\u00f6v\u00e9nyi kivonatokb\u00f3l) 15 mg<\/li>\n<li>Citrus-bioflavonoid-komplex (60% heszperidin)<\/li>\n<li>D3-vitamin (kolekalciferol \u2013 lanolinb\u00f3l el\u0151\u00e1ll\u00edtva) 4000NE<\/li>\n<li>E-vitamin (fenntarthat\u00f3 gazdasagb\u00f3l sz\u00e1rmaz\u00f3, MSPO-min\u0151s\u00edtett v\u00f6r\u00f6sp\u00e1lma gy\u00fcm\u00f6lcsb\u0151l \u00e9s n\u00f6v\u00e9nyi olajokb\u00f3l nyert tokoferolokb\u00f3l \u00e9s tokotrienolokb\u00f3l, a tokoferolok min. 30%-a gamma-tokoferol) 100NE \/ 67 mg alfa-TE<\/li>\n<li>G\u00f6r\u00f6g zs\u00e1lya-lev\u00e9l szuperkritikus kivonata (Salvia triloba) [10-15:1] 2 mg<\/li>\n<li>Hialuronsav 300 mg<\/li>\n<li>J\u00f3d (k\u00e1lium-jodid,-jod\u00e1t \u00e9s bio barnamoszat olyan egyedi elegy\u00e9b\u0151l, amelyb\u0151l a j\u00f3d jodidk\u00e9nt \u00e9s elemi j\u00f3dk\u00e9nt szabadul fel) 225 mcg<\/li>\n<li>K-vitamin-komplex (K1- \u00e9s K2-vitamin a term\u00e9szetben el\u0151fordul\u00f3 \u00fan. transz-form\u00e1ikban) 1000 mcg<br \/>\n\u2013 K1-vitamin (fillokinon- term\u00e9szetes transz-izomer) 990 mcg<br \/>\n\u2013 K2-vitamin (vitaMK7\u00ae menakinon-7 \u2013 term\u00e9szetes \u00fan. all-trans forma, a tradicion\u00e1lis jap\u00e1n B. subtilis natto sz\u00f3jamentes n\u00f6v\u00e9nyi ferment\u00e1ci\u00f3j\u00e1b\u00f3l vegyszermentesen, \u00fan. szuperkritikus extrakci\u00f3val, ol\u00edvaolajjal kinyerve) 10 mcg<\/li>\n<li>Kr\u00f3m (Lalmin\u00ae inaktiv\u00e1lt kr\u00f3mos \u00e9leszt\u0151b\u0151l \u00e9s bio n\u00f6v\u00e9nyi kivonatokb\u00f3l) 100 mcg<\/li>\n<li>Magn\u00e9zium-biszglicin\u00e1t 810 mg<br \/>\n\u2013 ebb\u0151l elemi magn\u00e9zium 100 mg<\/li>\n<li>Metil-szulfonil-met\u00e1n (MSM) 250 mg<\/li>\n<li>Molibd\u00e9n (molibden\u00e1t-s\u00f3: n\u00e1trium-molibden\u00e1t) 100 mcg<\/li>\n<li>PrimaVie\u00ae shilajit-kivonat 125 mg<br \/>\n\u2013 Fulvonsavak \u00e9s huminsavak min. 62,5 mg<br \/>\n\u2013 Dibenzo-alfa-piron kromoproteinek min. 12,5 mg<br \/>\n\u2013 Dibenzo-alfa-pironok min. 375 mcg<\/li>\n<li>R\u00e9z (szerves form\u00e1ban: r\u00e9z-biszglicin\u00e1tb\u00f3l, r\u00e9z-glukon\u00e1tb\u00f3l \u00e9s bio n\u00f6v\u00e9nyi kivonatokb\u00f3l) 1,25 mg<\/li>\n<li>Szel\u00e9n (szelenometionin, metil-L-szelenocisztein \u00e9s metil-L-szelenoglutation Lalmin\u00ae inaktiv\u00e1lt szel\u00e9nes \u00e9leszt\u0151b\u0151l \u00e9s bio must\u00e1rmag vizes kivonat\u00e1b\u00f3l) 120 mcg<\/li>\n<li>Szil\u00edcium (bio bambuszr\u00fcgy vizes kivonat\u00e1b\u00f3l) 50 + 25mg<\/li>\n<li>V\u00f6r\u00f6ssz\u0151l\u0151mag-kivonat (Vitisvinifera) [95% oligomerikus proantocianidin komplex (OPC)]<\/li>\n<\/ul>\n<h3>\u00d6sszetev\u0151k:<\/h3>\n<ul>\n<li><em>TITOK Multivitamin Lipofil esszencia l\u00e1gyzselatin kapszul\u00e1k (30 db):<\/em>\u00a0extra sz\u0171z ol\u00edvaolaj, d-alfa-tokoferol \u00e9s vegyes tokoferolok, MSPO-min\u0151s\u00edtett v\u00f6r\u00f6sp\u00e1lma gy\u00fcm\u00f6lcs-kivonat, retinil-palmit\u00e1t, zs\u00e1lya kivonat, fillokinon, 2% menakinon-7-tartalm\u00fa ol\u00edvaolaj, kolekalciferol; kapszulah\u00e9j (zselatin, nedves\u00edt\u0151szer: glicerin, v\u00edz, karamell, \u00e9des\u00edt\u0151szer: szteviol-glikozidok szt\u00edvialev\u00e9l-kivonatb\u00f3l, krist\u00e1lyvanillin).<\/li>\n<li><em>TITOK Multivitamin Hidrofil-esszencia kem\u00e9nyzselatinkapszul\u00e1k (60db):\u00a0<\/em>d-kalcium-pantotenat, ak\u00e1ciarost, cink-biszglicin\u00e1t, kr\u00f3mos \u00e9leszt\u0151 (inaktiv), tiamin-mononitr\u00e1t, szel\u00e9nes \u00e9leszt\u0151 (inaktiv), bio bambuszr\u00fcgy-kivonat, bio barnamoszat, n\u00e1trium-bor\u00e1t, piridoxal-5-foszf\u00e1t, riboflavin, piridoxin-hidroklorid, tiamin-hidroklorid, bio n\u00f6v\u00e9nyi kivonat (amla- \u00e9s guavagy\u00fcm\u00f6lcs, szent bazsalikom- \u00e9s curry-lev\u00e9l, \u00e9s citrom h\u00e9j kivonatainak m\u00e1trixa), r\u00e9z-biszglicin\u00e1t, biomust\u00e1rmag-kivonat, feketebors-kivonat, r\u00e9z-glukonat, biotin, metil-L-fol\u00e1t k\u00e1lcium s\u00f3ja, metilkobalamin, n\u00e1trium-molibden\u00e1t, k\u00e1lium-jodid, k\u00e1lium-jod\u00e1t; kapszulah\u00e9j (zselatin).<\/li>\n<li><em>TITOK C-komplex kem\u00e9nyzselatin kapszul\u00e1k (30 db):<\/em>\u00a0L-aszkorbinsav (C-vitamin), citrus bioflavonoid-komplex, v\u00f6r\u00f6ssz\u0151l\u0151mag kivonat, feketebors-kivonat; kapszulah\u00e9j (zselatin).<\/li>\n<li><em>TITOK Magn\u00e9zium-biszglicin\u00e1t kem\u00e9nyzselatin kapszul\u00e1k (30 db):<\/em>\u00a0magn\u00e9zium-biszglicin\u00e1t, \u201efully reacted\u201d); kapszula h\u00e9j (zselatin).<\/li>\n<li><em>TITOK Sz\u00e9ps\u00e9g kem\u00e9nyzselatin kapszul\u00e1k (30 db):\u00a0<\/em>n\u00e1trium-hialuron\u00e1t, metil-szulfonil-met\u00e1n (MSM), shilajit, bio bambuszr\u00fcgy-kivonat; kapszulah\u00e9j (zselatin).<\/li>\n<\/ul>\n<h3>Felhaszn\u00e1l\u00e1si javaslat:<\/h3>\n<p>A GAL TITOK Multivitamin v\u00edzben old\u00f3d\u00f3 \u00f6sszetev\u0151it a zs\u00edrban old\u00f3d\u00f3akt\u00f3l k\u00fcl\u00f6nv\u00e1lasztottuk, a napi adagot tartalmaz\u00f3 egy-egy kis tasakban 5 porkapszula mellett 1 olajkapszul\u00e1t tal\u00e1l. A kapszul\u00e1k \u00e9tkez\u00e9s k\u00f6zben, p\u00e1r korty folyad\u00e9kkal bevehet\u0151k, lehet\u0151leg a reggelin\u00e9l vagy eb\u00e9dn\u00e9l, \u00e9s NE a vacsor\u00e1n\u00e1l. Bevehet\u0151 valamennyi kapszula egyszerre, de a magas vitamin- \u00e9s \u00e1sv\u00e1nyi anyag-tartalom miatt el\u0151ny\u00f6s a k\u00e9t egyforma, kisebb, narancss\u00e1rga kapszul\u00e1t egy-egy \u00e9tkezesn\u00e9l, teh\u00e1t egym\u00e1st\u00f3l k\u00fcl\u00f6nv\u00e1lasztva (pl.az egyiket a reggelin\u00e9l, a m\u00e1sikat pedig az eb\u00e9dn\u00e9l) bevenni. Az em\u00e9szt\u0151rendszeri diszkomfort-\u00e9rz\u00e9st \u00edgy az arra \u00e9rz\u00e9kenyek is elker\u00fclhetik.<\/p>\n","protected":false},"excerpt":{"rendered":"<p>A GAL TITOK Multivitamin fejleszt\u00e9s\u00e9nek h\u00e1tter\u00e9t a leg\u00fajabb, de id\u0151t\u00e1ll\u00f3 kutat\u00e1sok eredm\u00e9nyeinek \u00e1llhatatos, \u00e9rt\u0151 felhaszn\u00e1l\u00e1sa biztos\u00edtja. \u00d6sszet\u00e9tel\u00e9nek harm\u00f3ni\u00e1j\u00e1t csakis az\u00e1ltal teremthett\u00fck meg, hogy a term\u00e9szetess\u00e9gb\u0151l \u00e9s \u00e9letszer\u0171s\u00e9gb\u0151l nem engedt\u00fcnk; a t\u00e1panyagd\u00fas \u00e9lelmiszerekben rejl\u0151, ide\u00e1lis vitamin-, \u00e1sv\u00e1nyianyag- \u00e9s nyomelemform\u00e1kat, mennyis\u00e9geket \u00e9s ar\u00e1nyokat megtartottuk.<\/p>\n","protected":false},"featured_media":0,"comment_status":"closed","ping_status":"open","template":"","meta":[],"product_cat":[60],"product_tag":[],"class_list":{"0":"post-5370","1":"product","2":"type-product","3":"status-publish","5":"product_brand-gal","6":"product_cat-vitaminok","8":"first","9":"instock","10":"purchasable","11":"product-type-simple"},"_links":{"self":[{"href":"https:\/\/vitamin.coredesign.hu\/index.php?rest_route=\/wp\/v2\/product\/5370","targetHints":{"allow":["GET"]}}],"collection":[{"href":"https:\/\/vitamin.coredesign.hu\/index.php?rest_route=\/wp\/v2\/product"}],"about":[{"href":"https:\/\/vitamin.coredesign.hu\/index.php?rest_route=\/wp\/v2\/types\/product"}],"replies":[{"embeddable":true,"href":"https:\/\/vitamin.coredesign.hu\/index.php?rest_route=%2Fwp%2Fv2%2Fcomments&post=5370"}],"wp:attachment":[{"href":"https:\/\/vitamin.coredesign.hu\/index.php?rest_route=%2Fwp%2Fv2%2Fmedia&parent=5370"}],"wp:term":[{"taxonomy":"product_cat","embeddable":true,"href":"https:\/\/vitamin.coredesign.hu\/index.php?rest_route=%2Fwp%2Fv2%2Fproduct_cat&post=5370"},{"taxonomy":"product_tag","embeddable":true,"href":"https:\/\/vitamin.coredesign.hu\/index.php?rest_route=%2Fwp%2Fv2%2Fproduct_tag&post=5370"}],"curies":[{"name":"wp","href":"https:\/\/api.w.org\/{rel}","templated":true}]}}