{"id":5366,"date":"2025-10-12T12:25:20","date_gmt":"2025-10-12T10:25:20","guid":{"rendered":"https:\/\/vitamin.coredesign.hu\/?product=gal-titok-halkollagen-peptidek-msm-italpor-173g"},"modified":"2026-01-08T23:24:40","modified_gmt":"2026-01-08T22:24:40","slug":"gal-titok-halkollagen-peptidek-msm-italpor-173g","status":"publish","type":"product","link":"https:\/\/vitamin.coredesign.hu\/?product=gal-titok-halkollagen-peptidek-msm-italpor-173g","title":{"rendered":"GAL TITOK Halkollag\u00e9n peptidek + MSM italpor \u2013 173g"},"content":{"rendered":"<p>&nbsp;<\/p>\n<div id=\"lt-accessibility-devtools\" aria-hidden=\"true\"><\/div>\n<p>A kollag\u00e9n a szervezet legfontosabb \u00e9p\u00edt\u0151eleme, \u00e9s a test\u00fcnkben l\u00e9v\u0151 feh\u00e9rj\u00e9k mintegy 30%-\u00e1t teszi ki. A kollag\u00e9n a legfontosabb struktur\u00e1lis feh\u00e9rje, amely \u00f6sszetev\u0151je valamennyi k\u00f6t\u0151sz\u00f6vetnek, bele\u00e9rtve a b\u0151rt, az inakat, az \u00ednszalagokat, a porcokat \u00e9s a csontokat. L\u00e9nyeg\u00e9ben a kollag\u00e9n er\u0151s \u00e9s rugalmas, \u00e9s a \u201cragaszt\u00f3\u201d, amely mindent egy\u00fctt tart.<\/p>\n<h2>GAL TITOK Halkollag\u00e9n peptidek + MSM<\/h2>\n<p>A kollag\u00e9n a szervezet legfontosabb \u00e9p\u00edt\u0151eleme, \u00e9s a test\u00fcnkben l\u00e9v\u0151 feh\u00e9rj\u00e9k mintegy 30%-\u00e1t teszi ki. A kollag\u00e9n a legfontosabb struktur\u00e1lis feh\u00e9rje, amely \u00f6sszetev\u0151je valamennyi k\u00f6t\u0151sz\u00f6vetnek, bele\u00e9rtve a b\u0151rt, az inakat, az \u00ednszalagokat, a porcokat \u00e9s a csontokat. L\u00e9nyeg\u00e9ben a kollag\u00e9n er\u0151s \u00e9s rugalmas, \u00e9s a \u201cragaszt\u00f3\u201d, amely mindent egy\u00fctt tart.<\/p>\n<p>100%-ban hasznosul\u00f3, kimagasl\u00f3 profil\u00fa Naticol\u00ae halkollag\u00e9n \u00e9s MSM az eg\u00e9szs\u00e9ges, sz\u00e9p b\u0151r\u00e9rt, valamint a gondtalan mozg\u00e1s \u00f6r\u00f6m\u00e9\u00e9rt.<\/p>\n<p><em><strong>A term\u00e9k Pataki \u00c1gi \u00e9s a GAL k\u00f6z\u00f6s munk\u00e1j\u00e1b\u00f3l sz\u00fcletett.<\/strong><\/em><\/p>\n<p>Arcunk \u00e9let\u00fcnk t\u00fckre, megl\u00e1tszik rajta, ha tudatosan \u00e9l\u00fcnk, odafigyel\u00fcnk arra, mit esz\u00fcnk \u00e9s iszunk. \u00c9ppen ez\u00e9rt a sz\u00e9ps\u00e9g val\u00f3ban bel\u00fclr\u0151l fakad\u00f3, \u00e1ltalunk is kontroll\u00e1lhat\u00f3, kortalanul fenntarthat\u00f3. A halkollag\u00e9n k\u00fcl\u00f6n\u00f6sen nagy seg\u00edts\u00e9g a term\u00e9szetes sz\u00e9ps\u00e9g\u00e1pol\u00e1sban, a bel\u00fclr\u0151l t\u00e1pl\u00e1lkoz\u00f3 sz\u00e9ps\u00e9g meg\u0151rz\u00e9s\u00e9ben.<\/p>\n<p>Ahogy \u00f6regsz\u00fcnk, szervezet\u00fcnkben a term\u00e9szetes kollag\u00e9nszint cs\u00f6kkenni kezd. Emiatt b\u0151r\u00fcnk elvesz\u00edti rugalmass\u00e1g\u00e1t, megereszkedik \u00e9s r\u00e1ncosodni kezd. A term\u00e9k\u00fcnk alapanyag\u00e1ul szolg\u00e1l\u00f3, kimagasl\u00f3 profil\u00fa Naticol\u00ae halkollag\u00e9n 100%-ban hasznosul, \u00edgy a b\u0151r k\u00e9pes visszanyerni feszess\u00e9g\u00e9t, rugalmass\u00e1g\u00e1t. Rendszeres fogyaszt\u00e1s\u00e1val cs\u00f6kkenthetj\u00fck a nagyobb r\u00e1ncok m\u00e9lys\u00e9g\u00e9t, a kisebbeket ak\u00e1r eg\u00e9szen el is t\u00fcntethetj\u00fck.<\/p>\n<h3 class=\"WordSection1\">Hat\u00f3anyagok a napi adagban (5,75g):<\/h3>\n<ul>\n<li>Naticol\u00ae halkollag\u00e9n peptidek 5g<\/li>\n<li>Metil-szulfonil-met\u00e1n (MSM) 750 mg<\/li>\n<\/ul>\n<h3>\u00d6sszetev\u0151k:<\/h3>\n<p>halkollag\u00e9n peptidek, metil-szulfonil-met\u00e1n (MSM).<\/p>\n<p>Javasoljuk, hogy a tasakot z\u00e1rt \u00e1llapot\u00e1ban id\u0151nk\u00e9nt finoman r\u00e1zza fel, ezzel is biztos\u00edtva a k\u00e9t \u00f6sszetev\u0151 alkotta por t\u00f6k\u00e9letes homogenit\u00e1s\u00e1t.<\/p>\n<h3>Felhaszn\u00e1l\u00e1si javaslat:<\/h3>\n<p>A GAL TITOK Halkollag\u00e9n peptidek + MSM napi aj\u00e1nlott adagja 5,75g.<br \/>\nA tasak 30 adagot tartalmaz.<\/p>\n<p>Az adagol\u00e1sa nem szigor\u00fa, \u00edgy nem baj, ha az egyik nap kicsit t\u00f6bbet, a m\u00e1sik nap egy kicsit kevesebbet vesz be. Tetsz\u0151leges napszakban, b\u00e1rmilyen folyad\u00e9kba belekeverhet\u0151. Egyfinom, reggeli turmixba keverve remek ind\u00edt\u00f3ja lehet a napnak.<\/p>\n","protected":false},"excerpt":{"rendered":"<p>A kollag\u00e9n a szervezet legfontosabb \u00e9p\u00edt\u0151eleme, \u00e9s a test\u00fcnkben l\u00e9v\u0151 feh\u00e9rj\u00e9k mintegy 30%-\u00e1t teszi ki. A kollag\u00e9n a legfontosabb struktur\u00e1lis feh\u00e9rje, amely \u00f6sszetev\u0151je valamennyi k\u00f6t\u0151sz\u00f6vetnek, bele\u00e9rtve a b\u0151rt, az inakat, az \u00ednszalagokat, a porcokat \u00e9s a csontokat. L\u00e9nyeg\u00e9ben a kollag\u00e9n er\u0151s \u00e9s rugalmas, \u00e9s a \u201cragaszt\u00f3\u201d, amely mindent egy\u00fctt tart.<\/p>\n","protected":false},"featured_media":5367,"comment_status":"closed","ping_status":"open","template":"","meta":[],"product_cat":[61],"product_tag":[],"class_list":{"0":"post-5366","1":"product","2":"type-product","3":"status-publish","4":"has-post-thumbnail","6":"product_brand-gal","7":"product_cat-etrend-kiegeszitok","9":"first","10":"instock","11":"purchasable","12":"product-type-simple"},"_links":{"self":[{"href":"https:\/\/vitamin.coredesign.hu\/index.php?rest_route=\/wp\/v2\/product\/5366","targetHints":{"allow":["GET"]}}],"collection":[{"href":"https:\/\/vitamin.coredesign.hu\/index.php?rest_route=\/wp\/v2\/product"}],"about":[{"href":"https:\/\/vitamin.coredesign.hu\/index.php?rest_route=\/wp\/v2\/types\/product"}],"replies":[{"embeddable":true,"href":"https:\/\/vitamin.coredesign.hu\/index.php?rest_route=%2Fwp%2Fv2%2Fcomments&post=5366"}],"wp:featuredmedia":[{"embeddable":true,"href":"https:\/\/vitamin.coredesign.hu\/index.php?rest_route=\/wp\/v2\/media\/5367"}],"wp:attachment":[{"href":"https:\/\/vitamin.coredesign.hu\/index.php?rest_route=%2Fwp%2Fv2%2Fmedia&parent=5366"}],"wp:term":[{"taxonomy":"product_cat","embeddable":true,"href":"https:\/\/vitamin.coredesign.hu\/index.php?rest_route=%2Fwp%2Fv2%2Fproduct_cat&post=5366"},{"taxonomy":"product_tag","embeddable":true,"href":"https:\/\/vitamin.coredesign.hu\/index.php?rest_route=%2Fwp%2Fv2%2Fproduct_tag&post=5366"}],"curies":[{"name":"wp","href":"https:\/\/api.w.org\/{rel}","templated":true}]}}