{"id":5363,"date":"2025-10-12T12:25:20","date_gmt":"2025-10-12T10:25:20","guid":{"rendered":"https:\/\/vitamin.coredesign.hu\/?product=gal-kolin-so-cseppek-100ml"},"modified":"2026-01-08T23:24:39","modified_gmt":"2026-01-08T22:24:39","slug":"gal-kolin-so-cseppek-100ml","status":"publish","type":"product","link":"https:\/\/vitamin.coredesign.hu\/?product=gal-kolin-so-cseppek-100ml","title":{"rendered":"GAL Kolin-s\u00f3 cseppek \u2013 100ml"},"content":{"rendered":"<p>&nbsp;<\/p>\n<div id=\"lt-accessibility-devtools\" aria-hidden=\"true\"><\/div>\n<p>A GAL Kolin-s\u00f3 fogyaszt\u00e1sa seg\u00edtheti agyunk, idegrendszer\u00fcnk, m\u00e1junk, ves\u00e9ink kiel\u00e9g\u00edt\u0151 m\u0171k\u00f6d\u00e9s\u00e9t. Az emelt kolin fogyaszt\u00e1s kiemelten fontos gyermekv\u00e1r\u00e1skor a magzat eg\u00e9szs\u00e9ges fejl\u0151d\u00e9s\u00e9hez.<\/p>\n<h2>GAL Kolin-s\u00f3 cseppek<\/h2>\n<p>A k\u00e9sz\u00edtm\u00e9ny fogyaszt\u00e1sa f\u0151k\u00e9nt azoknak aj\u00e1nlott, akik nem visznek be elegend\u0151 kolint, teh\u00e1t nem esznek naponta el\u00e9g toj\u00e1ss\u00e1rg\u00e1j\u00e1t \u00e9s m\u00e1jat. A napi javasolt kolin-bevitel m\u00e9g az EFSA szerint is feln\u0151ttek sz\u00e1m\u00e1ra legal\u00e1bb 400 mg. 1 db toj\u00e1ss\u00e1rg\u00e1ja 100-150, m\u00edg 10 dkg m\u00e1j 200-450 mg kolint tartalmaz. M\u00e1s \u00e9telek kolin-tartalma alacsony (a kavi\u00e1rt\u00f3l, vel\u0151t\u0151l \u00e9s p\u00e1r nem gyakori \u00e9telt\u0151l eltekintve).<\/p>\n<p>Aki nem eszik teh\u00e1t napi 2-3 db toj\u00e1ss\u00e1rg\u00e1j\u00e1t + lehet\u0151leg hetente legal\u00e1bb egyszer m\u00e1jat, az m\u00e9g ezt a 400 mg-os napi kolin-mennyis\u00e9get is nehezen \u00e9ri el. Holott a megfelel\u0151 kolin-bevitel fontos, t\u00f6bbek k\u00f6zt az\u00e9rt, mert hozz\u00e1j\u00e1rul a megfelel\u0151:<\/p>\n<ul>\n<li>\u2009\u2009\u2009em\u00e9szt\u00e9shez a gyomorsav-termel\u00e9s \u00e1ltal;<\/li>\n<li>\u2009\u2009\u2009m\u00e1jm\u0171k\u00f6d\u00e9s\u00e9hez;<\/li>\n<li>\u2009\u2009\u2009homocisztein-metabolizmushoz;<\/li>\n<li>\u2009\u2009\u2009zs\u00edranyagcser\u00e9hez.<\/li>\n<\/ul>\n<p>Ez a k\u00e9sz\u00edtm\u00e9ny a kolint \u00fan. kolin-s\u00f3 (kolin-klorid) form\u00e1j\u00e1ban tartalmazza, amit egy j\u00f3l hasznosul\u00f3, stabil forma, sok vizsg\u00e1latban is ezt haszn\u00e1lt\u00e1k, \u00e9s mert v\u00edzen k\u00edv\u00fcl semmi egy\u00e9b hordoz\u00f3anyag haszn\u00e1lata nem sz\u00fcks\u00e9ges hozz\u00e1.<\/p>\n<p>Mi\u00e9rt \u00e9rdemes fogyasztani a term\u00e9ket?<\/p>\n<ul>\n<li>N\u00e9lk\u00fcl\u00f6zhetetlen a magzat norm\u00e1lis fejl\u0151d\u00e9s\u00e9hez.<\/li>\n<li>K\u00e9pes lehet megel\u0151zni a m\u00e1j elzs\u00edrosod\u00e1s\u00e1t, a metabolikus szindr\u00f3m\u00e1t, \u00e9s az inzulin-rezisztenci\u00e1t.<\/li>\n<li>Fontos alapja lehet a j\u00f3l m\u0171k\u00f6d\u0151 mem\u00f3ri\u00e1nak \u00e9s idegrendszernek.<\/li>\n<li>Hi\u00e1nya eset\u00e9n fokozott az \u00e9rz\u00e9kenys\u00e9g minden stressz okozta betegs\u00e9ggel szemben.<\/li>\n<\/ul>\n<h3>Kolin<\/h3>\n<p>A megfelel\u0151 mennyis\u00e9g\u0171 kolin fogyaszt\u00e1sa nagyon fontos eg\u00e9szs\u00e9g\u00fcnk meg\u0151rz\u00e9se \u00e9rdek\u00e9ben, mivel n\u00e9lk\u00fcl\u00f6zhetetlen t\u00f6bbek k\u00f6z\u00f6tt m\u00e1junk, agyunk, idegrendszer\u00fcnk, ves\u00e9ink norm\u00e1l m\u0171k\u00f6d\u00e9s\u00e9hez, de val\u00f3j\u00e1ban valamennyi sejt\u00fcnk kiegyens\u00falyozott m\u0171k\u00f6d\u00e9s\u00e9hez is elengedhetetlen.<\/p>\n<p>Az alacsony kolin-bevitel k\u00f6nnyen okozhat p\u00e9ld\u00e1ul vel\u0151cs\u0151z\u00e1r\u00f3d\u00e1si rendelleness\u00e9get, rosszul m\u0171k\u00f6d\u0151 idegrendszert (fokozott \u00e9rz\u00e9kenys\u00e9g stresszre), metabolikus szindr\u00f3m\u00e1t, rossz mem\u00f3ri\u00e1t, zs\u00edrm\u00e1jat, m\u00e1jcirr\u00f3zist \u00e9s inzulin-rezisztenci\u00e1t is. Az emberek t\u00falnyom\u00f3 r\u00e9sze kolin-hi\u00e1nyban szenved, \u00e9s csak elv\u00e9tve fordul el\u0151 olyan ember, akinek optim\u00e1lis a kolin-bevitele. Naponta legal\u00e1bb 500-600 mg kolint kellene fogyasztania mindenkinek, (425-550 mg k\u00f6zt van a hivatalos aj\u00e1nl\u00e1s is).<\/p>\n<h3>Kolin kismam\u00e1knak<\/h3>\n<p>V\u00e1rand\u00f3s n\u0151k sz\u00e1m\u00e1ra m\u00e9g fontosabb a kolin, \u00e9s j\u00f3val magasabb mennyis\u00e9gre is van sz\u00fcks\u00e9g\u00fck, naponta minimum 930 mg kolinhoz fontos hozz\u00e1jutniuk, ami k\u00f6r\u00fclbel\u00fcl 6-8 db toj\u00e1ss\u00e1rg\u00e1ja naponta.<\/p>\n<p>A kolin egyr\u00e9szt n\u00e9lk\u00fcl\u00f6zhetetlen a magzat norm\u00e1lis fejl\u0151d\u00e9s\u00e9hez, s \u00edgy seg\u00edthet megel\u0151zni a sz\u00fclet\u00e9si \u00e9s magzatfejl\u0151d\u00e9si-rendelleness\u00e9geket is. M\u00e1sr\u00e9szt pedig azt \u00e1llap\u00edtott\u00e1k meg egy 2012-es vizsg\u00e1latban, hogy azok az anyuk\u00e1k, akik a terhess\u00e9g sor\u00e1n napi 930 mg kolint kaptak, \u201ejobb\u201d idegrendszer\u0171, eg\u00e9szs\u00e9gesebb gyermekeknek adtak \u00e9letet, mint azok, akik \u201ecsak\u201d 480 mg kolint kaptak. A \u201ejobb\u201d idegrendszer\u0171 azt jelenti, hogy terhess\u00e9g alatt mind a placenta, mind a magzat stressz-szintje cs\u00f6kkent (CRH, kortizol), majd megsz\u00fclet\u00e9s\u00fck ut\u00e1n is p\u00e1r h\u00f3naposan m\u00e9rve jobb \u201estressz-rendszerrel\u201d rendelkeztek (pl. jobban m\u0171k\u00f6d\u0151 HPA-tengely, jobb visszacsatol\u00e1sok).<\/p>\n<p>Az ilyen jobb \u201estressz-rendszerrel\u201d rendelkez\u0151 csecsem\u0151k feln\u0151tt korukra v\u00e9dettek maradnak sz\u00e1mos betegs\u00e9ggel szemben, \u00edgy az inzulin-rezisztencia, magas v\u00e9rnyom\u00e1s \u00e9s minden stressz okozta betegs\u00e9g ellen, ugyanis a stresszre val\u00f3 fog\u00e9konys\u00e1gunkat er\u0151sen a sz\u00fclet\u00e9s\u00fcnkkor kialakult HPA-tengely milyens\u00e9ge hat\u00e1rozza meg (ismert korasz\u00fcl\u00f6ttek eset\u00e9ben is, hogy feln\u0151ttk\u00e9nt sokkal fog\u00e9konyabbak a stresszre, inzulin-rezisztenci\u00e1ra).<\/p>\n<h3>Mikor aj\u00e1nlott a GAL Kolin-s\u00f3 fogyaszt\u00e1sa?<\/h3>\n<ul>\n<li>Az agy megfelel\u0151 m\u0171k\u00f6d\u00e9s\u00e9hez<\/li>\n<li>Az idegrendszer kiegyens\u00falyozott m\u0171k\u00f6d\u00e9s\u00e9hez<\/li>\n<li>A m\u00e1j \u00e9s a vese norm\u00e1l m\u0171k\u00f6d\u00e9s\u00e9hez<\/li>\n<li>Gyermeket v\u00e1r\u00f3 n\u0151knek a magzat eg\u00e9szs\u00e9ges fejl\u0151d\u00e9s\u00e9hez<\/li>\n<li>A megfelel\u0151 em\u00e9szt\u00e9si folyamatokhoz<\/li>\n<li>A norm\u00e1l homocisztein-metabolizmushoz<\/li>\n<li>A norm\u00e1l zs\u00edranyagcser\u00e9hez<\/li>\n<\/ul>\n<h3>Hat\u00f3anyagok 6 cseppben:<\/h3>\n<ul>\n<li>Kolin-s\u00f3 210mg<\/li>\n<\/ul>\n<h3>\u00d6sszetev\u0151k:<\/h3>\n<p>Kolin-s\u00f3 (kolin-klorid), v\u00edz<\/p>\n<h3>Felhaszn\u00e1l\u00e1si javaslat:<\/h3>\n<p>GAL Kolin-s\u00f3 feln\u0151ttek sz\u00e1m\u00e1ra aj\u00e1nlott napi adagja 6-28 csepp egy vagy t\u00f6bb r\u00e9szletben. T\u00f6m\u00e9nyen ne fogyasszuk, mindig folyad\u00e9kba vagy \u00e9telbe keverj\u00fck. S\u00f3s \u00edze miatt kis mennyis\u00e9gben m\u00e9g nem rontja el a leves \u00edz\u00e9t, s\u00fctni-f\u0151zni is lehet vele.\u00a0 Ha viszont p\u00e1r cseppn\u00e9l egyszerre t\u00f6bbet fogyasztunk, \u00e9s nem szeretj\u00fck az \u00edz\u00e9t, akkor javasoljuk csak 1-2 kortynyi folyad\u00e9kba cseppenteni, \u00e9s gyorsan leh\u00f6rpinteni k\u00e9t falat \u00e9tel k\u00f6zt, vagy egy kellemes \u00edz\u0171 ital el\u0151tt. Terhess\u00e9g \u00e9s szoptat\u00e1s alatt 12-28 cseppet javaslunk, ha \u00e9tkez\u00e9s\u00fcnk nem kolin-d\u00fas.<\/p>\n<p>6 csepp fogyaszt\u00e1sa eset\u00e9n a term\u00e9k t\u00f6bb mint egy \u00e9vig kitart.<\/p>\n<p>28 csepp fogyaszt\u00e1sa eset\u00e9n 3 h\u00f3naponk\u00e9nt \u00e9rdemes \u00faj Kolin-s\u00f3 cseppeket v\u00e1s\u00e1rolni.<\/p>\n","protected":false},"excerpt":{"rendered":"<p>A GAL Kolin-s\u00f3 fogyaszt\u00e1sa seg\u00edtheti agyunk, idegrendszer\u00fcnk, m\u00e1junk, ves\u00e9ink kiel\u00e9g\u00edt\u0151 m\u0171k\u00f6d\u00e9s\u00e9t. Az emelt kolin fogyaszt\u00e1s kiemelten fontos gyermekv\u00e1r\u00e1skor a magzat eg\u00e9szs\u00e9ges fejl\u0151d\u00e9s\u00e9hez.<\/p>\n","protected":false},"featured_media":0,"comment_status":"closed","ping_status":"open","template":"","meta":[],"product_cat":[61],"product_tag":[],"class_list":{"0":"post-5363","1":"product","2":"type-product","3":"status-publish","5":"product_brand-gal","6":"product_cat-etrend-kiegeszitok","8":"first","9":"instock","10":"purchasable","11":"product-type-simple"},"_links":{"self":[{"href":"https:\/\/vitamin.coredesign.hu\/index.php?rest_route=\/wp\/v2\/product\/5363","targetHints":{"allow":["GET"]}}],"collection":[{"href":"https:\/\/vitamin.coredesign.hu\/index.php?rest_route=\/wp\/v2\/product"}],"about":[{"href":"https:\/\/vitamin.coredesign.hu\/index.php?rest_route=\/wp\/v2\/types\/product"}],"replies":[{"embeddable":true,"href":"https:\/\/vitamin.coredesign.hu\/index.php?rest_route=%2Fwp%2Fv2%2Fcomments&post=5363"}],"wp:attachment":[{"href":"https:\/\/vitamin.coredesign.hu\/index.php?rest_route=%2Fwp%2Fv2%2Fmedia&parent=5363"}],"wp:term":[{"taxonomy":"product_cat","embeddable":true,"href":"https:\/\/vitamin.coredesign.hu\/index.php?rest_route=%2Fwp%2Fv2%2Fproduct_cat&post=5363"},{"taxonomy":"product_tag","embeddable":true,"href":"https:\/\/vitamin.coredesign.hu\/index.php?rest_route=%2Fwp%2Fv2%2Fproduct_tag&post=5363"}],"curies":[{"name":"wp","href":"https:\/\/api.w.org\/{rel}","templated":true}]}}