{"id":5361,"date":"2025-10-12T12:25:20","date_gmt":"2025-10-12T10:25:20","guid":{"rendered":"https:\/\/vitamin.coredesign.hu\/?product=gal-multivitamin-90-adagos-utantolto-90db180db90db"},"modified":"2026-01-08T23:24:38","modified_gmt":"2026-01-08T22:24:38","slug":"gal-multivitamin-90-adagos-utantolto-90db180db90db","status":"publish","type":"product","link":"https:\/\/vitamin.coredesign.hu\/?product=gal-multivitamin-90-adagos-utantolto-90db180db90db","title":{"rendered":"GAL Multivitamin 90 adagos ut\u00e1nt\u00f6lt\u0151 \u2013 90db+180db+90db"},"content":{"rendered":"<p>&nbsp;<\/p>\n<div id=\"lt-accessibility-devtools\" aria-hidden=\"true\"><\/div>\n<p>A GAL Multivitamin minden vitamint, \u00e1sv\u00e1nyianyagot, nyomelemet ide\u00e1lis form\u00e1ban, mennyis\u00e9gben \u00e9s ar\u00e1nyban tartalmaz, nem elt\u00e9rve att\u00f3l, ahogyan ezekhez \u00e1lland\u00f3 t\u00e1panyagd\u00fas, v\u00e1ltozatos t\u00e1pl\u00e1lkoz\u00e1ssal juthatn\u00e1nk.<\/p>\n<h2>GAL Multivitamin 90 adagos ut\u00e1nt\u00f6lt\u0151<\/h2>\n<p>A GAL Multivitamin minden vitamint, \u00e1sv\u00e1nyianyagot, nyomelemet ide\u00e1lis form\u00e1ban, mennyis\u00e9gben \u00e9s ar\u00e1nyban tartalmaz, nem elt\u00e9rve att\u00f3l, ahogyan ezekhez \u00e1lland\u00f3 t\u00e1panyagd\u00fas, v\u00e1ltozatos t\u00e1pl\u00e1lkoz\u00e1ssal juthatn\u00e1nk.<\/p>\n<p><strong>Ez a term\u00e9k\u00fcnk a GAL Multivitamin 90 adagos v\u00e1ltozata, a h\u00e1rom \u201eut\u00e1nt\u00f6lt\u0151\u201d egy\u00fctt:<\/strong><\/p>\n<p><strong>1. Lipofil-esszencia kapszula 90db<\/strong><br \/>\n<strong>2. Hidrofil-esszencia kapszula 180db<\/strong><br \/>\n<strong>3. C-vitamin kapszula 90db<\/strong><\/p>\n<p>A GAL Multivitamint a leg\u00fajabb kutat\u00e1sok f\u00e9ny\u00e9ben fejlesztett\u00fck ki, szem el\u0151tt tartva a term\u00e9szetess\u00e9get \u00e9s \u00e9letszer\u0171s\u00e9get, hogy minden vitamint, \u00e1sv\u00e1nyianyagot, nyomelemet ide\u00e1lis form\u00e1ban, mennyis\u00e9gben \u00e9s ar\u00e1nyban tartalmazzon.<\/p>\n<p>V\u00edzold\u00e9kony \u00f6sszetev\u0151k 2 kisebb kapszul\u00e1ban a kor\u00e1bbi 1 nagy helyett, amely a teljes em\u00e9szt\u0151rendszeri nyugalmat seg\u00edti el\u0151.<\/p>\n<p>Ahol el\u0151ny\u00f6s, a vitaminok \u00e9s \u00e1sv\u00e1nyok r\u00e9szben organikus termeszt\u00e9sb\u0151l sz\u00e1rmaz\u00f3 (bio) gy\u00f3gy- \u00e9s f\u0171szern\u00f6v\u00e9nyek kivonat\u00e1b\u00f3l sz\u00e1rmaznak. A mennyis\u00e9gek eset\u00e9ben v\u00e9gig fontosnak tartottuk, hogy a napi adag biztosan tartalmazza a hat\u00e1sosnak tal\u00e1lt d\u00f3zist, de semmi esetre se l\u00e9pje t\u00fal az \u00e9letszer\u0171 mennyis\u00e9geket, azaz azt a mennyis\u00e9get, amit t\u00e1pl\u00e1lkoz\u00e1ssal m\u00e1r nem is lehetne fedezni sehogyan sem. Emellett rendk\u00edv\u00fcl fontos, hogy a gondosan v\u00e1logatott alapanyagok mellett ne l\u00e1batlankodj\u00e9k semmi, ami nem odaval\u00f3. A term\u00e9k\u00fcnkben ilyesminek nyom\u00e1t sem tal\u00e1lja.<\/p>\n<h3>Hat\u00f3anyagok a napi adagban:<\/h3>\n<ul>\n<li>A-vitamin 5000NE<\/li>\n<li>D3-vitamin 4000NE<\/li>\n<li>E-vitamin 100NE<\/li>\n<li>K-vitamin-komplex 1000mcg<br \/>\n\u2013 K1-vitamin 990mcg<br \/>\n\u2013 K2-vitamin 10mcg<\/li>\n<li>G\u00f6r\u00f6g zs\u00e1lya-lev\u00e9l szuperkritikus kivonata 2mg<\/li>\n<li>C-vitamin 500mg<\/li>\n<li>B1-vitamin 50mg<\/li>\n<li>B2-vitamin 20mg<\/li>\n<li>B5-vitamin 100mg<\/li>\n<li>B6-vitamin 25mg<\/li>\n<li>B7-vitamin 1000mcg<\/li>\n<li>B9-vitamin 300mcg<\/li>\n<li>B12-vitamin 100mcg<\/li>\n<li>BioPerine 2,5mg<\/li>\n<li>B\u00f3r 3mg<\/li>\n<li>Cink 15mg<\/li>\n<li>J\u00f3d 225mcg<\/li>\n<li>Kr\u00f3m 100mcg<\/li>\n<li>Molibd\u00e9n 100mcg<\/li>\n<li>R\u00e9z 1,25mg<\/li>\n<li>Szel\u00e9n 120mcg<\/li>\n<li>Szil\u00edcium 25mg<\/li>\n<\/ul>\n<h3>Fogyaszt\u00e1si javaslat:<\/h3>\n<p>B\u00e1rmely napk\u00f6zbeni f\u0151\u00e9tkez\u00e9s mellett, mind a n\u00e9gy kapszula bevehet\u0151 egyszerre, ugyanakkor jobb reggel vagy nappal, mint este. Ha maximaliz\u00e1lni szeretn\u00e9 a hasznosul\u00e1st \u00e9s\/vagy \u00e9rz\u00e9keny a gyomra, akkor a feh\u00e9r kapszul\u00e1t \u00e9hgyomorra, vagy \u00e9tkez\u00e9s ut\u00e1n 2-3 \u00f3r\u00e1val vegye be, a s\u00e1rga kapszul\u00e1kb\u00f3l 1\u2009db-ot az els\u0151, 1\u2009db-ot a m\u00e1sodik f\u0151\u00e9tkez\u00e9se alatt, m\u00edg a l\u00e1gyzselatin olajkapszul\u00e1kat b\u00e1rmelyik f\u0151\u00e9tkez\u00e9ssel, de legjobb a zsirad\u00e9kban legd\u00fasabb, nem esti \u00e9tkez\u00e9skor.<\/p>\n","protected":false},"excerpt":{"rendered":"<p>A GAL Multivitamin minden vitamint, \u00e1sv\u00e1nyianyagot, nyomelemet ide\u00e1lis form\u00e1ban, mennyis\u00e9gben \u00e9s ar\u00e1nyban tartalmaz, nem elt\u00e9rve att\u00f3l, ahogyan ezekhez \u00e1lland\u00f3 t\u00e1panyagd\u00fas, v\u00e1ltozatos t\u00e1pl\u00e1lkoz\u00e1ssal juthatn\u00e1nk.<\/p>\n","protected":false},"featured_media":5362,"comment_status":"closed","ping_status":"open","template":"","meta":[],"product_cat":[60],"product_tag":[],"class_list":{"0":"post-5361","1":"product","2":"type-product","3":"status-publish","4":"has-post-thumbnail","6":"product_brand-gal","7":"product_cat-vitaminok","9":"first","10":"instock","11":"purchasable","12":"product-type-simple"},"_links":{"self":[{"href":"https:\/\/vitamin.coredesign.hu\/index.php?rest_route=\/wp\/v2\/product\/5361","targetHints":{"allow":["GET"]}}],"collection":[{"href":"https:\/\/vitamin.coredesign.hu\/index.php?rest_route=\/wp\/v2\/product"}],"about":[{"href":"https:\/\/vitamin.coredesign.hu\/index.php?rest_route=\/wp\/v2\/types\/product"}],"replies":[{"embeddable":true,"href":"https:\/\/vitamin.coredesign.hu\/index.php?rest_route=%2Fwp%2Fv2%2Fcomments&post=5361"}],"wp:featuredmedia":[{"embeddable":true,"href":"https:\/\/vitamin.coredesign.hu\/index.php?rest_route=\/wp\/v2\/media\/5362"}],"wp:attachment":[{"href":"https:\/\/vitamin.coredesign.hu\/index.php?rest_route=%2Fwp%2Fv2%2Fmedia&parent=5361"}],"wp:term":[{"taxonomy":"product_cat","embeddable":true,"href":"https:\/\/vitamin.coredesign.hu\/index.php?rest_route=%2Fwp%2Fv2%2Fproduct_cat&post=5361"},{"taxonomy":"product_tag","embeddable":true,"href":"https:\/\/vitamin.coredesign.hu\/index.php?rest_route=%2Fwp%2Fv2%2Fproduct_tag&post=5361"}],"curies":[{"name":"wp","href":"https:\/\/api.w.org\/{rel}","templated":true}]}}