{"id":5357,"date":"2025-10-12T12:25:20","date_gmt":"2025-10-12T10:25:20","guid":{"rendered":"https:\/\/vitamin.coredesign.hu\/?product=gal-primavie-shilajit-kapszula-60db"},"modified":"2026-01-08T23:24:35","modified_gmt":"2026-01-08T22:24:35","slug":"gal-primavie-shilajit-kapszula-60db","status":"publish","type":"product","link":"https:\/\/vitamin.coredesign.hu\/?product=gal-primavie-shilajit-kapszula-60db","title":{"rendered":"GAL PrimaVie Shilajit kapszula \u2013 60db"},"content":{"rendered":"<p>&nbsp;<\/p>\n<div id=\"lt-accessibility-devtools\" aria-hidden=\"true\"><\/div>\n<p>A shilajit m\u00e9regtelen\u00edt\u0151, er\u0151s\u00edt\u0151 \u00e9s fiatal\u00edt\u00f3 tulajdons\u00e1gokkal rendelkezik, hozz\u00e1j\u00e1rulhat a szellemi- \u00e9s fizikai teljes\u00edt\u0151k\u00e9pess\u00e9g n\u00f6vel\u00e9s\u00e9hez, az id\u0151skori vitalit\u00e1s fokoz\u00e1s\u00e1hoz,\u00a0betegs\u00e9g ut\u00e1ni legyeng\u00fclt \u00e1llapotok kezel\u00e9s\u00e9nek kieg\u00e9sz\u00edt\u00e9s\u00e9hez.<\/p>\n<h2>GAL PrimaVie Shilajit kapszula<\/h2>\n<p>A GAL PrimaVie\u00ae Shilajit a neves shilajitkutat\u00f3, Dr. Shibnath Ghosal \u00e9s kutat\u00f3csoportja \u00e1ltal fejlesztett, sz\u00e1mos szabadalommal v\u00e9dett PrimaVie\u00ae shilajitkivonatot tartalmazza. Kiz\u00e1r\u00f3lag v\u00edz alkalmaz\u00e1s\u00e1val kivonatolt\u00e1k, \u00edgy meg\u0151rzi az \u00f6sszes hat\u00f3anyagot \u00e9s azok eredeti ar\u00e1ny\u00e1t, sokszoros koncentr\u00e1ci\u00f3ban. A shilajit kiv\u00e9telesen gazdag \u00e1sv\u00e1nyianyag- \u00e9s vitamintartalm\u00e1val az egyik leghat\u00e9konyabb term\u00e9szetes immuner\u0151s\u00edt\u0151, id\u0151skori vitalit\u00e1st fokoz\u00f3, \u00edz\u00fcletv\u00e9d\u0151, csonter\u0151s\u00edt\u0151 anyag.<\/p>\n<h3>Mikor aj\u00e1nlott a GAL PrimaVie Shilajit (M\u00famij\u00f3) kapszula fogyaszt\u00e1sa?<\/h3>\n<ul>\n<li>Az immunrendszer er\u0151s\u00edt\u00e9s\u00e9hez<\/li>\n<li>A szervezet vitaliz\u00e1l\u00e1s\u00e1hoz<\/li>\n<li>A csontok er\u0151s\u00edt\u00e9s\u00e9hez<\/li>\n<li>Az \u00edz\u00fcletek v\u00e9delm\u00e9hez<\/li>\n<li>A szervezet m\u00e9regtelen\u00edt\u00e9s\u00e9hez<\/li>\n<li>Az \u00f6reged\u00e9si folyamatok lass\u00edt\u00e1s\u00e1hoz<\/li>\n<li>A fizikai \u00e9s szellemi teljes\u00edtm\u00e9ny fokoz\u00e1s\u00e1hoz<\/li>\n<li>A mem\u00f3ria jav\u00edt\u00e1s\u00e1hoz<\/li>\n<li>A szervezet antioxid\u00e1ns v\u00e9delm\u00e9nek fokoz\u00e1s\u00e1hoz<\/li>\n<li>Term\u00e9szetes gyullad\u00e1scs\u00f6kkent\u00e9shez<\/li>\n<li>A szervezet regener\u00e1ci\u00f3j\u00e1nak gyors\u00edt\u00e1s\u00e1hoz<\/li>\n<li>Idegrendszeri probl\u00e9m\u00e1k kezel\u00e9s\u00e9hez<\/li>\n<li>A hormonrendszer szab\u00e1lyz\u00e1s\u00e1hoz<\/li>\n<li>A term\u00e9kenys\u00e9g n\u00f6vel\u00e9s\u00e9hez<\/li>\n<li>A sz\u00edv- \u00e9s \u00e9rrendszer v\u00e9delm\u00e9hez<\/li>\n<li>Kr\u00f3nikus f\u00e1radts\u00e1g eset\u00e9n<\/li>\n<li>A stressz testi \u00e9s lelki t\u00fcneteinek cs\u00f6kkent\u00e9s\u00e9hez<\/li>\n<li>Az anyagcsere \u00e9s az em\u00e9szt\u00e9s jav\u00edt\u00e1s\u00e1hoz<\/li>\n<li>N\u0151gy\u00f3gy\u00e1szati probl\u00e9m\u00e1k eset\u00e9n<\/li>\n<li>V\u00e9rszeg\u00e9nys\u00e9g eset\u00e9n<\/li>\n<li>K\u00f6t\u0151sz\u00f6veti gyenges\u00e9g, korai r\u00e1ncosod\u00e1sra val\u00f3 hajlam eset\u00e9n<\/li>\n<\/ul>\n<p>Szabadalmaztatott shilajitkivonat, tradicion\u00e1lis, vegyszermentes form\u00e1ban. Kiemelked\u0151en gazdag \u00e1sv\u00e1nyianyag- \u00e9s vitamintartalm\u00e1val az egyik legjobb term\u00e9szetes immuner\u0151s\u00edt\u0151, \u00edz\u00fcletv\u00e9d\u0151, csonter\u0151s\u00edt\u0151 \u00e9s id\u0151skori vitalit\u00e1st fokoz\u00f3 szer. N\u00f6veli a fizikai teljes\u00edtm\u00e9nyt, a teherb\u00edr\u00e1st, jav\u00edtja a mem\u00f3ri\u00e1t, lass\u00edtja az \u00f6reged\u00e9si folyamatokat. Betegs\u00e9gmegel\u0151z\u0151 \u00e9s gyors regener\u00e1l\u00f3 hat\u00e1s\u00fa.<\/p>\n<h3>Mit tartalmaz a GAL PrimaVie Shilajit (M\u00famij\u00f3) 2 \/ 4 kapszul\u00e1ban?<\/h3>\n<ul>\n<li>PrimaVie Shilajit-kivonat 250 mg \/ 500 mg<\/li>\n<li>Fulvonsavak \u00e9s huminsavak min. 125 mg \/ min. 250 mg<\/li>\n<li>Dibenzo-alfa-piron kromoproteinek min. 25 mg \/ min. 50 mg<\/li>\n<li>Dibenzo-alfa-pironokmin. 750 mcg \/ min. 1,5 mg<\/li>\n<\/ul>\n<h3>Mennyit javasolt fogyasztani bel\u0151le?<\/h3>\n<p>\u00c9tkez\u00e9skor vegyen be 1 vagy 2 kapszul\u00e1t naponta 2 alkalommal. Teh\u00e1t \u00f6sszesen 2 vagy 4 kapszul\u00e1t naponta. Szed\u00e9s\u00e9ben 2-3 h\u00f3nap ut\u00e1n tartson 1-2 h\u00e9t sz\u00fcnetet.<\/p>\n<h3>GAL PrimaVie Shilajit (M\u00famij\u00f3) kapszula<\/h3>\n<p>Az \u0151sid\u0151k ereje! Az indiai \u00e9s tibeti orvosl\u00e1sban haszn\u00e1lt fiatal\u00edt\u00f3, er\u0151s\u00edt\u0151 \u00e9s m\u00e9regtelen\u00edt\u0151 hat\u00e1s\u00fa shilajit.<\/p>\n<h3>A shilajit<\/h3>\n<p>A shilajit fontos szerepet t\u00f6lt be az indiai ayurveda \u0151si gy\u00f3gy\u00e1szatban. A Himal\u00e1ja szikl\u00e1inak hasad\u00e9kaiban tal\u00e1lhat\u00f3 meg, gyant\u00e1hoz hasonl\u00f3 vegy\u00fclet, amelynek rendk\u00edv\u00fcl gazdag a nyomelemtartalma, mintegy 6500 f\u00e9le n\u00f6v\u00e9ny le\u00fclepedett hat\u00f3anyagaib\u00f3l \u00e1ll \u00f6ssze. Tal\u00e1lhat\u00f3 benne term\u00e9szetes fulvosav, valamint huminsav is, amely anyagok n\u00e9lk\u00fcl\u00f6zhetetlenek a m\u00e9regtelen\u00edt\u00e9shez, tov\u00e1bb\u00e1\u00a0a sejtek energiatermel\u00e9s\u00e9ben is r\u00e9szt vesznek.<\/p>\n<p>A shilajit j\u00f3t\u00e9kony hat\u00e1s\u00fa a fizik\u00e1lis \u00e9s ment\u00e1lis betegs\u00e9gekre, lass\u00edtja az \u00f6reged\u00e9si folyamatokat, magas antioxid\u00e1ns-tartalm\u00e1nak k\u00f6sz\u00f6nhet\u0151en kiv\u00e1l\u00f3 gyullad\u00e1scs\u00f6kkent\u0151, \u00e9s k\u00e9pes gyors\u00edtani a szervezet regener\u00e1l\u00f3d\u00e1s\u00e1t. N\u00f6veli a vitalit\u00e1st, sejtmeg\u00faj\u00edt\u00f3 hat\u00e1sa a szervezeted eg\u00e9sz\u00e9re kihat.<\/p>\n<h3>A shilajit hat\u00e1sa<\/h3>\n<h3>\u00c9rt\u00e9kes antioxid\u00e1ns-forr\u00e1s<\/h3>\n<p>Az antioxid\u00e1nsoknak kiemelked\u0151 szerep\u00fck van a szabadgy\u00f6k\u00f6k megk\u00f6t\u00e9s\u00e9ben. A szabadgy\u00f6k\u00f6k term\u00e9szetes \u00e9lettani folyamatk\u00e9nt keletkeznek a szervezetben, az a feladatuk, hogy v\u00e9delmet ny\u00fajtsanak a k\u00e1ros mikroorganizmusok ellen. Azonban ha k\u00f3ros m\u00e9rt\u00e9kben elszaporodnak, olyan folyamatot ind\u00edtanak el, amiben k\u00e1rosodnak az eg\u00e9szs\u00e9ges sejtek, ez\u00e9rt sz\u00e1mtalan betegs\u00e9g elind\u00edt\u00e1s\u00e1ban r\u00e9szt vehetnek. P\u00e9ld\u00e1ul idegrendszeri zavarok alakulhatnak ki, felgyorsulnak az \u00f6reged\u00e9si folyamatok, k\u00e1rosodik a sz\u00edv- \u00e9s \u00e9rrendszer, a szem, a t\u00fcd\u0151, rosszindulat\u00fa sejtek burj\u00e1nzanak el.<\/p>\n<p>Az antioxid\u00e1nsok f\u0151 feladata, hogy semleges\u00edts\u00e9k a felesleges szabadgy\u00f6k\u00f6ket, ezzel meg\u00e1ll\u00edts\u00e1k azt a l\u00e1ncreakci\u00f3t, amely komoly k\u00e1rosod\u00e1st okozna a szervezet m\u0171k\u00f6d\u00e9s\u00e9ben. A shilajit kiv\u00e1l\u00f3 antioxid\u00e1ns-forr\u00e1s, betegs\u00e9gmegel\u0151z\u0151 \u00e9s regener\u00e1l\u00f3 hat\u00e1s\u00fa!<\/p>\n<h3>Elt\u00e1vol\u00edtja a m\u00e9reganyagokat<\/h3>\n<p>Ide\u00e1lis k\u00f6r\u00fclm\u00e9nyek k\u00f6z\u00f6tt az emberi szervezet k\u00e9pes arra, hogy \u00f6nmag\u00e1t m\u00e9regtelen\u00edtse \u00e9s gy\u00f3gy\u00edtsa. Ebben nagy szerep jut a ves\u00e9knek, a m\u00e1jnak, a beleknek, a t\u00fcd\u0151nek \u00e9s a b\u0151rnek is. De az \u00e9let\u00fcnkben jelenl\u00e9v\u0151 sok mesters\u00e9ges anyag, p\u00e9ld\u00e1ul a neh\u00e9zf\u00e9mek, radioakt\u00edv vegy\u00fcletek, a szennyezett leveg\u0151, m\u0171tr\u00e1gy\u00e1k, n\u00f6v\u00e9nyv\u00e9d\u0151 \u00e9s rovarirt\u00f3 szerek, tart\u00f3s\u00edt\u00f3k, adal\u00e9kanyagok, amelyek beleker\u00fclhetnek az \u00e9telekbe, italokba is, id\u0151vel leterhelik a szervezetet.<\/p>\n<p>A shilajit el\u0151seg\u00edti a\u00a0m\u00e9rgez\u0151 anyagok\u00a0elt\u00e1vol\u00edt\u00e1s\u00e1t a test sejtjeib\u0151l, jobb felsz\u00edv\u00f3d\u00e1st biztos\u00edt a t\u00e1panyagoknak, amivel meger\u0151s\u00edti a szervezet v\u00e9dekez\u0151 k\u00e9pess\u00e9g\u00e9t.<\/p>\n<h3>Szab\u00e1lyozza a hormonrendszert, n\u00f6veli a term\u00e9kenys\u00e9get<\/h3>\n<p>A shilajit fiatalon tartja a hormonrendszert \u00e9s fokozza a term\u00e9kenys\u00e9get. F\u00e9rfiakn\u00e1l k\u00e9pes n\u00f6velni a tesztoszteronszintet, az eg\u00e9szs\u00e9ges spermiumok sz\u00e1m\u00e1t \u00e9s azok mozg\u00e9konys\u00e1g\u00e1t, jav\u00edtja a her\u00e9k eg\u00e9szs\u00e9g\u00e9t, fokozza a libid\u00f3t. Kiv\u00e1l\u00f3 term\u00e9szetes v\u00edzhajt\u00f3, cs\u00f6kkenti a fert\u0151z\u00e9seket, gyullad\u00e1sokat. A prosztata-megnagyobbod\u00e1s megel\u0151z\u00e9s\u00e9ben is szerepet j\u00e1tszhat, kezeli a h\u00f3lyag m\u0171k\u00f6d\u00e9s\u00e9nek el\u00e9gtelens\u00e9geit, a h\u00fagy\u00fati fert\u0151z\u00e9seket, megb\u00edzhat\u00f3 \u00e9s hat\u00e9kony szer a h\u00f3lyaggyullad\u00e1s ellen.<\/p>\n<h3>Fiatal\u00edtja a b\u0151rt, er\u0151s\u00edti az \u00edz\u00fcleteket, csontokat<\/h3>\n<p>A test term\u00e9szetes \u00faton hozza l\u00e9tre a sz\u00e1m\u00e1ra sz\u00fcks\u00e9ges kollag\u00e9nt, de ez termel\u00e9s az \u00e9vek sor\u00e1n fokozatosan cs\u00f6kken. A lassul\u00e1si folyamat m\u00e1r 20 \u00e9ves kor ut\u00e1n elkezd\u0151dik, \u00e9s szinte teljesen le\u00e1ll 50-60 \u00e9ves korra. \u00a0\u00c9rezhet\u0151en cs\u00f6kken az er\u0151nl\u00e9t, a csontok, izmok \u00e9s \u00edz\u00fcletek gyeng\u00fcl\u00e9s\u00e9vel nehezebben megy a mozg\u00e1s, a hajolgat\u00e1s, a l\u00e9pcs\u0151z\u00e9s, a fut\u00e1s, kevesebb fizikai megterhel\u00e9st b\u00edr a szervezet.<\/p>\n<p>A shilajit hat\u00f3anyagai fokozz\u00e1k az elasztin- \u00e9s kollag\u00e9ntermel\u00e9st, cs\u00f6kkentik a lebont\u00e1sukat v\u00e9gz\u0151 enzimek aktivit\u00e1s\u00e1t, ezzel lass\u00edtj\u00e1k az \u00e1ltal\u00e1nos \u00f6reged\u00e9si folyamatokat is. Rugalmasan tartj\u00e1k a b\u0151rt, a k\u00f6t\u0151sz\u00f6veteket, cs\u00f6kkentik az \u00edz\u00fcleti f\u00e1jdalmat, a porckop\u00e1st, meger\u0151s\u00edtik a csontokat. Minden olyan szervet fiatal\u00edtanak, amiben a kor el\u0151rehaladt\u00e1val jelent\u0151sen cs\u00f6kken a kollag\u00e9n.<\/p>\n<h3>V\u00e9di a sz\u00edv \u00e9s \u00e9rrendszert<\/h3>\n<p>A shilajit fokozza a Q10 koenzim hat\u00e1s\u00e1t, el\u0151seg\u00edti megfelel\u0151 felsz\u00edv\u00f3d\u00e1s\u00e1t \u00e9s hasznosul\u00e1s\u00e1t. A\u00a0Q10 koenzim egy vitaminhoz hasonl\u00f3, zs\u00edrold\u00e9kony\u00a0enzim, er\u0151teljes antioxid\u00e1ns hat\u00e1s\u00fa. Legfontosabb feladata, hogy\u00a0mint egy kataliz\u00e1tor,\u00a0biztos\u00edtsa a t\u00e1panyagokb\u00f3l a test sejtjeinek energi\u00e1val val\u00f3 ell\u00e1t\u00e1s\u00e1t, megfelel\u0151 m\u0171k\u00f6d\u00e9s\u00e9t. Min\u00e9l magasabb a sejtekben tal\u00e1lhat\u00f3 Q10 szintje, ann\u00e1l t\u00f6bb energi\u00e1t k\u00e9pesek el\u0151\u00e1ll\u00edtani.\u00a0 Ha cs\u00f6kken a Q10 szintje, energiahi\u00e1ny l\u00e9p fel, ami a sejtek m\u0171k\u00f6d\u00e9s\u00e9nek megzavarod\u00e1s\u00e1t, esetleg teljes le\u00e1ll\u00e1s\u00e1t is okozhatja.<\/p>\n<p>Az egyik\u00a0legt\u00f6bb Q10-et tartalmaz\u00f3 szerv a sz\u00edv.\u00a0Ha a sz\u00edvizom nem jut elegend\u0151 Q10-hez, akkor nem tud megfelel\u0151en m\u0171k\u00f6dni. Az \u00e9letkorral j\u00e1r\u00f3 Q10-szint cs\u00f6kken\u00e9se \u00f6nmag\u00e1ban is sz\u00edvizom-k\u00e1rosod\u00e1st okozhat, amely hamar visszaford\u00edthat\u00f3 p\u00f3tl\u00e1s\u00e1val!<\/p>\n<h3>Miben seg\u00edt a shilajit?<\/h3>\n<ul>\n<li>\u00e1ltal\u00e1nos robor\u00e1l\u00e1s, fizikai \u00e9s szellemi teljes\u00edt\u0151k\u00e9pess\u00e9g jav\u00edt\u00e1sa<\/li>\n<li>betegs\u00e9g ut\u00e1ni legyeng\u00fclt \u00e1llapotok kezel\u00e9s\u00e9nek kieg\u00e9sz\u00edt\u00e9se<\/li>\n<li>id\u0151skori vitalit\u00e1s fokoz\u00e1sa<\/li>\n<li>m\u00e9regtelen\u00edt\u00e9s, immuner\u0151s\u00edt\u00e9s<\/li>\n<li>kr\u00f3nikus f\u00e1radts\u00e1g ellen<\/li>\n<li>a stressz testi \u00e9s lelki t\u00fcneteinek cs\u00f6kkent\u00e9se<\/li>\n<li>gyullad\u00e1sos megbeteged\u00e9sek<\/li>\n<li>sz\u00edv- \u00e9s \u00e9rrendszeri probl\u00e9m\u00e1k<\/li>\n<li>reumatikus \u00e9s \u00edz\u00fcleti f\u00e1jdalmak<\/li>\n<li>az anyagcsere \u00e9s az em\u00e9szt\u00e9s jav\u00edt\u00e1sa<\/li>\n<li>gyomorfek\u00e9ly, IBS<\/li>\n<li>term\u00e9kenys\u00e9gi \u00e9s pajzsmirigy-probl\u00e9m\u00e1k<\/li>\n<li>n\u0151gy\u00f3gy\u00e1szati probl\u00e9m\u00e1k<\/li>\n<li>v\u00e9rszeg\u00e9nys\u00e9g<\/li>\n<li>mem\u00f3riajav\u00edt\u00e1s, idegrendszeri probl\u00e9m\u00e1k kezel\u00e9se<\/li>\n<li>k\u00f6t\u0151sz\u00f6veti gyenges\u00e9g, korai r\u00e1ncosod\u00e1sra val\u00f3 hajlam<\/li>\n<\/ul>\n<h3>\u00d6sszetev\u0151k:<\/h3>\n<p>PrimaVie shilajit-kivonat (\u00e1sv\u00e1nyi anyagok (kalcium-, k\u00e1lium-, nitrog\u00e9n-, szilicium-, alum\u00ednium-, magn\u00e9zium-, k\u00e9n-, vas-, klorid-, foszfor-, tartalm\u00fa vegy\u00fcletek form\u00e1j\u00e1ban) \u00e9s szerves anyagok: benzo\u00e9sav, hippursav, \u00e9s m\u00e1s karboxilsavak, viaszok, gyant\u00e1k, feh\u00e9rj\u00e9k \u00e9s egy\u00e9b n\u00f6v\u00e9nyi anyagok), t\u00e1pi\u00f3ka kem\u00e9ny\u00edt\u0151, mikrokrist\u00e1lyos cellul\u00f3z, zselatin (kapszula).<\/p>\n<h3>Alkalmaz\u00e1sa:<\/h3>\n<p>\u00c9tkez\u00e9skor vegyen be 1 vagy 2 kapszul\u00e1t naponta 2 alkalommal. Teh\u00e1t \u00f6sszesen 2 vagy 4 kapszul\u00e1t naponta. Szed\u00e9s\u00e9ben 2-3 h\u00f3nap ut\u00e1n tartson 1-2 h\u00e9t sz\u00fcnetet.<\/p>\n<p>Az aj\u00e1nlott fogyaszt\u00e1si mennyis\u00e9get ne l\u00e9pje t\u00fal! A term\u00e9k nem helyettes\u00edti a kiegyens\u00falyozott v\u00e1ltozatos \u00e9trendet \u00e9s az eg\u00e9szs\u00e9ges \u00e9letm\u00f3dot. Gyermekek el\u0151l elz\u00e1rva t\u00e1roland\u00f3.<\/p>\n","protected":false},"excerpt":{"rendered":"<p>A shilajit m\u00e9regtelen\u00edt\u0151, er\u0151s\u00edt\u0151 \u00e9s fiatal\u00edt\u00f3 tulajdons\u00e1gokkal rendelkezik, hozz\u00e1j\u00e1rulhat a szellemi- \u00e9s fizikai teljes\u00edt\u0151k\u00e9pess\u00e9g n\u00f6vel\u00e9s\u00e9hez, az id\u0151skori vitalit\u00e1s fokoz\u00e1s\u00e1hoz,\u00a0betegs\u00e9g ut\u00e1ni legyeng\u00fclt \u00e1llapotok kezel\u00e9s\u00e9nek kieg\u00e9sz\u00edt\u00e9s\u00e9hez.<\/p>\n","protected":false},"featured_media":5358,"comment_status":"closed","ping_status":"open","template":"","meta":[],"product_cat":[61],"product_tag":[],"class_list":{"0":"post-5357","1":"product","2":"type-product","3":"status-publish","4":"has-post-thumbnail","6":"product_brand-gal","7":"product_cat-etrend-kiegeszitok","9":"first","10":"instock","11":"purchasable","12":"product-type-simple"},"_links":{"self":[{"href":"https:\/\/vitamin.coredesign.hu\/index.php?rest_route=\/wp\/v2\/product\/5357","targetHints":{"allow":["GET"]}}],"collection":[{"href":"https:\/\/vitamin.coredesign.hu\/index.php?rest_route=\/wp\/v2\/product"}],"about":[{"href":"https:\/\/vitamin.coredesign.hu\/index.php?rest_route=\/wp\/v2\/types\/product"}],"replies":[{"embeddable":true,"href":"https:\/\/vitamin.coredesign.hu\/index.php?rest_route=%2Fwp%2Fv2%2Fcomments&post=5357"}],"wp:featuredmedia":[{"embeddable":true,"href":"https:\/\/vitamin.coredesign.hu\/index.php?rest_route=\/wp\/v2\/media\/5358"}],"wp:attachment":[{"href":"https:\/\/vitamin.coredesign.hu\/index.php?rest_route=%2Fwp%2Fv2%2Fmedia&parent=5357"}],"wp:term":[{"taxonomy":"product_cat","embeddable":true,"href":"https:\/\/vitamin.coredesign.hu\/index.php?rest_route=%2Fwp%2Fv2%2Fproduct_cat&post=5357"},{"taxonomy":"product_tag","embeddable":true,"href":"https:\/\/vitamin.coredesign.hu\/index.php?rest_route=%2Fwp%2Fv2%2Fproduct_tag&post=5357"}],"curies":[{"name":"wp","href":"https:\/\/api.w.org\/{rel}","templated":true}]}}