{"id":5355,"date":"2025-10-12T12:25:20","date_gmt":"2025-10-12T10:25:20","guid":{"rendered":"https:\/\/vitamin.coredesign.hu\/?product=gal-laktoferrin-plus-por-120g"},"modified":"2026-01-08T23:24:34","modified_gmt":"2026-01-08T22:24:34","slug":"gal-laktoferrin-plus-por-120g","status":"publish","type":"product","link":"https:\/\/vitamin.coredesign.hu\/?product=gal-laktoferrin-plus-por-120g","title":{"rendered":"GAL Laktoferrin Plus por \u2013 120g"},"content":{"rendered":"<p>&nbsp;<\/p>\n<div id=\"lt-accessibility-devtools\" aria-hidden=\"true\"><\/div>\n<p>A\u00a0GAL Laktorferrin Plus por mentes a\u00a0sok nemk\u00edv\u00e1natos n\u00f6veked\u00e9si faktort\u00f3l, tejfeh\u00e9rj\u00e9t\u0151l, tejcukort\u00f3l, hormonokt\u00f3l, de tartalmazhat nyomokban tejfeh\u00e9rj\u00e9t.<\/p>\n<h2>GAL Laktoferrin Plus por<\/h2>\n<p>A GAL Laktoferrin Plus por 100% tisztas\u00e1g\u00fa laktoferrin-tartalm\u00fa kivonat, amiben megtal\u00e1lhat\u00f3 mind a h\u00e1romf\u00e9le laktoferrin, m\u00e9ghozz\u00e1 nagyobb r\u00e9szben a leg\u00e9rt\u00e9kesebb apo-laktoferrinnel. A laktoferrin glicinnel \u00e9s mikroniz\u00e1lt bambuszrosttal kevert, \u00edgy nem kell kapszul\u00e1ban lenyelni, kellemes \u00edz\u0171, \u00e9s j\u00f3l old\u00f3dik b\u00e1rmilyen folyad\u00e9kban. A laktoferrin kiv\u00e9telesen t\u00e1mogathatja az immunrendszer meger\u0151s\u00edt\u00e9s\u00e9t, a k\u00e1ros bakt\u00e9riumok, v\u00edrusok \u00e9s gomb\u00e1k elpuszt\u00edt\u00e1s\u00e1t, kezeli a v\u00e9rszeg\u00e9nys\u00e9get, a b\u00e9l gyullad\u00e1sait, a b\u0151rprobl\u00e9m\u00e1kat.<\/p>\n<h3>Mikor aj\u00e1nlott a GAL Laktoferrin Plus por fogyaszt\u00e1sa?<\/h3>\n<ul>\n<li>Az immunrendszer er\u0151s\u00edt\u00e9s\u00e9hez<\/li>\n<li>A k\u00e1ros bakt\u00e9riumok, v\u00edrusok \u00e9s gomb\u00e1k elpuszt\u00edt\u00e1s\u00e1hoz<\/li>\n<li>A v\u00e9rszeg\u00e9nys\u00e9g kezel\u00e9s\u00e9hez<\/li>\n<li>A b\u00e9lfl\u00f3ra helyre\u00e1ll\u00edt\u00e1s\u00e1hoz<\/li>\n<li>B\u00e9lgyullad\u00e1s eset\u00e9n<\/li>\n<li>Crohn-betegs\u00e9g eset\u00e9n<\/li>\n<li>Liszt\u00e9rz\u00e9kenys\u00e9g eset\u00e9n<\/li>\n<li>Gyomorpanaszok eset\u00e9n<\/li>\n<li>B\u0151rprobl\u00e9m\u00e1k eset\u00e9n<\/li>\n<li>A csontok megfelel\u0151 fejl\u0151d\u00e9s\u00e9hez<\/li>\n<li>A csontritkul\u00e1s megel\u0151z\u00e9s\u00e9hez<\/li>\n<li>Az \u00edz\u00fcletek eg\u00e9szs\u00e9g\u00e9hez<\/li>\n<li>\u00cdz\u00fcleti gyullad\u00e1s eset\u00e9n<\/li>\n<li>Porckop\u00e1s eset\u00e9n<\/li>\n<li>Sz\u00edv- \u00e9s \u00e9rrendszeri probl\u00e9m\u00e1k eset\u00e9n<\/li>\n<li>A vas felsz\u00edv\u00f3d\u00e1s\u00e1nak el\u0151seg\u00edt\u00e9s\u00e9hez<\/li>\n<li>Az antioxid\u00e1ns v\u00e9delem fokoz\u00e1s\u00e1hoz<\/li>\n<li>Fokozott stressz eset\u00e9n<\/li>\n<li>\u00c1ltal\u00e1nos f\u00e1radts\u00e1g, kimer\u00fclts\u00e9g eset\u00e9n<\/li>\n<\/ul>\n<p>A laktoferrin az a feh\u00e9rje, amelyik az el\u0151tejet (kolosztrumot) annyira \u00e9rt\u00e9kess\u00e9 teszi. A kolosztrum azonban tartalmaz sok nemk\u00edv\u00e1natos n\u00f6veked\u00e9si faktort (pl. IGF-1-et), tejfeh\u00e9rj\u00e9t, tejcukrot, hormonokat is. A GAL Laktoferrin plus viszont ezekt\u0151l mentes (illetve nyomokban tejfeh\u00e9rj\u00e9t tartalmazhat). A kolosztrumban term\u00e9szetesen el\u0151fordul\u00f3 h\u00e1romf\u00e9le laktoferrint mind tartalmazza, de t\u00falnyom\u00f3r\u00e9szt az apo-laktoferrint, amely a leg\u00e9rt\u00e9kesebb k\u00f6z\u00fcl\u00fck.<\/p>\n<h3>Mit tartalmaz a GAL Laktoferrin Plus por 100g-ban?<\/h3>\n<ul>\n<li>Energia: 324kcal (1360kJ)<\/li>\n<li>Zs\u00edr: 0g \u2013 ebb\u0151l tel\u00edtett zs\u00edr: 0g<\/li>\n<li>Sz\u00e9nhidr\u00e1t: 0g \u2013 ebb\u0151l cukrok: 0g<\/li>\n<li>Feh\u00e9rje: 64g<\/li>\n<li>N\u00e1trium: 0,1g<\/li>\n<li>Rost: 34g<\/li>\n<li>Laktoferrin: 15g<\/li>\n<\/ul>\n<h3>Mennyit javasolt fogyasztani bel\u0151le?<\/h3>\n<p>\u00c1ltal\u00e1nos haszn\u00e1lat eset\u00e9n napi ~2-4 g-ot (~1-2 te\u00e1skan\u00e1lnyit). K\u00faraszer\u0171 alkalmaz\u00e1s eset\u00e9n pedig 1-2 h\u00e9tig napi 3 x 4 g-ot. 12g feletti d\u00f3zis enyhe hasmen\u00e9st okozhat! Gyermekeknek tests\u00falyar\u00e1nyosan adagoland\u00f3, 60kg-nak sz\u00e1molva egy feln\u0151tt ember s\u00faly\u00e1t. Kb. f\u00e9l perc keverget\u00e9s mellett t\u00f6k\u00e9letesen old\u00f3dik b\u00e1rmilyen folyad\u00e9kban, \u00edgy ital form\u00e1j\u00e1ban javasoljuk fogyasztani.<\/p>\n<h3>GAL Laktoferrin Plus por<\/h3>\n<p>A GAL k\u00e9sz\u00edtm\u00e9nye 100% tisztas\u00e1g\u00fa laktoferrin-tartalm\u00fa kivonat, amelyben mind a h\u00e1romf\u00e9le laktoferrin megtal\u00e1lhat\u00f3, m\u00e9ghozz\u00e1 nagyobb r\u00e9szben a leg\u00e9rt\u00e9kesebb apo-laktoferrinnel. Kiemelten seg\u00edti az immunrendszer meger\u0151s\u00edt\u00e9s\u00e9t, a k\u00e1ros bakt\u00e9riumok, v\u00edrusok \u00e9s gomb\u00e1k kiirt\u00e1s\u00e1t, kezeli a v\u00e9rszeg\u00e9nys\u00e9get, a b\u00e9l gyullad\u00e1sait, a b\u0151rprobl\u00e9m\u00e1kat.<\/p>\n<h3>Laktoferrin<\/h3>\n<p>A laktoferrin egy term\u00e9szetes feh\u00e9rje, megtal\u00e1lhat\u00f3 az ember \u00e9s az eml\u0151s\u00f6k tej\u00e9ben, a v\u00e9rplazm\u00e1ban, a feh\u00e9rv\u00e9rsejtekben is. Az el\u0151tejben, a kolosztrumban a legmagasabb a koncentr\u00e1ci\u00f3ja. A laktoferrinnek saj\u00e1t k\u00f6t\u0151d\u00e9si helyei, azaz receptorai tal\u00e1lhat\u00f3k az em\u00e9szt\u0151rendszerben. Seg\u00edti a belekben tal\u00e1lhat\u00f3 j\u00f3t\u00e9kony hat\u00e1s\u00fa bakt\u00e9riumok k\u00e9pz\u0151d\u00e9s\u00e9t, a k\u00e1ros bakt\u00e9riumok kiirt\u00e1s\u00e1t, ezzel jelent\u0151sen hozz\u00e1j\u00e1rul az immunrendszer, a szervezet v\u00e9dekez\u0151 k\u00e9pess\u00e9g\u00e9nek meger\u0151s\u00edt\u00e9s\u00e9hez is. Vasmegk\u00f6t\u0151 tulajdons\u00e1g\u00e1val fontos szerepe van v\u00e9rszeg\u00e9nys\u00e9g megel\u0151z\u00e9s\u00e9ben \u00e9s kezel\u00e9s\u00e9ben, tov\u00e1bb\u00e1 hozz\u00e1j\u00e1rul a csontok megfelel\u0151 fejl\u0151d\u00e9s\u00e9hez, az \u00e1sv\u00e1nyi anyagok be\u00e9p\u00fcl\u00e9s\u00e9hez, a csontritkul\u00e1s megel\u0151z\u00e9s\u00e9hez.<\/p>\n<h3>A laktoferrin hat\u00e1sa<\/h3>\n<h3>Bakt\u00e9riumok, v\u00edrusok, gomb\u00e1k ellen<\/h3>\n<p>A laktoferrin kiv\u00e9teles hat\u00e1s\u00fa a bakt\u00e9riumok, v\u00edrusos \u00e9s gomb\u00e1s fert\u0151z\u00e9sek ellen. Hat\u00e1s\u00e1t \u00fagy fejti ki, hogy elt\u00e9r\u00edti a v\u00edrusr\u00e9szecsk\u00e9k c\u00e9lsejtekbe val\u00f3 eljut\u00e1s\u00e1t, illetve elvonja a k\u00e1ros bakt\u00e9riumok szaporod\u00e1s\u00e1hoz sz\u00fcks\u00e9ges t\u00e1panyagokat. Fokozza a hasznos bakt\u00e9riumok, a probiotikumok hat\u00e1s\u00e1t, v\u00e9di a gyomrot, a beleket. Megf\u00e1z\u00e1sos, j\u00e1rv\u00e1nyos id\u0151szakban, p\u00e9ld\u00e1ul influenza idej\u00e9n \u00e9rdemes megel\u0151z\u00e9sre is fogyasztani. Gombaellenes hat\u00e1s\u00e1val candida ellen is hat\u00e9kony.<\/p>\n<h3>V\u00e9rszeg\u00e9nys\u00e9g term\u00e9szetes kezel\u00e9se<\/h3>\n<p>A laktoferrin szab\u00e1lyozza a vas felhaszn\u00e1l\u00e1s\u00e1t. A megk\u00f6t\u00f6tt vasat a sejtekbe juttatja, ez\u00e9rt vashi\u00e1ny eset\u00e9n k\u00fcl\u00f6n\u00f6sen javasolt a fogyaszt\u00e1sa. M\u00e1r egy kisebb d\u00f3zis\u00fa laktoferrin is l\u00e9nyegesen hat\u00e9konyabban emeli a szervezet vasszintj\u00e9t, mint maga a vasbevitel! V\u00e1rand\u00f3ss\u00e1g alatt p\u00e9ld\u00e1ul k\u00edm\u00e9letesebb \u00e9s hat\u00e9konyabb megold\u00e1s a vas p\u00f3tl\u00e1s\u00e1ra, r\u00e1ad\u00e1sul cs\u00f6kkenti a szervezetben l\u00e9v\u0151 gyullad\u00e1sokat is, v\u00e9di a magzatot, hozz\u00e1j\u00e1rul az eg\u00e9szs\u00e9ges fejl\u0151d\u00e9shez.<\/p>\n<h3>Er\u0151s antioxid\u00e1ns, betegs\u00e9gmegel\u0151z\u0151 hat\u00e1s\u00fa<\/h3>\n<p>A szabadgy\u00f6k\u00f6k term\u00e9szetes \u00e9lettani folyamatk\u00e9nt keletkeznek a szervezetben, az a szerep\u00fck, hogy v\u00e9delmet ny\u00fajtsanak a k\u00e1ros mikroorganizmusok ellen. Azonban ha k\u00f3ros m\u00e9rt\u00e9kben elszaporodnak, olyan folyamatot ind\u00edtanak el, amiben az eg\u00e9szs\u00e9ges sejtek m\u0171k\u00f6d\u00e9se zavart szenved, ez\u00e9rt sz\u00e1mtalan betegs\u00e9g elind\u00edt\u00e1s\u00e1ban r\u00e9szt vehetnek. P\u00e9ld\u00e1ul idegrendszeri zavarok alakulhatnak ki, felgyorsulnak az \u00f6reged\u00e9si folyamatok, k\u00e1rosodik a sz\u00edv- \u00e9s \u00e9rrendszer, a szem, a t\u00fcd\u0151, rosszindulat\u00fa sejtek burj\u00e1nzanak el.<\/p>\n<p>Az antioxid\u00e1nsok f\u0151 feladata, hogy semleges\u00edts\u00e9k a felesleges szabadgy\u00f6k\u00f6ket, ezzel meg\u00e1ll\u00edts\u00e1k azt a l\u00e1ncreakci\u00f3t, amely komoly k\u00e1rosod\u00e1st okozna a szervezet m\u0171k\u00f6d\u00e9s\u00e9ben. Megel\u0151zik, illetve lelass\u00edtj\u00e1k a szervezetben zajl\u00f3 oxid\u00e1ci\u00f3s folyamatokat, amelyek a szabadgy\u00f6k\u00f6k elszaporod\u00e1s\u00e1hoz vezethetnek. A szervezet n\u00e9h\u00e1ny antioxid\u00e1nst k\u00e9pes \u00f6nmaga is el\u0151\u00e1ll\u00edtani, azonban sz\u00fcks\u00e9ges k\u00edv\u00fclr\u0151l is p\u00f3tolni a hi\u00e1nyz\u00f3 mennyis\u00e9get. Erre t\u00f6k\u00e9letesen alkalmas a laktoferrin, mely term\u00e9szetes forr\u00e1s\u00fa, er\u0151s antioxid\u00e1ns.<\/p>\n<h3>Helyre\u00e1ll\u00edtja a b\u00e9lfl\u00f3r\u00e1t<\/h3>\n<p>A laktoferrin az a feh\u00e9rje, amelyik az el\u0151tejet, a kolosztrumot annyira \u00e9rt\u00e9kess\u00e9 teszi. A kolosztrum gazdag immunrendszert t\u00e1mogat\u00f3 \u00f6sszetev\u0151kben, helyre\u00e1ll\u00edtja a b\u00e9lfl\u00f3ra egyens\u00faly\u00e1t. Antibiotikum szed\u00e9sekor \u00e9rdemes fogyasztani, de seg\u00edthet az akut \u00e9s kr\u00f3nikus hasmen\u00e9sben szenved\u0151kn\u00e9l, a Candida elszaporod\u00e1sakor, vastagb\u00e9lgyullad\u00e1sn\u00e1l, irrit\u00e1bilis b\u00e9l szindr\u00f3m\u00e1n\u00e1l (IBS), gyomorfek\u00e9lyn\u00e9l is. Jav\u00edtja a t\u00e1panyagok b\u00e9lben t\u00f6rt\u00e9n\u0151 felsz\u00edv\u00f3d\u00e1s\u00e1t, g\u00e1tolja a feh\u00e9rj\u00e9k leboml\u00e1s\u00e1t, el\u0151seg\u00edti a zs\u00edrok energiaforr\u00e1sk\u00e9nt val\u00f3 hasznosul\u00e1s\u00e1t, \u00e9s t\u00e1mogatja a gl\u00fck\u00f3z izmokhoz sz\u00e1ll\u00edt\u00e1s\u00e1t.<\/p>\n<h3>Csonter\u0151s\u00edt\u0151, \u00edz\u00fcletv\u00e9d\u0151<\/h3>\n<p>A laktoferrin seg\u00edti a csontok n\u00f6veked\u00e9s\u00e9t \u00e9s fokozza azok s\u0171r\u0171s\u00e9g\u00e9t. Hozz\u00e1j\u00e1rul ahhoz, hogy a csontozat k\u00e9pes legyen az \u00e1sv\u00e1nyi anyagok, f\u0151k\u00e9nt a kalcium min\u00e9l hat\u00e9konyabb megk\u00f6t\u00e9s\u00e9re, t\u00e1rol\u00e1s\u00e1ra. Az \u00edz\u00fcletek eg\u00e9szs\u00e9g\u00e9re is kihat: serkenti a porck\u00e9pz\u0151d\u00e9st, megakad\u00e1lyozza a le\u00e9p\u00fcl\u00e9st, az \u00edz\u00fcleti f\u00e1jdalom kialakul\u00e1s\u00e1t, illetve jelent\u0151s m\u00e9rt\u00e9kben cs\u00f6kkenti a m\u00e1r kialakult gyullad\u00e1sokat.<\/p>\n<h3>Mikor aj\u00e1nlott a laktoferrin fogyaszt\u00e1sa?<\/h3>\n<ul>\n<li>legyeng\u00fclt immunrendszer<\/li>\n<li>bakteri\u00e1lis, v\u00edrusos fert\u0151z\u00e9sek<\/li>\n<li>visszat\u00e9r\u0151 gomb\u00e1s fert\u0151z\u00e9sek<\/li>\n<li>v\u00e9rszeg\u00e9nys\u00e9g<\/li>\n<li>os megbeteged\u00e9sek<\/li>\n<li>sz\u00edv- \u00e9s \u00e9rrendszeri probl\u00e9m\u00e1k<\/li>\n<li>gyomorpanaszok<\/li>\n<li>vastagb\u00e9lgyullad\u00e1s<\/li>\n<li>Crohn-betegs\u00e9g<\/li>\n<li>liszt\u00e9rz\u00e9kenys\u00e9g<\/li>\n<li>b\u00e9lfl\u00f3ra egyens\u00faly\u00e1nak felborul\u00e1sa<\/li>\n<li>b\u0151rgyullad\u00e1s<\/li>\n<li>fokozott stressz<\/li>\n<li>\u00e1ltal\u00e1nos f\u00e1radts\u00e1g, kimer\u00fclts\u00e9g<\/li>\n<\/ul>\n","protected":false},"excerpt":{"rendered":"<p>A\u00a0GAL Laktorferrin Plus por mentes a\u00a0sok nemk\u00edv\u00e1natos n\u00f6veked\u00e9si faktort\u00f3l, tejfeh\u00e9rj\u00e9t\u0151l, tejcukort\u00f3l, hormonokt\u00f3l, de tartalmazhat nyomokban tejfeh\u00e9rj\u00e9t.<\/p>\n","protected":false},"featured_media":5356,"comment_status":"closed","ping_status":"open","template":"","meta":[],"product_cat":[61],"product_tag":[],"class_list":{"0":"post-5355","1":"product","2":"type-product","3":"status-publish","4":"has-post-thumbnail","6":"product_brand-gal","7":"product_cat-etrend-kiegeszitok","9":"first","10":"instock","11":"purchasable","12":"product-type-simple"},"_links":{"self":[{"href":"https:\/\/vitamin.coredesign.hu\/index.php?rest_route=\/wp\/v2\/product\/5355","targetHints":{"allow":["GET"]}}],"collection":[{"href":"https:\/\/vitamin.coredesign.hu\/index.php?rest_route=\/wp\/v2\/product"}],"about":[{"href":"https:\/\/vitamin.coredesign.hu\/index.php?rest_route=\/wp\/v2\/types\/product"}],"replies":[{"embeddable":true,"href":"https:\/\/vitamin.coredesign.hu\/index.php?rest_route=%2Fwp%2Fv2%2Fcomments&post=5355"}],"wp:featuredmedia":[{"embeddable":true,"href":"https:\/\/vitamin.coredesign.hu\/index.php?rest_route=\/wp\/v2\/media\/5356"}],"wp:attachment":[{"href":"https:\/\/vitamin.coredesign.hu\/index.php?rest_route=%2Fwp%2Fv2%2Fmedia&parent=5355"}],"wp:term":[{"taxonomy":"product_cat","embeddable":true,"href":"https:\/\/vitamin.coredesign.hu\/index.php?rest_route=%2Fwp%2Fv2%2Fproduct_cat&post=5355"},{"taxonomy":"product_tag","embeddable":true,"href":"https:\/\/vitamin.coredesign.hu\/index.php?rest_route=%2Fwp%2Fv2%2Fproduct_tag&post=5355"}],"curies":[{"name":"wp","href":"https:\/\/api.w.org\/{rel}","templated":true}]}}