{"id":5353,"date":"2025-10-12T12:25:20","date_gmt":"2025-10-12T10:25:20","guid":{"rendered":"https:\/\/vitamin.coredesign.hu\/?product=gal-borsmentaolaj-kapszula-60db"},"modified":"2026-01-08T23:24:33","modified_gmt":"2026-01-08T22:24:33","slug":"gal-borsmentaolaj-kapszula-60db","status":"publish","type":"product","link":"https:\/\/vitamin.coredesign.hu\/?product=gal-borsmentaolaj-kapszula-60db","title":{"rendered":"GAL borsmentaolaj kapszula \u2013 60db"},"content":{"rendered":"<p>&nbsp;<\/p>\n<div id=\"lt-accessibility-devtools\" aria-hidden=\"true\"><\/div>\n<p>A GAL Borsmentaolaj n\u00f6v\u00e9nyi kapszul\u00e1ja ellen\u00e1ll a gyomorsavnak, csak a v\u00e9konyb\u00e9lben old\u00f3dik. Intenz\u00edv hat\u00e1s\u00fa, seg\u00edti az em\u00e9szt\u00e9st, cs\u00f6kkenti az IBS t\u00fcneteit, fokozza az epe termel\u00e9s\u00e9t, v\u00e9di a gyomrot, a beleket, hozz\u00e1j\u00e1rul a b\u00e9lfl\u00f3ra eg\u00e9szs\u00e9ges egyens\u00faly\u00e1nak helyre\u00e1ll\u00edt\u00e1s\u00e1hoz.<\/p>\n<h2>GAL Borsmentaolaj kapszula<\/h2>\n<p>A borsmenta hossz\u00fa id\u0151n kereszt\u00fcl fogyasztva sem j\u00e1r kellemetlen mell\u00e9khat\u00e1sokkal. \u00c9rz\u00e9kenyebb gyomr\u00faak sz\u00e1m\u00e1ra a legide\u00e1lisabb kivonat\u00e1t kapszula form\u00e1j\u00e1ban szedni.<\/p>\n<p>A GAL Borsmentaolaj speci\u00e1lis kapszul\u00e1ja a b\u00e9lben old\u00f3dik, ezzel k\u00edm\u00e9li a gyomrot, cs\u00f6kkenti a mentol h\u0171s\u00edt\u0151 \u00e9rz\u00e9s\u00e9t a gyomorban \u00e9s a nyel\u0151cs\u0151ben. Intenz\u00edv hat\u00e1s\u00e1val hozz\u00e1j\u00e1rul a b\u00e9lfl\u00f3ra eg\u00e9szs\u00e9ges egyens\u00faly\u00e1nak fenntart\u00e1s\u00e1hoz, a hasznos bakt\u00e9riumok munk\u00e1j\u00e1nak t\u00e1mogat\u00e1s\u00e1hoz.<\/p>\n<h3>Milyen panaszok eset\u00e9n javasolt a fogyaszt\u00e1sa?<\/h3>\n<ul>\n<li>elh\u00faz\u00f3d\u00f3 hasmen\u00e9s\/sz\u00e9kreked\u00e9s<\/li>\n<li>puffad\u00e1s, t\u00falzott g\u00e1zk\u00e9pz\u0151d\u00e9s<\/li>\n<li>\u00e9tkez\u00e9s ut\u00e1ni h\u00e1nyinger<\/li>\n<li>reflux (savas felb\u00f6f\u00f6g\u00e9s)<\/li>\n<li>alacsony gyomorsav-termel\u00e9s<\/li>\n<li>gyomor\u00e9g\u00e9s<\/li>\n<li>b\u00e9lg\u00f6rcs\u00f6k<\/li>\n<li>fek\u00e9lyes panaszok<\/li>\n<li>IBS<\/li>\n<li>Candida<\/li>\n<li>epek\u00f6vek<\/li>\n<li>a b\u00e9lfl\u00f3ra egyens\u00faly\u00e1nak felborul\u00e1sa<\/li>\n<li>a bakt\u00e9riumok v\u00e9konyb\u00e9lben val\u00f3 felszaporod\u00e1sa<\/li>\n<li>a b\u00e9lny\u00e1lkah\u00e1rtya gyullad\u00e1sai<\/li>\n<li>asztma, h\u00f6rg\u0151gyullad\u00e1s<\/li>\n<\/ul>\n<p>A GAL Borsmentaolaj n\u00f6v\u00e9nyi kapszul\u00e1ja ellen\u00e1ll a gyomorsavnak, csak a v\u00e9konyb\u00e9lben old\u00f3dik. Intenz\u00edv hat\u00e1s\u00fa, seg\u00edti az em\u00e9szt\u00e9st, cs\u00f6kkenti az IBS t\u00fcneteit, fokozza az epe termel\u00e9s\u00e9t, v\u00e9di a gyomrot, a beleket, hozz\u00e1j\u00e1rul a b\u00e9lfl\u00f3ra eg\u00e9szs\u00e9ges egyens\u00faly\u00e1nak helyre\u00e1ll\u00edt\u00e1s\u00e1hoz.<\/p>\n<h3>Hat\u00f3anyagok 1 kapszul\u00e1ban:<\/h3>\n<ul>\n<li>Borsmentaolaj\u00a0 \u00a0100 mg<\/li>\n<\/ul>\n<h3>\u00d6sszetev\u0151k:<\/h3>\n<p>Mikrokrist\u00e1lyos cellul\u00f3z, HPMC (kapszula), borsmentaolaj, t\u00e1pi\u00f3ka maltodextrin.<\/p>\n<h3>Fogyaszt\u00e1sa:<\/h3>\n<p>napi 1 db kapszula bev\u00e9tel\u00e9t javasoljuk \u00e9hgyomorra, \u00e9tkez\u00e9s el\u0151tt 30-60 perccel. Az aj\u00e1nlott napi fogyaszt\u00e1si mennyis\u00e9get ne l\u00e9pje t\u00fal! gyermekek el\u0151l elz\u00e1rva tartand\u00f3!<\/p>\n<h3>GAL Borsmentaolaj kapszula<\/h3>\n<h3>A borsmenta gy\u00f3gyhat\u00e1sa<\/h3>\n<p>A borsmenta ill\u00f3olaja sok k\u00f6zkedvelt k\u00e9sz\u00edtm\u00e9nyben megtal\u00e1lhat\u00f3, p\u00e9ld\u00e1ul a cukork\u00e1kban, r\u00e1g\u00f3gumikban, fogkr\u00e9mekben, sz\u00e1jvizekben, samponokban. Azonban hat\u00f3anyagaiban sokkal t\u00f6bb rejlik, mint a friss\u00edt\u00e9s \u00e9s a kellemes illat. A borsment\u00e1t r\u00e9g\u00f3ta haszn\u00e1lj\u00e1k fejf\u00e1j\u00e1sra, l\u00e9g\u00fati megbeteged\u00e9sekre, felf\u00e1z\u00e1sra, gyomor-, b\u00e9l- \u00e9s epeb\u00e1ntalmak ellen, kiv\u00e1l\u00f3 term\u00e9szetes g\u00f6rcsold\u00f3, fert\u0151tlen\u00edt\u0151, v\u00e9rtiszt\u00edt\u00f3 \u00e9s idegnyugtat\u00f3 f\u0171szer- \u00e9s gy\u00f3gyn\u00f6v\u00e9ny.<\/p>\n<p>A borsmenta levelei t\u00f6bb mint 40 k\u00fcl\u00f6nf\u00e9le vegy\u00fcletb\u0151l \u00f6ssze\u00e1ll\u00f3 ill\u00f3olajat tartalmaznak, legfontosabb alkot\u00f3ja a mentol, emellett cseranyagokat, flavonoidokat, triterp\u00e9neket \u00e9s keser\u0171anyagokat is tartalmaz. Ill\u00f3olaj\u00e1t a frissen szedett vir\u00e1gr\u00fcgyes hajt\u00e1sokb\u00f3l vonj\u00e1k ki, a kozmetikai \u00e9s \u00e9lelmiszeriparban, illetve a gy\u00f3gyszer\u00e9szetben hasznos\u00edtj\u00e1k.<\/p>\n<h3>V\u00e9di a gyomrot, a beleket<\/h3>\n<p>A borsmenta ill\u00f3olaja k\u00fcl\u00f6n\u00f6sen hat\u00e1sos lehet az irrit\u00e1bilis b\u00e9l szindr\u00f3ma (IBS) kezel\u00e9s\u00e9ben. Jelent\u0151sen cs\u00f6kkenti a kellemetlen t\u00fcneteket, a hasf\u00e1j\u00e1st, a puffad\u00e1st, a g\u00f6rcs\u00f6ket, a sz\u00e9kreked\u00e9st vagy hasmen\u00e9st. A borsmentaolaj hat\u00e1s\u00e1ra az em\u00e9szt\u0151rendszer sima\u00adizmai ellazulnak, \u00e9s fokoz\u00f3dik a term\u00e9szetes em\u00e9szt\u0151nedvek \u00e9s az epe termel\u00e9se, megsz\u0171nnek a g\u00f6rcs\u00f6k \u00e9s a b\u00e9lg\u00e1z.<\/p>\n<h3>Term\u00e9szetes savlek\u00f6t\u0151, epek\u0151old\u00f3<\/h3>\n<p>A\u00a0borsmentaolaj az\u00a0egyik legn\u00e9psze\u00adr\u0171bb, recept n\u00e9lk\u00fcl kaphat\u00f3 savlek\u00f6t\u0151 szer, az er\u0151s gy\u00f3gyszerek mell\u00e9khat\u00e1sai n\u00e9lk\u00fcl cs\u00f6kkenti a t\u00falzott gyomorsav-termel\u00e9st. Az epek\u00f6veket is hat\u00e9konyan oldja, fogyaszt\u00e1sa ak\u00e1r a seb\u00e9szi beavatkoz\u00e1st is sz\u00fcks\u00e9gtelenn\u00e9 teheti, \u00e9rdemes epek\u0151 eset\u00e9n az orvossal egyeztetni a fogyasztott borsmenta mennyis\u00e9g\u00e9r\u0151l \u00e9s adagol\u00e1si gyakoris\u00e1g\u00e1r\u00f3l.<\/p>\n<h3>Csillap\u00edtja a h\u00e1nyingert<\/h3>\n<p>G\u00f6rcsold\u00f3 tulajdons\u00e1ga a hasi f\u00e1jdalmakra is j\u00f3t\u00e9konyan hat, gyorsan oldja m\u00e9g a menstru\u00e1ci\u00f3s g\u00f6rcs\u00f6ket is. Enyh\u00edti az \u00e9melyg\u00e9st, a h\u00e1nyingert, terhess\u00e9g alatt k\u00fcl\u00f6n\u00f6sen hasznos lehet, mert gy\u00f3gyszerek n\u00e9lk\u00fcl, term\u00e9szetes \u00faton mulasztja el a rosszull\u00e9teket. V\u00e1rand\u00f3s n\u0151knek nagy mennyis\u00e9gben nem aj\u00e1nlott a borsmenta szed\u00e9se, de a legt\u00f6bb esetben m\u00e1r nagy r\u00f6vid id\u0151 alatt megsz\u00fcnteti a h\u00e1nyingert \u00e9s h\u00e1ny\u00e1st.<\/p>\n<h3>Orrdugul\u00e1s \u00e9s k\u00f6h\u00f6g\u00e9s ellen<\/h3>\n<p>A\u00a0borsment\u00e1t megf\u00e1z\u00e1s \u00e9s\u00a0k\u00f6h\u00f6g\u00e9s\u00a0ellen is haszn\u00e1lj\u00e1k, cs\u00f6kkenti az orrdugul\u00e1st, a garat gyullad\u00e1sait, felszabad\u00edtja a l\u00e9gutakat. Mentolj\u00e1t bel\u00e9legezve k\u00f6nny\u00edti a l\u00e9gz\u00e9st, enyh\u00edti a h\u00f6rg\u0151gyullad\u00e1st \u00e9s az asztm\u00e1s rohamokat. Gyakran keverik gargaliz\u00e1l\u00f3 szerekbe, k\u00f6ptet\u0151 \u00e9s v\u00e1lad\u00e9kelfoly\u00f3s\u00edt\u00f3 tulajdons\u00e1g\u00e1val hozz\u00e1seg\u00edt a gyorsabb gy\u00f3gyul\u00e1shoz.<\/p>\n<h3>Gomb\u00e1k \u00e9s bakt\u00e9riumok ellen<\/h3>\n<p>A mentol hat\u00e9kony term\u00e9szetes antimikr\u00f3b\u00e1s szer, elpuszt\u00edtja a k\u00e1ros bakt\u00e9riumokat, v\u00edrusokat \u00e9s gomb\u00e1kat. E. coli, Listeria vagy Salmonella eset\u00e9ben is j\u00f3l hasznos\u00edthat\u00f3. A borsment\u00e1b\u00f3l kivont ill\u00f3olaj nemcsak a k\u00f3rokoz\u00f3k elszaporod\u00e1s\u00e1t akad\u00e1lyozhatja meg, de m\u00e1r a kifejl\u0151d\u00e9s\u00fcket is g\u00e1tolhatja. A herpeszv\u00edrus term\u00e9szetes \u00e9s k\u00edm\u00e9letes kiirt\u00e1s\u00e1hoz, kezel\u00e9s\u00e9hez szint\u00e9n gyakran javasolj\u00e1k.<\/p>\n<h3>Friss\u00edti \u00e9s eg\u00e9szs\u00e9gesen tartja a b\u0151rt<\/h3>\n<p>A borsmenta bels\u0151leg \u00e9s k\u00fcls\u0151leg is hasznos\u00edthat\u00f3, j\u00f3l kezelhet\u0151 vele az ekc\u00e9ma, emellett rovarcs\u00edp\u00e9sre, nap\u00e9g\u00e9sre, ki\u00fct\u00e9sekre alkalmazhat\u00f3. Enyh\u00edti a viszket\u00e9st, h\u0171s\u00edti \u00e9s fert\u0151tlen\u00edti a s\u00e9r\u00fclt b\u0151rfel\u00fcletet. Pattan\u00e1sos, zs\u00edros b\u0151rre k\u00fcl\u00f6n\u00f6sen javasolt, cs\u00f6kkenti a faggy\u00fatermel\u00e9st, \u00e9l\u00e9nk\u00edti a v\u00e9rkering\u00e9st, \u00f6sszeh\u00fazza a hajsz\u00e1lereket, illetve halv\u00e1ny\u00edtja a visszereket. A fejb\u0151r \u00e9s a haj zs\u00edrosod\u00e1s\u00e1t is szab\u00e1lyozza.<\/p>\n<h3>Megel\u0151zheti a fogszuvasod\u00e1st<\/h3>\n<p>A sz\u00e1j higi\u00e9ni\u00e1j\u00e1ban nagy szerepe lehet a borsment\u00e1nak, mert er\u0151s antibakteri\u00e1lis hat\u00e1s\u00e1val megakad\u00e1lyozza a k\u00e1ros bakt\u00e9riumok elszaporod\u00e1s\u00e1t, amelyek p\u00e9ld\u00e1ul a kellemetlen lehelet\u00e9rt, a\u00a0fogszuvasod\u00e1s\u00e9rt, az \u00edny gyullad\u00e1sai\u00e9rt, betegs\u00e9gei\u00e9rt felel\u0151sek.<\/p>\n","protected":false},"excerpt":{"rendered":"<p>A GAL Borsmentaolaj n\u00f6v\u00e9nyi kapszul\u00e1ja ellen\u00e1ll a gyomorsavnak, csak a v\u00e9konyb\u00e9lben old\u00f3dik. Intenz\u00edv hat\u00e1s\u00fa, seg\u00edti az em\u00e9szt\u00e9st, cs\u00f6kkenti az IBS t\u00fcneteit, fokozza az epe termel\u00e9s\u00e9t, v\u00e9di a gyomrot, a beleket, hozz\u00e1j\u00e1rul a b\u00e9lfl\u00f3ra eg\u00e9szs\u00e9ges egyens\u00faly\u00e1nak helyre\u00e1ll\u00edt\u00e1s\u00e1hoz.<\/p>\n","protected":false},"featured_media":5354,"comment_status":"closed","ping_status":"open","template":"","meta":[],"product_cat":[61],"product_tag":[],"class_list":{"0":"post-5353","1":"product","2":"type-product","3":"status-publish","4":"has-post-thumbnail","6":"product_brand-gal","7":"product_cat-etrend-kiegeszitok","9":"first","10":"instock","11":"purchasable","12":"product-type-simple"},"_links":{"self":[{"href":"https:\/\/vitamin.coredesign.hu\/index.php?rest_route=\/wp\/v2\/product\/5353","targetHints":{"allow":["GET"]}}],"collection":[{"href":"https:\/\/vitamin.coredesign.hu\/index.php?rest_route=\/wp\/v2\/product"}],"about":[{"href":"https:\/\/vitamin.coredesign.hu\/index.php?rest_route=\/wp\/v2\/types\/product"}],"replies":[{"embeddable":true,"href":"https:\/\/vitamin.coredesign.hu\/index.php?rest_route=%2Fwp%2Fv2%2Fcomments&post=5353"}],"wp:featuredmedia":[{"embeddable":true,"href":"https:\/\/vitamin.coredesign.hu\/index.php?rest_route=\/wp\/v2\/media\/5354"}],"wp:attachment":[{"href":"https:\/\/vitamin.coredesign.hu\/index.php?rest_route=%2Fwp%2Fv2%2Fmedia&parent=5353"}],"wp:term":[{"taxonomy":"product_cat","embeddable":true,"href":"https:\/\/vitamin.coredesign.hu\/index.php?rest_route=%2Fwp%2Fv2%2Fproduct_cat&post=5353"},{"taxonomy":"product_tag","embeddable":true,"href":"https:\/\/vitamin.coredesign.hu\/index.php?rest_route=%2Fwp%2Fv2%2Fproduct_tag&post=5353"}],"curies":[{"name":"wp","href":"https:\/\/api.w.org\/{rel}","templated":true}]}}