{"id":5349,"date":"2025-10-12T12:25:20","date_gmt":"2025-10-12T10:25:20","guid":{"rendered":"https:\/\/vitamin.coredesign.hu\/?product=gal-q10-mct-250ml"},"modified":"2026-01-08T23:24:31","modified_gmt":"2026-01-08T22:24:31","slug":"gal-q10-mct-250ml","status":"publish","type":"product","link":"https:\/\/vitamin.coredesign.hu\/?product=gal-q10-mct-250ml","title":{"rendered":"GAL Q10 + MCT \u2013 250ml"},"content":{"rendered":"<p>&nbsp;<\/p>\n<div id=\"lt-accessibility-devtools\" aria-hidden=\"true\"><\/div>\n<p>N\u00f6v\u00e9nyi ferment\u00e1ci\u00f3val el\u0151\u00e1ll\u00edtott Q10 MCT-olajban a lehet\u0151 legmagasabb koncentr\u00e1ci\u00f3j\u00fa Q10-oldatot hoztuk l\u00e9tre, amely sz\u00e9les h\u0151m\u00e9rs\u00e9klet-tartom\u00e1nyban k\u00e9pes a Q10-et krist\u00e1lymentes, oldott \u00e1llapotban tartani.<\/p>\n<h2>GAL Q10 + MCT<\/h2>\n<p>A GAL Q10 + MCT olaj n\u00f6v\u00e9nyi ferment\u00e1ci\u00f3val el\u0151\u00e1ll\u00edtott Q10 MCT-olajban, mely a lehet\u0151 legmagasabb koncentr\u00e1ci\u00f3j\u00fa Q10-oldat, ami sz\u00e9les h\u0151m\u00e9rs\u00e9klet-tartom\u00e1nyban k\u00e9pes a Q10-et krist\u00e1lymentes, oldott \u00e1llapotban tartani. Az MCT olaj alkalmaz\u00e1sa lehet\u0151v\u00e9 teszi, hogy el\u00e9gtelen epetermel\u00e9s eset\u00e9n se legyen akad\u00e1lyozott a felsz\u00edv\u00f3d\u00e1s. A stabilit\u00e1s biztos\u00edt\u00e1s\u00e1ra, \u00e9s egyben a Q10 megfelel\u0151 szervezeten bel\u00fcli reduk\u00e1l\u00e1s\u00e1nak t\u00e1mogat\u00e1s\u00e1hoz egyedi antioxid\u00e1ns rendszer\u00fcket is hozz\u00e1adt\u00e1k, amely t\u00f6bbek k\u00f6zt a g\u00f6r\u00f6g zs\u00e1lya level\u00e9nek \u00fan. szuperkritikus extrakci\u00f3j\u00e1b\u00f3l, v\u00f6r\u00f6sp\u00e1lma gy\u00fcm\u00f6lcs\u00e9b\u0151l \u00e9s n\u00f6v\u00e9nyi olajokb\u00f3l nyert tokoferolokb\u00f3l \u00e9s tokotrienolokb\u00f3l \u00e1ll.<\/p>\n<h3>Mikor aj\u00e1nlott a GAL Q10 + MCT olaj fogyaszt\u00e1sa?<\/h3>\n<ul>\n<li>A sz\u00edv- \u00e9s \u00e9rrendszer eg\u00e9szs\u00e9ges m\u0171k\u00f6d\u00e9s\u00e9hez<\/li>\n<li>A magas v\u00e9rnyom\u00e1s cs\u00f6kkent\u00e9s\u00e9hez<\/li>\n<li>Az \u00e9relmeszesed\u00e9s megel\u0151z\u00e9s\u00e9hez<\/li>\n<li>Az agym\u0171k\u00f6d\u00e9s serkent\u00e9s\u00e9hez<\/li>\n<li>Az energiatermel\u0151 folyamatok t\u00e1mogat\u00e1s\u00e1hoz<\/li>\n<li>Az immunrendszer norm\u00e1l m\u0171k\u00f6d\u00e9s\u00e9hez<\/li>\n<li>A sejtek oxidat\u00edv stresszel szembeni v\u00e9delm\u00e9hez<\/li>\n<li>Az \u00f6reged\u00e9si folyamatok lass\u00edt\u00e1s\u00e1hoz<\/li>\n<li>A koleszterinszint \u00e9s a v\u00e9rnyom\u00e1s cs\u00f6kkent\u00e9s\u00e9hez<\/li>\n<li>Az \u00e1ll\u00f3k\u00e9pess\u00e9g fokoz\u00e1s\u00e1hoz<\/li>\n<li>T\u00falhajszolts\u00e1g, kimer\u00fclts\u00e9g, az \u00e1tlagosn\u00e1l nagyobb fizikai \u00e9s szellemi ig\u00e9nybev\u00e9tel eset\u00e9n<\/li>\n<li>Id\u0151sebb korban a Q10 megfelel\u0151 p\u00f3tl\u00e1s\u00e1hoz<\/li>\n<\/ul>\n<p>A\u00a0Q10 koenzim egy vitaminhoz hasonl\u00f3\u00a0enzim. N\u00e9lk\u00fcl\u00f6zhetetlen szerepet j\u00e1tszik a sejtek energiatermel\u00e9s\u00e9ben, az oxig\u00e9nsz\u00e1ll\u00edt\u00e1sban \u00e9s a gyullad\u00e1st, betegs\u00e9geket okoz\u00f3 k\u00e1ros szabadgy\u00f6k\u00f6k semleges\u00edt\u00e9s\u00e9ben. Az egyik\u00a0legt\u00f6bb Q10-et tartalmaz\u00f3 szerv a sz\u00edv.\u00a0Ha alacsony a szervezet Q10-szintje, az nagym\u00e9rt\u00e9kben megn\u00f6velheti a magas v\u00e9rnyom\u00e1s, a sz\u00edv- \u00e9s \u00e9rrendszeri betegs\u00e9gek kialakul\u00e1s\u00e1t, ez\u00e9rt p\u00f3tl\u00e1sa kiemelten fontos.<\/p>\n<h3>Mit tartalmaz a GAL Q10 + MCT olaj 5ml-ben (2 tk)?<\/h3>\n<ul>\n<li>Q10 koenzim 100mg<\/li>\n<li>MCT-olaj 4400mg<\/li>\n<li>GAL term\u00e9szetes antioxid\u00e1ns-kever\u00e9k 6mg<\/li>\n<\/ul>\n<h3>Mennyit javasolt fogyasztani bel\u0151le?<\/h3>\n<p>Naponta 5ml (2 tk) fogyaszt\u00e1s\u00e1t javasoljuk egy vagy ak\u00e1r t\u00f6bb r\u00e9szletben. Legjobb \u00e9tkez\u00e9ssel egy\u00fctt, de an\u00e9lk\u00fcl is lehet. \u00c9rdemes az els\u0151 napokban csak 1 te\u00e1skan\u00e1lnyit fogyasztani, mert az MCT-olaj eleinte arra \u00e9rz\u00e9kenyekn\u00e9l enyhe hasmen\u00e9st okozhat (napi 10 ml alatt ez nagyon ritka). Id\u0151vel ez elm\u00falik \u00e9s emelhet\u0151 a d\u00f3zis.<\/p>\n<h3>GAL Q10 + MCT olaj<\/h3>\n<p>N\u00f6v\u00e9nyi ferment\u00e1ci\u00f3val el\u0151\u00e1ll\u00edtott Q10 MCT-olajban krist\u00e1lymentesen oldva, stabiliz\u00e1lva.<\/p>\n<h3>Mi az az MCT?<\/h3>\n<p>Az MCT egy angol mozaiksz\u00f3, amelynek jelent\u00e9se: k\u00f6zepes l\u00e1nc\u00fa trigliceridek (Medium Chained Triglycerides). A k\u00f6zepes l\u00e1nc\u00fa zs\u00edrsavak em\u00e9szt\u00e9s\u00e9hez nem kell epesav, \u00edgy gyorsabban adnak energi\u00e1t, m\u00e9ghozz\u00e1 \u00fagynevezett ketontestek form\u00e1j\u00e1ban. Ezek a leghat\u00e1sosabb zs\u00edrsavak az agy energiaell\u00e1t\u00e1shoz! Az agyi teljes\u00edtm\u00e9ny n\u00f6vel\u00e9se mellett t\u00e1panyagot biztos\u00edtanak az izmoknak, gyors\u00edtj\u00e1k az anyagcser\u00e9t, cs\u00f6kkentik a koleszterinszintet, v\u00e9dik a sz\u00edv- \u00e9s \u00e9rrendszert, tov\u00e1bb\u00e1 szerepet j\u00e1tszanak a k\u00e1ros bakt\u00e9riumok, v\u00edrusok \u00e9s gomb\u00e1k kiirt\u00e1s\u00e1ban is.<\/p>\n<h3>Az MCT olaj hat\u00e1sa<\/h3>\n<h3>N\u00f6veli a szervezet energiafelhaszn\u00e1l\u00e1s\u00e1t<\/h3>\n<p>A k\u00f6zepes l\u00e1nc\u00fa trigliceridek (MCT) a hosszabb sz\u00e9nl\u00e1nc\u00fa zs\u00edrokhoz k\u00e9pest jelent\u0151sen megn\u00f6velik a szervezet energia-felhaszn\u00e1l\u00f3 k\u00e9pess\u00e9g\u00e9t. Az MCT egyik legel\u0151ny\u00f6sebb tulajdons\u00e1ga, hogy\u00a0a m\u00e1j k\u00e9pes szinte munka \u00e9s er\u0151fesz\u00edt\u00e9s n\u00e9lk\u00fcl azonnal ketontestekk\u00e9, vagyis energi\u00e1v\u00e1 alak\u00edtani \u0151ket. Nemcsak a fizikai teljes\u00edtm\u00e9nyt, teherb\u00edr\u00e1st n\u00f6velik, de cs\u00f6kkentik a kr\u00f3nikus f\u00e1radts\u00e1got, megel\u0151zhetik a pszich\u00e9s probl\u00e9m\u00e1kat, az agyi rendelleness\u00e9gek kialakul\u00e1s\u00e1t.<\/p>\n<h3>Seg\u00edt a zs\u00edr\u00e9get\u00e9sben, fogy\u00e1sban<\/h3>\n<p>Az olaj hamar lebomlik, nem rak\u00f3dik le felesleges zs\u00edrk\u00e9nt, \u00e9s szinte azonnal felhaszn\u00e1lhat\u00f3 energiaforr\u00e1sk\u00e9nt. Az izomzat sz\u00e1m\u00e1ra t\u00e1panyagot, a szervezetnek plusz energi\u00e1t jelent. Seg\u00edti a megl\u00e9v\u0151 zs\u00edrsejtek lebont\u00e1s\u00e1t, gyors\u00edtja az anyagcser\u00e9t, a k\u00e9pz\u0151d\u0151 ketontestek pedig cs\u00f6kkentik az \u00e9tv\u00e1gyat. Mindezek hozz\u00e1j\u00e1rulnak az eredm\u00e9nyes tests\u00falycs\u00f6kkent\u00e9shez \u00e9s zs\u00edr\u00e9get\u00e9shez. Az MCT olaj m\u00e9g egy szigor\u00fa di\u00e9ta idej\u00e9n is biztos\u00edtja a szervezet sz\u00e1m\u00e1ra a sz\u00fcks\u00e9ges energi\u00e1t.<\/p>\n<h3>Jav\u00edtja az agy teljes\u00edtm\u00e9ny\u00e9t<\/h3>\n<p>Az MCT-zs\u00edrok az em\u00e9szt\u0151rendszeredb\u0151l egyenesen a m\u00e1jadba jutnak, ahol azonnal energiak\u00e9nt haszn\u00e1l\u00f3dnak fel, \u00fagynevezett ketontestekk\u00e9 alakulnak. Ezek a ketontestek ter\u00e1pi\u00e1s hat\u00e1st is kifejtenek bizonyos agyi rendelleness\u00e9gek kezel\u00e9s\u00e9ben, mint p\u00e9ld\u00e1ul az epilepszia vagy az Alzheimer-k\u00f3r. \u00a0\u00a0A ketontestek energi\u00e1t biztos\u00edtanak az agy sz\u00e1m\u00e1ra, a hib\u00e1s, k\u00e1rosodott sejtek sz\u00e1m\u00e1ra is, ezzel cs\u00f6kkentik a betegs\u00e9ggel j\u00e1r\u00f3 idegi t\u00fcneteket.<\/p>\n<h3>Bakt\u00e9rium-, v\u00edrus- \u00e9s gomba\u00f6l\u0151 hat\u00e1s\u00fa<\/h3>\n<p>MCT-olajat j\u00e1rv\u00e1nyos id\u0151szakban megel\u0151z\u00e9sre is \u00e9rdemes fogyasztani. Azok sz\u00e1m\u00e1ra k\u00fcl\u00f6n\u00f6sen hasznos, akik gyakran megf\u00e1znak, felf\u00e1znak, vagy k\u00f6nnyen kapnak el fert\u0151z\u00e9seket. Az olaj hat\u00f3anyagai k\u00e9pesek egyes bakt\u00e9riumok, v\u00edrusok \u00e9s gomb\u00e1k elpuszt\u00edt\u00e1s\u00e1ra, megakad\u00e1lyozva a betegs\u00e9gek kialakul\u00e1s\u00e1t, illetve gyorsabb gy\u00f3gyul\u00e1shoz, a s\u00falyosabb sz\u00f6v\u0151dm\u00e9nyek elker\u00fcl\u00e9s\u00e9hez seg\u00edtenek.<\/p>\n<h3>Jav\u00edtja a v\u00e9r koleszterinszintj\u00e9t<\/h3>\n<p>Az MCT-zs\u00edrsavak n\u00f6velik a v\u00e9r hasznos koleszterin szintj\u00e9t, ezzel egyidej\u0171leg cs\u00f6kkentik, illetve j\u00f3indulat\u00fa alt\u00edpuss\u00e1\u00a0m\u00f3dos\u00edtj\u00e1k a k\u00e1ros koleszterin m\u00e9rt\u00e9k\u00e9t. Jelent\u0151s szerepe lehet sz\u00e1mos \u00e9rrendszeri megbeteged\u00e9s kialakul\u00e1s\u00e1nak megel\u0151z\u00e9s\u00e9ben, valamint megl\u00e9v\u0151 betegs\u00e9gek gy\u00f3gy\u00edt\u00e1s\u00e1ban.<\/p>\n<h3>A Q10 eg\u00e9szs\u00e9gmeg\u0151rz\u0151 hat\u00e1sai<\/h3>\n<ul>\n<li>Antioxid\u00e1ns hat\u00e1s\u00e1val megk\u00f6ti a k\u00e1ros szabadgy\u00f6k\u00f6ket, melyek k\u00fcl\u00f6nf\u00e9le betegs\u00e9gek \u00e9s kialakul\u00e1s\u00e1t eredm\u00e9nyezhetik.<\/li>\n<li>A sz\u00edv \u00e9s \u00e9rrendszer v\u00e9delm\u00e9vel hozz\u00e1j\u00e1rulhat az infarktus, a v\u00e9rr\u00f6gk\u00e9pz\u0151d\u00e9s megel\u0151z\u00e9s\u00e9hez.<\/li>\n<li>J\u00f3t\u00e9kony hat\u00e1s\u00fa az allergi\u00e1s, asztm\u00e1s \u00e9s l\u00e9g\u00fati megbeteged\u00e9sek eset\u00e9n.<\/li>\n<li>Megel\u0151zheti, illetve kezelheti az agym\u0171k\u00f6d\u00e9s rendelleness\u00e9geit.<\/li>\n<li>Kiemelt szerepe van az \u00e1ltal\u00e1nos \u00f6reged\u00e9si folyamatok lass\u00edt\u00e1s\u00e1ban.<\/li>\n<li>Seg\u00edt az elh\u00edz\u00e1s, a fog\u00ednysorvad\u00e1s \u00e9s a cukorbetegs\u00e9g kezel\u00e9s\u00e9ben.<\/li>\n<li>Jelent\u0151s m\u00e9rt\u00e9kben er\u0151s\u00edti az immunrendszert, n\u00f6veli a szervezet ellen\u00e1ll\u00f3 k\u00e9pess\u00e9g\u00e9t.<\/li>\n<\/ul>\n<p>Az \u00e9letkorral j\u00e1r\u00f3 Q10-szint cs\u00f6kken\u00e9se \u00f6nmag\u00e1ban is sz\u00edvizom-k\u00e1rosod\u00e1st okozhat, amely hamar visszaford\u00edthat\u00f3 a koenzim p\u00f3tl\u00e1s\u00e1val!<\/p>\n","protected":false},"excerpt":{"rendered":"<p>N\u00f6v\u00e9nyi ferment\u00e1ci\u00f3val el\u0151\u00e1ll\u00edtott Q10 MCT-olajban a lehet\u0151 legmagasabb koncentr\u00e1ci\u00f3j\u00fa Q10-oldatot hoztuk l\u00e9tre, amely sz\u00e9les h\u0151m\u00e9rs\u00e9klet-tartom\u00e1nyban k\u00e9pes a Q10-et krist\u00e1lymentes, oldott \u00e1llapotban tartani.<\/p>\n","protected":false},"featured_media":5350,"comment_status":"closed","ping_status":"open","template":"","meta":[],"product_cat":[79],"product_tag":[],"class_list":{"0":"post-5349","1":"product","2":"type-product","3":"status-publish","4":"has-post-thumbnail","6":"product_brand-gal","7":"product_cat-aminosavak","9":"first","10":"instock","11":"purchasable","12":"product-type-simple"},"_links":{"self":[{"href":"https:\/\/vitamin.coredesign.hu\/index.php?rest_route=\/wp\/v2\/product\/5349","targetHints":{"allow":["GET"]}}],"collection":[{"href":"https:\/\/vitamin.coredesign.hu\/index.php?rest_route=\/wp\/v2\/product"}],"about":[{"href":"https:\/\/vitamin.coredesign.hu\/index.php?rest_route=\/wp\/v2\/types\/product"}],"replies":[{"embeddable":true,"href":"https:\/\/vitamin.coredesign.hu\/index.php?rest_route=%2Fwp%2Fv2%2Fcomments&post=5349"}],"wp:featuredmedia":[{"embeddable":true,"href":"https:\/\/vitamin.coredesign.hu\/index.php?rest_route=\/wp\/v2\/media\/5350"}],"wp:attachment":[{"href":"https:\/\/vitamin.coredesign.hu\/index.php?rest_route=%2Fwp%2Fv2%2Fmedia&parent=5349"}],"wp:term":[{"taxonomy":"product_cat","embeddable":true,"href":"https:\/\/vitamin.coredesign.hu\/index.php?rest_route=%2Fwp%2Fv2%2Fproduct_cat&post=5349"},{"taxonomy":"product_tag","embeddable":true,"href":"https:\/\/vitamin.coredesign.hu\/index.php?rest_route=%2Fwp%2Fv2%2Fproduct_tag&post=5349"}],"curies":[{"name":"wp","href":"https:\/\/api.w.org\/{rel}","templated":true}]}}