{"id":5348,"date":"2025-10-12T12:25:20","date_gmt":"2025-10-12T10:25:20","guid":{"rendered":"https:\/\/vitamin.coredesign.hu\/?product=gal-babavaro-multivitamin-60db30db30-adag"},"modified":"2026-01-08T23:24:31","modified_gmt":"2026-01-08T22:24:31","slug":"gal-babavaro-multivitamin-60db30db30-adag","status":"publish","type":"product","link":"https:\/\/vitamin.coredesign.hu\/?product=gal-babavaro-multivitamin-60db30db30-adag","title":{"rendered":"GAL Babav\u00e1r\u00f3+ multivitamin \u2013 60db+30db+30 adag"},"content":{"rendered":"<p>&nbsp;<\/p>\n<div id=\"lt-accessibility-devtools\" aria-hidden=\"true\"><\/div>\n<p>A GAL Babav\u00e1r\u00f3+ k\u00e9sz\u00edtm\u00e9ny t\u00e1mogatja a terhess\u00e9g \u00e9s szoptat\u00e1si id\u0151szak folyam\u00e1n megn\u00f6vekedett vitamin \u00e9s \u00e1sv\u00e1nyi anyag sz\u00fcks\u00e9glet kiel\u00e9g\u00edt\u00e9s\u00e9t. A term\u00e9k a Babav\u00e1r\u00f3 k\u00e9sz\u00edtm\u00e9nyhez k\u00e9pest emelt mennyis\u00e9g\u0171 fol\u00e1tot tartalmaz, valamint tal\u00e1lhat\u00f3 m\u00e9g benne p\u00e9ld\u00e1ul magn\u00e9zium \u00e9s Omega-3 zs\u00edrsavak is.<\/p>\n<h2>GAL+ Babav\u00e1r\u00f3 multivitamin<\/h2>\n<p>A k\u00e9sz\u00edtm\u00e9ny t\u00e1mogatja a terhess\u00e9g \u00e9s szoptat\u00e1si id\u0151szak folyam\u00e1n megn\u00f6vekedett vitamin \u00e9s \u00e1sv\u00e1nyi anyag sz\u00fcks\u00e9glet kiel\u00e9g\u00edt\u00e9s\u00e9t. Valamennyi benne tal\u00e1lhat\u00f3 vitamint, \u00e1sv\u00e1nyi anyagot, nyomelemet ide\u00e1lis form\u00e1ban, mennyis\u00e9gben \u00e9s ar\u00e1nyban tartalmazza, nem elt\u00e9rve att\u00f3l, ahogyan ezekhez \u00e1lland\u00f3 t\u00e1panyagd\u00fas, v\u00e1ltozatos t\u00e1pl\u00e1lkoz\u00e1ssal hozz\u00e1juthatn\u00e1nk. Ahol el\u0151ny\u00f6s, a vitaminok \u00e9s \u00e1sv\u00e1nyok r\u00e9szben organikus termeszt\u00e9sb\u0151l sz\u00e1rmaz\u00f3 (bio) gy\u00f3gy- \u00e9s f\u0171szern\u00f6v\u00e9nyek kivonat\u00e1b\u00f3l sz\u00e1rmaznak.<\/p>\n<p>Jelent\u0151s mennyis\u00e9gben tartalmaz \u2013 a magzat megfelel\u0151 fejl\u0151d\u00e9se \u00e9rdek\u00e9ben \u2013<strong>\u00a0metil-fol\u00e1tot (B9)<\/strong>\u00a0\u00e9s k\u00f6rnyezetbar\u00e1t m\u00f3don hal\u00e1szott \u00e9s el\u0151\u00e1ll\u00edtott, vadon \u00e9l\u0151 apr\u00f3halakb\u00f3l sz\u00e1rmaz\u00f3, term\u00e9szetes (TG) form\u00e1j\u00fa, hossz\u00fal\u00e1nc\u00fa\u00a0<strong>omega-3<\/strong>\u00a0zs\u00edrsavakat (EPA, DPA, DHA).<\/p>\n<p>A mennyis\u00e9gek tekintet\u00e9ben v\u00e9gig fontosnak tartott\u00e1k, hogy a napi adag biztosan tartalmazza a hat\u00e1sosnak tal\u00e1lt d\u00f3zist, de semmi esetre se l\u00e9pje t\u00fal az \u00e9letszer\u0171 mennyis\u00e9geket, azaz azt a mennyis\u00e9get, amit t\u00e1pl\u00e1lkoz\u00e1ssal m\u00e1r nem is lehetne fedezni sehogyan sem. Emellett kiemelten l\u00e9nyeges, hogy egy \u00faj \u00e9let zavartalan fejl\u0151d\u00e9s\u00e9t ne akad\u00e1lyozza semmi, ami nem odaval\u00f3. Ebben a k\u00e9sz\u00edtm\u00e9nyben a nyom\u00e1t sem tal\u00e1lhatja ilyen anyagnak.<\/p>\n<p>A felhaszn\u00e1lt hat\u00f3anyagforma eleve kiv\u00e1l\u00f3 felsz\u00edv\u00f3d\u00e1ssal rendelkezik, de ezt m\u00e9g tov\u00e1bb fokozt\u00e1k\u00a0<strong>Bioperine\u00ae<\/strong>\u00a0feketebors-kivonattal is. Emellett arra is t\u00f6rekedtek, hogy ne keverj\u00e9k a v\u00edzold\u00e9kony \u00e9s zs\u00edrold\u00e9kony \u00f6sszetev\u0151ket, \u00e9s \u00edgy a sz\u00e1mukra ide\u00e1lis hasznosul\u00e1st \u00e9s stabilit\u00e1st biztos\u00edt\u00f3 m\u00f3don lehessenek jelen, k\u00fcl\u00f6n-k\u00fcl\u00f6n.<\/p>\n<p>A v\u00edzold\u00e9kony (hidrofil) \u00f6sszetev\u0151k egy r\u00e9sze kem\u00e9nyzselatin kapszul\u00e1ban kapott helyet, a m\u00e1r eml\u00edtett n\u00f6v\u00e9nyi-kivonatok m\u00e1trix\u00e1val. Azon hat\u00f3anyagok pedig, amelyek eset\u00e9n optim\u00e1lisabb az egyenletes napi eloszt\u00e1s, napk\u00f6zben kortyolgathat\u00f3 italhoz szolg\u00e1l\u00f3, komplementer italpork\u00e9nt vannak jelen.<\/p>\n<p>A zs\u00edrold\u00e9kony (lipofil) \u00f6sszetev\u0151k l\u00e1gyzselatin kapszul\u00e1ba ker\u00fcltek, GoldenOmega\u00ae halolaj-koncentr\u00e1tumban oldva, term\u00e9szetes tokoferolokkal\/tokotrienolokkal \u00e9s g\u00f6r\u00f6g zs\u00e1lya-kivonattal stabiliz\u00e1lva.<\/p>\n<p>A k\u00e9sz\u00edtm\u00e9ny a\u00a0<strong>B9-vitamint<\/strong>\u00a0a szervezet\u00fcnkben is megtal\u00e1lhat\u00f3, akt\u00edv\u00a0<strong>metil-fol\u00e1t<\/strong>\u00a0form\u00e1j\u00e1ban tartalmazza, annak is a legstabilabb, \u00fan. C-krist\u00e1ly szerkezet\u0171 kalcium-s\u00f3jak\u00e9nt; ez a Magnafolate\u00ae, amely m\u00e9g a metil-fol\u00e1t gl\u00fckozamin-s\u00f3j\u00e1n\u00e1l is stabilabb.<\/p>\n<p>A term\u00e9kben nagy mennyis\u00e9g\u0171\u00a0<strong>K1-vitamin<\/strong>\u00a0is tal\u00e1lhat\u00f3 a K2 (MK-7) mellett, mivel a placent\u00e1n csak a K1-vitamin tud \u00e1tjutni, ahol a megfelel\u0151 K2-v\u00e9 (MK-4-gy\u00e9) alakul. Az anyatejjel ugyanez a helyzet, ugyanis annak term\u00e9szetes K2-tartalm\u00e1t is K1-b\u0151l biztos\u00edtja a szervezet\u00fcnk.<\/p>\n<p>A k\u00e9sz\u00edtm\u00e9ny nagy mennyis\u00e9g\u0171\u00a0<strong>magn\u00e9zium-, D3-, K1-, K2- \u00e9s C-vitamin<\/strong>-tartalma t\u00e1mogatja a megfelel\u0151 csontozat fejl\u0151d\u00e9s\u00e9t. Jelent\u0151s mennyis\u00e9gben tartalmaz taurint, inozitolt, \u00e9s bambuszr\u00fcgyb\u0151l nyert szil\u00edciumot is.<\/p>\n<p>A k\u00e9sz\u00edtm\u00e9nyb\u0151l kiker\u00fclt a kolin, mivel a gy\u00e1rt\u00f3 visszajelz\u00e9sekb\u0151l sz\u00e1rmaz\u00f3 tapasztalatai, valamint a kolinnal kapcsolatos \u00fajabb vizsg\u00e1latok is egy ir\u00e1nyba mutatnak: a kolin-kieg\u00e9sz\u00edt\u00e9s fajt\u00e1ja \u00e9s m\u00f3dja egy\u00e9nenk\u00e9nt elt\u00e9r\u0151en optim\u00e1lis. Van, akinek a lecitin, m\u00e1snak a kolin-s\u00f3 vagy egy\u00e9b kolin-forr\u00e1s a legmegfelel\u0151bb, illetve pl. b\u0151s\u00e9ges quinoa- \u00e9s\/vagy toj\u00e1ss\u00e1rg\u00e1ja-\/m\u00e1jfogyaszt\u00e1s mellett ak\u00e1r f\u00f6l\u00f6sleges is p\u00f3tolni. Minderr\u0151l b\u0151vebben olvashat, \u00e9s az egy\u00e9ni kolinsz\u00fcks\u00e9glet\u00e9t is megismerheti a kolin.gal.hu oldalon.<\/p>\n<p>Vasat ne szedj\u00fcnk, csak ha igazoltan vashi\u00e1nyosak vagyunk, de m\u00e9g akkor is \u00e9rdemes 1-2 h\u00f3nap GAL+ Babav\u00e1r\u00f3 szed\u00e9se ut\u00e1n \u00fajra ellen\u0151rizni, mert nem kiz\u00e1rt, hogy mellette vas n\u00e9lk\u00fcl is rendez\u0151dik a szintje, f\u0151leg, ha rendszeresen fogyasztunk mellette m\u00e1jat \u00e9s esetleg laktoferrint is.<\/p>\n<h3>Mikor aj\u00e1nlott a GAL Babav\u00e1r\u00f3+ k\u00e9sz\u00edtm\u00e9ny fogyaszt\u00e1sa?<\/h3>\n<ul>\n<li>A terhess\u00e9g \u00e9s szoptat\u00e1si id\u0151szak alatt megn\u00f6vekedett vitamin \u00e9s \u00e1sv\u00e1nyi anyag sz\u00fcks\u00e9glet kiel\u00e9g\u00edt\u00e9s\u00e9hez<\/li>\n<li>M\u00e1r a tervezett fogantat\u00e1s el\u0151tt minimum 3 h\u00f3nappal \u00e9rdemes elkezdeni fogyasztani<\/li>\n<li>A szoptat\u00e1si id\u0151szak v\u00e9g\u00e9ig, vagy ak\u00e1r m\u00e9g tov\u00e1bb aj\u00e1nlott fogyasztani<\/li>\n<\/ul>\n<h3>Hat\u00f3anyagok a napi adagban:<\/h3>\n<ul>\n<li>A-vitamin\u00a0 5000NE<\/li>\n<li>D3-vitamin\u00a0 \u00a04000NE<\/li>\n<li>E-vitamin\u00a0 \u00a0100NE<\/li>\n<li>K-vitamin-komplex\u00a0 \u00a01000mcg<br \/>\n\u2013 K1-vitamin\u00a0 \u00a0900mcg<br \/>\n\u2013 K2-vitamin\u00a0 \u00a0100mcg<\/li>\n<li>Omega-3\u00a0 \u00a0550-600mg<br \/>\n\u2013 EPA\u00a0 \u00a0300mg<br \/>\n\u2013 DHA\u00a0 \u00a0200mg<br \/>\n\u2013 DPA\u00a0 \u00a050-100mg<\/li>\n<li>G\u00f6r\u00f6g zs\u00e1lya-lev\u00e9l szuperkritikus kivonata\u00a0 \u00a02,5mg<\/li>\n<li>C-vitamin\u00a0 \u00a02000mg<\/li>\n<li>B1-vitamin\u00a0 \u00a050mg<\/li>\n<li>B2-vitamin\u00a0 \u00a020mg<\/li>\n<li>B5-vitamin\u00a0 \u00a0100mg<\/li>\n<li>B6-vitamin\u00a0 \u00a025mg<\/li>\n<li>B7-vitamin\u00a0 \u00a01000mcg<\/li>\n<li>B9-vitamin\u00a0 \u00a0600mcg<\/li>\n<li>B12-vitamin\u00a0 \u00a0200mcg<\/li>\n<li>Cink\u00a0 15mg<\/li>\n<li>R\u00e9z\u00a0 \u00a01,25mg<\/li>\n<li>Molibd\u00e9n\u00a0 \u00a0100mcg<\/li>\n<li>Kr\u00f3m\u00a0 \u00a0100mcg<\/li>\n<li>Szel\u00e9n\u00a0 \u00a0120mcg<\/li>\n<li>Szil\u00edcium\u00a0 \u00a025mg<\/li>\n<li>B\u00f3r\u00a0 \u00a03mg<\/li>\n<li>J\u00f3d\u00a0 \u00a0225mcg<\/li>\n<li>BioPerine\u00a0 \u00a02,5mg<\/li>\n<li>Magn\u00e9zium\u00a0 \u00a0250mg<\/li>\n<li>Taurin\u00a0 \u00a0500mg<\/li>\n<li>Inozitol (Myo-inozitol)\u00a0 \u00a0100mg<\/li>\n<\/ul>\n<h3>Felhaszn\u00e1l\u00e1si javaslat:<\/h3>\n<p>A GAL + Babav\u00e1r\u00f3 multivitamin napi adagja 1\u2009db Lipofil olajkapszula (barna) + 2\u2009db Hidrofil porkapszula (narancss\u00e1rga) + 5\u2009ml (4,4\u2009g) komplementer italpor.<\/p>\n<p><strong>Lipofil olaj- \u00e9s Hidrofil por-kapszul\u00e1k:<\/strong>\u00a0\u00c9tkez\u00e9s k\u00f6zben, p\u00e1r korty folyad\u00e9kkal bevehet\u0151k, lehet\u0151leg a reggelin\u00e9l vagy eb\u00e9dn\u00e9l, s ne a vacsor\u00e1n\u00e1l. Bevehet\u0151 mindh\u00e1rom kapszula egyszerre, de a magas vitamin- \u00e9s \u00e1sv\u00e1nyianyag-tartalom miatt el\u0151ny\u00f6s a k\u00e9t egyforma hidrofil kapszul\u00e1t egy-egy \u00e9tkez\u00e9sn\u00e9l bevenni, az em\u00e9szt\u0151rendszeri diszkomfort-\u00e9rz\u00e9st \u00edgy az arra \u00e9rz\u00e9kenyek is elker\u00fclhetik.<\/p>\n<p><strong>Komplementer italpor:<\/strong>\u00a0Folyad\u00e9kban oldand\u00f3. B\u00e1r egyszerre is megihat\u00f3, a hasznosul\u00e1s maximaliz\u00e1l\u00e1s\u00e1hoz el\u0151ny\u00f6sebb t\u00f6bb r\u00e9szletben. Felold\u00e1s ut\u00e1n 8 \u00f3r\u00e1n bel\u00fcl \u00e9rdemes elfogyasztani, c\u00e9lszer\u0171 h\u00e1t reggel \u00e9s d\u00e9lut\u00e1n k\u00e9sz\u00edteni 1-1 adagot, 2,5-2,5\u2009ml porb\u00f3l. Napk\u00f6zben \u00edgy k\u00e9nyelmesen elkortyolgathat\u00f3.<\/p>\n","protected":false},"excerpt":{"rendered":"<p>A GAL Babav\u00e1r\u00f3+ k\u00e9sz\u00edtm\u00e9ny t\u00e1mogatja a terhess\u00e9g \u00e9s szoptat\u00e1si id\u0151szak folyam\u00e1n megn\u00f6vekedett vitamin \u00e9s \u00e1sv\u00e1nyi anyag sz\u00fcks\u00e9glet kiel\u00e9g\u00edt\u00e9s\u00e9t. A term\u00e9k a Babav\u00e1r\u00f3 k\u00e9sz\u00edtm\u00e9nyhez k\u00e9pest emelt mennyis\u00e9g\u0171 fol\u00e1tot tartalmaz, valamint tal\u00e1lhat\u00f3 m\u00e9g benne p\u00e9ld\u00e1ul magn\u00e9zium \u00e9s Omega-3 zs\u00edrsavak is.<\/p>\n","protected":false},"featured_media":0,"comment_status":"closed","ping_status":"open","template":"","meta":[],"product_cat":[60],"product_tag":[],"class_list":{"0":"post-5348","1":"product","2":"type-product","3":"status-publish","5":"product_brand-gal","6":"product_cat-vitaminok","8":"first","9":"instock","10":"purchasable","11":"product-type-simple"},"_links":{"self":[{"href":"https:\/\/vitamin.coredesign.hu\/index.php?rest_route=\/wp\/v2\/product\/5348","targetHints":{"allow":["GET"]}}],"collection":[{"href":"https:\/\/vitamin.coredesign.hu\/index.php?rest_route=\/wp\/v2\/product"}],"about":[{"href":"https:\/\/vitamin.coredesign.hu\/index.php?rest_route=\/wp\/v2\/types\/product"}],"replies":[{"embeddable":true,"href":"https:\/\/vitamin.coredesign.hu\/index.php?rest_route=%2Fwp%2Fv2%2Fcomments&post=5348"}],"wp:attachment":[{"href":"https:\/\/vitamin.coredesign.hu\/index.php?rest_route=%2Fwp%2Fv2%2Fmedia&parent=5348"}],"wp:term":[{"taxonomy":"product_cat","embeddable":true,"href":"https:\/\/vitamin.coredesign.hu\/index.php?rest_route=%2Fwp%2Fv2%2Fproduct_cat&post=5348"},{"taxonomy":"product_tag","embeddable":true,"href":"https:\/\/vitamin.coredesign.hu\/index.php?rest_route=%2Fwp%2Fv2%2Fproduct_tag&post=5348"}],"curies":[{"name":"wp","href":"https:\/\/api.w.org\/{rel}","templated":true}]}}