{"id":5346,"date":"2025-10-12T12:25:20","date_gmt":"2025-10-12T10:25:20","guid":{"rendered":"https:\/\/vitamin.coredesign.hu\/?product=gal-marhakollagen-peptidek-argentin-300g"},"modified":"2026-01-08T23:24:30","modified_gmt":"2026-01-08T22:24:30","slug":"gal-marhakollagen-peptidek-argentin-300g","status":"publish","type":"product","link":"https:\/\/vitamin.coredesign.hu\/?product=gal-marhakollagen-peptidek-argentin-300g","title":{"rendered":"GAL Marhakollag\u00e9n Peptidek Argentin \u2013 300g"},"content":{"rendered":"<p>&nbsp;<\/p>\n<div id=\"lt-accessibility-devtools\" aria-hidden=\"true\"><\/div>\n<p>A rendk\u00edv\u00fcl k\u00edm\u00e9letes \u00e1llattart\u00e1sb\u00f3l sz\u00e1rmaz\u00f3 alapanyaga mellett a GAL Marhakollag\u00e9n peptideket imm\u00e1r az eddigieket is fel\u00fclm\u00fal\u00f3 tulajdons\u00e1gok, t\u00f6k\u00e9letes oldhat\u00f3s\u00e1g, semleges \u00edz \u00e9s zamat jellemzik. A kollag\u00e9n hozz\u00e1j\u00e1rulhat az \u00f6reged\u00e9si folyamatok cs\u00f6kkent\u00e9s\u00e9hez, a b\u0151r rugalmass\u00e1g\u00e1nak meg\u0151rz\u00e9s\u00e9hez, a haj eg\u00e9szs\u00e9g\u00e9hez, a csontok meger\u0151s\u00edt\u00e9s\u00e9hez, a porcok \u00e9p\u00edt\u00e9s\u00e9hez \u00e9s az \u00edz\u00fcletek hajl\u00e9konys\u00e1g\u00e1hoz.<\/p>\n<h2>GAL Marhakollag\u00e9n Peptidek Argentin<\/h2>\n<p>A GAL Marhakollag\u00e9n Peptidek k\u00e9sz\u00edtm\u00e9nyben a kollag\u00e9n peptidek form\u00e1j\u00e1ban van jelen, \u00edgy a legjobb felsz\u00edv\u00f3d\u00e1ssal \u00e9s hasznosul\u00e1ssal fejti ki hat\u00e1s\u00e1t. A term\u00e9k alapanyaga kiz\u00e1r\u00f3lag legel\u0151n tartott, f\u00fcvet legel\u0151 szarvasmarh\u00e1kt\u00f3l, k\u00edm\u00e9letes \u00e1llattart\u00e1sb\u00f3l sz\u00e1rmazik.<\/p>\n<p>A rendk\u00edv\u00fcl k\u00edm\u00e9letes \u00e1llattart\u00e1sb\u00f3l sz\u00e1rmaz\u00f3 alapanyaga mellett a GAL Marhakollag\u00e9n peptideket imm\u00e1r az eddigieket is fel\u00fclm\u00fal\u00f3 tulajdons\u00e1gok, t\u00f6k\u00e9letes oldhat\u00f3s\u00e1g, semleges \u00edz \u00e9s zamat jellemzik. A 3000 Dalton alatti peptidm\u00e9ret kiemelked\u0151 bioaktivit\u00e1st, gyors \u00e9s marad\u00e9ktalan hasznosul\u00e1st biztos\u00edt a szervezet\u00fcnkben.<\/p>\n<p>A k\u00e9sz\u00edtm\u00e9ny napi fogyaszt\u00e1sa rendk\u00edv\u00fcl k\u00e9nyelmes, mivel a semleges, finoman szemcs\u00e9s por mindenf\u00e9le italba vagy ak\u00e1r \u00e9telekbe is csom\u00f3sod\u00e1s n\u00e9lk\u00fcl, k\u00f6nnyed\u00e9n belekeverhet\u0151. Az I-es t\u00edpus\u00fa kollag\u00e9nekt\u0151l elv\u00e1rt hat\u00e1s el\u00e9r\u00e9s\u00e9hez tov\u00e1bbra is napi 10 gramm szed\u00e9s\u00e9t javasoljuk.<\/p>\n<p>A kollag\u00e9n egy olyan \u00f3ri\u00e1sfeh\u00e9rje, ami jelent\u0151s mennyis\u00e9gben van jelen b\u0151r\u00fcnkben, csontunkban \u00e9s porcainkban. Sok kollag\u00e9nhez juthatunk az \u00e1llati b\u0151r, csont \u00e9s porc elfogyaszt\u00e1s\u00e1val (pl. csontleves, kocsonya stb.), \u00e1m ez roppant nehezen em\u00e9szthet\u0151 meg sz\u00e1munkra. A kollag\u00e9n az em\u00e9szt\u00e9s sor\u00e1n kisebb alkot\u00f3ira, peptidekre, majd egy r\u00e9sze ut\u00e1na aminosavakra bomlik, \u00edgy ker\u00fcl a v\u00e9r\u00e1ramba, hogy azt\u00e1n a b\u0151rben \u00e9s \u00edz\u00fcletekben kifejthesse hat\u00e1s\u00e1t.<\/p>\n<p>Ebben a k\u00e9sz\u00edtm\u00e9nyben a kollag\u00e9n m\u00e1r eleve peptidek form\u00e1j\u00e1ban van jelen, teh\u00e1t el\u0151 van em\u00e9sztve, hidroliz\u00e1lva van. Ennek k\u00f6sz\u00f6nhet\u0151en m\u00e1r j\u00f3l k\u00e9pes felsz\u00edv\u00f3dni, \u00e9s nem terheli meg az em\u00e9szt\u00e9s\u00fcnket sem. Ez az em\u00e9szt\u00e9st m\u00e1r alig ig\u00e9nyl\u0151 kollag\u00e9n peptid (hidroliz\u00e1lt marhakollag\u00e9n) t\u00e1mogatja a b\u0151r fiatalos rugalmass\u00e1g\u00e1nak meg\u0151rz\u00e9s\u00e9t \u00e9s az \u00edz\u00fcletek megfelel\u0151 m\u0171k\u00f6d\u00e9s\u00e9t\u00e9t, hajl\u00e9konys\u00e1g\u00e1t.<\/p>\n<p>A b\u0151rre \u00e9s \u00edz\u00fcletekre kifejtett hat\u00e1s kiz\u00e1r\u00f3lag kollag\u00e9n peptidek fogyaszt\u00e1s\u00e1val kapcsolatosan igazolt, vagyis nem el\u0151em\u00e9sztett (t\u00e1pl\u00e1lkoz\u00e1sb\u00f3l fogyasztott) kollag\u00e9n eset\u00e9ben nem. (Fontos megjegyezni azonban a gyomor- \u00e9s b\u00e9lny\u00e1lkah\u00e1rty\u00e1ra a t\u00e1pl\u00e1l\u00e9kb\u00f3l sz\u00e1rmaz\u00f3, nem el\u0151em\u00e9sztett kollag\u00e9n a j\u00f3 hat\u00e1s\u00fa egyes szakemberek szerint).<\/p>\n<p>Ennek a kollag\u00e9n k\u00e9sz\u00edtm\u00e9nynek a j\u00f3t\u00e9kony hat\u00e1sai, fogyaszt\u00e1s\u00e1nak \u00e9lettani el\u0151nyei nem k\u00fcl\u00f6nb\u00f6znek a GAL sert\u00e9skollag\u00e9n\u00e9it\u0151l. Fontos azonban kiemeln\u00fcnk, hogy marhakollag\u00e9n-alapanyagunk kiz\u00e1r\u00f3lag legel\u0151n tartott, f\u00fcvet legel\u0151 szarvasmarh\u00e1kt\u00f3l, k\u00edm\u00e9letes \u00e1llattart\u00e1sb\u00f3l sz\u00e1rmazik.<\/p>\n<h3>Melyek a kollag\u00e9n peptidek lehets\u00e9ges kedvez\u0151 hat\u00e1sai a b\u0151rre \u00e9s a hajra?<\/h3>\n<ul>\n<li>N\u00f6veli a b\u0151r hidrat\u00e1lts\u00e1g\u00e1t \u00e9s feszess\u00e9g\u00e9t.<\/li>\n<li>Fokozza a b\u0151r kollag\u00e9n- \u00e9s elasztin-tartalm\u00e1t, \u00edgy a rugalmass\u00e1g\u00e1t.<\/li>\n<li>Cs\u00f6kkenti a nagyobb r\u00e1ncok m\u00e9lys\u00e9g\u00e9t, g\u00e1tolja az \u00fajabbak megjelen\u00e9s\u00e9t, a kisebb r\u00e1ncokat seg\u00edt elt\u00fcntetni.<\/li>\n<li>N\u00f6veli a b\u0151rben m\u00e9rt hemoglobinszintet, ez\u00e1ltal jav\u00edtja a mikrocirkul\u00e1ci\u00f3t.<\/li>\n<li>Cs\u00f6kkenti az arcb\u0151r zs\u00edross\u00e1g\u00e1t, \u00edgy az akne el\u0151fordul\u00e1s\u00e1t, s\u00falyoss\u00e1g\u00e1t.<\/li>\n<li>Hozz\u00e1j\u00e1rul a gyorsabb hajn\u00f6veked\u00e9shez, a vastagabb \u00e9s s\u0171r\u0171bb hajhoz.<\/li>\n<li>Enyh\u00edti a diff\u00faz \u00e9s f\u00e9rfias t\u00edpus\u00fa hajhull\u00e1st (n\u0151kn\u00e9l \u00e9s f\u00e9rfiakn\u00e1l is).<\/li>\n<li>Cs\u00f6kkenti a szeborre\u00e1t (a hajzs\u00edrosod\u00e1st \u00e9s a korp\u00e1sod\u00e1st).<\/li>\n<\/ul>\n<h3>Melyek a kollag\u00e9n peptidek tov\u00e1bbi lehets\u00e9ges kedvez\u0151 hat\u00e1sai?<\/h3>\n<ul>\n<li>Cs\u00f6kkenti az \u00edz\u00fcleti f\u00e1jdalmakat.<\/li>\n<li>Jav\u00edtja a perif\u00e9ri\u00e1lis kering\u00e9st (fejb\u0151r \u00e9s ujjak).<\/li>\n<li>Hozz\u00e1j\u00e1rul az \u00e9tv\u00e1gy cs\u00f6kkent\u00e9s\u00e9hez az em\u00e9szt\u0151rendszer \u00e1ltal termelt hormonok kiegyens\u00falyoz\u00e1sa r\u00e9v\u00e9n.<\/li>\n<li>Jav\u00edtja az alv\u00e1s hat\u00e9konys\u00e1g\u00e1t (a glicin-tartalma miatt).<\/li>\n<li>N\u00f6veli a tanul\u00e1si k\u00e9pess\u00e9get, az eml\u00e9kez\u0151-, felid\u00e9z\u0151-k\u00e9pess\u00e9get stimul\u00e1ci\u00f3 n\u00e9lk\u00fcl (glicin).<\/li>\n<li>Fokozza a nagyagyban az \u00faj idegsejtek termel\u0151d\u00e9s\u00e9t (erre csak eg\u00e9rk\u00eds\u00e9rletet v\u00e9geztek).<\/li>\n<\/ul>\n<h3>Mikor aj\u00e1nlott a GAL Marhakollag\u00e9n Peptidek fogyaszt\u00e1sa?<\/h3>\n<ul>\n<li>Az \u00f6reged\u00e9si folyamatok cs\u00f6kkent\u00e9s\u00e9hez<\/li>\n<li>A b\u0151r rugalmass\u00e1g\u00e1nak meg\u0151rz\u00e9s\u00e9hez<\/li>\n<li>A r\u00e1ncok megel\u0151z\u00e9s\u00e9hez, cs\u00f6kkent\u00e9s\u00e9hez<\/li>\n<li>Az \u00f6reged\u00e9s l\u00e1that\u00f3 jeleinek cs\u00f6kkent\u00e9s\u00e9hez<\/li>\n<li>Az elsz\u00ednez\u0151d\u00e9sek \u00e9s a hegek halv\u00e1ny\u00edt\u00e1s\u00e1hoz<\/li>\n<li>A haj er\u0151ss\u00e9g\u00e9hez \u00e9s eg\u00e9szs\u00e9g\u00e9hez<\/li>\n<li>A hajn\u00f6veked\u00e9s serkent\u00e9s\u00e9hez<\/li>\n<li>A csontok meger\u0151s\u00edt\u00e9s\u00e9hez<\/li>\n<li>A porcok \u00e9p\u00edt\u00e9s\u00e9hez \u00e9s az \u00edz\u00fcletek hajl\u00e9konys\u00e1g\u00e1hoz<\/li>\n<li>Az izmok norm\u00e1l \u00e1llapot\u00e1nak fenntart\u00e1s\u00e1hoz<\/li>\n<li>A f\u00e1radts\u00e1g cs\u00f6kkent\u00e9s\u00e9hez<\/li>\n<li>A pihentet\u0151bb alv\u00e1shoz<\/li>\n<\/ul>\n<h3>Hat\u00f3anyagok a napi adagban:<\/h3>\n<ul>\n<li>100% kollag\u00e9n peptidek (hidroliz\u00e1lt kollag\u00e9n)<\/li>\n<\/ul>\n<h3>\u00d6sszetev\u0151k:<\/h3>\n<p>Kollag\u00e9n peptidek (hidroliz\u00e1lt marhakollag\u00e9n)<\/p>\n<h3>Felhaszn\u00e1l\u00e1si javaslat:<\/h3>\n<p>A GAL Marhakollag\u00e9nb\u0151l napi 10 g (1 p\u00fapozott ev\u0151kan\u00e1l) fogyaszt\u00e1sa javasolt napi 1 vagy 2 alkalommal. \u00cdze nincsen, de enyhe szaga miatt \u00e9rdemes narancsl\u00e9be, kaka\u00f3ba vagy pl. tejsz\u00ednes-van\u00edli\u00e1s italba keveri, melyek remek\u00fcl elfedik azt.<\/p>\n<p>Az aj\u00e1nlott fogyaszt\u00e1si mennyis\u00e9get ne l\u00e9pje t\u00fal! A term\u00e9k nem helyettes\u00edti a kiegyens\u00falyozott, v\u00e1ltozatos \u00e9trendet \u00e9s az eg\u00e9szs\u00e9ges \u00e9letm\u00f3dot. Gyermekek el\u0151l elz\u00e1rva t\u00e1roland\u00f3.<\/p>\n","protected":false},"excerpt":{"rendered":"<p>A rendk\u00edv\u00fcl k\u00edm\u00e9letes \u00e1llattart\u00e1sb\u00f3l sz\u00e1rmaz\u00f3 alapanyaga mellett a GAL Marhakollag\u00e9n peptideket imm\u00e1r az eddigieket is fel\u00fclm\u00fal\u00f3 tulajdons\u00e1gok, t\u00f6k\u00e9letes oldhat\u00f3s\u00e1g, semleges \u00edz \u00e9s zamat jellemzik. A kollag\u00e9n hozz\u00e1j\u00e1rulhat az \u00f6reged\u00e9si folyamatok cs\u00f6kkent\u00e9s\u00e9hez, a b\u0151r rugalmass\u00e1g\u00e1nak meg\u0151rz\u00e9s\u00e9hez, a haj eg\u00e9szs\u00e9g\u00e9hez, a csontok meger\u0151s\u00edt\u00e9s\u00e9hez, a porcok \u00e9p\u00edt\u00e9s\u00e9hez \u00e9s az \u00edz\u00fcletek hajl\u00e9konys\u00e1g\u00e1hoz.<\/p>\n","protected":false},"featured_media":5347,"comment_status":"closed","ping_status":"open","template":"","meta":[],"product_cat":[61],"product_tag":[],"class_list":{"0":"post-5346","1":"product","2":"type-product","3":"status-publish","4":"has-post-thumbnail","6":"product_brand-gal","7":"product_cat-etrend-kiegeszitok","9":"first","10":"instock","11":"purchasable","12":"product-type-simple"},"_links":{"self":[{"href":"https:\/\/vitamin.coredesign.hu\/index.php?rest_route=\/wp\/v2\/product\/5346","targetHints":{"allow":["GET"]}}],"collection":[{"href":"https:\/\/vitamin.coredesign.hu\/index.php?rest_route=\/wp\/v2\/product"}],"about":[{"href":"https:\/\/vitamin.coredesign.hu\/index.php?rest_route=\/wp\/v2\/types\/product"}],"replies":[{"embeddable":true,"href":"https:\/\/vitamin.coredesign.hu\/index.php?rest_route=%2Fwp%2Fv2%2Fcomments&post=5346"}],"wp:featuredmedia":[{"embeddable":true,"href":"https:\/\/vitamin.coredesign.hu\/index.php?rest_route=\/wp\/v2\/media\/5347"}],"wp:attachment":[{"href":"https:\/\/vitamin.coredesign.hu\/index.php?rest_route=%2Fwp%2Fv2%2Fmedia&parent=5346"}],"wp:term":[{"taxonomy":"product_cat","embeddable":true,"href":"https:\/\/vitamin.coredesign.hu\/index.php?rest_route=%2Fwp%2Fv2%2Fproduct_cat&post=5346"},{"taxonomy":"product_tag","embeddable":true,"href":"https:\/\/vitamin.coredesign.hu\/index.php?rest_route=%2Fwp%2Fv2%2Fproduct_tag&post=5346"}],"curies":[{"name":"wp","href":"https:\/\/api.w.org\/{rel}","templated":true}]}}