{"id":5344,"date":"2025-10-12T12:24:39","date_gmt":"2025-10-12T10:24:39","guid":{"rendered":"https:\/\/vitamin.coredesign.hu\/?product=gal-100-taurin-por-utantolto-500g"},"modified":"2026-01-08T23:24:24","modified_gmt":"2026-01-08T22:24:24","slug":"gal-100-taurin-por-utantolto-500g","status":"publish","type":"product","link":"https:\/\/vitamin.coredesign.hu\/?product=gal-100-taurin-por-utantolto-500g","title":{"rendered":"GAL 100% Taurin por ut\u00e1nt\u00f6lt\u0151 \u2013 500g"},"content":{"rendered":"<p>&nbsp;<\/p>\n<div id=\"lt-accessibility-devtools\" aria-hidden=\"true\"><\/div>\n<p>A taurin fogyaszt\u00e1sa k\u00fcl\u00f6n\u00f6sen sportol\u00f3k \u00e9s neh\u00e9z fizikai munk\u00e1t v\u00e9gz\u0151k sz\u00e1m\u00e1ra javasolt. Hozz\u00e1j\u00e1rulhat a sportteljes\u00edtm\u00e9ny fokoz\u00e1s\u00e1hoz, az \u00e9letmin\u0151s\u00e9g jav\u00edt\u00e1s\u00e1hoz.<\/p>\n<h2>GAL 100% Taurin por ut\u00e1nt\u00f6lt\u0151<\/h2>\n<p>A GAL k\u00e9sz\u00edtm\u00e9nye, 100%-os, tiszta seg\u00e9danyagokt\u00f3l mentes taurin port tartalmaz. A taurin egy antioxid\u00e1ns hat\u00e1s\u00fa aminosav, ami r\u00e9szt vesz a neurol\u00f3giai fejl\u0151d\u00e9sben, t\u00e1mogatja a civiliz\u00e1ci\u00f3s betegs\u00e9gek megel\u0151z\u00e9s\u00e9t.<\/p>\n<h3>Mikor aj\u00e1nlott a GAL 100% taurin por fogyaszt\u00e1sa?<\/h3>\n<ul>\n<li>A szervezet antioxid\u00e1ns v\u00e9delm\u00e9nek fokoz\u00e1s\u00e1hoz<\/li>\n<li>Az immunrendszer er\u0151s\u00edt\u00e9s\u00e9hez<\/li>\n<li>Az idegrendszer kiegyens\u00falyozott m\u0171k\u00f6d\u00e9s\u00e9hez<\/li>\n<li>A sz\u00edv- \u00e9s \u00e9rrendszer v\u00e9delm\u00e9hez<\/li>\n<li>Az \u00e9relmeszesed\u00e9s megel\u0151z\u00e9s\u00e9hez<\/li>\n<li>A koleszterinszint \u00e9s a v\u00e9rnyom\u00e1s szab\u00e1lyz\u00e1s\u00e1hoz<\/li>\n<li>Az agym\u0171k\u00f6d\u00e9s t\u00e1mogat\u00e1s\u00e1hoz<\/li>\n<li>A l\u00e1t\u00e1s \u00e9s a hall\u00e1s jav\u00edt\u00e1s\u00e1hoz<\/li>\n<li>F\u00fclz\u00fag\u00e1s \u00e9s hall\u00e1sroml\u00e1s kezel\u00e9s\u00e9hez<\/li>\n<li>A stressz \u00e9s a szorong\u00e1s cs\u00f6kkent\u00e9s\u00e9hez<\/li>\n<li>A teljes\u00edtm\u00e9ny \u00e9s az izomt\u00f6meg n\u00f6vel\u00e9s\u00e9hez<\/li>\n<li>Doh\u00e1nyosoknak a besz\u0171k\u00fclt erek t\u00e1g\u00edt\u00e1s\u00e1hoz<\/li>\n<li>A fog\u00f3k\u00fara t\u00e1mogat\u00e1s\u00e1hoz<\/li>\n<li>A v\u00e9rcukorszint szab\u00e1lyz\u00e1s\u00e1hoz<\/li>\n<li>A cukorbetegs\u00e9g sz\u00f6v\u0151dm\u00e9nyeinek megel\u0151z\u00e9s\u00e9hez, visszaford\u00edt\u00e1s\u00e1hoz<\/li>\n<li>A m\u00e1j eg\u00e9szs\u00e9g\u00e9nek v\u00e9delm\u00e9hez<\/li>\n<\/ul>\n<p>Hozz\u00e1j\u00e1rul a betegs\u00e9gek megel\u0151z\u00e9s\u00e9hez, v\u00e9di a sz\u00edv- \u00e9s \u00e9rrendszert, seg\u00edti az agym\u0171k\u00f6d\u00e9st, cs\u00f6kkenti a stresszt, a szorong\u00e1st, jav\u00edtja a l\u00e1t\u00e1st, a hall\u00e1st, n\u00f6veli az izomt\u00f6meget, \u00e9s fokozza a teljes\u00edtm\u00e9nyt.<\/p>\n<h3>Mit tartalmaz a GAL 100% taurin por 3g-ban (1 te\u00e1skan\u00e1l)?<\/h3>\n<ul>\n<li>Taurin 3000 mg<\/li>\n<\/ul>\n<h3>Mennyit javasolt fogyasztani bel\u0151le?<\/h3>\n<p>Naponta 1 te\u00e1skan\u00e1lnyit (3 g) fogyasszunk, folyad\u00e9kban feloldva. Legjobb \u00e9tkez\u00e9skor. Lehet t\u00f6bb r\u00e9szletben is (pl. f\u00e9l-f\u00e9l te\u00e1skan\u00e1llal reggel \u00e9s este).<\/p>\n<h3>GAL Taurin ut\u00e1nt\u00f6lt\u0151<\/h3>\n<p>100% taurin a fizikai \u00e9s szellemi aktivit\u00e1s n\u00f6vel\u00e9s\u00e9re<\/p>\n<p>A GAL k\u00e9sz\u00edtm\u00e9nye tiszta, seg\u00e9danyagok n\u00e9lk\u00fcli taurinport tartalmaz. Hozz\u00e1j\u00e1rul a civiliz\u00e1ci\u00f3s betegs\u00e9gek megel\u0151z\u00e9s\u00e9hez, v\u00e9di a sz\u00edv- \u00e9s \u00e9rrendszert, seg\u00edti az agym\u0171k\u00f6d\u00e9st, cs\u00f6kkenti a stresszt, a szorong\u00e1st, jav\u00edtja a l\u00e1t\u00e1st, a hall\u00e1st, n\u00f6veli az izomt\u00f6meget, fokozza a teljes\u00edtm\u00e9nyt.<\/p>\n<h3>A taurinr\u00f3l<\/h3>\n<p>A taurin az emberi szervezetben is el\u0151fordul\u00f3 k\u00e9ntartam\u00fa aminosav, amely legnagyobb mennyis\u00e9gben az agyban \u00e9s az idegrendszerben tal\u00e1lhat\u00f3 meg. Energiatov\u00e1bb\u00edt\u00f3 \u00e9s m\u00e9regtelen\u00edt\u0151 hat\u00e1s\u00fa. N\u00e9lk\u00fcl\u00f6zhetetlen az idegrendszer eg\u00e9szs\u00e9ges m\u0171k\u00f6d\u00e9s\u00e9hez, hat\u00e1ssal van az inzulin \u00e9s az adrenalin szintj\u00e9re, a zsirad\u00e9kok felhaszn\u00e1l\u00e1s\u00e1ra, a koleszterinre, az epetermel\u00e9sre.<\/p>\n<p>A taurin megfelel\u0151 mennyis\u00e9g\u0171 fogyaszt\u00e1sa er\u0151s\u00edti \u00e9s v\u00e9di a sz\u00edvizom sejtjeit \u00e9s az ereket, cs\u00f6kkenti a zs\u00edr, a gluk\u00f3z \u00e9s a magas inzulinszint okozta k\u00e1ros hat\u00e1sokat. Jav\u00edtja a l\u00e1t\u00e1st \u00e9s a hall\u00e1st, t\u00e1mogatja az idegrendszer megfelel\u0151 m\u0171k\u00f6d\u00e9s\u00e9t. Jav\u00edtja az \u00e9letmin\u0151s\u00e9get, jelent\u0151s szerepe van a betegs\u00e9gek megel\u0151z\u00e9s\u00e9ben, az eg\u00e9szs\u00e9g, a fizikai \u00e9s szellemi aktivit\u00e1s hossz\u00fat\u00e1v\u00fa fenntart\u00e1s\u00e1ban.<\/p>\n<h3>Megel\u0151zheti az \u00e9relmeszesed\u00e9st, infarktust<\/h3>\n<p>A taurinnak kiemelked\u0151 szerepe van a sz\u00edv \u00e9s az \u00e9rrendszer v\u00e9delm\u00e9ben. Cs\u00f6kkenti a koszor\u00fa\u00e9r-betegs\u00e9gek kock\u00e1zat\u00e1t, normaliz\u00e1lja a v\u00e9rnyom\u00e1st, alacsonyan tartja a v\u00e9rzs\u00edrszintet. P\u00f3tl\u00e1s\u00e1val megakad\u00e1lyozhat\u00f3 az \u00e9rsz\u0171k\u00fcletet okoz\u00f3 art\u00e9ri\u00e1k megvastagod\u00e1sa, merevv\u00e9 v\u00e1l\u00e1sa. Megl\u00e9v\u0151 sz\u00edvprobl\u00e9m\u00e1k eset\u00e9n is seg\u00edts\u00e9get ny\u00fajt.<\/p>\n<p>Doh\u00e1nyosoknak k\u00fcl\u00f6n\u00f6sen aj\u00e1nlott, mert r\u00f6vid id\u0151 alatt kit\u00e1g\u00edtja a besz\u0171k\u00fclt ereket!<\/p>\n<h3>Jav\u00edtja a l\u00e1t\u00e1st, a hall\u00e1st<\/h3>\n<p>Rendk\u00edv\u00fcl hat\u00e9kony a szem eg\u00e9szs\u00e9g\u00e9nek hossz\u00fat\u00e1v\u00fa meg\u0151rz\u00e9s\u00e9ben. A taurin nagy koncentr\u00e1ci\u00f3ban van jelen a retin\u00e1ban, azonban az \u00e9letkor el\u0151rehaladt\u00e1val mennyis\u00e9ge cs\u00f6kkenni kezd. Rendszeres fogyaszt\u00e1sa megg\u00e1tolja az id\u0151skori szemroml\u00e1st, helyre\u00e1ll\u00edtja a k\u00e1rosodott idegeket.<\/p>\n<p>A j\u00f3 hall\u00e1sban is nagy szerepe van, mivel seg\u00edti az idegsejtek m\u0171k\u00f6d\u00e9s\u00e9t, amelyek energi\u00e1v\u00e1 alak\u00edtj\u00e1k, \u00e9s az agyhoz tov\u00e1bb\u00edtj\u00e1k a hanghull\u00e1mokat. A taurin elmulasztja a f\u00fclz\u00fag\u00e1st, \u00e9s visszaford\u00edthatja a hall\u00e1sroml\u00e1st is.<\/p>\n<h3>Az ide\u00e1lis tests\u00faly el\u00e9r\u00e9se<\/h3>\n<p>A taurin jelent\u0151sen cs\u00f6kkenti a v\u00e9r trigliceridszintj\u00e9t, zs\u00edrsavcs\u00f6kkent\u0151 hat\u00e1s\u00e1val seg\u00edti a felesleges kil\u00f3k lead\u00e1s\u00e1t, v\u00e9delmet ny\u00fajt elh\u00edz\u00e1s ellen. K\u00fcl\u00f6n\u00f6sen a hast\u00e1ji zs\u00edrfelesleg cs\u00f6kkent\u00e9s\u00e9ben eredm\u00e9nyes. P\u00f3tl\u00e1sa megel\u0151zheti a t\u00fals\u00faly okozta sz\u00f6v\u0151dm\u00e9nyek ellen, a gluk\u00f3ztolerancia jav\u00edt\u00e1s\u00e1val megakad\u00e1lyozhatja a diab\u00e9tesz kialakul\u00e1s\u00e1t is.<\/p>\n<h3>Szab\u00e1lyozza a v\u00e9rcukorszintet<\/h3>\n<p>A szervezet alacsony taurinszintje jelent\u0151sen hajlamos\u00edthat cukorbetegs\u00e9gre. A taurin a magas v\u00e9rcukorszint cs\u00f6kkent\u00e9s\u00e9vel \u00e9s az inzulin\u00e9rz\u00e9kenys\u00e9g helyre\u00e1ll\u00edt\u00e1s\u00e1val megel\u0151zheti a II. t\u00edpus\u00fa cukorbetegs\u00e9g kialakul\u00e1s\u00e1t. S\u0151t k\u00e9pes visszaford\u00edtani a cukorbetegs\u00e9ggel j\u00e1r\u00f3 sz\u00f6v\u0151dm\u00e9nyeket, jav\u00edtja az art\u00e9ri\u00e1k, erek m\u0171k\u00f6d\u00e9s\u00e9t, v\u00e9di az idegeket, a retin\u00e1t, a ves\u00e9ket.<\/p>\n<h3>Gy\u00f3gy\u00edtja a m\u00e1jbetegs\u00e9geket<\/h3>\n<p>A m\u00e1j a legfontosabb m\u00e9regtelen\u00edt\u0151 szerv, a taurin pedig kiemelten seg\u00edti a m\u00e1j munk\u00e1j\u00e1t. V\u00e9di a m\u00e1jsejteket a szabadgy\u00f6k\u00f6kkel \u00e9s m\u00e9rgekkel szemben, cs\u00f6kkentve az oxidat\u00edv stressz okozta m\u00e1jk\u00e1rosod\u00e1st. Nagyon hat\u00e9kony az egyik leggyakoribb m\u00e1jprobl\u00e9ma, a nem alkoholos zs\u00edrm\u00e1j kezel\u00e9s\u00e9ben.<\/p>\n<h3>N\u00f6veli a teljes\u00edtm\u00e9nyt, az izomt\u00f6meget<\/h3>\n<p>A taurin p\u00f3tl\u00e1sa a sportol\u00f3k, neh\u00e9z fizikai munk\u00e1t v\u00e9gz\u0151k sz\u00e1m\u00e1ra is hasznos, mert jav\u00edtja az izomanyagcser\u00e9t. Hat\u00e1ssal van a proteinszint\u00e9zisre, lass\u00edtja a feh\u00e9rj\u00e9k, izmok leboml\u00e1s\u00e1t. Gyorsabb izomt\u00f6meg-n\u00f6veked\u00e9st \u00e9s teherb\u00edr\u00e1st eredm\u00e9nyez, a zs\u00edranyagcser\u00e9t is szab\u00e1lyozza.<\/p>\n<h3>Megel\u0151zheti az epilepszi\u00e1s rohamokat<\/h3>\n<p>A taurin egyik legfontosabb feladata, hogy szab\u00e1lyozza az ingerl\u00e9keny agysz\u00f6vetek m\u0171k\u00f6d\u00e9s\u00e9t. Ezzel a tulajdons\u00e1g\u00e1val jelent\u0151s szerepe lehet az epilepszi\u00e1s rohamok sz\u00e1m\u00e1nak \u00e9s s\u00falyoss\u00e1g\u00e1nak cs\u00f6kkent\u00e9s\u00e9ben. Megn\u00f6veli a szervezet bizonyos enzimszintj\u00e9t, \u00e9s az agysejtekhez kapcsol\u00f3dva csillap\u00edt\u00f3 hat\u00e1st fejt ki, mellyel megakad\u00e1lyozhatja a koordin\u00e1latlan elektromos kis\u00fcl\u00e9seket.<\/p>\n","protected":false},"excerpt":{"rendered":"<p>A taurin fogyaszt\u00e1sa k\u00fcl\u00f6n\u00f6sen sportol\u00f3k \u00e9s neh\u00e9z fizikai munk\u00e1t v\u00e9gz\u0151k sz\u00e1m\u00e1ra javasolt. Hozz\u00e1j\u00e1rulhat a sportteljes\u00edtm\u00e9ny fokoz\u00e1s\u00e1hoz, az \u00e9letmin\u0151s\u00e9g jav\u00edt\u00e1s\u00e1hoz.<\/p>\n","protected":false},"featured_media":5345,"comment_status":"closed","ping_status":"open","template":"","meta":[],"product_cat":[79],"product_tag":[],"class_list":{"0":"post-5344","1":"product","2":"type-product","3":"status-publish","4":"has-post-thumbnail","6":"product_brand-gal","7":"product_cat-aminosavak","9":"first","10":"instock","11":"purchasable","12":"product-type-simple"},"_links":{"self":[{"href":"https:\/\/vitamin.coredesign.hu\/index.php?rest_route=\/wp\/v2\/product\/5344","targetHints":{"allow":["GET"]}}],"collection":[{"href":"https:\/\/vitamin.coredesign.hu\/index.php?rest_route=\/wp\/v2\/product"}],"about":[{"href":"https:\/\/vitamin.coredesign.hu\/index.php?rest_route=\/wp\/v2\/types\/product"}],"replies":[{"embeddable":true,"href":"https:\/\/vitamin.coredesign.hu\/index.php?rest_route=%2Fwp%2Fv2%2Fcomments&post=5344"}],"wp:featuredmedia":[{"embeddable":true,"href":"https:\/\/vitamin.coredesign.hu\/index.php?rest_route=\/wp\/v2\/media\/5345"}],"wp:attachment":[{"href":"https:\/\/vitamin.coredesign.hu\/index.php?rest_route=%2Fwp%2Fv2%2Fmedia&parent=5344"}],"wp:term":[{"taxonomy":"product_cat","embeddable":true,"href":"https:\/\/vitamin.coredesign.hu\/index.php?rest_route=%2Fwp%2Fv2%2Fproduct_cat&post=5344"},{"taxonomy":"product_tag","embeddable":true,"href":"https:\/\/vitamin.coredesign.hu\/index.php?rest_route=%2Fwp%2Fv2%2Fproduct_tag&post=5344"}],"curies":[{"name":"wp","href":"https:\/\/api.w.org\/{rel}","templated":true}]}}