{"id":5342,"date":"2025-10-12T12:24:39","date_gmt":"2025-10-12T10:24:39","guid":{"rendered":"https:\/\/vitamin.coredesign.hu\/?product=gal-babavaro-30-adag-30-kapszula-60-kapszula-30-kapszula"},"modified":"2026-01-08T23:24:23","modified_gmt":"2026-01-08T22:24:23","slug":"gal-babavaro-30-adag-30-kapszula-60-kapszula-30-kapszula","status":"publish","type":"product","link":"https:\/\/vitamin.coredesign.hu\/?product=gal-babavaro-30-adag-30-kapszula-60-kapszula-30-kapszula","title":{"rendered":"GAL Babav\u00e1r\u00f3 [30 adag] \u2013 30 kapszula + 60 kapszula + 30 kapszula"},"content":{"rendered":"<p>&nbsp;<\/p>\n<div id=\"lt-accessibility-devtools\" aria-hidden=\"true\"><\/div>\n<p>A Gal Babav\u00e1r\u00f3 terhesvitamin minden vitamint, \u00e1sv\u00e1nyianyagot, nyomelemet ide\u00e1lis form\u00e1ban, mennyis\u00e9gben \u00e9s ar\u00e1nyban tartalmaz, nem elt\u00e9rve att\u00f3l, ahogyan ezekhez \u00e1lland\u00f3 t\u00e1panyagd\u00fas, v\u00e1ltozatos t\u00e1pl\u00e1lkoz\u00e1ssal juthatn\u00e1nk.<\/p>\n<h2>GAL Babav\u00e1r\u00f3 [30 adag]<\/h2>\n<p>A meg\u00fajult \u00f6sszet\u00e9tel\u0171 GAL Babav\u00e1r\u00f3 k\u00e9sz\u00edtm\u00e9nyben a v\u00edzold\u00e9kony \u00f6sszetev\u0151k 2 kisebb kapszul\u00e1ban kaptak helyet a kor\u00e1bbi 1 nagy helyett, amely t\u00e1mogatja a teljes em\u00e9szt\u0151rendszeri nyugalmat.<\/p>\n<p>A k\u00e9sz\u00edtm\u00e9ny szed\u00e9s\u00e9t m\u00e1r a gyermektervez\u00e9s gondolat\u00e1t\u00f3l kezdve javasolj\u00e1k, ide\u00e1lisan legal\u00e1bb 3 h\u00f3nappal a fogantat\u00e1s el\u0151tt, eg\u00e9szen a szoptat\u00e1s v\u00e9g\u00e9ig, s\u0151t m\u00e9g ak\u00e1r tov\u00e1bb is \u00e9rdemes lehet.<\/p>\n<p>A GAL Babav\u00e1r\u00f3 k\u00e9sz\u00edtm\u00e9ny t\u00e1mogatja a terhess\u00e9g \u00e9s szoptat\u00e1si id\u0151szak folyam\u00e1n megn\u00f6vekedett vitamin \u00e9s \u00e1sv\u00e1nyi anyag sz\u00fcks\u00e9glet kiel\u00e9g\u00edt\u00e9s\u00e9t. A term\u00e9ket a leg\u00fajabb kutat\u00e1sok f\u00e9ny\u00e9ben fejlesztett\u00e9k ki, szem el\u0151tt tartva a term\u00e9szetess\u00e9get \u00e9s \u00e9letszer\u0171s\u00e9get. Valamennyi benne tal\u00e1lhat\u00f3 vitamint, \u00e1sv\u00e1nyi anyagot, nyomelemet ide\u00e1lis form\u00e1ban, mennyis\u00e9gben \u00e9s ar\u00e1nyban tartalmazza, nem elt\u00e9rve att\u00f3l, ahogyan ezekhez \u00e1lland\u00f3 t\u00e1panyagd\u00fas, v\u00e1ltozatos t\u00e1pl\u00e1lkoz\u00e1ssal hozz\u00e1juthatn\u00e1nk.<\/p>\n<p>Ahol el\u0151ny\u00f6s, a vitaminok \u00e9s \u00e1sv\u00e1nyok r\u00e9szben organikus termeszt\u00e9sb\u0151l sz\u00e1rmaz\u00f3 (bio) gy\u00f3gy- \u00e9s f\u0171szern\u00f6v\u00e9nyek kivonat\u00e1b\u00f3l sz\u00e1rmaznak. A mennyis\u00e9gek eset\u00e9ben v\u00e9gig fontosnak tartott\u00e1k, hogy a napi adag biztosan tartalmazza a hat\u00e1sosnak tal\u00e1lt d\u00f3zist, de semmi esetre se l\u00e9pje t\u00fal az \u00e9letszer\u0171 mennyis\u00e9geket, azaz azt a mennyis\u00e9get, amit t\u00e1pl\u00e1lkoz\u00e1ssal m\u00e1r nem is lehetne fedezni sehogyan sem. Emellett rendk\u00edv\u00fcl fontos, hogy egy \u00faj \u00e9let zavartalan fejl\u0151d\u00e9s\u00e9t ne akad\u00e1lyozza semmi, ami nem odaval\u00f3. Ebben a term\u00e9kben ilyesminek nyom\u00e1t sem tal\u00e1lja.<\/p>\n<p>B\u00e1r minden felhaszn\u00e1lt hat\u00f3anyagforma eleve kiv\u00e1l\u00f3 felsz\u00edv\u00f3d\u00e1ssal rendelkezik, azt\u00a0<strong>Bioperine\u00ae<\/strong>\u00a0feketebors-kivonattal is fokozt\u00e1k. Tov\u00e1bb\u00e1 arra is \u00fcgyeltek, hogy a v\u00edzold\u00e9kony \u00e9s zs\u00edrold\u00e9kony \u00f6sszetev\u0151ket ne keverj\u00e9k, hogy a sz\u00e1mukra ide\u00e1lis hasznosul\u00e1st \u00e9s stabilit\u00e1st biztos\u00edt\u00f3 m\u00f3don lehessenek jelen, k\u00fcl\u00f6n-k\u00fcl\u00f6n:<\/p>\n<p>A v\u00edzold\u00e9kony (hidrofil) \u00f6sszetev\u0151k h\u00e1rom kem\u00e9nyzselatin kapszul\u00e1ban kaptak helyet, \u00edgy biztos\u00edtva azt, hogy a term\u00e9k \u00f6sszetev\u0151it a maxim\u00e1lis hasznosul\u00e1s \u00e9rdek\u00e9ben megfelel\u0151en sz\u00e9tv\u00e1laszva \u00e9s elosztva lehessen a szervezet\u00fcnkbe juttatni.<\/p>\n<p>A zs\u00edrold\u00e9kony (lipofil) \u00f6sszetev\u0151k l\u00e1gyzselatin kapszul\u00e1ba ker\u00fcltek, extra sz\u0171z ol\u00edvaolajban oldva, term\u00e9szetes tokoferolokkal\/tokotrienolokkal \u00e9s g\u00f6r\u00f6g zs\u00e1lya-kivonattal stabiliz\u00e1lva.<\/p>\n<p>A k\u00e9sz\u00edtm\u00e9ny nagy d\u00f3zis\u00fa\u00a0<strong>K1-vitamint<\/strong>\u00a0is tartalmaz a K2 (MK-7) mellett, ugyanis a placent\u00e1n csak a K1-vitamin tud \u00e1tjutni, ahol a megfelel\u0151 K2-v\u00e9 (MK-4-gy\u00e9) alakul. Ugyanez igaz az anyatejre is, annak term\u00e9szetes K2-tartalm\u00e1t is K1-b\u0151l biztos\u00edtja a szervezet\u00fcnk.<\/p>\n<p>A\u00a0<strong>B9-vitamint<\/strong>\u00a0a szervezet\u00fcnkben is megtal\u00e1lhat\u00f3, akt\u00edv\u00a0<strong>metil-fol\u00e1t<\/strong>\u00a0form\u00e1j\u00e1ban tartalmazza, annak is a legstabilabb, \u00fan. C-krist\u00e1ly szerkezet\u0171 kalcium-s\u00f3jak\u00e9nt; ez a\u00a0<strong>Magnafolate<\/strong>\u00ae, amely m\u00e9g a metil-fol\u00e1t gl\u00fckozamin-s\u00f3j\u00e1n\u00e1l is stabilabb.<\/p>\n<p>Jelent\u0151s mennyis\u00e9g\u0171\u00a0<strong>D3-, K1-, K2- \u00e9s C-vitamin<\/strong>\u00a0is tal\u00e1lhat\u00f3 benne, mely \u00e1ltal t\u00e1mogatja a megfelel\u0151 csontozat fejl\u0151d\u00e9s\u00e9t. Extra mennyis\u00e9g\u0171 bambuszr\u00fcgyb\u0151l nyert\u00a0<strong>szil\u00edciumot<\/strong>\u00a0is tartalmaz.<\/p>\n<p>A k\u00e9sz\u00edtm\u00e9ny nem tartalmaz B3-vitamint, ugyanis abban szinte mindenki t\u00e1pl\u00e1lkoz\u00e1sa b\u0151velkedik, \u00e9s a t\u00f6bblet sokaknak el\u0151nytelen lenne.<\/p>\n<h3>Mikor aj\u00e1nlott a GAL Babav\u00e1r\u00f3 k\u00e9sz\u00edtm\u00e9ny fogyaszt\u00e1sa?<\/h3>\n<ul>\n<li>A terhess\u00e9g \u00e9s szoptat\u00e1si id\u0151szak alatt megn\u00f6vekedett vitamin \u00e9s \u00e1sv\u00e1nyi anyag sz\u00fcks\u00e9glet kiel\u00e9g\u00edt\u00e9s\u00e9hez<\/li>\n<li>M\u00e1r a tervezett fogantat\u00e1s el\u0151tt minimum 3 h\u00f3nappal \u00e9rdemes elkezdeni fogyasztani<\/li>\n<li>A szoptat\u00e1si id\u0151szak v\u00e9g\u00e9ig, vagy ak\u00e1r m\u00e9g tov\u00e1bb aj\u00e1nlott fogyasztani<\/li>\n<\/ul>\n<h3>Hat\u00f3anyagok a napi adagban:<\/h3>\n<ul>\n<li>A-vitamin 5000 NE<\/li>\n<li>D3-vitamin 4000 NE<\/li>\n<li>E-vitamin 100 NE<\/li>\n<li>K-vitamin-komplex 1000 mcg\n<ul>\n<li>K1-vitamin 990 mcg<\/li>\n<li>K2-vitamin 10 mcg<\/li>\n<\/ul>\n<\/li>\n<li>G\u00f6r\u00f6g zs\u00e1lya-lev\u00e9l szuperkritikus kivonata 2 mg<\/li>\n<li>C-vitamin 500 mg<\/li>\n<li>B1-vitamin 50 mg<\/li>\n<li>B2-vitamin 20 mg<\/li>\n<li>B5-vitamin 100 mg<\/li>\n<li>B6-vitamin 25 mg<\/li>\n<li>B7-vitamin 1000 mcg<\/li>\n<li>B9-vitamin 600 mcg<\/li>\n<li>B12-vitamin 100 mcg<\/li>\n<li>Cink 15 mg<\/li>\n<li>R\u00e9z 1,25 mg<\/li>\n<li>Molibd\u00e9n 100 mcg<\/li>\n<li>Kr\u00f3m 100 mcg<\/li>\n<li>Szel\u00e9n 120 mcg<\/li>\n<li>Szil\u00edcium 25 mg<\/li>\n<li>B\u00f3r 3 mg<\/li>\n<li>J\u00f3d 225 mcg<\/li>\n<li>BioPerine 2,5 mg<\/li>\n<\/ul>\n<h3>\u00d6sszetev\u0151k:<\/h3>\n<p><strong>Lipofil-esszencia l\u00e1gyzselatin kapszula:<\/strong>\u00a0extrasz\u0171z ol\u00edvaolaj,d-alfa -tokoferolok \u00e9s vegyes tokoferolok. MSPO-min\u0151s\u00edtett v\u00f6r\u00f6sp\u00e1lma-gy\u00fcm\u00f6lcs-kivonat, retinil-palmit\u00e1t, zs\u00e1lya-kivonat, fillokinon, 2% menakinon-7-tartalm\u00fa olivaolaj, kolekalciferol, kapszulah\u00e9j (zselatin, nedves\u00edt\u0151szer: glicerin, v\u00edz, karamell, \u00e9des\u00edt\u0151szer: szteviol-glikozidok, szt\u00edvialev\u00e9l kivonatb\u00f3l, krist\u00e1lyvanillin).<\/p>\n<p><strong>Hidrofil-esszencia kem\u00e9nyzselatin kapszula:<\/strong>\u00a0d-kalcium-pantoten\u00e1t, ak\u00e1ciarost, cink-biszglicin\u00e1t,kr\u00f3mos \u00e9leszt\u0151 (inakt\u00edv),tiamin-mononitr\u00e1t, szel\u00e9nes \u00e9leszt\u0151 (inakt\u00edv), bio bambuszr\u00fcgy-kivonat, bio barnamoszat, n\u00e1trium-bor\u00e1t, piridoxal-5-foszf\u00e1t, riboflavin, piridoxin-hidroklorid, tiamin-hidroklorid, bio n\u00f6v\u00e9nyi kivonat (amla- \u00e9s guava-gy\u00fcm\u00f6lcs, szent bazsalikom- \u00e9s curry-lev\u00e9l, \u00e9s citromh\u00e9j kivonatainak kever\u00e9ke),r\u00e9z-biszglicin\u00e1t, bio must\u00e1rmag-kivonat, BioPerine\u00ae feketebors-kivonat, r\u00e9z-gl\u00fckon\u00e1t, biotin, metil-L-fol\u00e1t kalcium-s\u00f3ja, metilkobalamin, n\u00e1trium-molibden\u00e1t, k\u00e1lium-jodid, k\u00e1lium-jod\u00e1t: kapszulah\u00e9j (zselatin).<\/p>\n<p><strong>C-vitamin kapszula:<\/strong>\u00a0L-aszkorbinsav, kapszulah\u00e9j (zselatin).<\/p>\n<h3>Felhaszn\u00e1l\u00e1si javaslat:<\/h3>\n<p>B\u00e1rmely napk\u00f6zbeni f\u0151\u00e9tkez\u00e9s mellett, mind a n\u00e9gy kapszula bevehet\u0151 egyszerre, ugyanakkor jobb reggel vagy nappal, mint este. Ha maximaliz\u00e1lni szeretn\u00e9 a hasznosul\u00e1st \u00e9s\/vagy \u00e9rz\u00e9keny a gyomra, akkor a feh\u00e9r kapszul\u00e1t \u00e9hgyomorra, vagy \u00e9tkez\u00e9s ut\u00e1n 2-3 \u00f3r\u00e1val vegye be, a s\u00e1rga kapszul\u00e1kb\u00f3l 1\u2009db-ot az els\u0151, 1\u2009db-ot a m\u00e1sodik f\u0151\u00e9tkez\u00e9se alatt, m\u00edg a l\u00e1gyzselatin olajkapszul\u00e1kat b\u00e1rmelyik f\u0151\u00e9tkez\u00e9ssel, de legjobb a zsirad\u00e9kban legd\u00fasabb, nem esti \u00e9tkez\u00e9skor.<\/p>\n","protected":false},"excerpt":{"rendered":"<p>A Gal Babav\u00e1r\u00f3 terhesvitamin minden vitamint, \u00e1sv\u00e1nyianyagot, nyomelemet ide\u00e1lis form\u00e1ban, mennyis\u00e9gben \u00e9s ar\u00e1nyban tartalmaz, nem elt\u00e9rve att\u00f3l, ahogyan ezekhez \u00e1lland\u00f3 t\u00e1panyagd\u00fas, v\u00e1ltozatos t\u00e1pl\u00e1lkoz\u00e1ssal juthatn\u00e1nk.<\/p>\n","protected":false},"featured_media":5343,"comment_status":"closed","ping_status":"open","template":"","meta":[],"product_cat":[61],"product_tag":[],"class_list":{"0":"post-5342","1":"product","2":"type-product","3":"status-publish","4":"has-post-thumbnail","6":"product_brand-gal","7":"product_cat-etrend-kiegeszitok","9":"first","10":"instock","11":"purchasable","12":"product-type-simple"},"_links":{"self":[{"href":"https:\/\/vitamin.coredesign.hu\/index.php?rest_route=\/wp\/v2\/product\/5342","targetHints":{"allow":["GET"]}}],"collection":[{"href":"https:\/\/vitamin.coredesign.hu\/index.php?rest_route=\/wp\/v2\/product"}],"about":[{"href":"https:\/\/vitamin.coredesign.hu\/index.php?rest_route=\/wp\/v2\/types\/product"}],"replies":[{"embeddable":true,"href":"https:\/\/vitamin.coredesign.hu\/index.php?rest_route=%2Fwp%2Fv2%2Fcomments&post=5342"}],"wp:featuredmedia":[{"embeddable":true,"href":"https:\/\/vitamin.coredesign.hu\/index.php?rest_route=\/wp\/v2\/media\/5343"}],"wp:attachment":[{"href":"https:\/\/vitamin.coredesign.hu\/index.php?rest_route=%2Fwp%2Fv2%2Fmedia&parent=5342"}],"wp:term":[{"taxonomy":"product_cat","embeddable":true,"href":"https:\/\/vitamin.coredesign.hu\/index.php?rest_route=%2Fwp%2Fv2%2Fproduct_cat&post=5342"},{"taxonomy":"product_tag","embeddable":true,"href":"https:\/\/vitamin.coredesign.hu\/index.php?rest_route=%2Fwp%2Fv2%2Fproduct_tag&post=5342"}],"curies":[{"name":"wp","href":"https:\/\/api.w.org\/{rel}","templated":true}]}}