{"id":5340,"date":"2025-10-12T12:24:39","date_gmt":"2025-10-12T10:24:39","guid":{"rendered":"https:\/\/vitamin.coredesign.hu\/?product=gal-a-vitamin-csepp-30ml"},"modified":"2026-01-08T23:24:22","modified_gmt":"2026-01-08T22:24:22","slug":"gal-a-vitamin-csepp-30ml","status":"publish","type":"product","link":"https:\/\/vitamin.coredesign.hu\/?product=gal-a-vitamin-csepp-30ml","title":{"rendered":"GAL A-Vitamin csepp \u2013 30ml"},"content":{"rendered":"<p>&nbsp;<\/p>\n<div id=\"lt-accessibility-devtools\" aria-hidden=\"true\"><\/div>\n<p>A GAL A-vitamin cseppenk\u00e9nt 1000NE A-vitamint tartalmaz, 1 \u00fcvegben pedig 960 csepp tal\u00e1lhat\u00f3, \u00edgy 96-960 adagra elegend\u0151. Az A-vitamin a szem \u00e9s a b\u0151r vitaminja, n\u00e9lk\u00fcl\u00f6zhetetlen a szem megfelel\u0151 f\u00e9ny\u00e9rz\u00e9kenys\u00e9g\u00e9nek szab\u00e1lyoz\u00e1s\u00e1hoz, a sz\u00fcrk\u00fcletben val\u00f3 \u00e9lesl\u00e1t\u00e1s biztos\u00edt\u00e1s\u00e1hoz, szemsz\u00e1razs\u00e1g megel\u0151z\u00e9s\u00e9hez, az id\u0151skori szembetegs\u00e9gek kialakul\u00e1s\u00e1nak cs\u00f6kkent\u00e9s\u00e9hez.<\/p>\n<h2>GAL A-Vitamin csepp<\/h2>\n<p>A k\u00e9sz\u00edtm\u00e9nyben cseppenk\u00e9nt 1000NE A-vitamin tal\u00e1lhat\u00f3. 1 \u00fcveg tartalma kb. 960 csepp, azaz kb. 96-960 adag.<\/p>\n<p>A m\u00e1j a legjobb term\u00e9szetes A-vitamin forr\u00e1s, de a s\u00fct\u0151t\u00f6k \u00e9s a p\u00e1rolt r\u00e9pa is kit\u0171n\u0151 forr\u00e1sa a vitaminnak, vagyis annak provitaminj\u00e1nak, a b\u00e9ta-karotinnak, melyb\u0151l szervezet\u00fcnk k\u00e9pes A-vitamint el\u0151\u00e1ll\u00edtani. Az A-vitamin szint \u00e9ppen az\u00e9rt lehet sokak eset\u00e9ben alacsony, mert a legt\u00f6bben nem esznek rendszeresen sem m\u00e1jat, sem pedig r\u00e9p\u00e1t vagy s\u00fct\u0151t\u00f6k\u00f6t megfelel\u0151 mennyis\u00e9gben.<\/p>\n<p>A GAL A-vitamin cseppje sz\u00e1mukra ny\u00fajthat seg\u00edts\u00e9get, f\u0151k\u00e9nt, amennyiben nagyobb d\u00f3zisban p\u00f3tolj\u00e1k a D3-vitamint is. Ugyanannyi vagy legfeljebb k\u00e9tszer annyi NE A-vitamint javaslunk p\u00f3tolni sz\u00e1mukra, mint amennyi NE D3-vitamint fogyasztanak.<\/p>\n<h3>A-vitamin<\/h3>\n<p>Az A-vitamin alapvet\u0151 t\u00e1panyag, amelyet az \u00e1llati eredet\u0171 \u00e9telekkel vesz\u00fcnk magunkhoz, a karotinoidok pedig a gy\u00fcm\u00f6lcs\u00f6kben \u00e9s z\u00f6lds\u00e9gekben tal\u00e1lhat\u00f3k meg.<\/p>\n<p>Az A-vitamin, vagyis a retinol egy zs\u00edrban old\u00f3d\u00f3 vitamin, ez\u00e9rt amennyiben probl\u00e9ma van a zs\u00edr em\u00e9szt\u00e9s\u00e9vel vagy felsz\u00edv\u00f3d\u00e1s\u00e1val kapcsolatban, akkor vitaminhi\u00e1nyos \u00e1llapot alakulhat ki. Ugyancsak A-vitamin hi\u00e1nyt id\u00e9zhet el\u0151, ha betegs\u00e9gek miatt legyeng\u00fclt az immunrendszer, vagy gy\u00f3gyszerek miatt nem k\u00e9pes a megfelel\u0151 m\u00e9rt\u00e9kben hasznosulni. Ezekben az esetekben okvetlen\u00fcl fontos az A-vitamin megfelel\u0151 mennyis\u00e9gben t\u00f6rt\u00e9n\u0151 p\u00f3tl\u00e1sa.<\/p>\n<p>Az A-vitamin a szem \u00e9s a b\u0151r vitaminja, kulcsfontoss\u00e1g\u00fa a szem norm\u00e1l f\u00e9ny\u00e9rz\u00e9kenys\u00e9g\u00e9nek szab\u00e1lyoz\u00e1s\u00e1hoz, a sz\u00fcrk\u00fcletben val\u00f3 \u00e9lesl\u00e1t\u00e1s biztos\u00edt\u00e1s\u00e1hoz, szemsz\u00e1razs\u00e1g megel\u0151z\u00e9s\u00e9hez, az id\u0151skori szembetegs\u00e9gek kialakul\u00e1s\u00e1nak cs\u00f6kkent\u00e9s\u00e9hez, a b\u0151r \u00e9ps\u00e9g\u00e9nek \u00e9s rugalmass\u00e1g\u00e1nak fenntart\u00e1s\u00e1hoz, a csontok \u00e9s a fogak eg\u00e9szs\u00e9g\u00e9nek meg\u0151rz\u00e9s\u00e9hez, valamint a zavartalan n\u00f6veked\u00e9shez.<\/p>\n<h3>Mikor aj\u00e1nlott a GAL A-vitamin 1000NE cseppek fogyaszt\u00e1sa?<\/h3>\n<ul>\n<li>A szem \u00e9s a b\u0151r eg\u00e9szs\u00e9g\u00e9nek fenntart\u00e1s\u00e1hoz<\/li>\n<li>Az immunrendszer megfelel\u0151 m\u0171k\u00f6d\u00e9s\u00e9hez<\/li>\n<li>A k\u00fcl\u00f6nb\u00f6z\u0151 gyullad\u00e1sok, bakteri\u00e1lis, v\u00edrusos \u00e9s gomb\u00e1s fert\u0151z\u00e9sek megel\u0151z\u00e9s\u00e9hez<\/li>\n<li>A szem megfelel\u0151 f\u00e9ny\u00e9rz\u00e9kenys\u00e9g\u00e9nek szab\u00e1lyoz\u00e1s\u00e1hoz<\/li>\n<li>A sz\u00fcrk\u00fcletben val\u00f3 \u00e9lesl\u00e1t\u00e1s biztos\u00edt\u00e1s\u00e1hoz<\/li>\n<li>A szemsz\u00e1razs\u00e1g megel\u0151z\u00e9s\u00e9hez<\/li>\n<li>Az id\u0151skori szembetegs\u00e9gek kialakul\u00e1s\u00e1nak cs\u00f6kkent\u00e9s\u00e9hez<\/li>\n<li>A b\u0151r \u00e9ps\u00e9g\u00e9nek \u00e9s rugalmass\u00e1g\u00e1nak fenntart\u00e1s\u00e1hoz<\/li>\n<li>A csontok \u00e9s a fogak eg\u00e9szs\u00e9g\u00e9nek meg\u0151rz\u00e9s\u00e9hez<\/li>\n<li>A zavartalan n\u00f6veked\u00e9shez<\/li>\n<\/ul>\n<h3>Hat\u00f3anyagok 1 cseppben:<\/h3>\n<ul>\n<li>A-vitamin (retinil-palmit\u00e1t) 1000NE\/300mcg RE<\/li>\n<\/ul>\n<h3>\u00d6sszetev\u0151k:<\/h3>\n<p>MCT-olaj (fenntarthat\u00f3 gazdas\u00e1gb\u00f3l),A-vitamin (retinil-palmit\u00e1t), term\u00e9szetes antioxid\u00e1ns: E-vitamin (kevert tokoferolokb\u00f3l).<\/p>\n<h3>Felhaszn\u00e1l\u00e1si javaslat:<\/h3>\n<p>A GAL A-vitamin csepp feln\u0151ttek sz\u00e1m\u00e1ra javasolt napi adagja 1-10 csepp, \u00e9tkez\u00e9s\u00fcnk A-vitamin tartalm\u00e1t\u00f3l \u00e9s a D3-vitamin bevitel\u00e9t\u0151l f\u00fcgg\u0151en.<\/p>\n","protected":false},"excerpt":{"rendered":"<p>A GAL A-vitamin cseppenk\u00e9nt 1000NE A-vitamint tartalmaz, 1 \u00fcvegben pedig 960 csepp tal\u00e1lhat\u00f3, \u00edgy 96-960 adagra elegend\u0151. Az A-vitamin a szem \u00e9s a b\u0151r vitaminja, n\u00e9lk\u00fcl\u00f6zhetetlen a szem megfelel\u0151 f\u00e9ny\u00e9rz\u00e9kenys\u00e9g\u00e9nek szab\u00e1lyoz\u00e1s\u00e1hoz, a sz\u00fcrk\u00fcletben val\u00f3 \u00e9lesl\u00e1t\u00e1s biztos\u00edt\u00e1s\u00e1hoz, szemsz\u00e1razs\u00e1g megel\u0151z\u00e9s\u00e9hez, az id\u0151skori szembetegs\u00e9gek kialakul\u00e1s\u00e1nak cs\u00f6kkent\u00e9s\u00e9hez.<\/p>\n","protected":false},"featured_media":5341,"comment_status":"closed","ping_status":"open","template":"","meta":[],"product_cat":[60],"product_tag":[],"class_list":{"0":"post-5340","1":"product","2":"type-product","3":"status-publish","4":"has-post-thumbnail","6":"product_brand-gal","7":"product_cat-vitaminok","9":"first","10":"instock","11":"purchasable","12":"product-type-simple"},"_links":{"self":[{"href":"https:\/\/vitamin.coredesign.hu\/index.php?rest_route=\/wp\/v2\/product\/5340","targetHints":{"allow":["GET"]}}],"collection":[{"href":"https:\/\/vitamin.coredesign.hu\/index.php?rest_route=\/wp\/v2\/product"}],"about":[{"href":"https:\/\/vitamin.coredesign.hu\/index.php?rest_route=\/wp\/v2\/types\/product"}],"replies":[{"embeddable":true,"href":"https:\/\/vitamin.coredesign.hu\/index.php?rest_route=%2Fwp%2Fv2%2Fcomments&post=5340"}],"wp:featuredmedia":[{"embeddable":true,"href":"https:\/\/vitamin.coredesign.hu\/index.php?rest_route=\/wp\/v2\/media\/5341"}],"wp:attachment":[{"href":"https:\/\/vitamin.coredesign.hu\/index.php?rest_route=%2Fwp%2Fv2%2Fmedia&parent=5340"}],"wp:term":[{"taxonomy":"product_cat","embeddable":true,"href":"https:\/\/vitamin.coredesign.hu\/index.php?rest_route=%2Fwp%2Fv2%2Fproduct_cat&post=5340"},{"taxonomy":"product_tag","embeddable":true,"href":"https:\/\/vitamin.coredesign.hu\/index.php?rest_route=%2Fwp%2Fv2%2Fproduct_tag&post=5340"}],"curies":[{"name":"wp","href":"https:\/\/api.w.org\/{rel}","templated":true}]}}