{"id":5336,"date":"2025-10-12T12:24:39","date_gmt":"2025-10-12T10:24:39","guid":{"rendered":"https:\/\/vitamin.coredesign.hu\/?product=gal-multivitamin-60db30db30-adag"},"modified":"2026-01-08T23:24:20","modified_gmt":"2026-01-08T22:24:20","slug":"gal-multivitamin-60db30db30-adag","status":"publish","type":"product","link":"https:\/\/vitamin.coredesign.hu\/?product=gal-multivitamin-60db30db30-adag","title":{"rendered":"GAL Multivitamin+ \u2013 60db+30db+30 adag"},"content":{"rendered":"<p>&nbsp;<\/p>\n<div id=\"lt-accessibility-devtools\" aria-hidden=\"true\"><\/div>\n<p>A GAL + Multivitamin k\u00e9sz\u00edtm\u00e9ny minden vitamint, \u00e1sv\u00e1nyi-anyagot, nyomelemet ide\u00e1lis form\u00e1ban, mennyis\u00e9gben \u00e9s ar\u00e1nyban tartalmaz, nem elt\u00e9rve att\u00f3l, ahogyan ezekhez \u00e1lland\u00f3 t\u00e1panyag d\u00fas, v\u00e1ltozatos t\u00e1pl\u00e1lkoz\u00e1ssal juthatn\u00e1nk.<\/p>\n<h2>GAL+ Multivitamin<\/h2>\n<p>A k\u00e9sz\u00edtm\u00e9ny rendszeres szed\u00e9s\u00e9vel a szervezet hozz\u00e1jut minden alapvet\u0151 vitaminhoz \u00e9s \u00e1sv\u00e1nyi anyaghoz, ez\u00e1ltal a szervezet m\u0171k\u00f6d\u00e9se kiegyens\u00falyozottabb\u00e1 v\u00e1lhat, az immunrendszer er\u0151s\u00f6dhet, \u00edgy a betegs\u00e9gekkel szemben is ellen\u00e1ll\u00f3bb\u00e1 v\u00e1lhat.<\/p>\n<p>A GAL+ Multivitamin term\u00e9ket a leg\u00fajabb kutat\u00e1sok f\u00e9ny\u00e9ben fejlesztett\u00e9k ki, szem el\u0151tt tartva a term\u00e9szetess\u00e9get \u00e9s \u00e9letszer\u0171s\u00e9get, hogy valamennyi vitamint, \u00e1sv\u00e1nyianyagot, nyomelemet ide\u00e1lis form\u00e1ban, mennyis\u00e9gben \u00e9s ar\u00e1nyban tartalmazzon, nem elt\u00e9rve att\u00f3l, ahogyan ezekhez \u00e1lland\u00f3 t\u00e1panyagd\u00fas, v\u00e1ltozatos t\u00e1pl\u00e1lkoz\u00e1ssal juthatn\u00e1nk.<\/p>\n<p>Ahol el\u0151ny\u00f6s, a vitaminok \u00e9s \u00e1sv\u00e1nyok r\u00e9szben organikus termeszt\u00e9sb\u0151l sz\u00e1rmaz\u00f3 (bio) gy\u00f3gy- \u00e9s f\u0171szern\u00f6v\u00e9nyek kivonat\u00e1b\u00f3l sz\u00e1rmaznak. A mennyis\u00e9gek eset\u00e9ben v\u00e9gig fontosnak tartott\u00e1k, hogy a napi adag biztosan tartalmazza a hat\u00e1sosnak tal\u00e1lt d\u00f3zist, de semmi esetre se l\u00e9pje t\u00fal az \u00e9letszer\u0171 mennyis\u00e9geket, azaz azt a mennyis\u00e9get, amit t\u00e1pl\u00e1lkoz\u00e1ssal m\u00e1r nem is lehetne fedezni sehogyan sem. Emellett rendk\u00edv\u00fcl fontos, hogy a gondosan v\u00e1logatott alapanyagok mellett ne tartalmazzon semmi olyat, ami nem odaval\u00f3. A k\u00e9sz\u00edtm\u00e9nyben ilyesminek nyom\u00e1t sem tal\u00e1lja.<\/p>\n<p>A v\u00edzold\u00e9kony \u00f6sszetev\u0151k 2 kisebb kapszul\u00e1ban kaptak helyet a kor\u00e1bbi 1 nagy helyett, amely a teljes em\u00e9szt\u0151rendszeri nyugalmat seg\u00edti el\u0151. Tov\u00e1bbiakban a Kolin-cseppek k\u00fcl\u00f6n term\u00e9kben tal\u00e1lhat\u00f3ak meg a szabadabb adagolhat\u00f3s\u00e1g\u00e9rt.<\/p>\n<p>A term\u00e9kb\u0151l kiker\u00fclt a Kolin, mivel a visszajelz\u00e9sekb\u0151l sz\u00e1rmaz\u00f3 tapasztalatok, \u00e9s a kolinnal kapcsolatos \u00fajabb vizsg\u00e1latok is egy ir\u00e1nyba mutatnak: a kolin-kieg\u00e9sz\u00edt\u00e9s fajt\u00e1ja \u00e9s m\u00f3dja egy\u00e9nenk\u00e9nt elt\u00e9r\u0151en optim\u00e1lis. Van, akinek a lecitin, m\u00e1snak a kolin-s\u00f3 vagy egy\u00e9b kolin-forr\u00e1s a legmegfelel\u0151bb, illetve pl. b\u0151s\u00e9ges quinoa- \u00e9s\/vagy toj\u00e1ss\u00e1rg\u00e1ja-\/m\u00e1jfogyaszt\u00e1s mellett ak\u00e1r f\u00f6l\u00f6sleges is p\u00f3tolni. Minderr\u0151l b\u0151vebben olvashat, \u00e9s az egy\u00e9ni kolinsz\u00fcks\u00e9glet\u00e9t is megismerheti a kolin.gal.hu oldalunkon.<\/p>\n<p>B\u00e1r valamennyi felhaszn\u00e1lt hat\u00f3anyagforma eleve kiv\u00e1l\u00f3 felsz\u00edv\u00f3d\u00e1ssal rendelkezik, azt\u00a0<strong>Bioperine\u00ae feketebors-kivonattal<\/strong>\u00a0is fokozt\u00e1k. Emellett pedig arra is \u00fcgyeltek, hogy a v\u00edzold\u00e9kony \u00e9s zs\u00edrold\u00e9kony \u00f6sszetev\u0151ket ne keverj\u00e9k, hogy a sz\u00e1mukra ide\u00e1lis hasznosul\u00e1st \u00e9s stabilit\u00e1st biztos\u00edt\u00f3 m\u00f3don lehessenek jelen, k\u00fcl\u00f6n-k\u00fcl\u00f6n:<\/p>\n<p>A v\u00edzold\u00e9kony (hidrofil) \u00f6sszetev\u0151k egy r\u00e9sze kem\u00e9nyzselatin kapszul\u00e1ban kapott helyet, a m\u00e1r eml\u00edtett n\u00f6v\u00e9nyi-kivonatok m\u00e1trix\u00e1val, m\u00edg azon hat\u00f3anyagok, amelyek eset\u00e9ben az egyenletes napi eloszt\u00e1s optim\u00e1lisabb, napk\u00f6zben kortyolgathat\u00f3 italhoz szolg\u00e1l\u00f3, komplementer italpork\u00e9nt vannak jelen.<\/p>\n<p>A zs\u00edrold\u00e9kony (lipofil) \u00f6sszetev\u0151k l\u00e1gyzselatin kapszul\u00e1ba ker\u00fcltek,\u00a0<strong>GoldenOmega\u00ae halolaj-koncentr\u00e1tumban<\/strong>\u00a0oldva, term\u00e9szetes tokoferolokkal\/tokotrienolokkal \u00e9s g\u00f6r\u00f6g zs\u00e1lya-kivonattal stabiliz\u00e1lva.<\/p>\n<p>A szok\u00e1sos multivitamin \u00f6sszetev\u0151k\u00f6n t\u00fal nagy mennyis\u00e9gben tartalmaz\u00a0<strong>magn\u00e9ziumot, taurint<\/strong>, bambuszb\u00f3l nyert\u00a0<strong>szil\u00edciumot, K1- \u00e9s K2-vitamint<\/strong>, valamint k\u00f6rnyezetbar\u00e1t m\u00f3don hal\u00e1szott \u00e9s el\u0151\u00e1ll\u00edtott, vadon \u00e9l\u0151 apr\u00f3halakb\u00f3l sz\u00e1rmaz\u00f3, term\u00e9szetes (TG) form\u00e1j\u00fa, hossz\u00fa l\u00e1nc\u00fa\u00a0<strong>omega-3 zs\u00edrsavakat<\/strong>\u00a0(EPA, DPA, DHA) is.<\/p>\n<p>A\u00a0<strong>B9-vitamint<\/strong>\u00a0a szervezet\u00fcnkben is megtal\u00e1lhat\u00f3, akt\u00edv metil-fol\u00e1t form\u00e1j\u00e1ban tartalmazza, annak is a legstabilabb, \u00fan. C-krist\u00e1ly szerkezet\u0171 kalcium-s\u00f3jak\u00e9nt; ez a\u00a0<strong>Magnafolate\u00ae,<\/strong>\u00a0amely m\u00e9g a metil-fol\u00e1t gl\u00fckozamin-s\u00f3j\u00e1n\u00e1l is stabilabb.<\/p>\n<h3>Mikor aj\u00e1nlott a GAL + Multivitamin k\u00e9sz\u00edtm\u00e9ny fogyaszt\u00e1sa?<\/h3>\n<ul>\n<li>A szervezet t\u00e1panyagokkal val\u00f3 ell\u00e1t\u00e1s\u00e1hoz<\/li>\n<li>Az immunrendszer er\u0151s\u00edt\u00e9s\u00e9hez<\/li>\n<li>A szervezet kiegyens\u00falyozott m\u0171k\u00f6d\u00e9s\u00e9hez<\/li>\n<li>Az idegrendszer kiegyens\u00falyozott m\u0171k\u00f6d\u00e9s\u00e9hez<\/li>\n<li>Az agym\u0171k\u00f6d\u00e9s t\u00e1mogat\u00e1s\u00e1hoz<\/li>\n<li>A fizikai \u00e9s szellemi teljes\u00edtm\u00e9ny jav\u00edt\u00e1s\u00e1hoz<\/li>\n<li>A f\u00e1radts\u00e1g, a kimer\u00fclts\u00e9g cs\u00f6kkent\u00e9s\u00e9hez<\/li>\n<li>A norm\u00e1l izomm\u0171k\u00f6d\u00e9shez<\/li>\n<li>A sz\u00edv- \u00e9s \u00e9rrendszer eg\u00e9szs\u00e9g\u00e9hez<\/li>\n<li>A fogak \u00e9s a csontok norm\u00e1l \u00e1llapot\u00e1nak meg\u0151rz\u00e9s\u00e9hez<\/li>\n<li>A haj, a b\u0151r \u00e9s a k\u00f6r\u00f6m eg\u00e9szs\u00e9g\u00e9hez<\/li>\n<\/ul>\n<h3>Hat\u00f3anyagok a napi adagban:<\/h3>\n<ul>\n<li>A-vitamin 5000NE<\/li>\n<li>D3-vitamin 4000NE<\/li>\n<li>E-vitamin 100NE<\/li>\n<li>K-vitamin-komplex 1000mcg<\/li>\n<li>\u2013 K1-vitamin 900mcg<\/li>\n<li>\u2013 K2-vitamin 100mcg<\/li>\n<li>Omega-3 550-600mg<\/li>\n<li>\u2013 EPA 300mg<\/li>\n<li>\u2013 DHA 200mg<\/li>\n<li>\u2013 DPA 50-100mg<\/li>\n<li>G\u00f6r\u00f6g zs\u00e1lya-lev\u00e9l szuperkritikus kivonata 2,5mg<\/li>\n<li>C-vitamin 2000mg<\/li>\n<li>B1-vitamin 50mg<\/li>\n<li>B2-vitamin 20mg<\/li>\n<li>B5-vitamin 100mg<\/li>\n<li>B6-vitamin 25mg<\/li>\n<li>B7-vitamin 1000mcg<\/li>\n<li>B9-vitamin 300mcg<\/li>\n<li>B12-vitamin 200mcg<\/li>\n<li>Cink 15mg<\/li>\n<li>Inozitol 100mg<\/li>\n<li>R\u00e9z 1,25mg<\/li>\n<li>Molibd\u00e9n 100mcg<\/li>\n<li>Kr\u00f3m 100mcg<\/li>\n<li>Szel\u00e9n 120mcg<\/li>\n<li>Szil\u00edcium 25mg<\/li>\n<li>B\u00f3r 3mg<\/li>\n<li>J\u00f3d 225mcg<\/li>\n<li>BioPerine 2,5mg<\/li>\n<li>Magn\u00e9zium 250mg<\/li>\n<li>Taurin 500mg<\/li>\n<\/ul>\n<h3>Felhaszn\u00e1l\u00e1si javaslat:<\/h3>\n<p>A GAL + Multivitamin napi adagja 1 db Lipofil olajkapszula (barna) + 2\u2009db Hidrofil porkapszula (narancss\u00e1rga) + 5\u2009ml (4,4\u2009g) komplementer italpor.<\/p>\n<p><strong>Lipofil olaj- \u00e9s Hidrofil por-kapszul\u00e1k:\u00a0<\/strong>\u00c9tkez\u00e9s k\u00f6zben, p\u00e1r korty folyad\u00e9kkal bevehet\u0151k, lehet\u0151leg a reggelin\u00e9l vagy eb\u00e9dn\u00e9l, s ne a vacsor\u00e1n\u00e1l. Bevehet\u0151 mindh\u00e1rom kapszula egyszerre, de a magas vitamin- \u00e9s \u00e1sv\u00e1nyianyag-tartalom miatt el\u0151ny\u00f6s a k\u00e9t egyforma hidrofil kapszul\u00e1t egy-egy \u00e9tkez\u00e9sn\u00e9l bevenni, az em\u00e9szt\u0151rendszeri diszkomfort-\u00e9rz\u00e9st \u00edgy az arra \u00e9rz\u00e9kenyek is elker\u00fclhetik.<\/p>\n<p><strong>Komplementer italpor:<\/strong>\u00a0Folyad\u00e9kban oldand\u00f3. B\u00e1r egyszerre is megihat\u00f3, a hasznosul\u00e1s maximaliz\u00e1l\u00e1s\u00e1hoz el\u0151ny\u00f6sebb t\u00f6bb r\u00e9szletben. Felold\u00e1s ut\u00e1n 8 \u00f3r\u00e1n bel\u00fcl \u00e9rdemes elfogyasztani, c\u00e9lszer\u0171 h\u00e1t reggel \u00e9s d\u00e9lut\u00e1n k\u00e9sz\u00edteni 1-1 adagot, 2,5-2,5\u2009ml porb\u00f3l. Napk\u00f6zben \u00edgy k\u00e9nyelmesen elkortyolgathat\u00f3.<\/p>\n<p><strong>\u00d6sszefoglalva:<\/strong>\u00a0Beszedhet\u0151 minden (kapszul\u00e1k + italpor) egyszerre is b\u00e1rmelyik f\u0151\u00e9tkez\u00e9skor, de ha az em\u00e9szt\u0151rendszere \u00e9rz\u00e9keny \u00e9s\/vagy a maximumot szeretn\u00e9 kihozni a term\u00e9kb\u0151l, akkor \u00e9rdemes az eml\u00edtett m\u00f3dokon, t\u00f6bb r\u00e9szletben szedni.<\/p>\n","protected":false},"excerpt":{"rendered":"<p>A GAL + Multivitamin k\u00e9sz\u00edtm\u00e9ny minden vitamint, \u00e1sv\u00e1nyi-anyagot, nyomelemet ide\u00e1lis form\u00e1ban, mennyis\u00e9gben \u00e9s ar\u00e1nyban tartalmaz, nem elt\u00e9rve att\u00f3l, ahogyan ezekhez \u00e1lland\u00f3 t\u00e1panyag d\u00fas, v\u00e1ltozatos t\u00e1pl\u00e1lkoz\u00e1ssal juthatn\u00e1nk.<\/p>\n","protected":false},"featured_media":5337,"comment_status":"closed","ping_status":"open","template":"","meta":[],"product_cat":[60],"product_tag":[],"class_list":{"0":"post-5336","1":"product","2":"type-product","3":"status-publish","4":"has-post-thumbnail","6":"product_brand-gal","7":"product_cat-vitaminok","9":"first","10":"instock","11":"purchasable","12":"product-type-simple"},"_links":{"self":[{"href":"https:\/\/vitamin.coredesign.hu\/index.php?rest_route=\/wp\/v2\/product\/5336","targetHints":{"allow":["GET"]}}],"collection":[{"href":"https:\/\/vitamin.coredesign.hu\/index.php?rest_route=\/wp\/v2\/product"}],"about":[{"href":"https:\/\/vitamin.coredesign.hu\/index.php?rest_route=\/wp\/v2\/types\/product"}],"replies":[{"embeddable":true,"href":"https:\/\/vitamin.coredesign.hu\/index.php?rest_route=%2Fwp%2Fv2%2Fcomments&post=5336"}],"wp:featuredmedia":[{"embeddable":true,"href":"https:\/\/vitamin.coredesign.hu\/index.php?rest_route=\/wp\/v2\/media\/5337"}],"wp:attachment":[{"href":"https:\/\/vitamin.coredesign.hu\/index.php?rest_route=%2Fwp%2Fv2%2Fmedia&parent=5336"}],"wp:term":[{"taxonomy":"product_cat","embeddable":true,"href":"https:\/\/vitamin.coredesign.hu\/index.php?rest_route=%2Fwp%2Fv2%2Fproduct_cat&post=5336"},{"taxonomy":"product_tag","embeddable":true,"href":"https:\/\/vitamin.coredesign.hu\/index.php?rest_route=%2Fwp%2Fv2%2Fproduct_tag&post=5336"}],"curies":[{"name":"wp","href":"https:\/\/api.w.org\/{rel}","templated":true}]}}