{"id":5334,"date":"2025-10-12T12:24:39","date_gmt":"2025-10-12T10:24:39","guid":{"rendered":"https:\/\/vitamin.coredesign.hu\/?product=gal-q10-lazac-250ml"},"modified":"2026-01-08T23:24:19","modified_gmt":"2026-01-08T22:24:19","slug":"gal-q10-lazac-250ml","status":"publish","type":"product","link":"https:\/\/vitamin.coredesign.hu\/?product=gal-q10-lazac-250ml","title":{"rendered":"GAL Q10 Lazac \u2013 250ml"},"content":{"rendered":"<p>&nbsp;<\/p>\n<div id=\"lt-accessibility-devtools\" aria-hidden=\"true\"><\/div>\n<p>Az Omega-3 zs\u00edrsavak, a Q10 koenzim \u00e9s az E-vitamin egy\u00fcttesen hozz\u00e1j\u00e1rulhatnak a sz\u00edv- \u00e9s \u00e9rrendszer eg\u00e9szs\u00e9ges m\u0171k\u00f6d\u00e9s\u00e9hez, a szellemi- \u00e9s fizikai teljes\u00edt\u0151k\u00e9pess\u00e9g n\u00f6vel\u00e9s\u00e9hez, a mem\u00f3ria jav\u00edt\u00e1s\u00e1hoz, az immunrendszer er\u0151s\u00edt\u00e9s\u00e9hez.<\/p>\n<h2>GAL Q10 Lazac<\/h2>\n<p>A GAL Q10 lazacolaj j\u00f3l hasznosul\u00f3, term\u00e9szetes form\u00e1j\u00e1ban tartalmazza az Omega-3 zs\u00edrsavak teljes spektrum\u00e1t, n\u00f6v\u00e9nyi ferment\u00e1ci\u00f3val el\u0151\u00e1ll\u00edtott Q10-koenzimmel, term\u00e9szetes tokoferolokkal (E-vitaminnal) egy\u00fctt. Nagy d\u00f3zis\u00fa EPA- \u00e9s DHA-tartalommal, kellemesen enyhe \u00edzvil\u00e1ggal, citromolajjal. K\u00e9nyelmesen tudj\u00e1k fogyasztani azok is, akiknek gondot okoz a tabletta vagy kapszula lenyel\u00e9se.<\/p>\n<h3>Mikor aj\u00e1nlott a GAL Q10 lazacolaj fogyaszt\u00e1sa?<\/h3>\n<ul>\n<li>A sz\u00edv- \u00e9s \u00e9rrendszer eg\u00e9szs\u00e9ges m\u0171k\u00f6d\u00e9s\u00e9hez<\/li>\n<li>A magas v\u00e9rnyom\u00e1s cs\u00f6kkent\u00e9s\u00e9hez<\/li>\n<li>Az \u00e9relmeszesed\u00e9s megel\u0151z\u00e9s\u00e9hez<\/li>\n<li>Az agym\u0171k\u00f6d\u00e9s serkent\u00e9s\u00e9hez<\/li>\n<li>Az energiatermel\u0151 folyamatok t\u00e1mogat\u00e1s\u00e1hoz<\/li>\n<li>Az immunrendszer norm\u00e1l m\u0171k\u00f6d\u00e9s\u00e9hez<\/li>\n<li>A sejtek oxidat\u00edv stresszel szembeni v\u00e9delm\u00e9hez<\/li>\n<li>Az \u00f6reged\u00e9si folyamatok lass\u00edt\u00e1s\u00e1hoz<\/li>\n<li>A koleszterinszint \u00e9s a v\u00e9rnyom\u00e1s cs\u00f6kkent\u00e9s\u00e9hez<\/li>\n<li>Az \u00e1ll\u00f3k\u00e9pess\u00e9g fokoz\u00e1s\u00e1hoz<\/li>\n<li>T\u00falhajszolts\u00e1g, kimer\u00fclts\u00e9g, az \u00e1tlagosn\u00e1l nagyobb fizikai \u00e9s szellemi ig\u00e9nybev\u00e9tel eset\u00e9n<\/li>\n<li>Id\u0151sebb korban a Q10 megfelel\u0151 p\u00f3tl\u00e1s\u00e1hoz<\/li>\n<li>40 \u00e9v feletti n\u0151knek, f\u00e9rfiaknak<\/li>\n<li>Stresszes \u00e9letm\u00f3dot folytat\u00f3k sz\u00e1m\u00e1ra<\/li>\n<li>Rendszeresen doh\u00e1nyz\u00f3knak, alkoholfogyaszt\u00f3knak<\/li>\n<li>T\u00fals\u00fallyal k\u00fcszk\u00f6d\u0151knek, elh\u00edz\u00e1sra hajlamosaknak<\/li>\n<li>Sz\u00edv- \u00e9s kering\u00e9si betegs\u00e9gben szenved\u0151knek<\/li>\n<li>Magas v\u00e9rnyom\u00e1sra, magas koleszterinszintre<\/li>\n<li>Fog\u00ednysorvad\u00e1s eset\u00e9n<\/li>\n<li>Migr\u00e9nes fejf\u00e1j\u00e1s eset\u00e9n<\/li>\n<li>Cukorbetegeknek, inzulinrezisztenci\u00e1soknak<\/li>\n<li>Megterhel\u0151 fizikai munk\u00e1t v\u00e9gz\u0151knek, sportol\u00f3knak<\/li>\n<\/ul>\n<p>Magas term\u00e9szetes tokoferol- tartalm\u00e1nak \u00e9s a (k\u00e1mformentes) rozmaring-kivonatnak k\u00f6sz\u00f6nhet\u0151en a term\u00e9k igaz\u00e1n stabil, \u00edgy biztons\u00e1ggal alkalmazhat\u00f3 nagy d\u00f3zis\u00fa EPA \u00e9s DHA bevitel megval\u00f3s\u00edt\u00e1s\u00e1ra is. Az \u00edze is kellemesen enyhe, k\u00f6sz\u00f6nhet\u0151en a stabilit\u00e1s\u00e1nak, a hozz\u00e1adott term\u00e9szetes citromolajnak, \u00e9s a min\u0151s\u00e9gi lazacolaj-kever\u00e9knek.<\/p>\n<h3>Mit tartalmaz a GAL Q10 lazacolaj 1 ev\u0151kan\u00e1lban?<\/h3>\n<ul>\n<li>\u21263-zs\u00edrsavat \u00f6sszesen 3300 mg<\/li>\n<li>ebb\u0151l EPA 1675 mg<\/li>\n<li>ebb\u0151l DHA 1115 mg<\/li>\n<li>ebb\u0151l ALA+DPA+SDA 510 mg<\/li>\n<li>Q10-koenzim 100 mg<\/li>\n<li>term\u00e9szetes E-vitamin 2mg \u03b1-TE (200% RDA**)<\/li>\n<\/ul>\n<h3>Mennyit javasolt fogyasztani bel\u0151le?<\/h3>\n<p>Naponta 1 ev\u0151kan\u00e1l (~10 ml) \u00e9tkez\u00e9skor, ak\u00e1r sal\u00e1t\u00e1ra, pir\u00edt\u00f3sra is.<\/p>\n<h3>GAL Q10 lazacolaj<\/h3>\n<p>Term\u00e9szetes forr\u00e1s\u00fa Omega-3 zs\u00edrsav Q10 koenzimmel \u00e9s antioxid\u00e1ns E-vitaminnal<\/p>\n<p>A GAL Q10 Lazacolaj az emberi szervezet sz\u00e1m\u00e1ra leghasznosabb \u00e1llati eredet\u0171 Omega-3 zs\u00edrsavat tartalmazza. K\u00fcl\u00f6nlegess\u00e9ge, hogy n\u00f6v\u00e9nyi ferment\u00e1ci\u00f3val el\u0151\u00e1ll\u00edtott, kiv\u00e1l\u00f3 hasznosul\u00e1s\u00fa Q10 koenzimet is tartalmaz, antioxid\u00e1ns E-vitaminnal.<\/p>\n<h3>Q10 koenzim, a sz\u00edvv\u00e9d\u0151 vitamin<\/h3>\n<p>A\u00a0Q10 koenzim egy vitaminhoz hasonl\u00f3, zs\u00edrold\u00e9kony\u00a0enzim, er\u0151teljes antioxid\u00e1ns hat\u00e1s\u00fa. Legfontosabb feladata, hogy\u00a0mint egy kataliz\u00e1tor,\u00a0biztos\u00edtsa a t\u00e1panyagokb\u00f3l a test sejtjeinek energi\u00e1val val\u00f3 ell\u00e1t\u00e1s\u00e1t, megfelel\u0151 m\u0171k\u00f6d\u00e9s\u00e9t. Min\u00e9l magasabb a sejtekben tal\u00e1lhat\u00f3 Q10 szintje, ann\u00e1l t\u00f6bb energi\u00e1t k\u00e9pesek el\u0151\u00e1ll\u00edtani.\u00a0 Ha cs\u00f6kken a Q10 szintje, energiahi\u00e1ny l\u00e9p fel, ami a sejtek m\u0171k\u00f6d\u00e9s\u00e9nek megzavarod\u00e1s\u00e1t, esetleg teljes le\u00e1ll\u00e1s\u00e1t is okozhatja.<\/p>\n<p>A Q10 koenzim szintje 25-30 \u00e9ves korig megfelel\u0151 mennyis\u00e9gben termel\u0151dik a szervezetben, de az \u00e9letkor el\u0151rehaladt\u00e1val jelent\u0151s m\u00e9rt\u00e9kben cs\u00f6kkenni kezd. A cs\u00f6kken\u00e9s nagym\u00e9rt\u00e9kben megn\u00f6velheti a magas v\u00e9rnyom\u00e1s, a sz\u00edv- \u00e9s \u00e9rrendszeri betegs\u00e9gek, a kialakul\u00e1s\u00e1t, ez\u00e9rt p\u00f3tl\u00e1sa rendk\u00edv\u00fcl fontos.<\/p>\n<h3>M\u00e1r megl\u00e9v\u0151 sz\u00edvprobl\u00e9m\u00e1kn\u00e1l is seg\u00edthet<\/h3>\n<p>Az egyik\u00a0legt\u00f6bb Q10-et tartalmaz\u00f3 szerv a sz\u00edv.\u00a0Ha a sz\u00edvizom nem jut elegend\u0151 Q10-hez, akkor nem tud megfelel\u0151en m\u0171k\u00f6dni \u2013 legnagyobb hi\u00e1ny\u00e1t \u00e9ppen ez\u00e9rt a sz\u00edvbetegekn\u00e9l mutatt\u00e1k ki.<\/p>\n<p>A t\u00fal zs\u00edros \u00e9tkez\u00e9si szok\u00e1sok, a mozg\u00e1sszeg\u00e9ny \u00e9letm\u00f3d, a k\u00e1ros k\u00fcls\u0151 behat\u00e1sok sor\u00e1n sok olyan rombol\u00f3 szabadgy\u00f6k szabadulhat fel a szervezetben, amelyek megbontj\u00e1k az \u00e9rfalakat, el\u0151seg\u00edtik a zs\u00edr \u00e9s a m\u00e9sz lerak\u00f3d\u00e1s\u00e1t az erekben. Elz\u00e1r\u00f3dhat a koszor\u00fa\u00e9r, \u00e9s bizonyos id\u0151 eltelt\u00e9vel infarktus is kialakulhat. A Q10 koenzim fogyaszt\u00e1sa jelent\u0151s m\u00e9rt\u00e9kben cs\u00f6kkentheti az erek \u00e9s a sz\u00edv k\u00e1rosod\u00e1sait, mert jav\u00edtja az \u00e9rfal m\u0171k\u00f6d\u00e9s\u00e9t, er\u0151s\u00edti a sz\u00edvizmot, amely a megfelel\u0151 mennyis\u00e9g\u0171 v\u00e9r keringtet\u00e9s\u00e9\u00e9rt is felel\u0151s. Kiv\u00e9di a sz\u00edvgy\u00f3gyszerek, illetve a magas v\u00e9rnyom\u00e1s elleni gy\u00f3gyszerek k\u00e1ros mell\u00e9khat\u00e1sait.<\/p>\n<p>Az \u00e9letkorral j\u00e1r\u00f3 Q10-szint cs\u00f6kken\u00e9se \u00f6nmag\u00e1ban is sz\u00edvizom-k\u00e1rosod\u00e1st okozhat, amely hamar visszaford\u00edthat\u00f3 a koenzim p\u00f3tl\u00e1s\u00e1val!<\/p>\n<h3>Q10 koenzimmel a<\/h3>\n<p>Mivel a Q10 koenzim igen er\u0151s antioxid\u00e1ns hat\u00e1s\u00fa, a szabadgy\u00f6k\u00f6k megk\u00f6t\u00e9s\u00e9vel megakad\u00e1lyozhatja a sejtek elszaporod\u00e1s\u00e1t. Hat\u00e9konyan seg\u00edti a fal\u00f3sejtek aktivit\u00e1s\u00e1t, amelyek megg\u00e1tolj\u00e1k a sejtek k\u00e1rosod\u00e1s\u00e1t, a kialakul\u00e1s\u00e1t, terjed\u00e9s\u00e9t, illetve az \u00e1tt\u00e9tek k\u00e9pz\u0151d\u00e9s\u00e9t. N\u00f6veli a sejtek oxid\u00e1ci\u00f3val szembeni ellen\u00e1ll\u00f3 k\u00e9pess\u00e9g\u00e9t, er\u0151s\u00edti a DNS-hib\u00e1kat kijav\u00edt\u00f3\u00a0enzimek\u00a0aktivit\u00e1s\u00e1t is. A Q10 koenzimet a r\u00e1k kieg\u00e9sz\u00edt\u0151 kezel\u00e9s\u00e9re, valamint a kezel\u00e9s \u00e1ltal okozott mell\u00e9khat\u00e1sok enyh\u00edt\u00e9s\u00e9re is aj\u00e1nlj\u00e1k.<\/p>\n<h3>Visszaford\u00edthatja a fog\u00ednysorvad\u00e1st<\/h3>\n<p>Az elektromos fogkef\u00e9k haszn\u00e1lat\u00e1n\u00e1l, az emelt d\u00f3zis\u00fa C-vitamin-p\u00f3tl\u00e1sn\u00e1l nagyobb hat\u00e9konys\u00e1g\u00fa a Q10 koenzim rendszeres fogyaszt\u00e1sa. M\u00e9g a rosszabb \u00e1llapot\u00fa, a fogak meglazul\u00e1s\u00e1val j\u00e1r\u00f3 fog\u00ednysorvad\u00e1st is k\u00e9pes visszaford\u00edtani! Jav\u00edtja az \u00ednysz\u00f6vet ellen\u00e1ll\u00f3 k\u00e9pess\u00e9get, seg\u00edti a beteg sz\u00f6vetek regener\u00e1l\u00f3d\u00e1s\u00e1t, nagym\u00e9rt\u00e9kben cs\u00f6kkenti az \u00edny \u00e9s a gy\u00f6k\u00e9rh\u00e1rtya gyullad\u00e1sait.<\/p>\n<h3>V\u00e9di az idegrendszert, megel\u0151zheti a migr\u00e9nt<\/h3>\n<p>A Q10 koenzim kedvez\u0151 hat\u00e1st fejt ki migr\u00e9nes fejf\u00e1j\u00e1sban szenved\u0151kn\u00e9l. Emelt napi adag fogyaszt\u00e1s\u00e1val eredm\u00e9nyes lehet a migr\u00e9nes rohamok megel\u0151z\u00e9s\u00e9ben, a rohamok sz\u00e1m\u00e1nak cs\u00f6kkent\u00e9s\u00e9ben. Alkalmazz\u00e1k m\u00e9g az agym\u0171k\u00f6d\u00e9s rendelleness\u00e9geinek kezel\u00e9s\u00e9ben is, p\u00e9ld\u00e1ul skizofr\u00e9ni\u00e1n\u00e1l, sclerosis multiplexn\u00e9l \u00e9s Alzheimer-k\u00f3rn\u00e1l.<\/p>\n<h3>Er\u0151s\u00edti az immunrendszert, fiatal\u00edt<\/h3>\n<p>Er\u0151s\u00a0antioxid\u00e1ns hat\u00e1s\u00e1val a Q10 koenzim megk\u00f6ti a szabadgy\u00f6k\u00f6ket, amelyek a sejtek m\u0171k\u00f6d\u00e9s\u00e9t, eg\u00e9szs\u00e9ges termel\u0151d\u00e9s\u00e9t k\u00e1ros\u00edthatj\u00e1k. Lass\u00edtja az \u00e1ltal\u00e1nos \u00f6reged\u00e9si folyamatokat, nagyobb \u00e1ll\u00f3k\u00e9pess\u00e9get \u00e9s er\u0151kifejt\u00e9st biztos\u00edt. Nagy megterhel\u00e9s idej\u00e9n seg\u00edt meg\u0151rizni a teljes\u00edt\u0151 k\u00e9pess\u00e9get, gyors\u00edtja a regener\u00e1l\u00f3d\u00e1st, a fel\u00e9p\u00fcl\u00e9st. A b\u0151rt is kiemelten v\u00e9di a k\u00e1ros k\u00f6rnyezeti hat\u00e1sokt\u00f3l, az UV-sug\u00e1rz\u00e1sok k\u00f6vetkezm\u00e9nyeit\u0151l!<\/p>\n<h3>Mi\u00e9rt fontos az Omega-zs\u00edrsavak fogyaszt\u00e1sa?<\/h3>\n<p>A zs\u00edrsavak az \u00e9lelmiszerekkel elfogyasztott zs\u00edrok \u00e9s olajok lebont\u00e1s\u00e1val ker\u00fclnek a szervezetbe. A zs\u00edr az egyik legfontosabb energiaforr\u00e1s, ide\u00e1lis esetben a t\u00e1pl\u00e1l\u00e9kkal felvett energi\u00e1nak 30 sz\u00e1zal\u00e9ka zs\u00edrokb\u00f3l sz\u00e1rmazik.<\/p>\n<p>Hasonl\u00f3an a vitaminokhoz, a szervezet az omega-3 zs\u00edrsavakat sem k\u00e9pes el\u0151\u00e1ll\u00edtani, ez\u00e9rt azok csak \u00e9tkez\u00e9ssel, kieg\u00e9sz\u00edt\u0151kkel p\u00f3tolhat\u00f3k. L\u00e9tfontoss\u00e1g\u00fa t\u00e1panyagok: ezek az esszenci\u00e1lis zs\u00edrsavak biztos\u00edtj\u00e1k a megfelel\u0151 n\u00f6veked\u00e9st \u00e9s fejl\u0151d\u00e9st, jav\u00edtj\u00e1k az agy, a sz\u00edv \u00e9s a hormonh\u00e1ztart\u00e1s m\u0171k\u00f6d\u00e9s\u00e9t, er\u0151s\u00edtik a csontokat, lass\u00edtj\u00e1k az \u00edz\u00fcletek kop\u00e1s\u00e1t, cs\u00f6kkentik a r\u00e1k kialakul\u00e1s\u00e1nak es\u00e9ly\u00e9t.<\/p>\n<h3>Az \u00f6reged\u00e9sg\u00e1tl\u00f3 E-vitamin<\/h3>\n<p>Az E-vitamin az egyik leghat\u00e1sosabb zs\u00edrold\u00e9kony antioxid\u00e1ns, legfontosabb szerepe a sejtek v\u00e9delme: megakad\u00e1lyozza k\u00e1rosod\u00e1sukat, seg\u00edti a k\u00e1rosod\u00e1st okoz\u00f3 szabad gy\u00f6k\u00f6k semleges\u00edt\u00e9s\u00e9t. Els\u0151sorban a betegs\u00e9gek megel\u0151z\u00e9s\u00e9ben rendk\u00edv\u00fcli hat\u00e1s\u00fa. A szervezet E-vitamin-szintje nagyban befoly\u00e1solja az immunrendszer m\u0171k\u00f6d\u00e9s\u00e9t, jav\u00edtja a v\u00e9dekez\u0151 k\u00e9pess\u00e9get, \u00e9s k\u00e9slelteti az \u00e1ltal\u00e1nos \u00f6reged\u00e9si folyamatokat. \u00d3vja a szervezetet a k\u00e1ros k\u00fcls\u0151 k\u00f6rnyezeti hat\u00e1sokt\u00f3l, a cigarettaf\u00fcstt\u0151l, a m\u00e9reganyagokt\u00f3l, cs\u00f6kkenti a b\u0151r s\u00e9r\u00fcl\u00e9kenys\u00e9g\u00e9t, lelass\u00edtja a sz\u00f6vetek \u00f6reged\u00e9si folyamat\u00e1t, k\u00e9slelteti a r\u00e1ncok megjelen\u00e9s\u00e9t, elm\u00e9ly\u00fcl\u00e9s\u00e9t, felgyors\u00edtja a sebgy\u00f3gyul\u00e1st.<\/p>\n<h3>Kinek aj\u00e1nlott k\u00fcl\u00f6n\u00f6sen a Q10 koenzim p\u00f3tl\u00e1sa?<\/h3>\n<ul>\n<li>40 \u00e9v feletti n\u0151knek, f\u00e9rfiaknak<\/li>\n<li>stresszes \u00e9letm\u00f3dot folytat\u00f3k sz\u00e1m\u00e1ra<\/li>\n<li>megterhel\u0151 fizikai munk\u00e1t v\u00e9gz\u0151knek, sportol\u00f3knak<\/li>\n<li>rendszeresen doh\u00e1nyz\u00f3knak, alkoholfogyaszt\u00f3knak<\/li>\n<li>cukorbetegeknek, inzulinrezisztenci\u00e1soknak<\/li>\n<li>sz\u00edv- \u00e9s kering\u00e9si betegs\u00e9gben szenved\u0151knek<\/li>\n<li>magas v\u00e9rnyom\u00e1sra, magas koleszterinszintre<\/li>\n<li>t\u00fals\u00fallyal k\u00fcszk\u00f6d\u0151knek, elh\u00edz\u00e1sra hajlamosaknak<\/li>\n<\/ul>\n","protected":false},"excerpt":{"rendered":"<p>Az Omega-3 zs\u00edrsavak, a Q10 koenzim \u00e9s az E-vitamin egy\u00fcttesen hozz\u00e1j\u00e1rulhatnak a sz\u00edv- \u00e9s \u00e9rrendszer eg\u00e9szs\u00e9ges m\u0171k\u00f6d\u00e9s\u00e9hez, a szellemi- \u00e9s fizikai teljes\u00edt\u0151k\u00e9pess\u00e9g n\u00f6vel\u00e9s\u00e9hez, a mem\u00f3ria jav\u00edt\u00e1s\u00e1hoz, az immunrendszer er\u0151s\u00edt\u00e9s\u00e9hez.<\/p>\n","protected":false},"featured_media":5335,"comment_status":"closed","ping_status":"open","template":"","meta":[],"product_cat":[61],"product_tag":[],"class_list":{"0":"post-5334","1":"product","2":"type-product","3":"status-publish","4":"has-post-thumbnail","6":"product_brand-gal","7":"product_cat-etrend-kiegeszitok","9":"first","10":"instock","11":"purchasable","12":"product-type-simple"},"_links":{"self":[{"href":"https:\/\/vitamin.coredesign.hu\/index.php?rest_route=\/wp\/v2\/product\/5334","targetHints":{"allow":["GET"]}}],"collection":[{"href":"https:\/\/vitamin.coredesign.hu\/index.php?rest_route=\/wp\/v2\/product"}],"about":[{"href":"https:\/\/vitamin.coredesign.hu\/index.php?rest_route=\/wp\/v2\/types\/product"}],"replies":[{"embeddable":true,"href":"https:\/\/vitamin.coredesign.hu\/index.php?rest_route=%2Fwp%2Fv2%2Fcomments&post=5334"}],"wp:featuredmedia":[{"embeddable":true,"href":"https:\/\/vitamin.coredesign.hu\/index.php?rest_route=\/wp\/v2\/media\/5335"}],"wp:attachment":[{"href":"https:\/\/vitamin.coredesign.hu\/index.php?rest_route=%2Fwp%2Fv2%2Fmedia&parent=5334"}],"wp:term":[{"taxonomy":"product_cat","embeddable":true,"href":"https:\/\/vitamin.coredesign.hu\/index.php?rest_route=%2Fwp%2Fv2%2Fproduct_cat&post=5334"},{"taxonomy":"product_tag","embeddable":true,"href":"https:\/\/vitamin.coredesign.hu\/index.php?rest_route=%2Fwp%2Fv2%2Fproduct_tag&post=5334"}],"curies":[{"name":"wp","href":"https:\/\/api.w.org\/{rel}","templated":true}]}}