{"id":5333,"date":"2025-10-12T12:24:39","date_gmt":"2025-10-12T10:24:39","guid":{"rendered":"https:\/\/vitamin.coredesign.hu\/?product=gal-flora-rost-komplex-150-g"},"modified":"2026-01-08T23:24:19","modified_gmt":"2026-01-08T22:24:19","slug":"gal-flora-rost-komplex-150-g","status":"publish","type":"product","link":"https:\/\/vitamin.coredesign.hu\/?product=gal-flora-rost-komplex-150-g","title":{"rendered":"GAL Fl\u00f3ra rost-komplex \u2013 150 g"},"content":{"rendered":"<p>&nbsp;<\/p>\n<div id=\"lt-accessibility-devtools\" aria-hidden=\"true\"><\/div>\n<p>A Bimuno kiv\u00e9teles hat\u00e1s\u00fa prebiotikum. Az anyatejben is jelenl\u00e9v\u0151, az eg\u00e9szs\u00e9ges b\u00e9lfl\u00f3ra \u00f6sszetev\u0151j\u00e9t alkot\u00f3 speci\u00e1lis v\u00edzold\u00e9kony rostok kever\u00e9k\u00e9t tartalmazza, az \u00fagyneveett galakto-oligoszacharidokat (GOS). Azok is fogyaszthatj\u00e1k, akik a hagyom\u00e1nyos prebiotikumokt\u00f3l puffadnak, vagy m\u00e1s kellemetlen mell\u00e9khat\u00e1st tapasztalnak. SIBO eset\u00e9n is szedhet\u0151!<\/p>\n<h2>GAL Fl\u00f3ra rost-komplex<\/h2>\n<p>A GAL Bimuno Fl\u00f3ra Rost-komplex az anyatejben is megtal\u00e1lhat\u00f3, az eg\u00e9szs\u00e9ges b\u00e9lfl\u00f3ra \u00f6sszetev\u0151j\u00e9t alkot\u00f3 speci\u00e1lis v\u00edzold\u00e9kony rostok kever\u00e9k\u00e9t tartalmazza, az \u00fagynevezett galakto-oligoszacharidokat (GOS). Ennek k\u00f6sz\u00f6nhet\u0151en t\u00e1mogathatja az em\u00e9szt\u0151- \u00e9s a b\u00e9lrendszer eg\u00e9szs\u00e9ges m\u0171k\u00f6d\u00e9s\u00e9t. A k\u00e9sz\u00edtm\u00e9ny nem t\u00e1pl\u00e1lja k\u00e1ros b\u00e9lbacilusokat, azok is tudj\u00e1k fogyasztani, akik a hagyom\u00e1nyos prebiotikumokt\u00f3l puffadnak, vagy m\u00e1s kellemetlen mell\u00e9khat\u00e1st tapasztalnak. SIBO eset\u00e9n is alkalmazhat\u00f3. A term\u00e9ket tejsav\u00f3b\u00f3l \u00e1ll\u00edtj\u00e1k el\u0151, egy adagj\u00e1ban kevesebb tejfeh\u00e9rje tal\u00e1lhat\u00f3, mint egy csepp tej huszadr\u00e9sze.<\/p>\n<h3>Mikor aj\u00e1nlott a GAL Bimuno Fl\u00f3ra Rost-komplex fogyaszt\u00e1sa?<\/h3>\n<ul>\n<li>Antibiotikumok haszn\u00e1latakor az elpusztult hasznos bakt\u00e9riumok p\u00f3tl\u00e1sa \u00e9rdek\u00e9ben<\/li>\n<li>Utaz\u00e1sok el\u0151tt, a megv\u00e1ltozott k\u00f6rnyezeti k\u00f6r\u00fclm\u00e9nyek, a megszokott\u00f3l elt\u00e9r\u0151 \u00e9telek, f\u0171szerek fogyaszt\u00e1sa, az utaz\u00e1s okozta stressz miatt<\/li>\n<li>Gyullad\u00e1sos b\u00e9lbetegs\u00e9gek kieg\u00e9sz\u00edt\u0151 kezel\u00e9s\u00e9hez<\/li>\n<li>Gyomor- \u00e9s b\u00e9lprobl\u00e9m\u00e1k eset\u00e9n<\/li>\n<li>Az immunrendszer er\u0151s\u00edt\u00e9s\u00e9hez<\/li>\n<li>Elh\u00faz\u00f3d\u00f3 hasmen\u00e9ssel, h\u00e1ny\u00e1ssal j\u00e1r\u00f3 megbeteged\u00e9sek eset\u00e9n<\/li>\n<li>Visszat\u00e9r\u0151 h\u00fagy\u00fati fert\u0151z\u00e9sek eset\u00e9n a h\u00fcvely norm\u00e1l fl\u00f3r\u00e1j\u00e1nak helyre\u00e1ll\u00edt\u00e1s\u00e1hoz \u00e9s meg\u0151rz\u00e9s\u00e9hez<\/li>\n<li>A sz\u00e1j\u00fcreg fert\u0151z\u00e9sein\u00e9l, betegs\u00e9gein\u00e9l, fogszab\u00e1lyz\u00f3 visel\u00e9sekor vagy m\u0171fogak eset\u00e9n<\/li>\n<li>\u00c9telallergia, \u00e9telintolerancia eset\u00e9n<\/li>\n<li>Helytelen t\u00e1pl\u00e1lkoz\u00e1s, szigor\u00fa di\u00e9ta idej\u00e9n<\/li>\n<li>At\u00f3pi\u00e1s dermatitisz fenn\u00e1ll\u00e1sakor<\/li>\n<\/ul>\n<p>Az immunanyagok 70%-\u00e1t a b\u00e9lfl\u00f3ra termeli, s\u00e9r\u00fcl\u00e9se jelent\u0151sen legyeng\u00edtheti az immunrendszert. A b\u00e9lfl\u00f3ra legfontosabb feladata a k\u00f3rokoz\u00f3kkal szembeni v\u00e9delem, valamint az immunrendszer \u00e1lland\u00f3 k\u00e9szenl\u00e9tben tart\u00e1sa. Ha felborul a b\u00e9lfl\u00f3ra egyens\u00falya, elszaporodnak a k\u00e1ros bakt\u00e9riumok, gomb\u00e1k \u00e9s egy\u00e9b k\u00f3rokoz\u00f3k: az immunrendszer nem tud megfelel\u0151en v\u00e9dekezni a szervezetet \u00e9rt t\u00e1mad\u00e1sok ellen.<\/p>\n<h3>Mit tartalmaz a GAL Bimuno Fl\u00f3ra Rost-komplex 100g-ban?<\/h3>\n<ul>\n<li>Energia: 221kcal (897kJ);<\/li>\n<li>Zs\u00edr: 0g \u2013 ebb\u0151l tel\u00edtett zs\u00edr: 0g;<\/li>\n<li>Sz\u00e9nhidr\u00e1t: 12g \u2013 ebb\u0151l cukrok: 12g;<\/li>\n<li>Feh\u00e9rje: 0,2g;<\/li>\n<li>N\u00e1trium: 0,8g;<\/li>\n<li>Rost: 87g, ebb\u0151l<\/li>\n<li>Bimuno b-GOS: 56g<\/li>\n<\/ul>\n<h3>Mennyit javasolt fogyasztani bel\u0151le?<\/h3>\n<p>Feln\u0151tteknek naponta 1-2 te\u00e1skan\u00e1lnyi (2,5-5g) fogyaszt\u00e1sa aj\u00e1nlott, folyad\u00e9kban oldva. Gyermekeknek tests\u00falyar\u00e1nyosan.<\/p>\n<h3>GAL Bimuno Fl\u00f3ra Rost-komplex<\/h3>\n<p>A Bimuno komplex bambuszrosttal d\u00fas\u00edtott a k\u00f6nnyebb adagolhat\u00f3s\u00e1g\u00e9rt. Egy adagja kevesebb tejfeh\u00e9rj\u00e9t tartalmaz, mint egy csepp tej huszadr\u00e9sze, lakt\u00f3ztartalma is kevesebb, mint egy te\u00e1skan\u00e1lnyi tej\u00e9. Visszajelz\u00e9sek alapj\u00e1n a Bimuno kis lakt\u00f3ztartalma m\u00e9g azoknak sem okoz gondot, akik s\u00falyosan lakt\u00f3z\u00e9rz\u00e9kenyek, \u00e9s m\u00e1s term\u00e9kekb\u0151l ennek a lakt\u00f3zmennyis\u00e9gnek a t\u00f6red\u00e9ke is probl\u00e9m\u00e1t szokott okozni. Ha valaki er\u0151sen lakt\u00f3z\u00e9rz\u00e9keny, a biztons\u00e1g kedv\u00e9\u00e9rt f\u00e9l-negyed adaggal \u00e9rdemes kezdeni a szed\u00e9s\u00e9t, \u00e9s fokozatosan n\u00f6velnie eg\u00e9szre.<\/p>\n<h3>A GAL Bimuno\u00ae fl\u00f3ra rost-komplex hat\u00e1sa:<\/h3>\n<ul>\n<li>M\u00e1r 1 h\u00e9t ut\u00e1n m\u00e9rhet\u0151 a b\u00e9lfl\u00f3ra javul\u00e1sa (a Bifidobacteriumok sz\u00e1ma jelent\u0151sen n\u0151).<\/li>\n<li>Nemcsak n\u00f6veli a hasznos bakt\u00e9riumok sz\u00e1m\u00e1t, hanem cs\u00f6kkenti a k\u00e1ros bakt\u00e9riumok\u00e9t.<\/li>\n<li>A legkev\u00e9sb\u00e9 g\u00e1zk\u00e9pz\u0151 hat\u00e1s\u00fa prebiotikus hat\u00e1s\u00fa anyag. Nem sz\u00e1m\u00edt FODMAP-nak, m\u00e1s prebiotikumokkal ellent\u00e9tben SIBO eset\u00e9n is alkalmazhat\u00f3.<\/li>\n<li>Seg\u00edt megel\u0151zni az utaz\u00e1sok sor\u00e1n jelentkez\u0151 rosszull\u00e9teket, a k\u00fclf\u00f6ldi tart\u00f3zkod\u00e1s alatti b\u00e9lfert\u0151z\u00e9seket.<\/li>\n<li>Hossz\u00fat\u00e1von alkalmazva megsz\u00fcnteti a gyakori sz\u00e9kreked\u00e9sre vagy hasmen\u00e9sre val\u00f3 hajlamot.<\/li>\n<li>Jav\u00edtja az IBS-es betegek b\u00e9lfl\u00f3r\u00e1j\u00e1t, cs\u00f6kkenti a kellemetlen t\u00fcneteket.<\/li>\n<\/ul>\n<h3>T\u00fcnetek, amelyek a b\u00e9lfl\u00f3ra s\u00e9r\u00fcl\u00e9s\u00e9t jelzik:<\/h3>\n<ul>\n<li>elh\u00faz\u00f3d\u00f3 hasmen\u00e9s<\/li>\n<li>gyakori gyomorf\u00e1j\u00e1s<\/li>\n<li>puffad\u00e1s<\/li>\n<li>felsz\u00edv\u00f3d\u00e1si probl\u00e9m\u00e1k, IBS<\/li>\n<li>feh\u00e9rje- vagy tejcukor-\u00e9rz\u00e9kenys\u00e9g<\/li>\n<li>allergi\u00e1s reakci\u00f3k<\/li>\n<li>\u00e1ltal\u00e1nos gyenges\u00e9g, f\u00e1radts\u00e1g\u00e9rzet<\/li>\n<li>visszat\u00e9r\u0151 h\u00fagy\u00fati fert\u0151z\u00e9sek<\/li>\n<li>k\u00fcl\u00f6nb\u00f6z\u0151 b\u0151rprobl\u00e9m\u00e1k, b\u0151relv\u00e1ltoz\u00e1sok<\/li>\n<\/ul>\n<h3>Mi\u00e9rt kell probiotikum mell\u00e9 prebiotikumot is fogyasztani?<\/h3>\n<p>Az eg\u00e9szs\u00e9ges b\u00e9lfl\u00f3ra helyre\u00e1ll\u00edt\u00e1s\u00e1t \u00e9s meg\u0151rz\u00e9s\u00e9t hasznos b\u00e9lbakt\u00e9riumok, probiotikumok v\u00e9gzik, de hogy maxim\u00e1lisan kifejthess\u00e9k hat\u00e1sukat, prebiotikumokra is sz\u00fcks\u00e9g van. Ezek biztos\u00edtj\u00e1k a hasznos bakt\u00e9riumok t\u00e1pl\u00e1l\u00e9k\u00e1t, zavartalan \u00e9s megfelel\u0151 sz\u00e1m\u00fa szaporod\u00e1s\u00e1t, helyes m\u0171k\u00f6d\u00e9s\u00e9t. A k\u00e1ros bakt\u00e9riumok kiszor\u00edt\u00e1sa mellett seg\u00edtik a vitaminok, \u00e1sv\u00e1nyi anyagok felsz\u00edv\u00f3d\u00e1s\u00e1t, jav\u00edtj\u00e1k az em\u00e9szt\u00e9st, cs\u00f6kkentik a magas koleszterinszintet, \u00e9s megk\u00f6tik a m\u00e9reganyagok nagy r\u00e9sz\u00e9t.<\/p>\n<p>Az egyoldal\u00fa t\u00e1pl\u00e1lkoz\u00e1s, az antibiotikumok szed\u00e9se, a fokozott stressz, a doh\u00e1nyz\u00e1s, az alkohol, a gy\u00f3gyszerek mind hozz\u00e1j\u00e1rulhatnak ahhoz, hogy a b\u00e9lfl\u00f3ra s\u00e9r\u00fclj\u00f6n, \u00e9s elszaporodjanak a k\u00f3rokoz\u00f3k, a k\u00e1ros bakt\u00e9riumok, v\u00edrusok, gomb\u00e1k, parazit\u00e1k. Mivel az immunrendszer mintegy 70-80 sz\u00e1zal\u00e9ka a b\u00e9lrendszerhez, a b\u00e9lfl\u00f3r\u00e1hoz tartozik, ez\u00e9rt k\u00fcl\u00f6n\u00f6sen fontos, hogy fenntartsuk a b\u00e9lfl\u00f3ra norm\u00e1l m\u0171k\u00f6d\u00e9s\u00e9t, mert a hossz\u00fa t\u00e1v\u00fa, tart\u00f3s k\u00e1rosod\u00e1s olyan komolyabb betegs\u00e9gek kialakul\u00e1s\u00e1hoz vezethet, mint p\u00e9ld\u00e1ul a gyomorfek\u00e9ly, az IBS, az epe, illetve a m\u00e1j rendelleness\u00e9gei, a v\u00e9kony- \u00e9s a vastagb\u00e9lr\u00e1k.<\/p>\n<p>A prebiotikumok term\u00e9szetes t\u00e1panyagok, rostok, em\u00e9sztetlen\u00fcl, v\u00e1ltozatlan form\u00e1ban haladnak \u00e1t a v\u00e9kony- \u00e9s vastagb\u00e9len, a gyomorsav sem puszt\u00edtja el \u0151ket. Els\u0151sorban t\u00e1panyagk\u00e9nt szolg\u00e1lnak a hasznos b\u00e9lbakt\u00e9riumok sz\u00e1m\u00e1ra, amelyek \u00edgy teljes kapacit\u00e1ssal v\u00e9gezhetik munk\u00e1jukat, helyre\u00e1ll\u00edtva a b\u00e9lfl\u00f3ra k\u00e1rosod\u00e1s\u00e1t, fenntartva az eg\u00e9szs\u00e9ges egyens\u00falyt a szervezetben term\u00e9szetesen jelenl\u00e9v\u0151 bakt\u00e9riumok k\u00f6z\u00f6tt.<\/p>\n<p>A prebiotikumok el\u0151seg\u00edtik a k\u00fcl\u00f6nb\u00f6z\u0151 \u00e1sv\u00e1nyi anyagok, nyomelemek felsz\u00edv\u00f3d\u00e1s\u00e1t is, \u00edgy nagyobb hat\u00e9konys\u00e1ggal tud hasznosulni p\u00e9ld\u00e1ul a kalcium,\u00a0magn\u00e9zium, vas \u00e9s cink. Megn\u00f6velik a B7 \u00e9s B12 vitamin, illetve a K-vitamin mennyis\u00e9g\u00e9t, hozz\u00e1j\u00e1rulnak a v\u00e9rcukorszint normaliz\u00e1l\u00e1s\u00e1hoz, a r\u00e1kkelt\u0151 anyagok megk\u00f6t\u00e9s\u00e9hez. A koleszterinszintre gyakorolt kiegyenl\u00edt\u0151 hat\u00e1sukkal, k\u00fcl\u00f6n\u00f6sen a k\u00e1ros (LDL) koleszterin szintj\u00e9nek cs\u00f6kkent\u00e9s\u00e9vel pedig jelent\u0151sen m\u00e9rs\u00e9klik a sz\u00edv- \u00e9s \u00e9rrendszeri betegs\u00e9gek kock\u00e1zat\u00e1t.<\/p>\n<h3>A prebiotikumok kedvez\u0151 hat\u00e1sai:<\/h3>\n<ul>\n<li>N\u00f6velik a probiotikumok termel\u0151d\u00e9s\u00e9t \u00e9s szaporod\u00e1s\u00e1t<\/li>\n<li>Megakad\u00e1lyozz\u00e1k a betegs\u00e9get okoz\u00f3 bakt\u00e9riumok megtapad\u00e1s\u00e1t a b\u00e9lfalon<\/li>\n<li>El\u0151seg\u00edtik az \u00e1sv\u00e1nyi anyagok \u00e9s nyomelemek maxim\u00e1lis felsz\u00edv\u00f3d\u00e1s\u00e1t<\/li>\n<li>Jav\u00edtj\u00e1k a hasznos \u00e9s k\u00e1ros bakt\u00e9riumok ar\u00e1ny\u00e1t a belekben<\/li>\n<li>A b\u00e9lfl\u00f3ra eg\u00e9szs\u00e9g\u00e9nek meg\u0151rz\u00e9s\u00e9vel er\u0151s\u00edtik az immunrendszert<\/li>\n<li>Kezelik a lakt\u00f3zintoleranci\u00e1t \u00e9s az irrit\u00e1bilis b\u00e9l szindr\u00f3m\u00e1t (IBS)<\/li>\n<li>V\u00e9dik a szervezetet a fert\u0151z\u0151 bakt\u00e9riumok ellen<\/li>\n<li>Megel\u0151zik az antibiotikumok \u00e1ltal a b\u00e9lben okozott k\u00e1rosod\u00e1st<\/li>\n<li>Hozz\u00e1j\u00e1rulnak a vastagb\u00e9lr\u00e1k \u00e9s a m\u00e1jzsugorod\u00e1s megel\u0151z\u00e9s\u00e9hez<\/li>\n<li>Seg\u00edtik a h\u00fcvelyfert\u0151z\u00e9sek elker\u00fcl\u00e9s\u00e9t<\/li>\n<li>Cs\u00f6kkentik az allergi\u00e1k, az ekc\u00e9ma kialakul\u00e1s\u00e1nak es\u00e9ly\u00e9t, illetve t\u00fcneteit<\/li>\n<\/ul>\n<h3>A prebiotikumok term\u00e9szetes forr\u00e1sai<\/h3>\n<p>Prebiotikumok megtal\u00e1lhat\u00f3k a hagymaf\u00e9l\u00e9kben, cik\u00f3ri\u00e1ban, artics\u00f3k\u00e1ban, zabpehelyben, b\u00faz\u00e1ban, babban, bors\u00f3ban, ban\u00e1nban, a tejben (az anyatejben is) \u00e9s az \u00e9rett sajtokban.\u00a0 Az \u00e9lelmiszerekben el\u0151fordul\u00f3 prebiotikumok k\u00f6z\u00fcl a legfontosabb az\u00a0inulin, a\u00a0lakt\u00f3z \u00e9s az oligoszacharidok k\u00fcl\u00f6nf\u00e9le form\u00e1i, melyek a legtiszt\u00e1bb \u00e9s legjobban hasznosul\u00f3 prebiotikumok.<\/p>\n<p>Prebiotikum speci\u00e1lis k\u00e9sz\u00edtm\u00e9nyek form\u00e1j\u00e1ban is fogyaszthat\u00f3, amelyek megk\u00f6nny\u00edtik az optim\u00e1lis adagol\u00e1st, \u00e9s k\u00e9nyelmesen, egyszer\u0171ben beszedhet\u0151k.<\/p>\n<h3>Mikor aj\u00e1nlott k\u00fcl\u00f6n\u00f6sen prebiotikumot szedni?<\/h3>\n<p>Ha kev\u00e9s prebiotikum jut a szervezetbe, a probiotikumok sz\u00e1ma cs\u00f6kkenni fog, ami a b\u00e9lfl\u00f3ra egyens\u00faly\u00e1nak felboml\u00e1s\u00e1hoz \u00e9s az immunrendszer m\u0171k\u00f6d\u00e9s\u00e9nek zavaraihoz vezethet.\u00a0Ez\u00e9rt k\u00fcl\u00f6n\u00f6sen fontos, hogy a probiotikumok fogyaszt\u00e1sa mellett prebiotikumokkal is felt\u00f6lt\u0151dj\u00f6n a szervezet, ezzel a b\u00e9lfl\u00f3ra is hamarabb regener\u00e1l\u00f3dhat, az immunrendszer is ellen\u00e1ll\u00f3bb\u00e1 v\u00e1lik, \u00e9s felgyorsulnak a gy\u00f3gyul\u00e1si folyamatok.<\/p>\n<ul>\n<li>Antibiotikumok haszn\u00e1lata sor\u00e1n az elpusztult hasznos bakt\u00e9riumok p\u00f3tl\u00e1s\u00e1ra.<\/li>\n<li>Gyullad\u00e1sos b\u00e9lbetegs\u00e9gek kieg\u00e9sz\u00edt\u0151 ter\u00e1pi\u00e1jak\u00e9nt.<\/li>\n<li>Utaz\u00e1sok el\u0151tt, a megv\u00e1ltozott k\u00f6rnyezeti k\u00f6r\u00fclm\u00e9nyek, a megszokott\u00f3l elt\u00e9r\u0151 \u00e9telek, f\u0171szerek fogyaszt\u00e1sa, az utaz\u00e1s okozta stressz miatt.<\/li>\n<li>At\u00f3pi\u00e1s dermatitiszn\u00e9l.<\/li>\n<li>Elh\u00faz\u00f3d\u00f3 hasmen\u00e9ssel, h\u00e1ny\u00e1ssal j\u00e1r\u00f3 megbeteged\u00e9sek idej\u00e9n.<\/li>\n<li>Gyomor- \u00e9s b\u00e9lprobl\u00e9m\u00e1kn\u00e1l.<\/li>\n<li>\u00c9telallergi\u00e1n\u00e1l, \u00e9telintoleranci\u00e1n\u00e1l.<\/li>\n<li>Visszat\u00e9r\u0151 h\u00fagy\u00fati fert\u0151z\u00e9sekn\u00e9l a h\u00fcvely norm\u00e1l fl\u00f3r\u00e1j\u00e1nak helyre\u00e1ll\u00edt\u00e1s\u00e1ra \u00e9s fenntart\u00e1s\u00e1ra.<\/li>\n<li>Helytelen t\u00e1pl\u00e1lkoz\u00e1s, szigor\u00fa di\u00e9ta alatt.<\/li>\n<li>A sz\u00e1j\u00fcreg fert\u0151z\u00e9sein\u00e9l, betegs\u00e9gein\u00e9l. Fogszab\u00e1lyz\u00f3 visel\u00e9sekor vagy m\u0171fogak eset\u00e9n is.<\/li>\n<\/ul>\n","protected":false},"excerpt":{"rendered":"<p>A Bimuno kiv\u00e9teles hat\u00e1s\u00fa prebiotikum. Az anyatejben is jelenl\u00e9v\u0151, az eg\u00e9szs\u00e9ges b\u00e9lfl\u00f3ra \u00f6sszetev\u0151j\u00e9t alkot\u00f3 speci\u00e1lis v\u00edzold\u00e9kony rostok kever\u00e9k\u00e9t tartalmazza, az \u00fagyneveett galakto-oligoszacharidokat (GOS). Azok is fogyaszthatj\u00e1k, akik a hagyom\u00e1nyos prebiotikumokt\u00f3l puffadnak, vagy m\u00e1s kellemetlen mell\u00e9khat\u00e1st tapasztalnak. SIBO eset\u00e9n is szedhet\u0151!<\/p>\n","protected":false},"featured_media":0,"comment_status":"closed","ping_status":"open","template":"","meta":[],"product_cat":[76],"product_tag":[],"class_list":{"0":"post-5333","1":"product","2":"type-product","3":"status-publish","5":"product_brand-gal","6":"product_cat-eloflora","8":"first","9":"instock","10":"purchasable","11":"product-type-simple"},"_links":{"self":[{"href":"https:\/\/vitamin.coredesign.hu\/index.php?rest_route=\/wp\/v2\/product\/5333","targetHints":{"allow":["GET"]}}],"collection":[{"href":"https:\/\/vitamin.coredesign.hu\/index.php?rest_route=\/wp\/v2\/product"}],"about":[{"href":"https:\/\/vitamin.coredesign.hu\/index.php?rest_route=\/wp\/v2\/types\/product"}],"replies":[{"embeddable":true,"href":"https:\/\/vitamin.coredesign.hu\/index.php?rest_route=%2Fwp%2Fv2%2Fcomments&post=5333"}],"wp:attachment":[{"href":"https:\/\/vitamin.coredesign.hu\/index.php?rest_route=%2Fwp%2Fv2%2Fmedia&parent=5333"}],"wp:term":[{"taxonomy":"product_cat","embeddable":true,"href":"https:\/\/vitamin.coredesign.hu\/index.php?rest_route=%2Fwp%2Fv2%2Fproduct_cat&post=5333"},{"taxonomy":"product_tag","embeddable":true,"href":"https:\/\/vitamin.coredesign.hu\/index.php?rest_route=%2Fwp%2Fv2%2Fproduct_tag&post=5333"}],"curies":[{"name":"wp","href":"https:\/\/api.w.org\/{rel}","templated":true}]}}