{"id":5321,"date":"2025-10-12T12:24:39","date_gmt":"2025-10-12T10:24:39","guid":{"rendered":"https:\/\/vitamin.coredesign.hu\/?product=gal-multivitamin-30-adag-30db60db30db"},"modified":"2026-01-08T23:24:13","modified_gmt":"2026-01-08T22:24:13","slug":"gal-multivitamin-30-adag-30db60db30db","status":"publish","type":"product","link":"https:\/\/vitamin.coredesign.hu\/?product=gal-multivitamin-30-adag-30db60db30db","title":{"rendered":"GAL Multivitamin [30 adag] \u2013 30db+60db+30db"},"content":{"rendered":"<p>&nbsp;<\/p>\n<div id=\"lt-accessibility-devtools\" aria-hidden=\"true\"><\/div>\n<p>A GAL Multivitamin minden vitamint, \u00e1sv\u00e1nyianyagot, nyomelemet ide\u00e1lis form\u00e1ban, mennyis\u00e9gben \u00e9s ar\u00e1nyban tartalmaz, nem elt\u00e9rve att\u00f3l, ahogyan ezekhez \u00e1lland\u00f3 t\u00e1panyagd\u00fas, v\u00e1ltozatos t\u00e1pl\u00e1lkoz\u00e1ssal juthatn\u00e1nk. V\u00edzold\u00e9kony \u00f6sszetev\u0151k 2 kisebb kapszul\u00e1ban a kor\u00e1bbi 1 nagy helyett, amely a teljes em\u00e9szt\u0151rendszeri nyugalmat seg\u00edti el\u0151.<\/p>\n<h2>GAL Multivitamin [30 adag]<\/h2>\n<p>A meg\u00fajult \u00f6sszet\u00e9tel\u0171 GAL Multivitamin k\u00e9sz\u00edtm\u00e9nyben a v\u00edzold\u00e9kony \u00f6sszetev\u0151k 2 kisebb kapszul\u00e1ban kaptak helyet a kor\u00e1bbi 1 nagy helyett, amely a teljes em\u00e9szt\u0151rendszeri nyugalmat seg\u00edti el\u0151.<\/p>\n<p>A GAL Multivitamin term\u00e9ket a leg\u00fajabb kutat\u00e1sok f\u00e9ny\u00e9ben fejlesztett\u00e9k ki, szem el\u0151tt tartva a term\u00e9szetess\u00e9get \u00e9s \u00e9letszer\u0171s\u00e9get, hogy valamennyi vitamint, \u00e1sv\u00e1nyianyagot, nyomelemet ide\u00e1lis form\u00e1ban, mennyis\u00e9gben \u00e9s ar\u00e1nyban tartalmazzon, nem elt\u00e9rve att\u00f3l, ahogyan ezekhez \u00e1lland\u00f3 t\u00e1panyagd\u00fas, v\u00e1ltozatos t\u00e1pl\u00e1lkoz\u00e1ssal juthatn\u00e1nk.<\/p>\n<p>Ahol el\u0151ny\u00f6s, a vitaminok \u00e9s \u00e1sv\u00e1nyok r\u00e9szben organikus termeszt\u00e9sb\u0151l sz\u00e1rmaz\u00f3 (bio) gy\u00f3gy- \u00e9s f\u0171szern\u00f6v\u00e9nyek kivonat\u00e1b\u00f3l sz\u00e1rmaznak. A mennyis\u00e9gek eset\u00e9ben v\u00e9gig fontosnak tartott\u00e1k, hogy a napi adag biztosan tartalmazza a hat\u00e1sosnak tal\u00e1lt d\u00f3zist, de semmi esetre se l\u00e9pje t\u00fal az \u00e9letszer\u0171 mennyis\u00e9geket, azaz azt a mennyis\u00e9get, amit t\u00e1pl\u00e1lkoz\u00e1ssal m\u00e1r nem is lehetne fedezni sehogyan sem. Emellett rendk\u00edv\u00fcl fontos, hogy a gondosan v\u00e1logatott alapanyagok mellett ne tartalmazzon semmi olyat, ami nem odaval\u00f3. A k\u00e9sz\u00edtm\u00e9nyben ilyesminek nyom\u00e1t sem tal\u00e1lja.<\/p>\n<p>B\u00e1r minden felhaszn\u00e1lt hat\u00f3anyagforma eleve kiv\u00e1l\u00f3 felsz\u00edv\u00f3d\u00e1ssal rendelkezik, azt\u00a0<strong>Bioperine<\/strong>\u00ae feketebors-kivonattal is fokozt\u00e1k. Tov\u00e1bb\u00e1 arra is \u00fcgyeltek, hogy a v\u00edzold\u00e9kony \u00e9s zs\u00edrold\u00e9kony \u00f6sszetev\u0151ket ne keverj\u00e9k, hogy a sz\u00e1mukra ide\u00e1lis hasznosul\u00e1st \u00e9s stabilit\u00e1st biztos\u00edt\u00f3 m\u00f3don lehessenek jelen, k\u00fcl\u00f6n-k\u00fcl\u00f6n:<\/p>\n<p>A v\u00edzold\u00e9kony (hidrofil) \u00f6sszetev\u0151k h\u00e1rom kem\u00e9nyzselatin kapszul\u00e1ban kaptak helyet, \u00edgy biztos\u00edtva azt, hogy a term\u00e9k\u00fcnk \u00f6sszetev\u0151it a maxim\u00e1lis hasznosul\u00e1s \u00e9rdek\u00e9ben megfelel\u0151en sz\u00e9tv\u00e1laszva \u00e9s elosztva lehessen a szervezet\u00fcnkbe juttatni.<\/p>\n<p>A zs\u00edrold\u00e9kony (lipofil) \u00f6sszetev\u0151k l\u00e1gyzselatin kapszul\u00e1ba ker\u00fcltek, extra sz\u0171z ol\u00edvaolajban oldva, term\u00e9szetes tokoferolokkal\/tokotrienolokkal \u00e9s g\u00f6r\u00f6g zs\u00e1lya-kivonattal stabiliz\u00e1lva.<\/p>\n<p>A\u00a0<strong>B9-vitamint<\/strong>\u00a0a szervezet\u00fcnkben is megtal\u00e1lhat\u00f3, akt\u00edv\u00a0<strong>metil-fol\u00e1t<\/strong>\u00a0form\u00e1j\u00e1ban tartalmazza, annak is a legstabilabb, \u00fan. C-krist\u00e1ly szerkezet\u0171 kalcium-s\u00f3jak\u00e9nt; ez a\u00a0<strong>Magnafolate<\/strong>\u00ae, amely m\u00e9g a metil-fol\u00e1t gl\u00fckozamin-s\u00f3j\u00e1n\u00e1l is stabilabb.<\/p>\n<p>A szok\u00e1sos multivitamin-\u00f6sszetev\u0151k\u00f6n t\u00fal nagy mennyis\u00e9gben tartalmaz\u00a0<strong>K-vitamin-komplexe<\/strong>t \u00e9s bambuszr\u00fcgyb\u0151l nyert szil\u00edciumot is.<\/p>\n<p>B3-vitamint a k\u00e9sz\u00edtm\u00e9ny nem tartalmaz, mivel abban szinte mindenki t\u00e1pl\u00e1lkoz\u00e1sa b\u0151velkedik, \u00e9s a t\u00f6bblet sokaknak el\u0151nytelen lenne.<\/p>\n<h3>Mikor aj\u00e1nlott a GAL Multivitamin fogyaszt\u00e1sa?<\/h3>\n<ul>\n<li>A szervezet t\u00e1panyagokkal val\u00f3 ell\u00e1t\u00e1s\u00e1hoz<\/li>\n<li>Az immunrendszer er\u0151s\u00edt\u00e9s\u00e9hez<\/li>\n<li>A szervezet kiegyens\u00falyozott m\u0171k\u00f6d\u00e9s\u00e9hez<\/li>\n<li>A fizikai \u00e9s szellemi teljes\u00edtm\u00e9ny jav\u00edt\u00e1s\u00e1hoz<\/li>\n<li>A f\u00e1radts\u00e1g, a kimer\u00fclts\u00e9g cs\u00f6kkent\u00e9s\u00e9hez<\/li>\n<li>A norm\u00e1l izomm\u0171k\u00f6d\u00e9shez<\/li>\n<li>A fogak \u00e9s a csontok norm\u00e1l \u00e1llapot\u00e1nak meg\u0151rz\u00e9s\u00e9hez<\/li>\n<li>A haj, a b\u0151r \u00e9s a k\u00f6r\u00f6m eg\u00e9szs\u00e9g\u00e9hez<\/li>\n<\/ul>\n<h3>Hat\u00f3anyagok a napi adagban:<\/h3>\n<ul>\n<li>A-vitamin 5000 NE<\/li>\n<li>D3-vitamin 4000 NE<\/li>\n<li>E-vitamin 100 NE<\/li>\n<li>K-vitamin-komplex 1000 mcg\n<ul>\n<li>K1-vitamin 990 mcg<\/li>\n<li>K2-vitamin 10 mcg<\/li>\n<\/ul>\n<\/li>\n<li>G\u00f6r\u00f6g zs\u00e1lya-lev\u00e9l szuperkritikus kivonata 2 mg<\/li>\n<li>C-vitamin 500 mg<\/li>\n<li>B1-vitamin 50 mg<\/li>\n<li>B2-vitamin 20 mg<\/li>\n<li>B5-vitamin 100 mg<\/li>\n<li>B6-vitamin 25 mg<\/li>\n<li>B7-vitamin 1000 mcg<\/li>\n<li>B9-vitamin 300 mcg<\/li>\n<li>B12-vitamin 100 mcg<\/li>\n<li>BioPerine 2,5 mg<\/li>\n<li>B\u00f3r 3 mg<\/li>\n<li>Cink 15 mg<\/li>\n<li>J\u00f3d 225 mcg<\/li>\n<li>Kr\u00f3m 100 mcg<\/li>\n<li>Molibd\u00e9n 100 mcg<\/li>\n<li>R\u00e9z 1,25 mg<\/li>\n<li>Szel\u00e9n 120 mcg<\/li>\n<li>Szil\u00edcium 25 mg<\/li>\n<\/ul>\n<h3>Felhaszn\u00e1l\u00e1si javaslat:<\/h3>\n<p>B\u00e1rmely napk\u00f6zbeni f\u0151\u00e9tkez\u00e9s mellett, mind a n\u00e9gy kapszula bevehet\u0151 egyszerre, ugyanakkor jobb reggel vagy nappal, mint este. Ha maximaliz\u00e1lni szeretn\u00e9 a hasznosul\u00e1st \u00e9s\/vagy \u00e9rz\u00e9keny a gyomra, akkor a feh\u00e9r kapszul\u00e1t \u00e9hgyomorra, vagy \u00e9tkez\u00e9s ut\u00e1n 2-3 \u00f3r\u00e1val vegye be, a s\u00e1rga kapszul\u00e1kb\u00f3l 1\u2009db-ot az els\u0151, 1\u2009db-ot a m\u00e1sodik f\u0151\u00e9tkez\u00e9se alatt, m\u00edg a l\u00e1gyzselatin olajkapszul\u00e1kat b\u00e1rmelyik f\u0151\u00e9tkez\u00e9ssel, de legjobb a zsirad\u00e9kban legd\u00fasabb, nem esti \u00e9tkez\u00e9skor.<\/p>\n","protected":false},"excerpt":{"rendered":"<p>A GAL Multivitamin minden vitamint, \u00e1sv\u00e1nyianyagot, nyomelemet ide\u00e1lis form\u00e1ban, mennyis\u00e9gben \u00e9s ar\u00e1nyban tartalmaz, nem elt\u00e9rve att\u00f3l, ahogyan ezekhez \u00e1lland\u00f3 t\u00e1panyagd\u00fas, v\u00e1ltozatos t\u00e1pl\u00e1lkoz\u00e1ssal juthatn\u00e1nk. V\u00edzold\u00e9kony \u00f6sszetev\u0151k 2 kisebb kapszul\u00e1ban a kor\u00e1bbi 1 nagy helyett, amely a teljes em\u00e9szt\u0151rendszeri nyugalmat seg\u00edti el\u0151.<\/p>\n","protected":false},"featured_media":5322,"comment_status":"closed","ping_status":"open","template":"","meta":[],"product_cat":[60],"product_tag":[],"class_list":{"0":"post-5321","1":"product","2":"type-product","3":"status-publish","4":"has-post-thumbnail","6":"product_brand-gal","7":"product_cat-vitaminok","9":"first","10":"instock","11":"purchasable","12":"product-type-simple"},"_links":{"self":[{"href":"https:\/\/vitamin.coredesign.hu\/index.php?rest_route=\/wp\/v2\/product\/5321","targetHints":{"allow":["GET"]}}],"collection":[{"href":"https:\/\/vitamin.coredesign.hu\/index.php?rest_route=\/wp\/v2\/product"}],"about":[{"href":"https:\/\/vitamin.coredesign.hu\/index.php?rest_route=\/wp\/v2\/types\/product"}],"replies":[{"embeddable":true,"href":"https:\/\/vitamin.coredesign.hu\/index.php?rest_route=%2Fwp%2Fv2%2Fcomments&post=5321"}],"wp:featuredmedia":[{"embeddable":true,"href":"https:\/\/vitamin.coredesign.hu\/index.php?rest_route=\/wp\/v2\/media\/5322"}],"wp:attachment":[{"href":"https:\/\/vitamin.coredesign.hu\/index.php?rest_route=%2Fwp%2Fv2%2Fmedia&parent=5321"}],"wp:term":[{"taxonomy":"product_cat","embeddable":true,"href":"https:\/\/vitamin.coredesign.hu\/index.php?rest_route=%2Fwp%2Fv2%2Fproduct_cat&post=5321"},{"taxonomy":"product_tag","embeddable":true,"href":"https:\/\/vitamin.coredesign.hu\/index.php?rest_route=%2Fwp%2Fv2%2Fproduct_tag&post=5321"}],"curies":[{"name":"wp","href":"https:\/\/api.w.org\/{rel}","templated":true}]}}