{"id":5318,"date":"2025-10-12T12:24:39","date_gmt":"2025-10-12T10:24:39","guid":{"rendered":"https:\/\/vitamin.coredesign.hu\/?product=gal-e-vitamin-komplex-csepp-95ml"},"modified":"2026-01-08T23:24:12","modified_gmt":"2026-01-08T22:24:12","slug":"gal-e-vitamin-komplex-csepp-95ml","status":"publish","type":"product","link":"https:\/\/vitamin.coredesign.hu\/?product=gal-e-vitamin-komplex-csepp-95ml","title":{"rendered":"GAL E-Vitamin komplex csepp \u2013 95ml"},"content":{"rendered":"<p>&nbsp;<\/p>\n<div id=\"lt-accessibility-devtools\" aria-hidden=\"true\"><\/div>\n<p>Az antioxid\u00e1ns hat\u00e1s\u00fa E-vitamin hozz\u00e1j\u00e1rulhat a sejtek v\u00e9delm\u00e9hez, a szabad gy\u00f6k\u00f6k semleges\u00edt\u00e9s\u00e9hez, a sz\u00edv- \u00e9s \u00e9rrendszer eg\u00e9szs\u00e9g\u00e9hez, a sz\u00edvbetegs\u00e9gek megel\u0151z\u00e9s\u00e9hez.<\/p>\n<h2>GAL E-Vitamin komplex csepp<\/h2>\n<p>A GAL E-vitamin komplex cseppek egy term\u00e9szetes E-vitamin k\u00e9sz\u00edtm\u00e9ny 4 f\u00e9le tokoferol kever\u00e9k\u00e9b\u0151l, mivel tartalmazza az E-vitamincsal\u00e1d mind a 4 tagj\u00e1t, az alfa-, b\u00e9ta-, gamma- \u00e9s delta-tokorferolt is. Ennek k\u00f6sz\u00f6nhet\u0151en egyed\u00fcl\u00e1ll\u00f3an hat\u00e9kony immuner\u0151s\u00edt\u0151, betegs\u00e9gmegel\u0151z\u0151 \u00e9s antioxid\u00e1ns hat\u00e1s\u00fa. A term\u00e9szetes, kit\u0171n\u0151 felsz\u00edv\u00f3d\u00e1s\u00fa E-vitami p\u00f3tl\u00e1st a sz\u00f3jamentes n\u00f6v\u00e9nyi kivonat \u00e9s alacsony Omega-6-tartalm\u00fa napraforg\u00f3olaj biztos\u00edtja.<\/p>\n<h3>Mikor aj\u00e1nlott a GAL E-vitamin komplex cseppek fogyaszt\u00e1sa?<\/h3>\n<ul>\n<li>A szervezet antioxid\u00e1ns v\u00e9delm\u00e9nek fokoz\u00e1s\u00e1hoz<\/li>\n<li>Az \u00f6reged\u00e9si folyamatok lass\u00edt\u00e1s\u00e1hoz<\/li>\n<li>Az immunrendszer er\u0151s\u00edt\u00e9s\u00e9hez<\/li>\n<li>Id\u0151seknek<\/li>\n<li>Neh\u00e9z fizikai munk\u00e1t v\u00e9gz\u0151knek<\/li>\n<li>Doh\u00e1nyosoknak<\/li>\n<li>Szennyezettebb leveg\u0151j\u0171 ter\u00fcleten \u00e9l\u0151knek<\/li>\n<li>Anyagcsere-betegs\u00e9gben szenved\u0151knek<\/li>\n<li>Gyakran di\u00e9t\u00e1z\u00f3knak<\/li>\n<li>A sz\u00edv- \u00e9s \u00e9rrendszer eg\u00e9szs\u00e9g\u00e9nek v\u00e9delm\u00e9hez<\/li>\n<li>M\u00e1r kialakult sz\u00edvbetegs\u00e9gek kezel\u00e9s\u00e9hez, az infarktus ut\u00e1ni l\u00e1badoz\u00e1s t\u00e1mogat\u00e1s\u00e1hoz<\/li>\n<li>Az agym\u0171k\u00f6d\u00e9s t\u00e1mogat\u00e1s\u00e1hoz<\/li>\n<li>A b\u0151r, a k\u00f6rm\u00f6k \u00e9s a haj eg\u00e9szs\u00e9g\u00e9nek \u00e9s sz\u00e9ps\u00e9g\u00e9nek meg\u0151rz\u00e9s\u00e9hez<\/li>\n<li>A szem eg\u00e9szs\u00e9g\u00e9nek, a l\u00e1t\u00e1s \u00e9less\u00e9g\u00e9nek fenntart\u00e1s\u00e1hoz<\/li>\n<\/ul>\n<p>Az E-vitamin t\u00f6bb k\u00fcl\u00f6nb\u00f6z\u0151 vegy\u00fcletet foglal mag\u00e1ban: alfa-, b\u00e9ta-, gamma- \u00e9s delta-tokoferolt. Hi\u00e1nya komoly probl\u00e9m\u00e1kat okozhat, m\u00edg rendszeres p\u00f3tl\u00e1sa nagyfok\u00fa v\u00e9delmet jelenthet a sz\u00edvbetegs\u00e9gekkel \u00e9s a megbeteged\u00e9sekkel szemben is.<\/p>\n<p>Az E-vitamin az egyik leghat\u00e1sosabb zs\u00edrold\u00e9kony antioxid\u00e1ns, sok betegs\u00e9g megel\u0151z\u00e9s\u00e9ben j\u00e1tszhat szerepet. Sejtszinten fejti ki hat\u00e1s\u00e1t, lass\u00edtja az \u00f6reged\u00e9s folyamat\u00e1t. K\u00fcl\u00f6n\u00f6sen aj\u00e1nlott az E-vitamin p\u00f3tl\u00e1sa id\u0151seknek, neh\u00e9z fizikai munk\u00e1t v\u00e9gz\u0151knek, azoknak, akik doh\u00e1nyoznak, szennyezettebb leveg\u0151j\u0171 ter\u00fcleten \u00e9lnek, anyagcsere-betegs\u00e9gben szenvednek, vagy gyakran di\u00e9t\u00e1znak.<\/p>\n<h3>Mit tartalmaz a GAL E-vitamin komplex 28 cseppben?<\/h3>\n<ul>\n<li>term\u00e9szetes E-vitamin 100NE<\/li>\n<li>(alfa-b\u00e9ta-gamma-delta 67mg \u03b1-TE<\/li>\n<li>tokoferolok kever\u00e9k\u00e9b\u0151l (558% RDA*)<\/li>\n<\/ul>\n<h3>Mennyit javasolt fogyasztani bel\u0151le?<\/h3>\n<p>Naponta 28 csepp fogyaszt\u00e1sa aj\u00e1nlott lehet\u0151leg \u00e9tkez\u00e9skor.<\/p>\n<h3>GAL E-vitamin komplex cseppek<\/h3>\n<h3>V\u00e9di a sejteket<\/h3>\n<p>Az E-vitamin legfontosabb szerepe a sejtek v\u00e9delme: megakad\u00e1lyozza k\u00e1rosod\u00e1sukat, antioxid\u00e1nsk\u00e9nt seg\u00edti a k\u00e1rosod\u00e1st okoz\u00f3 szabad gy\u00f6k\u00f6k semleges\u00edt\u00e9s\u00e9t. Szabad gy\u00f6k\u00f6k minden sejtben keletkeznek azok anyagcser\u00e9je sor\u00e1n, term\u00e9szetes folyamat.\u00a0Az E-vitamin a v\u00e9d\u0151 hat\u00e1s\u00e1t \u00fagy fejti ki, hogy g\u00e1tolja a sejtek szabadgy\u00f6k-termel\u0151d\u00e9s\u00e9t, illetve azok sejtk\u00e1ros\u00edt\u00f3 hat\u00e1s\u00e1t. Els\u0151sorban a betegs\u00e9gek megel\u0151z\u00e9s\u00e9ben rendk\u00edv\u00fcli hat\u00e1s\u00fa, hozz\u00e1j\u00e1rul az \u00f6reged\u00e9si folyamatok lass\u00edt\u00e1s\u00e1hoz.<\/p>\n<h3>Anti hat\u00e1s\u00fa<\/h3>\n<p>A szabad gy\u00f6k\u00f6k semleges\u00edt\u00e9s\u00e9vel v\u00e9di a sejth\u00e1rty\u00e1kat, ezzel a kialakul\u00e1s\u00e1t \u00e9s sz\u00e9tterjed\u00e9s\u00e9t is megg\u00e1tolhatja. Jelent\u0151s m\u00e9rt\u00e9kben cs\u00f6kkentheti a k\u00fcl\u00f6nf\u00e9le\u00a0r\u00e1kfajt\u00e1k, els\u0151sorban a t\u00fcd\u0151, a g\u00e9ge, a mell \u00e9s a v\u00e9gb\u00e9l megbeteged\u00e9s\u00e9nek kock\u00e1zat\u00e1t.<\/p>\n<h3>Megel\u0151zheti a tromb\u00f3zist<\/h3>\n<p>Az \u00f6sszes antioxid\u00e1ns k\u00f6z\u00fcl az E-vitamin ny\u00fajtja a legnagyobb v\u00e9delmet a sz\u00edv- \u00e9s \u00e9rrendszeri betegs\u00e9gekkel szemben. Megakad\u00e1lyozza a k\u00e1ros koleszterin lerak\u00f3d\u00e1s\u00e1t az \u00e9rfalakban, el\u0151seg\u00edti lebont\u00e1s\u00e1t, \u00e9s megel\u0151zheti a v\u00e9rr\u00f6g\u00f6k, illetve tromb\u00f3zis kialakul\u00e1s\u00e1t. A megel\u0151z\u00e9s mellett a m\u00e1r kialakult sz\u00edvbetegs\u00e9gek kezel\u00e9s\u00e9ben, az infarktus ut\u00e1ni l\u00e1badoz\u00e1sban is fontos szerepet j\u00e1tszik.<\/p>\n<h3>Jav\u00edtja az agym\u0171k\u00f6d\u00e9st<\/h3>\n<p>Az agy sz\u00e1m\u00e1ra is j\u00f3t\u00e9kony hat\u00e1s\u00fa, v\u00e9di az idegsejteket, fenntartja eg\u00e9szs\u00e9ges m\u0171k\u00f6d\u00e9s\u00fcket. Cs\u00f6kkentheti p\u00e9ld\u00e1ul a Parkinson-k\u00f3r \u00e9s az Alzheimer-k\u00f3r kialakul\u00e1s\u00e1nak es\u00e9ly\u00e9t.<\/p>\n<h3>\u00d6reged\u00e9sg\u00e1tl\u00f3<\/h3>\n<p>A szervezet E-vitamin-szintje nagyban befoly\u00e1solja az immunrendszer m\u0171k\u00f6d\u00e9s\u00e9t, jav\u00edtja a v\u00e9dekez\u0151 k\u00e9pess\u00e9get, \u00e9s k\u00e9slelteti az \u00e1ltal\u00e1nos \u00f6reged\u00e9si folyamatokat. \u00d3vja a szervezetet a k\u00e1ros k\u00fcls\u0151 k\u00f6rnyezeti hat\u00e1sokt\u00f3l, a cigarettaf\u00fcstt\u0151l, a m\u00e9reganyagokt\u00f3l, cs\u00f6kkenti a b\u0151r s\u00e9r\u00fcl\u00e9kenys\u00e9g\u00e9t, lelass\u00edtja a sz\u00f6vetek \u00f6reged\u00e9si folyamat\u00e1t, k\u00e9slelteti a r\u00e1ncok megjelen\u00e9s\u00e9t, elm\u00e9ly\u00fcl\u00e9s\u00e9t, felgyors\u00edtja a sebgy\u00f3gyul\u00e1st.<\/p>\n<h3>A sz\u00e9ps\u00e9g vitaminja<\/h3>\n<p>Fontos szerepe van a b\u0151r- \u00e9s haj\u00e1pol\u00e1sban. Antioxid\u00e1ns hat\u00e1s\u00e1val fokozza a fejb\u0151r v\u00e9rell\u00e1t\u00e1s\u00e1t, ezzel seg\u00edti a hajn\u00f6veked\u00e9st, \u00e9s meger\u0151s\u00edti az \u00e9rfalakat. A hajat hidrat\u00e1ltabb\u00e1 \u00e9s f\u00e9nyesebb\u00e9 teszi. A b\u0151rre kenve seg\u00edti a k\u00fcl\u00f6nf\u00e9le s\u00e9r\u00fcl\u00e9sek, b\u0151relv\u00e1ltoz\u00e1sok gy\u00f3gy\u00edt\u00e1s\u00e1t. V\u00e9delmet ny\u00fajt a naps\u00fct\u00e9s k\u00e1ros hat\u00e1sai ellen, kezelhet\u0151 vele a nap\u00e9g\u00e9s is. A b\u0151r korai \u00f6reged\u00e9s\u00e9nek g\u00e1tl\u00e1sa mellett haszn\u00e1lhat\u00f3 pattan\u00e1sok, r\u00e1ncok \u00e9s hegek cs\u00f6kkent\u00e9s\u00e9re, mivel gyors\u00edtja a sejtek regener\u00e1ci\u00f3s folyamat\u00e1t. A stri\u00e1k, terhess\u00e9gi cs\u00edkok \u00e1llapot\u00e1n is jav\u00edt, valamint meger\u0151s\u00edti a k\u00f6rm\u00f6ket, megsz\u00fcnteti a t\u00f6redez\u00e9st.<\/p>\n<h3>A l\u00e1t\u00e1sroml\u00e1s megel\u0151z\u00e9s\u00e9re<\/h3>\n<p>Fontos szerepe van a szem eg\u00e9szs\u00e9g\u00e9nek hossz\u00fa t\u00e1v\u00fa megtart\u00e1s\u00e1ban,\u00a0az id\u0151skori l\u00e1t\u00e1s\u00e9less\u00e9g roml\u00e1s\u00e1nak megel\u0151z\u00e9s\u00e9ben. Az E-vitamin er\u0151s antioxid\u00e1ns hat\u00e1s\u00e1val, a k\u00e1ros szabadgy\u00f6k\u00f6k megk\u00f6t\u00e9s\u00e9vel a h\u00e1lyog \u00e9s a makuladegener\u00e1ci\u00f3 term\u00e9szetes ellenszere.<\/p>\n<h3>Az E-vitamin hi\u00e1ny\u00e1nak k\u00f6vetkezm\u00e9nyei<\/h3>\n<ul>\n<li>idegrendszeri \u00e9s mem\u00f3riazavarok<\/li>\n<li>izomgyenges\u00e9g, izomsorvad\u00e1s<\/li>\n<li>lassul\u00f3 reflexek, egyens\u00falyzavarok<\/li>\n<li>l\u00e1t\u00e1sroml\u00e1s<\/li>\n<li>a m\u00e1j \u00e9s a v\u00f6r\u00f6sv\u00e9rtestek k\u00e1rosod\u00e1sa<\/li>\n<li>s\u00e9r\u00fcl\u00e9keny, kisz\u00e1radt b\u0151r<\/li>\n<li>k\u00f3ros hajhull\u00e1s<\/li>\n<li>lass\u00fa sebgy\u00f3gyul\u00e1s<\/li>\n<li>vissz\u00e9rt\u00e1gulatok kialakul\u00e1sa<\/li>\n<li>\u00e1ltal\u00e1nos kimer\u00fclts\u00e9g<\/li>\n<li>f\u00e9rfiakn\u00e1l term\u00e9ketlens\u00e9g \u00e9s a nemi aktivit\u00e1s cs\u00f6kken\u00e9se<\/li>\n<li>n\u0151kn\u00e9l term\u00e9ketlens\u00e9g, vet\u00e9l\u00e9s, magzatk\u00e1rosod\u00e1s<\/li>\n<\/ul>\n<h3>Mennyi E-vitaminra van sz\u00fcks\u00e9ge a szervezetnek?<\/h3>\n<p>Az aj\u00e1nlott napi E-vitamin-mennyis\u00e9g n\u0151knek 8 mg, f\u00e9rfiaknak 10 mg. Ez a minimum mennyis\u00e9g, de az \u00e1ltal\u00e1nos betegs\u00e9gmegel\u0151z\u00e9sre szak\u00e9rt\u0151k 250-500 mg E-vitamint javasolnak, illetve sz\u00edvbetegeknek \u00e9s r\u00e1kbetegeknek napi 800 mg-nyit.<\/p>\n<p>Nagyobb mennyis\u00e9g\u0171 E-vitamin bevitel\u00e9nek sincsenek k\u00e1ros mell\u00e9khat\u00e1sai, azonban 2000 mg feletti d\u00f3zis fejf\u00e1j\u00e1st vagy hasmen\u00e9st okozhat.<\/p>\n","protected":false},"excerpt":{"rendered":"<p>Az antioxid\u00e1ns hat\u00e1s\u00fa E-vitamin hozz\u00e1j\u00e1rulhat a sejtek v\u00e9delm\u00e9hez, a szabad gy\u00f6k\u00f6k semleges\u00edt\u00e9s\u00e9hez, a sz\u00edv- \u00e9s \u00e9rrendszer eg\u00e9szs\u00e9g\u00e9hez, a sz\u00edvbetegs\u00e9gek megel\u0151z\u00e9s\u00e9hez.<\/p>\n","protected":false},"featured_media":0,"comment_status":"closed","ping_status":"open","template":"","meta":[],"product_cat":[60],"product_tag":[],"class_list":{"0":"post-5318","1":"product","2":"type-product","3":"status-publish","5":"product_brand-gal","6":"product_cat-vitaminok","8":"first","9":"instock","10":"purchasable","11":"product-type-simple"},"_links":{"self":[{"href":"https:\/\/vitamin.coredesign.hu\/index.php?rest_route=\/wp\/v2\/product\/5318","targetHints":{"allow":["GET"]}}],"collection":[{"href":"https:\/\/vitamin.coredesign.hu\/index.php?rest_route=\/wp\/v2\/product"}],"about":[{"href":"https:\/\/vitamin.coredesign.hu\/index.php?rest_route=\/wp\/v2\/types\/product"}],"replies":[{"embeddable":true,"href":"https:\/\/vitamin.coredesign.hu\/index.php?rest_route=%2Fwp%2Fv2%2Fcomments&post=5318"}],"wp:attachment":[{"href":"https:\/\/vitamin.coredesign.hu\/index.php?rest_route=%2Fwp%2Fv2%2Fmedia&parent=5318"}],"wp:term":[{"taxonomy":"product_cat","embeddable":true,"href":"https:\/\/vitamin.coredesign.hu\/index.php?rest_route=%2Fwp%2Fv2%2Fproduct_cat&post=5318"},{"taxonomy":"product_tag","embeddable":true,"href":"https:\/\/vitamin.coredesign.hu\/index.php?rest_route=%2Fwp%2Fv2%2Fproduct_tag&post=5318"}],"curies":[{"name":"wp","href":"https:\/\/api.w.org\/{rel}","templated":true}]}}