{"id":5314,"date":"2025-10-12T12:24:39","date_gmt":"2025-10-12T10:24:39","guid":{"rendered":"https:\/\/vitamin.coredesign.hu\/?product=gal-omega-3-eco-60db"},"modified":"2026-01-08T23:24:10","modified_gmt":"2026-01-08T22:24:10","slug":"gal-omega-3-eco-60db","status":"publish","type":"product","link":"https:\/\/vitamin.coredesign.hu\/?product=gal-omega-3-eco-60db","title":{"rendered":"GAL Omega-3 Eco \u2013 60db"},"content":{"rendered":"<p>&nbsp;<\/p>\n<div id=\"lt-accessibility-devtools\" aria-hidden=\"true\"><\/div>\n<p>Az Omega-3 zs\u00edrsavak hozz\u00e1j\u00e1rulhatnak a szem \u00e9s az agy megfelel\u0151 m\u0171k\u00f6d\u00e9s\u00e9hez, a sz\u00edv- \u00e9s \u00e9rrendszer eg\u00e9szs\u00e9g\u00e9nek meg\u0151rz\u00e9s\u00e9hez.<\/p>\n<h2>GAL Omega-3 Eco<\/h2>\n<p>A GAL Omega-3 Eco kapszula egy \u00faj szabadalmaztatott elj\u00e1r\u00e1ssal k\u00e9sz\u00fclt, tiszta halolaj-koncentr\u00e1tum, extra hat\u00f3anyag-tartalommal. A k\u00e9sz\u00edtm\u00e9nyben az emberi szervezet sz\u00e1m\u00e1ra leghasznosabb \u00e1llati eredet\u0171 Omega-3 zs\u00edrsav tal\u00e1lhat\u00f3 tripla hat\u00f3anyag-tartalommal, kiv\u00e1l\u00f3 hasznosul\u00e1ssal, teljes tisztas\u00e1ggal. A halolaj-koncentr\u00e1tum tiszta halakb\u00f3l nyert olaja m\u00e9g molekul\u00e1risan is tiszt\u00edtva van, \u00e9s kapszul\u00e1nk\u00e9nt 700 mg Omega-3 zs\u00edrsav tartalmaz, nagy d\u00f3zis\u00fa EPA- \u00e9s DHA-tartalommal. A molekul\u00e1risan tiszt\u00edtott \u00e9s koncentr\u00e1lt, term\u00e9szetes halolajb\u00f3l az Omega-3 zs\u00edrsavak hasznosul\u00e1sa 30%-kal magasabb!<\/p>\n<h3>Mikor aj\u00e1nlott a GAL Omega-3 Eco kapszula fogyaszt\u00e1sa?<\/h3>\n<ul>\n<li>A sz\u00edv- \u00e9s \u00e9rrendszer eg\u00e9szs\u00e9g\u00e9hez<\/li>\n<li>Az agy eg\u00e9szs\u00e9g\u00e9hez<\/li>\n<li>A szemek eg\u00e9szs\u00e9g\u00e9hez<\/li>\n<li>A v\u00e9rnyom\u00e1s szab\u00e1lyz\u00e1s\u00e1hoz<\/li>\n<li>A koleszterinszint szab\u00e1lyz\u00e1s\u00e1hoz<\/li>\n<li>Gyullad\u00e1sos betegs\u00e9gek eset\u00e9n<\/li>\n<li>\u00cdz\u00fcleti- \u00e9s porcprobl\u00e9m\u00e1k eset\u00e9n<\/li>\n<li>Allergia, asztma eset\u00e9n<\/li>\n<li>Az immunrendszer er\u0151s\u00edt\u00e9s\u00e9hez<\/li>\n<li>Az idegrendszer kiegyens\u00falyozott m\u0171k\u00f6d\u00e9s\u00e9hez<\/li>\n<li>A koncentr\u00e1l\u00f3k\u00e9pess\u00e9g, a mem\u00f3ria jav\u00edt\u00e1s\u00e1hoz<\/li>\n<li>B\u0151rbetegs\u00e9gek, ekc\u00e9ma, pikkelys\u00f6m\u00f6r eset\u00e9n<\/li>\n<li>A fizikai \u00e9s szellemi teljes\u00edtm\u00e9ny n\u00f6vel\u00e9s\u00e9hez<\/li>\n<li>A betegs\u00e9gekkel, fert\u0151z\u00e9sekkel szembeni ellen\u00e1ll\u00f3 k\u00e9pess\u00e9g fokoz\u00e1s\u00e1hoz<\/li>\n<li>Terhess\u00e9g alatt a magzat norm\u00e1lis fejl\u0151d\u00e9s\u00e9hez<\/li>\n<\/ul>\n<p>Az Omega-3 rendszeres fogyaszt\u00e1s\u00e1val az \u00e1ltal\u00e1nos eg\u00e9szs\u00e9gi \u00e1llapot jav\u00edt\u00e1sa mellett a fizikai \u00e9s szellemi teljes\u00edtm\u00e9ny n\u00f6vel\u00e9se, a betegs\u00e9gekkel, fert\u0151z\u00e9sekkel szembeni ellen\u00e1ll\u00f3 k\u00e9pess\u00e9g is n\u00f6velhet\u0151.<\/p>\n<h3>Mit tartalmaz a GAL Omega-3 Eco 1 kapszul\u00e1ban?<\/h3>\n<ul>\n<li>Omega-3 zs\u00edrsav ((term\u00e9szetes form\u00e1j\u00fa Golden Omega halolaj-koncentr\u00e1tumb\u00f3l) \u2013 700mg<\/li>\n<li>ebb\u0151l EPA \u2013 350mg<\/li>\n<li>ebb\u0151l DHA \u2013 250mg<\/li>\n<li>DPA \u00e9s egy\u00e9b omega-3 zs\u00edrsavak \u2013 100mg<\/li>\n<li>GAL term\u00e9szetes antioxid\u00e1ns-kever\u00e9k [Salvia triloba level\u00e9nek szuperkritikus kivonata \u00e9s term\u00e9szetes tokoferolok\/tokotrienolok] \u2013 6mg<\/li>\n<\/ul>\n<h3>Mennyit javasolt fogyasztani bel\u0151le?<\/h3>\n<p>A GAL Omega-3 Eco kapszul\u00e1b\u00f3l napi 1 db fogyaszt\u00e1sa is elegend\u0151, hogy az Omega-3 zs\u00edrsavak kifejthess\u00e9k j\u00f3t\u00e9kony hat\u00e1sukat.<\/p>\n<h3>GAL Omega-3 Eco kapszula<\/h3>\n<p>A GAL Omega-3 Eco kapszula az emberi szervezet sz\u00e1m\u00e1ra leghasznosabb \u00e1llati eredet\u0171 Omega-3 zs\u00edrsavat tartalmazza. A halolaj-koncentr\u00e1tum tiszta halakb\u00f3l nyert olaja m\u00e9g molekul\u00e1risan is tiszt\u00edtott! Tripla hat\u00f3anyag-tartalom, kiv\u00e1l\u00f3 hasznosul\u00e1s, teljes tisztas\u00e1g.<\/p>\n<h3>Mit\u0151l olyan \u00e9rt\u00e9kes a halolaj?<\/h3>\n<p>A rendszeres halfogyaszt\u00e1s m\u00e1r r\u00e9g\u00f3ta szerepel az eg\u00e9szs\u00e9ges t\u00e1pl\u00e1lkoz\u00e1si aj\u00e1nl\u00e1sok k\u00f6z\u00f6tt. Rengeteg t\u00f6bbsz\u00f6r\u00f6sen tel\u00edtetlen Omega-3 zs\u00edrsavat tartalmaz, ami m\u00e1s zs\u00edrokkal ellent\u00e9tben kimagasl\u00f3an hasznos az emberi szervezet sz\u00e1m\u00e1ra. Az Omega-3 zs\u00edrsavak amellett, hogy bizony\u00edtottan karbantartj\u00e1k a sz\u00edvet, az agyat, ak\u00e1r vissza is ford\u00edthatj\u00e1k a sz\u00edvbetegek art\u00e9ri\u00e1j\u00e1nak meszesed\u00e9s\u00e9t \u00e9s besz\u0171k\u00fcl\u00e9s\u00e9t.<\/p>\n<h3>Mik azok az Omega-zs\u00edrsavak?<\/h3>\n<p>A zs\u00edrsavak az \u00e9lelmiszerekkel elfogyasztott zs\u00edrok \u00e9s olajok lebont\u00e1s\u00e1val ker\u00fclnek a szervezetbe. A zs\u00edr az egyik legfontosabb energiaforr\u00e1s, ide\u00e1lis esetben a t\u00e1pl\u00e1l\u00e9kkal felvett energi\u00e1nak 30 sz\u00e1zal\u00e9ka zs\u00edrokb\u00f3l sz\u00e1rmazik. Azonban nem mindegy, milyen zs\u00edrt fogyasztunk.<\/p>\n<p>L\u00e9teznek hasznos \u00e9s k\u00e1ros zs\u00edrok, ezek ar\u00e1nya hat\u00e1rozhatja meg nagym\u00e9rt\u00e9kben az \u00e1ltal\u00e1nos eg\u00e9szs\u00e9gi \u00e1llapotot \u00e9s a betegs\u00e9gekkel szembeni ellen\u00e1ll\u00f3 k\u00e9pess\u00e9get. Az Omega-zs\u00edrsavak nagy r\u00e9sze t\u00f6bbsz\u00f6r\u00f6sen tel\u00edtetlen esszenci\u00e1lis zs\u00edrsav, hi\u00e1nyuk olyan eg\u00e9szs\u00e9grombol\u00f3 hat\u00e1ssal lehet, mint a vitaminok vagy az \u00e1sv\u00e1nyi anyagok hi\u00e1nya.<\/p>\n<p>Az Omega-3 zs\u00edrsavak a term\u00e9szetben nagy mennyis\u00e9gben els\u0151sorban a tengeri halakban tal\u00e1lhat\u00f3k meg. Mivel a halfogyaszt\u00e1s \u00e1ltal\u00e1noss\u00e1gban nem jellemz\u0151 a mindennapi \u00e9trendben, \u00e9s m\u00e1s zs\u00edrsavak ker\u00fclnek ink\u00e1bb t\u00fals\u00falyba (p\u00e9ld\u00e1ul az Omega-6 fogyaszt\u00e1sa), ez\u00e9rt az Omega-3 zs\u00edrsavak hi\u00e1nya \u00e1ltal\u00e1nos jelens\u00e9gg\u00e9 v\u00e1lt.<\/p>\n<h3>Az Omega-3 hi\u00e1ny\u00e1nak eg\u00e9szs\u00e9g\u00fcgyi k\u00f6vetkezm\u00e9nyei<\/h3>\n<ul>\n<li>Sz\u00edv \u00e9s \u00e9rrendszeri megbeteged\u00e9sek<\/li>\n<li>Magas v\u00e9rnyom\u00e1s \u00e9s koleszterinszint<\/li>\n<li>Gyullad\u00e1sos betegs\u00e9gek, p\u00e9ld\u00e1ul \u00edz\u00fcleti probl\u00e9m\u00e1k<\/li>\n<li>K\u00fcl\u00f6nf\u00e9le allergi\u00e1k kialakul\u00e1sa<\/li>\n<li>Asztm\u00e1s megbeteged\u00e9s<\/li>\n<li>Az immunrendszer zavarai<\/li>\n<li>Diszlexia, a koncentr\u00e1l\u00f3 k\u00e9pess\u00e9g cs\u00f6kken\u00e9se<\/li>\n<li>Ekc\u00e9ma, pikkelys\u00f6m\u00f6r<\/li>\n<\/ul>\n<h3>Hogyan biztos\u00edthat\u00f3 az optim\u00e1lis mennyis\u00e9g\u0171 napi Omega-3 bevitel?<\/h3>\n<p>Az Omega-3 zs\u00edrsavak legjobb forr\u00e1sai a\u00a0tengeri halak, vagy a bel\u0151l\u00fck k\u00e9sz\u00fclt min\u0151s\u00e9gi halolaj-k\u00e9sz\u00edtm\u00e9nyek. Nagy ar\u00e1nyban tartalmaznak term\u00e9szetes linol\u00e9nsavat \u00e9s Omega-3 zs\u00edrsavakat, \u00edgy azok sz\u00e1m\u00e1ra is egyszer\u0171en biztos\u00edthat\u00f3 a hat\u00f3anyagok megfelel\u0151 ar\u00e1nya \u00e9s mennyis\u00e9ge, akik a napi \u00e9tkez\u00e9seik sor\u00e1n nem jutnak m\u00e1s forr\u00e1sb\u00f3l Omega-3 zs\u00edrsavhoz. Rendszeres fogyaszt\u00e1s\u00e1val az \u00e1ltal\u00e1nos eg\u00e9szs\u00e9gi \u00e1llapot jav\u00edt\u00e1sa mellett a fizikai \u00e9s szellemi teljes\u00edtm\u00e9ny n\u00f6vel\u00e9se, a betegs\u00e9gekkel, fert\u0151z\u00e9sekkel szembeni ellen\u00e1ll\u00f3 k\u00e9pess\u00e9g is n\u00f6velhet\u0151.<\/p>\n<h3>Napi 1 kapszula is el\u00e9g!<\/h3>\n<p>A GAL Omega-3 Eco kapszul\u00e1b\u00f3l napi 1 db szed\u00e9se is elegend\u0151, hogy az Omega-3 zs\u00edrsavak kifejthess\u00e9k j\u00f3t\u00e9kony hat\u00e1sukat.<\/p>\n<p><strong>Eco.\u00a0<\/strong>Vadon \u00e9l\u0151 apr\u00f3 halakb\u00f3l, nulla \u00f6kol\u00f3giai l\u00e1bnyommal el\u0151\u00e1ll\u00edtott halolaj. A hal\u00e1szatn\u00e1l figyelnek a biodiverzit\u00e1s meg\u0151rz\u00e9s\u00e9re, \u00e9s a modern el\u0151\u00e1ll\u00edt\u00e1si technol\u00f3gi\u00e1nak k\u00f6sz\u00f6nhet\u0151en nem keletkezik felesleges hullad\u00e9k vagy szennyez\u0151anyag. IFFO RS \u00e9s Friends of the Sea tan\u00fas\u00edtv\u00e1nnyal is rendelkezik!<\/p>\n<p><strong>Kimagasl\u00f3 tisztas\u00e1g.\u00a0<\/strong>A szennyez\u0151d\u00e9smentes hal\u00e1szati ter\u00fclet m\u00e1r eleve biztos\u00edtja a halakb\u00f3l nyert olaj tisztas\u00e1g\u00e1t, de egy \u00faj, szabadalmaztatott elj\u00e1r\u00e1snak k\u00f6sz\u00f6nhet\u0151en m\u00e9g molekul\u00e1risan is tiszt\u00edtott. A halak feldolgoz\u00e1sa a kifog\u00e1s ut\u00e1n azonnal megkezd\u0151dik, nincs t\u00e1rol\u00e1s. Az el\u00e9rhet\u0151 legtiszt\u00e1bb \u00e9s legfrissebb halolaj!<\/p>\n<p><strong>Extra hat\u00f3anyag-tartalom.<\/strong>\u00a0Kapszul\u00e1nk\u00e9nt 700 mg Omega-3 zs\u00edrsav tartalmaz, nagy d\u00f3zis\u00fa EPA- \u00e9s DHA-tartalommal. A molekul\u00e1risan tiszt\u00edtott \u00e9s koncentr\u00e1lt, term\u00e9szetes halolajb\u00f3l az Omega-3 zs\u00edrsavak hasznosul\u00e1sa 30%-kal magasabb!<\/p>\n<h3>Az Omega-3 zs\u00edrsavak \u00e9lettani hat\u00e1sa<\/h3>\n<ul>\n<li>Be\u00e9p\u00fclnek a sejth\u00e1rty\u00e1ba, \u00e9s rugalmasabb\u00e1 teszik azt, \u00edgy seg\u00edtve az \u00f6sszes szerv eg\u00e9szs\u00e9ges m\u0171k\u00f6d\u00e9s\u00e9t, v\u00e9delm\u00e9t a k\u00e1ros k\u00fcls\u0151 hat\u00e1sokt\u00f3l \u00e9s a bels\u0151 sejtk\u00e1rosod\u00e1st\u00f3l.<\/li>\n<li>V\u00e9dik az \u00e9rfalakat az\u00a0\u00e9relmeszesed\u00e9st\u0151l, cs\u00f6kkentik a\u00a0sz\u00edv \u00e9s \u00e9rrendszeri megbeteged\u00e9sek,\u00a0valamint a\u00a0sz\u00edvritmuszavar, infarktus\u00a0kialakul\u00e1s\u00e1nak es\u00e9ly\u00e9t. Infarktuson \u00e1tesettekn\u00e9l pedig az \u00fajb\u00f3li infarktus rizik\u00f3j\u00e1t.<\/li>\n<li>N\u00f6velik a v\u00e9ralvad\u00e1si id\u0151t, cs\u00f6kkentik a v\u00e9rs\u0171r\u0171s\u00e9get, megg\u00e1tolj\u00e1k a v\u00e9rlemezk\u00e9k \u00f6sszecsap\u00f3d\u00e1s\u00e1t, ezzel megel\u0151zhetik a\u00a0v\u00e9rr\u00f6g\u00f6k k\u00e9pz\u0151d\u00e9s\u00e9t.<\/li>\n<li>Term\u00e9szetes gyullad\u00e1scs\u00f6kkent\u0151k, \u00edgy megel\u0151zik, vagy nagym\u00e9rt\u00e9kben enyh\u00edtik az olyan betegs\u00e9gek t\u00fcneteit, mint az \u00edz\u00fcleti gyullad\u00e1s, az asztma, a migr\u00e9n.<\/li>\n<li>Jav\u00edtj\u00e1k a\u00a0szem l\u00e1t\u00f3h\u00e1rty\u00e1j\u00e1nak\u00a0m\u0171k\u00f6d\u00e9s\u00e9t, a szem hajsz\u00e1lereinek v\u00e9rell\u00e1t\u00e1s\u00e1t, ezzel meg\u00f3vj\u00e1k a retin\u00e1t, megel\u0151zhetik az id\u0151kori l\u00e1t\u00e1sroml\u00e1st.<\/li>\n<li>Alacsonyan tartj\u00e1k a v\u00e9rzs\u00edrok szintj\u00e9t, cs\u00f6kkentik a magas v\u00e9rnyom\u00e1st, a koleszterinszintet, meg\u0151rzik az erek rugalmass\u00e1g\u00e1t, tisztas\u00e1g\u00e1t.<\/li>\n<li>El\u0151ny\u00f6sen befoly\u00e1solja az\u00a0agysejtek \u00e9s az \u00a0idegsejtek\u00a0m\u0171k\u00f6d\u00e9s\u00e9t. Fel\u00e9p\u00edtik az agy sz\u00fcrke\u00e1llom\u00e1ny\u00e1nak nagy r\u00e9sz\u00e9t. Jelent\u0151s m\u00e9rt\u00e9kben fokozz\u00e1k a mem\u00f3ria m\u0171k\u00f6d\u00e9s\u00e9t, megakad\u00e1lyozhatj\u00e1k a depresszi\u00f3, az inzulinrezisztencia, a tanul\u00e1si zavarok, az Alzheimer-k\u00f3r kialakul\u00e1s\u00e1t is.<\/li>\n<li>Seg\u00edtik a\u00a0b\u0151rbetegs\u00e9gek, p\u00e9ld\u00e1ul az ekc\u00e9ma, a pszori\u00e1zis gy\u00f3gyul\u00e1s\u00e1t, kieg\u00e9sz\u00edt\u0151 kezel\u00e9sk\u00e9nt, illetve megel\u0151z\u00e9sk\u00e9nt is hat\u00e9konyak.<\/li>\n<li>Cs\u00f6kkentik az em\u00e9szt\u0151rendszeri kialakul\u00e1s\u00e1nak kock\u00e1zat\u00e1t, jav\u00edtj\u00e1k a betegek \u00e9letmin\u0151s\u00e9g\u00e9t, gy\u00f3gyul\u00e1si es\u00e9lyeit.<\/li>\n<li>Kismam\u00e1kn\u00e1l seg\u00edtik a magzat fejl\u0151d\u00e9s\u00e9t, csecsem\u0151k eset\u00e9ben az \u00e9lesl\u00e1t\u00e1s kialakul\u00e1s\u00e1t \u00e9s a szellemi fejl\u0151d\u00e9s t\u00e1mogat\u00e1s\u00e1t.<\/li>\n<li>Gyerekekn\u00e9l is jelent\u0151s m\u00e9rt\u00e9kben jav\u00edtj\u00e1k a koncentr\u00e1ci\u00f3s k\u00e9pess\u00e9get \u00e9s a feladatok megold\u00e1s\u00e1ra val\u00f3 k\u00e9szs\u00e9geket.<\/li>\n<\/ul>\n","protected":false},"excerpt":{"rendered":"<p>Az Omega-3 zs\u00edrsavak hozz\u00e1j\u00e1rulhatnak a szem \u00e9s az agy megfelel\u0151 m\u0171k\u00f6d\u00e9s\u00e9hez, a sz\u00edv- \u00e9s \u00e9rrendszer eg\u00e9szs\u00e9g\u00e9nek meg\u0151rz\u00e9s\u00e9hez.<\/p>\n","protected":false},"featured_media":5315,"comment_status":"closed","ping_status":"open","template":"","meta":[],"product_cat":[61],"product_tag":[],"class_list":{"0":"post-5314","1":"product","2":"type-product","3":"status-publish","4":"has-post-thumbnail","6":"product_brand-gal","7":"product_cat-etrend-kiegeszitok","9":"first","10":"instock","11":"purchasable","12":"product-type-simple"},"_links":{"self":[{"href":"https:\/\/vitamin.coredesign.hu\/index.php?rest_route=\/wp\/v2\/product\/5314","targetHints":{"allow":["GET"]}}],"collection":[{"href":"https:\/\/vitamin.coredesign.hu\/index.php?rest_route=\/wp\/v2\/product"}],"about":[{"href":"https:\/\/vitamin.coredesign.hu\/index.php?rest_route=\/wp\/v2\/types\/product"}],"replies":[{"embeddable":true,"href":"https:\/\/vitamin.coredesign.hu\/index.php?rest_route=%2Fwp%2Fv2%2Fcomments&post=5314"}],"wp:featuredmedia":[{"embeddable":true,"href":"https:\/\/vitamin.coredesign.hu\/index.php?rest_route=\/wp\/v2\/media\/5315"}],"wp:attachment":[{"href":"https:\/\/vitamin.coredesign.hu\/index.php?rest_route=%2Fwp%2Fv2%2Fmedia&parent=5314"}],"wp:term":[{"taxonomy":"product_cat","embeddable":true,"href":"https:\/\/vitamin.coredesign.hu\/index.php?rest_route=%2Fwp%2Fv2%2Fproduct_cat&post=5314"},{"taxonomy":"product_tag","embeddable":true,"href":"https:\/\/vitamin.coredesign.hu\/index.php?rest_route=%2Fwp%2Fv2%2Fproduct_tag&post=5314"}],"curies":[{"name":"wp","href":"https:\/\/api.w.org\/{rel}","templated":true}]}}