{"id":5312,"date":"2025-10-12T12:24:39","date_gmt":"2025-10-12T10:24:39","guid":{"rendered":"https:\/\/vitamin.coredesign.hu\/?product=gal-sensoril-ashwagandha-kapszula-60db"},"modified":"2026-01-08T23:24:08","modified_gmt":"2026-01-08T22:24:08","slug":"gal-sensoril-ashwagandha-kapszula-60db","status":"publish","type":"product","link":"https:\/\/vitamin.coredesign.hu\/?product=gal-sensoril-ashwagandha-kapszula-60db","title":{"rendered":"GAL Sensoril Ashwagandha kapszula \u2013 60db"},"content":{"rendered":"<p>&nbsp;<\/p>\n<div id=\"lt-accessibility-devtools\" aria-hidden=\"true\"><\/div>\n<p>Az Ashwagandha (indiai ginzeng) hozz\u00e1j\u00e1rulhat a szellemi- \u00e9s fizikai teljes\u00edt\u0151k\u00e9pess\u00e9g n\u00f6vel\u00e9s\u00e9hez, a stresszt\u0171r\u0151 k\u00e9pess\u00e9g jav\u00edt\u00e1s\u00e1hoz, a szervezet ellen\u00e1ll\u00f3 k\u00e9pess\u00e9g\u00e9nek fokoz\u00e1s\u00e1hoz. Seg\u00edthet a gyenges\u00e9g \u00e9s a kr\u00f3nikus f\u00e1radts\u00e1g lek\u00fczd\u00e9s\u00e9ben.<\/p>\n<h2>GAL Sensoril Ashwagandha<\/h2>\n<p>A GAL Sensoril\u00aeAshwagandha k\u00e9sz\u00edtm\u00e9nyben az indiai ginzengnek nemcsak a gy\u00f6ker\u00e9b\u0151l, de a leveleib\u0151l is kivonatolt\u00e1k az \u00e9rt\u00e9kes hat\u00f3anyagokat. Komplex hat\u00e1s\u00fa, cs\u00f6kkenti a stresszt, n\u00f6veli a koncentr\u00e1l\u00f3 k\u00e9pess\u00e9get, meger\u0151s\u00edti az immunrendszert. Az ajurv\u00e9dikus orvosl\u00e1sban r\u00e9g\u00f3ta haszn\u00e1lt gy\u00f3gyn\u00f6v\u00e9ny szabadalommal v\u00e9dett kivonata oligoszaharidokat \u00e9s withanolidokat is tartalmaz. Fokozza a stresszt\u0171r\u0151 k\u00e9pess\u00e9get, jav\u00edtja a fizikai \u00e9s szellemi teljes\u00edtm\u00e9nyt, t\u00e1mogatja a kr\u00f3nikus f\u00e1radts\u00e1g \u00e9s az \u00e1ltal\u00e1nos gyenges\u00e9g lek\u00fczd\u00e9s\u00e9t.<\/p>\n<h3>Mikor aj\u00e1nlott a GAL Sensoril Ashwagandha (indiai ginzeng) fogyaszt\u00e1sa?<\/h3>\n<ul>\n<li>Stresszes id\u0151szakban<\/li>\n<li>A stressz fizikai \u00e9s lelki t\u00fcneteinek cs\u00f6kkent\u00e9s\u00e9hez<\/li>\n<li>Legyeng\u00fclt immunrendszer eset\u00e9n<\/li>\n<li>Az \u00f6reged\u00e9si folyamatok lass\u00edt\u00e1s\u00e1hoz<\/li>\n<li>Neh\u00e9z fizikai vagy szellemi munk\u00e1t v\u00e9gz\u0151knek<\/li>\n<li>Alv\u00e1sprobl\u00e9m\u00e1k eset\u00e9n<\/li>\n<li>\u00c1lland\u00f3 f\u00e1radts\u00e1g\u00e9rzetn\u00e9l<\/li>\n<li>Sportol\u00f3knak<\/li>\n<li>Cukorbetegs\u00e9g eset\u00e9n<\/li>\n<li>Magas koleszterinszintre<\/li>\n<li>A koncentr\u00e1l\u00f3k\u00e9pess\u00e9g n\u00f6vel\u00e9s\u00e9hez<\/li>\n<li>A szexu\u00e1lis probl\u00e9m\u00e1k kezel\u00e9s\u00e9hez<\/li>\n<li>A t\u00e1panyagok felsz\u00edv\u00f3d\u00e1s\u00e1nak \u00e9s hasznosul\u00e1s\u00e1nak jav\u00edt\u00e1s\u00e1hoz<\/li>\n<li>A b\u0151r fiatal\u00edt\u00e1s\u00e1hoz, a b\u0151rhib\u00e1k cs\u00f6kkent\u00e9s\u00e9hez<\/li>\n<\/ul>\n<p>A ginzeng szed\u00e9s\u00e9re nincs ellenjavallat korra vagy nemre tekintettel, mindenki sz\u00e1m\u00e1ra hasznos lehet. Azonban b\u00e1rmilyen koffeintartalm\u00fa itallal vagy \u00e9tellel egy\u00fctt fogyasztva cs\u00f6kkenhet a hat\u00e1sa, vagy mell\u00e9khat\u00e1sok alakulhatnak ki. Ritk\u00e1n okozhat enyhe \u00e1lmoss\u00e1got, ez\u00e9rt g\u00e9pj\u00e1rm\u0171 vezet\u00e9se vagy g\u00e9pkezel\u0151i tev\u00e9kenys\u00e9g v\u00e9gz\u00e9se idej\u00e9n, illetve 2 \u00f3r\u00e1val a tev\u00e9kenys\u00e9g megkezd\u00e9se el\u0151tt a kapszul\u00e1t nem szabad bevenni.<\/p>\n<h3>Mit tartalmaz a GAL Sensoril Ashwagandha (indiai ginzeng) 1 \/ 2 kapszul\u00e1ban?<\/h3>\n<ul>\n<li>Sensoril ashwagandha-kivonat (Withania somnifera): 125 mg \/ 250 mg<\/li>\n<li>Oligoszaharidok: min. 40 mg \/ min. 80 mg<\/li>\n<li>Whithanolid-glikozidok: min. 12,5 mg \/ min. 25 mg<\/li>\n<\/ul>\n<h3>Mennyit javasolt fogyasztani bel\u0151le?<\/h3>\n<p>Naponta 2 db kapszula fogyaszt\u00e1sa aj\u00e1nlott, 1-et \u00e9bred\u00e9skor \u00e9hgyomorra vegyen be, 1-et pedig eb\u00e9d vagy vacsora el\u0151tt, szint\u00e9n \u00fcres gyomorra. V\u00e1rand\u00f3sok, szoptat\u00f3 any\u00e1k sz\u00e1m\u00e1ra nem aj\u00e1nlj\u00e1k a szed\u00e9s\u00e9t, magas v\u00e9rnyom\u00e1st\u00f3l szenved\u0151k, t\u00fcd\u0151- \u00e9s sz\u00edvbetegek, valamint barbitur\u00e1ttartalm\u00fa gy\u00f3gyszereket szed\u0151k el\u0151re egyeztess\u00e9k a kezel\u0151orvosukkal a ginzeng \u00e9s a gy\u00f3gyszerek egy\u00fcttes alkalmaz\u00e1s\u00e1t.<\/p>\n<h3>GAL Sensoril Ashwagandha (indiai ginzeng)<\/h3>\n<p>A GAL k\u00e9sz\u00edtm\u00e9ny\u00e9ben az indiai ginzengnek nemcsak a gy\u00f6ker\u00e9b\u0151l, de a leveleib\u0151l is kivonatolt\u00e1k az \u00e9rt\u00e9kes hat\u00f3anyagokat. Komplex hat\u00e1s\u00fa: cs\u00f6kkenti a stresszt, n\u00f6veli a koncentr\u00e1l\u00f3 k\u00e9pess\u00e9get, meger\u0151s\u00edti az immunrendszert.<\/p>\n<h3>Kinek aj\u00e1nlott a ginzeng fogyaszt\u00e1sa?<\/h3>\n<p>A\u00a0ginzenget\u00a0mint t\u00e1pl\u00e1l\u00e9k-kieg\u00e9sz\u00edt\u0151t ma m\u00e1r vil\u00e1gszerte sz\u00e9les k\u00f6rben haszn\u00e1lj\u00e1k. Az \u00e9rett n\u00f6v\u00e9ny gy\u00f6ker\u00e9b\u0151l vonj\u00e1k ki az \u00e9rt\u00e9kes hat\u00f3anyagokat, t\u00f6bbnyire porr\u00e1 \u0151r\u00f6lt form\u00e1ban lehet hozz\u00e1jutni a gy\u00f3gyn\u00f6v\u00e9nyboltokban. \u00c1ltal\u00e1nos tapasztalat, hogy a ginzeng hat\u00f3anyagai n\u00f6velik a szellemi \u00e9s fizikai er\u0151nl\u00e9tet, kezelik a szexu\u00e1lis probl\u00e9m\u00e1kat, az \u00f6reged\u00e9ssel egy\u00fctt j\u00e1r\u00f3 panaszokat, k\u00e9pesek k\u00f6z\u00f6mb\u00f6s\u00edteni a stresszhat\u00e1sokat, \u00e9s egyens\u00falyt teremteni a szervek m\u0171k\u00f6d\u00e9s\u00e9ben.<\/p>\n<h3>K\u00fcl\u00f6n\u00f6sen aj\u00e1nlott<\/h3>\n<ul>\n<li>neh\u00e9z fizikai vagy szellemi munk\u00e1t v\u00e9gz\u0151knek<\/li>\n<li>sportol\u00f3knak<\/li>\n<li>stresszes id\u0151szakban<\/li>\n<li>alv\u00e1sprobl\u00e9m\u00e1k eset\u00e9n<\/li>\n<li>\u00e1lland\u00f3 f\u00e1radts\u00e1g\u00e9rzetn\u00e9l<\/li>\n<li>cukorbetegeknek<\/li>\n<li>magas koleszterinszintre<\/li>\n<li>legyeng\u00fclt immunrendszern\u00e9l<\/li>\n<\/ul>\n<h3>Hogyan hat a gizeng?<\/h3>\n<p>Gy\u00f3gyhat\u00e1s\u00e1t els\u0151sorban glikozidvegy\u00fcleteinek k\u00f6sz\u00f6nheti, melyek megsz\u00fcntetik a stressz \u00e1ltal okozott lelki \u00e9s fizikai t\u00fcneteket, egyben megn\u00f6velik a teljes\u00edt\u0151k\u00e9pess\u00e9get. Speci\u00e1lis sz\u00e9nhidr\u00e1tjai er\u0151s\u00edtik az immunrendszert, fokozz\u00e1k azon immunsejtek termel\u0151d\u00e9s\u00e9t, amelyek elpuszt\u00edtj\u00e1k a szervezetbe jut\u00f3 k\u00e1ros bakt\u00e9riumokat \u00e9s v\u00edrusokat.<\/p>\n<p>A ginzeng az eg\u00e9sz szervezetre j\u00f3t\u00e9kony hat\u00e1st fejt ki, normaliz\u00e1lja a bels\u0151 folyamatokat. Ahol sz\u00fcks\u00e9ges, ott serkenti az immunrendszert, ahol t\u00falm\u0171k\u00f6d\u00e9s van, ott lenyugtat \u00e9s kiegyenl\u00edt. Kezeli a pszich\u00e9s \u00e9s testi kimer\u00fclts\u00e9get, gy\u00f3gy\u00edtja az \u00e1lmatlans\u00e1got, az impotenci\u00e1t, a v\u00e9rszeg\u00e9nys\u00e9get, az \u00edz\u00fcleti gyullad\u00e1sokat. Seg\u00edti az em\u00e9szt\u00e9st, v\u00e9di a sz\u00edvet, egyens\u00falyba hozza a magas, illetve alacsony v\u00e9rnyom\u00e1st \u00e9s v\u00e9rcukorszintet.<\/p>\n<p>A ginzeng a bels\u0151 elv\u00e1laszt\u00e1s\u00fa mirigyek m\u0171k\u00f6d\u00e9s\u00e9re is kihat, el\u0151seg\u00edti, hogy a bevitt vitaminokat \u00e9s \u00e1sv\u00e1nyi anyagokat a lehet\u0151 legjobb felsz\u00edv\u00f3d\u00e1ssal tudja hasznos\u00edtani a szervezet. Keleten \u00e9ppen ez\u00e9rt az \u00e9let gy\u00f6ker\u00e9nek is nevezik, eg\u00e9szs\u00e9get \u00e9s er\u0151t ad\u00f3 gy\u00f3gyn\u00f6v\u00e9nynek.<\/p>\n<h3>Cs\u00f6kkenti a stresszt, n\u00f6veli a koncentr\u00e1l\u00f3 k\u00e9pess\u00e9get<\/h3>\n<p>A ginzeng t\u00e1mogatja a mell\u00e9kvese megfelel\u0151 m\u0171k\u00f6d\u00e9s\u00e9t, ezzel nagym\u00e9rt\u00e9kben hozz\u00e1j\u00e1rul a stressz lek\u00fczd\u00e9s\u00e9hez. Fokozza az agytev\u00e9kenys\u00e9get, emeli az adrenalinkibocs\u00e1t\u00e1st. \u00c9berebb \u00e1llapotban tartja az agyat, ez\u00e9rt a munkateljes\u00edtm\u00e9ny jav\u00edt\u00e1s\u00e1ra is alkalmazz\u00e1k, nemcsak a pszich\u00e9s folyamatok t\u00e1mogat\u00e1s\u00e1val \u00e9s a mem\u00f3ria jav\u00edt\u00e1s\u00e1val, de m\u00e9g extr\u00e9m fizikai stresszhat\u00e1sokkal is seg\u00edt megbirk\u00f3zni. N\u00f6veli az izmok energiafelhaszn\u00e1l\u00e1s\u00e1t, k\u00e9slelteti a kimer\u00fcl\u00e9st, f\u00e1radts\u00e1g\u00e9rzetet, fokozza az endorfintermel\u00e9st.<\/p>\n<h3>V\u00e9di a sz\u00edvet, az \u00e9rrendszert<\/h3>\n<p>A ginzeng cs\u00f6kkenti az \u00f6ssz-koleszterinszintet, ezzel egyidej\u0171leg k\u00e9pes n\u00f6velni a j\u00f3 koleszterin szintj\u00e9t. Ezzel pozit\u00edv hat\u00e1st fejt ki mind az \u00e9rrendszer eg\u00e9szs\u00e9g\u00e9re, mind a sz\u00edv megfelel\u0151 m\u0171k\u00f6d\u00e9s\u00e9re, fontos szerepet j\u00e1tszhat az \u00e9relmeszesed\u00e9s \u00e9s az infarktus megel\u0151z\u00e9s\u00e9ben!<\/p>\n<h3>Er\u0151s\u00edti az immunrendszert<\/h3>\n<p>A ginzeng rendszeres fogyaszt\u00e1sa g\u00e1tolhatja az \u00f6reged\u00e9si folyamatokat, megakad\u00e1lyozhatja az immunrendszer gyeng\u00fcl\u00e9s\u00e9t. A vitaminok \u00e9s az \u00e1sv\u00e1nyi anyagok hat\u00e9kony felsz\u00edv\u00f3d\u00e1s\u00e1nak t\u00e1mogat\u00e1s\u00e1val v\u00e9delmet ny\u00fajt a fert\u0151z\u0151 betegs\u00e9gek \u00e9s a sejtek k\u00e1rosod\u00e1sa ellen. A betegs\u00e9gek ut\u00e1ni l\u00e1badoz\u00e1s id\u0151szak\u00e1ban nagy seg\u00edts\u00e9get ny\u00fajthat a legyeng\u00fclt szervezet meger\u0151s\u00f6d\u00e9s\u00e9ben, energiaszintj\u00e9nek n\u00f6vel\u00e9s\u00e9ben. A ginzenget betegekn\u00e9l is haszn\u00e1lj\u00e1k kieg\u00e9sz\u00edt\u0151 ter\u00e1pia r\u00e9szek\u00e9nt, lass\u00edthatja, illetve meg\u00e1ll\u00edthatja a n\u00f6veked\u00e9s\u00e9t, a s\u00e9r\u00fclt szervekre is gy\u00f3gyhat\u00e1ssal van.<\/p>\n<h3>Kiegyens\u00falyozza a v\u00e9rcukorszintet<\/h3>\n<p>A ginzeng fogyaszt\u00e1s\u00e1r\u00f3l diab\u00e9tesz eset\u00e9n \u00e9rdemes egyeztetni a kezel\u0151orvossal, mert a serkenti az inzulintermel\u00e9st, \u00e9s a szervezetet arra \u00f6szt\u00f6nzi, hogy egyens\u00falyba hozza a v\u00e9rcukorszintet. K\u00fcl\u00f6n\u00f6sen id\u0151skori cukorbetegs\u00e9g lek\u00fczd\u00e9s\u00e9ben sikeres.<\/p>\n<h3>N\u00f6veli a potenci\u00e1t<\/h3>\n<p>Mind a f\u00e9rfiak, mind a n\u0151k eset\u00e9ben seg\u00edti helyre\u00e1ll\u00edtani a term\u00e9szetes libid\u00f3t, fokozza a h\u00edmivarszervek m\u0171k\u00f6d\u00e9s\u00e9t, ez\u00e9rt az impotencia kezel\u00e9s\u00e9ben is eredm\u00e9nyess\u00e9 v\u00e1lhat. A v\u00e1ltoz\u00f3kori kellemetlen t\u00fcneteket, v\u00e1gycs\u00f6kken\u00e9st kiv\u00e1l\u00f3an semleges\u00edti, term\u00e9szetes \u00faton, mell\u00e9khat\u00e1sok n\u00e9lk\u00fcl, egyenesen a hormonh\u00e1ztart\u00e1sra hat.<\/p>\n<h3>Fiatal\u00edtja a b\u0151rt<\/h3>\n<p>A ginzengb\u0151l k\u00e9sz\u00fclt kozmetikai term\u00e9kek meg\u00faj\u00edt\u00f3 hat\u00e1ssal vannak a b\u0151rre, felt\u00f6ltik energi\u00e1val, megfiatal\u00edtj\u00e1k,\u00a0 feszes\u00edtik a k\u00f6t\u0151sz\u00f6veteket. K\u00fcl\u00f6nb\u00f6z\u0151 b\u0151rhib\u00e1k, elv\u00e1ltoz\u00e1sok, illetve gyullad\u00e1sok kezel\u00e9s\u00e9re is alkalmas.<\/p>\n","protected":false},"excerpt":{"rendered":"<p>Az Ashwagandha (indiai ginzeng) hozz\u00e1j\u00e1rulhat a szellemi- \u00e9s fizikai teljes\u00edt\u0151k\u00e9pess\u00e9g n\u00f6vel\u00e9s\u00e9hez, a stresszt\u0171r\u0151 k\u00e9pess\u00e9g jav\u00edt\u00e1s\u00e1hoz, a szervezet ellen\u00e1ll\u00f3 k\u00e9pess\u00e9g\u00e9nek fokoz\u00e1s\u00e1hoz. Seg\u00edthet a gyenges\u00e9g \u00e9s a kr\u00f3nikus f\u00e1radts\u00e1g lek\u00fczd\u00e9s\u00e9ben.<\/p>\n","protected":false},"featured_media":5313,"comment_status":"closed","ping_status":"open","template":"","meta":[],"product_cat":[61],"product_tag":[],"class_list":{"0":"post-5312","1":"product","2":"type-product","3":"status-publish","4":"has-post-thumbnail","6":"product_brand-gal","7":"product_cat-etrend-kiegeszitok","9":"first","10":"instock","11":"purchasable","12":"product-type-simple"},"_links":{"self":[{"href":"https:\/\/vitamin.coredesign.hu\/index.php?rest_route=\/wp\/v2\/product\/5312","targetHints":{"allow":["GET"]}}],"collection":[{"href":"https:\/\/vitamin.coredesign.hu\/index.php?rest_route=\/wp\/v2\/product"}],"about":[{"href":"https:\/\/vitamin.coredesign.hu\/index.php?rest_route=\/wp\/v2\/types\/product"}],"replies":[{"embeddable":true,"href":"https:\/\/vitamin.coredesign.hu\/index.php?rest_route=%2Fwp%2Fv2%2Fcomments&post=5312"}],"wp:featuredmedia":[{"embeddable":true,"href":"https:\/\/vitamin.coredesign.hu\/index.php?rest_route=\/wp\/v2\/media\/5313"}],"wp:attachment":[{"href":"https:\/\/vitamin.coredesign.hu\/index.php?rest_route=%2Fwp%2Fv2%2Fmedia&parent=5312"}],"wp:term":[{"taxonomy":"product_cat","embeddable":true,"href":"https:\/\/vitamin.coredesign.hu\/index.php?rest_route=%2Fwp%2Fv2%2Fproduct_cat&post=5312"},{"taxonomy":"product_tag","embeddable":true,"href":"https:\/\/vitamin.coredesign.hu\/index.php?rest_route=%2Fwp%2Fv2%2Fproduct_tag&post=5312"}],"curies":[{"name":"wp","href":"https:\/\/api.w.org\/{rel}","templated":true}]}}