{"id":5309,"date":"2025-10-12T12:24:39","date_gmt":"2025-10-12T10:24:39","guid":{"rendered":"https:\/\/vitamin.coredesign.hu\/?product=gal-c-komplex-kapszula-90db"},"modified":"2026-01-08T23:24:07","modified_gmt":"2026-01-08T22:24:07","slug":"gal-c-komplex-kapszula-90db","status":"publish","type":"product","link":"https:\/\/vitamin.coredesign.hu\/?product=gal-c-komplex-kapszula-90db","title":{"rendered":"GAL C-komplex kapszula \u2013 90db"},"content":{"rendered":"<p>&nbsp;<\/p>\n<div id=\"lt-accessibility-devtools\" aria-hidden=\"true\"><\/div>\n<p>A C-vitamin hozz\u00e1j\u00e1rulhat a szervezet ellen\u00e1ll\u00f3 k\u00e9pess\u00e9g\u00e9nek n\u00f6vel\u00e9s\u00e9hez, az immunrendszer norm\u00e1l\u00a0m\u0171k\u00f6d\u00e9s\u00e9hez, a sz\u00edv- \u00e9s \u00e9rrendszer eg\u00e9szs\u00e9g\u00e9hez.<\/p>\n<h2>GAL C-komplex kapszula<\/h2>\n<p>A GAL C-vitamin komplex kapszula egy nagy d\u00f3zis\u00fa C-vitamin k\u00e9sz\u00edtm\u00e9ny kiv\u00e1l\u00f3 felsz\u00edv\u00f3d\u00e1st \u00e9s hasznosul\u00e1st biztos\u00edt\u00f3 n\u00f6v\u00e9nyi kivonatokkal. A benne l\u00e9v\u0151 bioflavonoidok, v\u00f6r\u00f6s sz\u0151l\u0151 \u00e9s feketebors hozz\u00e1j\u00e1rul az immunrendszer norm\u00e1l m\u0171k\u00f6d\u00e9s\u00e9hez, a fert\u0151z\u00e9sekkel szembeni ellen\u00e1ll\u00f3 k\u00e9pess\u00e9g n\u00f6vel\u00e9s\u00e9hez.<\/p>\n<h3>Mikor aj\u00e1nlott a GAL C-komplex kapszula fogyaszt\u00e1sa?<\/h3>\n<ul>\n<li>Az immunrendszer er\u0151s\u00edt\u00e9s\u00e9hez<\/li>\n<li>A szervezet fert\u0151z\u00e9sekkel szembeni v\u00e9dekez\u0151k\u00e9pess\u00e9g\u00e9nek fokoz\u00e1s\u00e1hoz<\/li>\n<li>Megf\u00e1z\u00e1sos, influenz\u00e1s betegs\u00e9gek eset\u00e9n a gy\u00f3gyul\u00e1s el\u0151seg\u00edt\u00e9s\u00e9hez<\/li>\n<li>Az \u00e9rrendszer eg\u00e9szs\u00e9g\u00e9nek meg\u0151rz\u00e9s\u00e9hez<\/li>\n<li>A csontok, inak, \u00ednszalagok \u00e9s a porcok er\u0151ss\u00e9g\u00e9hez<\/li>\n<li>A fogak \u00e9s a fog\u00edny norm\u00e1l \u00e1llapot\u00e1nak meg\u0151rz\u00e9s\u00e9hez<\/li>\n<li>A b\u0151r term\u00e9szetes v\u00e9dekez\u0151 k\u00e9pess\u00e9g\u00e9nek fenntart\u00e1s\u00e1hoz<\/li>\n<li>Az idegrendszer kiegyens\u00falyozott m\u0171k\u00f6d\u00e9s\u00e9hez<\/li>\n<li>A f\u00e1radts\u00e1g\u00e9rzet \u00e9s a kif\u00e1rad\u00e1s cs\u00f6kkent\u00e9s\u00e9hez<\/li>\n<li>A vas felsz\u00edv\u00f3d\u00e1s\u00e1nak t\u00e1mogat\u00e1s\u00e1hoz<\/li>\n<li>A szervezet antioxid\u00e1ns v\u00e9delm\u00e9nek n\u00f6vel\u00e9s\u00e9hez<\/li>\n<li>Az \u00f6reged\u00e9si folyamatok lass\u00edt\u00e1s\u00e1hoz<\/li>\n<\/ul>\n<p>Nagy d\u00f3zis\u00fa C-vitamin, kiv\u00e1l\u00f3 felsz\u00edv\u00f3d\u00e1st \u00e9s hasznosul\u00e1st biztos\u00edt\u00f3 n\u00f6v\u00e9nyi kivonatokkal. Bioflavonoidok, v\u00f6r\u00f6s sz\u0151l\u0151 \u00e9s feketebors t\u00e1mogatja az immunrendszer megfelel\u0151 m\u0171k\u00f6d\u00e9s\u00e9t, a fert\u0151z\u00e9sekkel szembeni v\u00e9dekez\u0151 k\u00e9pess\u00e9g n\u00f6vel\u00e9s\u00e9t. A term\u00e9szetben is megtal\u00e1lhat\u00f3 form\u00e1ban tartalmazza az er\u0151s antioxid\u00e1nsokat, a sz\u00edvv\u00e9d\u0151, \u00e9rv\u00e9d\u0151, immunrendszert er\u0151s\u00edt\u0151 vegy\u00fcleteket.<\/p>\n<h3>Mit tartalmaz a GAL C-komplex 2 kapszul\u00e1ban?<\/h3>\n<ul>\n<li>C-vitamin 1333 mg<\/li>\n<li>Szinergikus n\u00f6v\u00e9nyi-kivonatok 304 mg<\/li>\n<li>Citrus bioflavonoid-komplex [60% heszperidin + egy\u00e9b bioflavonoidok] 200 mg<\/li>\n<li>V\u00f6r\u00f6s sz\u0151l\u0151mag-kivonat (Vitis vinifera) [95% oligomerikus proantocianidin komplex (OPC)] 50 mg<\/li>\n<li>V\u00f6r\u00f6s sz\u0151l\u0151h\u00e9j-kivonat (Vitis vinifera) [70% polifenol] 50 mg<\/li>\n<li>BioPerine\u00ae feketebors-kivonat (Piper nigrum) [98% piperin] 4 mg<\/li>\n<\/ul>\n<h3>Mennyit javasolt fogyasztani bel\u0151le?<\/h3>\n<p>Naponta 2\u00d71 kapszula fogyaszt\u00e1sa aj\u00e1nlott \u00e9tkez\u00e9skor. Legjobb elosztva a nap folyam\u00e1n, azaz \u00e9tkez\u00e9senk\u00e9nt 1db, de egyszerre is beszedhet\u0151 mind a 2db.<\/p>\n<h3>GAL C-komplex kapszula<\/h3>\n<h3>A legnagyobb mennyis\u00e9gben sz\u00fcks\u00e9ges vitamin<\/h3>\n<p>A\u00a0C-vitamin\u00a0els\u0151sorban a n\u00e1tha \u00e9s a megf\u00e1z\u00e1s elleni term\u00e9szetes gy\u00f3gyszerk\u00e9nt ismert, azonban enn\u00e9l j\u00f3val jelent\u0151sebb szerepe is van a szervezetben. Seg\u00edti az immunrendszer norm\u00e1l m\u0171k\u00f6d\u00e9s\u00e9t, az \u00e9rrendszer eg\u00e9szs\u00e9g\u00e9nek meg\u0151rz\u00e9s\u00e9t, a csontok, inak, \u00ednszalagok \u00e9s a porcok er\u0151ss\u00e9g\u00e9t. Befoly\u00e1solja a fogak \u00e9s a fog\u00edny \u00e1llapot\u00e1t, biztos\u00edtja a b\u0151r term\u00e9szetes v\u00e9dekez\u0151 k\u00e9pess\u00e9g\u00e9nek fenntart\u00e1s\u00e1t. Az idegrendszer megfelel\u0151 m\u0171k\u00f6d\u00e9s\u00e9nek t\u00e1mogat\u00e1s\u00e1val hozz\u00e1j\u00e1rul a f\u00e1radts\u00e1g\u00e9rzet \u00e9s a kif\u00e1rad\u00e1s cs\u00f6kkent\u00e9s\u00e9hez is, tov\u00e1bb\u00e1 fokozza a vas felsz\u00edv\u00f3d\u00e1s\u00e1t.<\/p>\n<h3>Immuner\u0151s\u00edt\u0151, extra antioxid\u00e1ns<\/h3>\n<p>Fokozza az immunrendszer m\u0171k\u00f6d\u00e9s\u00e9t, n\u00f6veli a feh\u00e9rv\u00e9rsejtek sz\u00e1m\u00e1t, melyek a szervezetet megt\u00e1mad\u00f3 k\u00f3rokoz\u00f3k, fert\u0151z\u00e9sek ellen v\u00e9dekeznek. \u00a0Megel\u0151z\u0151 szerepe lehet a rosszindulat\u00fa \u00e9s a sz\u00edvprobl\u00e9m\u00e1k kialakul\u00e1s\u00e1ban. Antioxid\u00e1ns tulajdons\u00e1g\u00e1val hat\u00e9konyan semleges\u00edti a k\u00e1ros\u00a0szabad gy\u00f6k\u00f6ket, amelyek a sejtek k\u00e1rosod\u00e1s\u00e1t, \u00f6reged\u00e9s\u00e9t vagy el od\u00e1s\u00e1t okozhatj\u00e1k.<\/p>\n<h3>Eg\u00e9szs\u00e9gesen tartja az \u00e9rrendszert<\/h3>\n<p>A C-vitamin hozz\u00e1j\u00e1rul\u00a0az erek rugalmass\u00e1g\u00e1t \u00e9s er\u0151ss\u00e9g\u00e9t biztos\u00edt\u00f3 elasztin \u00e9s kollag\u00e9n\u00a0termel\u0151d\u00e9s\u00e9hez, megtiszt\u00edtja a bels\u0151 \u00e9rfalat, meger\u0151s\u00edti a k\u00f6t\u0151sz\u00f6veteket, az izmokat a csontokhoz r\u00f6gz\u00edt\u0151 inakat, \u00ednszalagokat, az \u00edz\u00fcleteket \u00e9s a fog\u00ednyt. Hat\u00e1s\u00e1ra a v\u00e9n\u00e1kban ritk\u00e1bban keletkeznek v\u00e9rr\u00f6g\u00f6k, ezzel nagym\u00e9rt\u00e9kben cs\u00f6kkentheti az infarktus \u00e9s az emb\u00f3lia vesz\u00e9ly\u00e9t.<\/p>\n<h3>\u00d6reged\u00e9sg\u00e1tl\u00f3, kollag\u00e9ntermel\u0151<\/h3>\n<p>N\u00e9lk\u00fcl\u00f6zhetetlen a b\u0151r kollag\u00e9nj\u00e9nek k\u00e9pz\u0151d\u00e9s\u00e9hez, hi\u00e1ny\u00e1ban a b\u0151r t\u00f6redezett \u00e9s sz\u00e1raz lesz, fog\u00e9konny\u00e1 v\u00e1lik a fert\u0151z\u00e9sekre. Gyors\u00edtja a m\u0171t\u00e9tek ut\u00e1ni sebgy\u00f3gyul\u00e1st \u00e9s hegk\u00e9pz\u0151d\u00e9st, seg\u00edt az \u00e9g\u00e9si s\u00e9r\u00fcl\u00e9sek gy\u00f3gyul\u00e1s\u00e1t.<\/p>\n<h3>Megf\u00e1z\u00e1s, influenza ellen<\/h3>\n<p>Az els\u0151 t\u00fcnetek megjelen\u00e9sekor elkezdett magasabb d\u00f3zis\u00fa C-vitamin szed\u00e9se ak\u00e1r 30 sz\u00e1zal\u00e9kkal is cs\u00f6kkentheti a betegs\u00e9g id\u0151tartam\u00e1t, emellett jelent\u0151sen enyh\u00edti a betegs\u00e9get k\u00eds\u00e9r\u0151 t\u00fcneteket, \u00e9s megakad\u00e1lyozhatja a s\u00falyosabb sz\u00f6v\u0151dm\u00e9nyek kialakul\u00e1s\u00e1t.<\/p>\n<h3>Er\u0151s\u00edti a csontokat<\/h3>\n<p>A C-vitamin el\u0151seg\u00edti a kalcium felsz\u00edv\u00f3d\u00e1s\u00e1t,\u00a0\u00edgy er\u0151s\u00edti a csontokat \u00e9s a fogakat, hozz\u00e1j\u00e1rul az \u00e1sv\u00e1nyi anyagok megfelel\u0151 mennyis\u00e9g\u0171 be\u00e9p\u00fcl\u00e9s\u00e9hez, hasznosul\u00e1s\u00e1hoz. A vas felsz\u00edv\u00f3d\u00e1s\u00e1ban is kiemelked\u0151 szerepe van.<\/p>\n<h3>Stresszcs\u00f6kkent\u0151 hat\u00e1s\u00fa<\/h3>\n<p>N\u00f6veli a stresszt\u0171r\u0151 k\u00e9pess\u00e9get, legyen az fizikai vagy pszich\u00e9s stressz, v\u00e9delmet ny\u00fajt a szervezet eg\u00e9szs\u00e9ges, norm\u00e1lis m\u0171k\u00f6d\u00e9s\u00e9hez, a pajzsmirigy munk\u00e1j\u00e1nak seg\u00edts\u00e9g\u00e9vel pedig a f\u00e1radts\u00e1g\u00e9rzetet is cs\u00f6kkenti.<\/p>\n<h3>Napi sz\u00fcks\u00e9ges C-vitamin-mennyis\u00e9g<\/h3>\n<p>A minim\u00e1lisan javasolt napi C-vitamin-mennyis\u00e9g 60 mg, ami a legs\u00falyosabb hi\u00e1nybetegs\u00e9g, a skorbut megel\u0151z\u00e9s\u00e9re elegend\u0151. Optim\u00e1lis mennyis\u00e9g\u00e9t feln\u0151ttek sz\u00e1m\u00e1ra napi 500 \u00e9s 2000 mg k\u00f6z\u00f6tt hat\u00e1rozt\u00e1k meg.<\/p>\n<p>A C-vitamin felsz\u00edv\u00f3d\u00e1s\u00e1t, hasznosul\u00e1s\u00e1t jelent\u0151sen cs\u00f6kkentheti a doh\u00e1nyz\u00e1s, a t\u00falzott alkoholfogyaszt\u00e1s, bizonyos orvoss\u00e1gok, fogamz\u00e1sg\u00e1tl\u00f3k szed\u00e9se, m\u0171t\u00e9t ut\u00e1ni l\u00e1badoz\u00e1s, az er\u0151s fizikai megterhel\u00e9s, illetve stressz, a terhess\u00e9g, a klimax, az 55 \u00e9vet meghalad\u00f3 \u00e9letkor, ez\u00e9rt ezek az \u00e1llapotok mind emelhetik a napi sz\u00fcks\u00e9ges vitaminmennyis\u00e9get.<\/p>\n<h3>A C-vitamin hi\u00e1ny\u00e1nak t\u00fcnetei<\/h3>\n<ul>\n<li>gyakori megf\u00e1z\u00e1s<\/li>\n<li>visszat\u00e9r\u0151 fert\u0151z\u00e9s<\/li>\n<li>\u00e1lland\u00f3 gyenges\u00e9g, f\u00e1radts\u00e1g\u00e9rzet<\/li>\n<li>\u00ednygyullad\u00e1s, roml\u00f3 fogak<\/li>\n<li>lass\u00fa sebgy\u00f3gyul\u00e1s<\/li>\n<li>csontok gyeng\u00fcl\u00e9se<\/li>\n<li>visszerek megjelen\u00e9se, megl\u00e9v\u0151 visszerek roml\u00e1sa<\/li>\n<li>v\u00e9rszeg\u00e9nys\u00e9g<\/li>\n<li>fejf\u00e1j\u00e1sok, migr\u00e9n<\/li>\n<li>s\u00e9r\u00fcl\u00e9keny b\u0151r<\/li>\n<li>gyakori orrv\u00e9rz\u00e9s<\/li>\n<\/ul>\n<h3>Term\u00e9szetes \u00f6sszetev\u0151kkel a legjobb eredm\u00e9nyek\u00e9rt<\/h3>\n<h3>Bioflavonoidok<\/h3>\n<p>A flavonoidok term\u00e9szetes n\u00f6v\u00e9nyi fest\u00e9kanyagok, amelyeket a n\u00f6v\u00e9nyek termelnek v\u00e9dekez\u00e9s\u00fcl a k\u00f3rokoz\u00f3kkal, a k\u00e1ros k\u00fcls\u0151 hat\u00e1sokkal, sug\u00e1rz\u00e1ssal szemben. Ezek az anyagok hasznosak az emberi szervezet sz\u00e1m\u00e1ra is, mert ugyanolyan v\u00e9delmi szerepet t\u00f6ltenek be. Fogyaszt\u00e1suk v\u00e9delmet ny\u00fajthat a sz\u00edv- \u00e9s \u00e9rrendszer megbeteged\u00e9sei, a v\u00edrusos \u00e9s bakt\u00e9riumos fert\u0151z\u00e9sek, a m\u00e1j k\u00e1rosod\u00e1sa \u00e9s a rosszindulat\u00fa kialakul\u00e1sa ellen is.<\/p>\n<h3>V\u00f6r\u00f6s sz\u0151l\u0151lev\u00e9l<\/h3>\n<p>Az egyik leger\u0151sebb term\u00e9szetes antioxid\u00e1ns. N\u00f6v\u00e9nyi hat\u00f3anyagai, a tannin, a polifenol \u00e9s a resveratrol megv\u00e9dik a sejteket a k\u00e1rosod\u00e1sok ellen. Seg\u00edt meger\u0151s\u00edteni, rugalmasan tartani az \u00e9rfalakat, jav\u00edtja a kering\u00e9st \u00e9s a l\u00e1t\u00e1st, szab\u00e1lyozza a v\u00e9rnyom\u00e1st, v\u00e9di az agyat, az idegrendszert, az \u00edz\u00fcleteket. A b\u0151r rugalmass\u00e1g\u00e1nak \u00e9s nedvess\u00e9gmegtart\u00e1s\u00e1ban is nagy szerepet j\u00e1tszik, k\u00e9slelteti az \u00f6reged\u00e9st, a r\u00e1ncok kialakul\u00e1s\u00e1t, elm\u00e9ly\u00fcl\u00e9s\u00e9t. Rendszeres fogyaszt\u00e1s\u00e1val jelent\u0151sen cs\u00f6kkenthet\u0151 a tromb\u00f3zis vesz\u00e9lye.<\/p>\n<h3>V\u00f6r\u00f6s sz\u0151l\u0151mag<\/h3>\n<p>A sz\u0151l\u0151mag kimagasl\u00f3 mennyis\u00e9gben tartalmaz term\u00e9szetes antioxid\u00e1nsokat, amelyek megk\u00f6tik szervezetben l\u00e9v\u0151 szabadgy\u00f6k\u00f6ket. Ezek a szabadgy\u00f6k\u00f6k felel\u0151sek az \u00f6reged\u00e9si folyamatok, az immunrendszer gyeng\u00fcl\u00e9se \u00e9s ezzel k\u00fcl\u00f6nf\u00e9le eg\u00e9szs\u00e9g\u00fcgyi probl\u00e9m\u00e1k \u00e9s betegs\u00e9gek kialakul\u00e1s\u00e1\u00e9rt. Jav\u00edtja a v\u00e9r\u00e1raml\u00e1st, ezzel er\u0151sebb\u00e9 teszi az \u00e9rfalakat, cs\u00f6kkenti az \u00e9relmeszesed\u00e9s, a sz\u00edv- \u00e9s \u00e9rrendszeri betegs\u00e9gek kock\u00e1zat\u00e1t.<\/p>\n<h3>Feketebors<\/h3>\n<p>Gy\u00f3gyhat\u00e1s\u00e1t speci\u00e1lis vegy\u00fclet\u00e9nek, a\u00a0piperinnek\u00a0k\u00f6sz\u00f6nheti. A\u00a0piperin jav\u00edtja a k\u00fcl\u00f6nb\u00f6z\u0151 mikronutriensek, vitaminok \u00e9s \u00e1sv\u00e1nyi anyagok felsz\u00edv\u00f3d\u00e1s\u00e1t, \u00edgy azokat m\u00e9g hat\u00e9konyabban tudja hasznos\u00edtani a szervezet. Kiemelten t\u00e1mogatja a C-vitamin megfelel\u0151 felsz\u00edv\u00f3d\u00e1s\u00e1t. Serkenti a v\u00e9r- \u00e9s nyirokkering\u00e9st, gyullad\u00e1scs\u00f6kkent\u0151 \u00e9s f\u00e1jdalomcsillap\u00edt\u00f3 hat\u00e1s\u00fa. N\u00f6veli a szervek \u00e9s sz\u00f6vetek oxig\u00e9nell\u00e1t\u00e1s\u00e1t, seg\u00edti a v\u00f6r\u00f6sv\u00e9rtestek m\u0171k\u00f6d\u00e9s\u00e9t.<\/p>\n","protected":false},"excerpt":{"rendered":"<p>A C-vitamin hozz\u00e1j\u00e1rulhat a szervezet ellen\u00e1ll\u00f3 k\u00e9pess\u00e9g\u00e9nek n\u00f6vel\u00e9s\u00e9hez, az immunrendszer norm\u00e1l\u00a0m\u0171k\u00f6d\u00e9s\u00e9hez, a sz\u00edv- \u00e9s \u00e9rrendszer eg\u00e9szs\u00e9g\u00e9hez.<\/p>\n","protected":false},"featured_media":5310,"comment_status":"closed","ping_status":"open","template":"","meta":[],"product_cat":[60],"product_tag":[],"class_list":{"0":"post-5309","1":"product","2":"type-product","3":"status-publish","4":"has-post-thumbnail","6":"product_brand-gal","7":"product_cat-vitaminok","9":"first","10":"instock","11":"purchasable","12":"product-type-simple"},"_links":{"self":[{"href":"https:\/\/vitamin.coredesign.hu\/index.php?rest_route=\/wp\/v2\/product\/5309","targetHints":{"allow":["GET"]}}],"collection":[{"href":"https:\/\/vitamin.coredesign.hu\/index.php?rest_route=\/wp\/v2\/product"}],"about":[{"href":"https:\/\/vitamin.coredesign.hu\/index.php?rest_route=\/wp\/v2\/types\/product"}],"replies":[{"embeddable":true,"href":"https:\/\/vitamin.coredesign.hu\/index.php?rest_route=%2Fwp%2Fv2%2Fcomments&post=5309"}],"wp:featuredmedia":[{"embeddable":true,"href":"https:\/\/vitamin.coredesign.hu\/index.php?rest_route=\/wp\/v2\/media\/5310"}],"wp:attachment":[{"href":"https:\/\/vitamin.coredesign.hu\/index.php?rest_route=%2Fwp%2Fv2%2Fmedia&parent=5309"}],"wp:term":[{"taxonomy":"product_cat","embeddable":true,"href":"https:\/\/vitamin.coredesign.hu\/index.php?rest_route=%2Fwp%2Fv2%2Fproduct_cat&post=5309"},{"taxonomy":"product_tag","embeddable":true,"href":"https:\/\/vitamin.coredesign.hu\/index.php?rest_route=%2Fwp%2Fv2%2Fproduct_tag&post=5309"}],"curies":[{"name":"wp","href":"https:\/\/api.w.org\/{rel}","templated":true}]}}