{"id":5306,"date":"2025-10-12T12:24:14","date_gmt":"2025-10-12T10:24:14","guid":{"rendered":"https:\/\/vitamin.coredesign.hu\/?product=gal-k-komplexd3-vitamin-csepp-20ml"},"modified":"2026-01-08T23:24:00","modified_gmt":"2026-01-08T22:24:00","slug":"gal-k-komplexd3-vitamin-csepp-20ml","status":"publish","type":"product","link":"https:\/\/vitamin.coredesign.hu\/?product=gal-k-komplexd3-vitamin-csepp-20ml","title":{"rendered":"GAL K-komplex+D3-vitamin csepp \u2013 20ml"},"content":{"rendered":"<p>&nbsp;<\/p>\n<div id=\"lt-accessibility-devtools\" aria-hidden=\"true\"><\/div>\n<p>A GAL k\u00e9sz\u00edtm\u00e9nye a szervezet sz\u00e1m\u00e1ra legjobb hasznosul\u00e1s\u00fa, term\u00e9szetes D3 vitamint, valamint K1 \u00e9s K2 vitamint tartalmaz, nagy d\u00f3zisban, felsz\u00edv\u00f3d\u00e1st seg\u00edt\u0151 bio k\u00f3kuszolajban oldva. Hozz\u00e1j\u00e1rul az immunrendszer \u00e9s az idegrendszer eg\u00e9szs\u00e9ges m\u0171k\u00f6d\u00e9s\u00e9hez, a csontok meger\u0151s\u00edt\u00e9s\u00e9hez, a ok \u00e9s az autoimmun betegs\u00e9gek megel\u0151z\u00e9s\u00e9hez. A kiv\u00e1l\u00f3 felsz\u00edv\u00f3d\u00e1st \u00e9s hasznosul\u00e1st BIO- \u00e9s RSPO-min\u0151s\u00edt\u00e9s garant\u00e1lja!<\/p>\n<h2>GAL K-komplex+D3-vitamin csepp<\/h2>\n<p>A GAL K2 + D3-vitamin cseppek nagy d\u00f3zisban tartalmazza a szervezet sz\u00e1m\u00e1ra legjobb hasznosul\u00e1s\u00fa, term\u00e9szetes D3-vitamint, illetve K1- \u00e9s K2-vitamint is, felsz\u00edv\u00f3d\u00e1st seg\u00edt\u0151 p\u00e1lma- \u00e9s k\u00f3kuszolajb\u00f3l nyert organikus olajban oldva. Semleges \u00edz\u0171, \u00e9telbe is cseppenthet\u0151, ez\u00e1ltal gyermekeknek is k\u00f6nnyen adhat\u00f3. 1 \u00fcvegben kb. 60 adag tal\u00e1lhat\u00f3. A k\u00e9sz\u00edtm\u00e9ny hozz\u00e1j\u00e1rulhat az immunrendszer \u00e9s az idegrendszer eg\u00e9szs\u00e9ges m\u0171k\u00f6d\u00e9s\u00e9hez, a csontok meger\u0151s\u00edt\u00e9s\u00e9hez.<\/p>\n<h3>Mikor aj\u00e1nlott a\u00a0GAL K-komplex+D3-vitamin\u00a0cseppek fogyaszt\u00e1sa?<\/h3>\n<ul>\n<li>Az immunrendszer megfelel\u0151 m\u0171k\u00f6d\u00e9s\u00e9hez<\/li>\n<li>A fert\u0151z\u0151, influenz\u00e1s betegs\u00e9gek megel\u0151z\u00e9s\u00e9hez, kezel\u00e9s\u00e9hez<\/li>\n<li>Az idegrendszer kiegyens\u00falyozott m\u0171k\u00f6d\u00e9s\u00e9hez<\/li>\n<li>A csontok \u00e9s a fogak norm\u00e1l \u00e1llapot\u00e1nak fenntart\u00e1s\u00e1hoz<\/li>\n<li>A betegs\u00e9gek megel\u0151z\u00e9s \u00e9rdek\u00e9ben<\/li>\n<li>A cukorbetegs\u00e9g megel\u0151z\u00e9s\u00e9hez, a kialakult betegs\u00e9g enyh\u00edt\u00e9s\u00e9hez<\/li>\n<li>A sz\u00edv- \u00e9s \u00e9rrendszer eg\u00e9szs\u00e9g\u00e9nek v\u00e9delm\u00e9hez<\/li>\n<li>A magas v\u00e9rnyom\u00e1s cs\u00f6kkent\u00e9s\u00e9hez<\/li>\n<li>A depresszi\u00f3 megel\u0151z\u00e9s\u00e9hez, t\u00fcneteinek enyh\u00edt\u00e9s\u00e9hez<\/li>\n<li>A term\u00e9kenys\u00e9g fokoz\u00e1s\u00e1hoz<\/li>\n<\/ul>\n<p>A K2 vitamin legfontosabb szerepe a szervezetben, hogy k\u00e9pes aktiv\u00e1lni azokat a feh\u00e9rj\u00e9ket, amelyek az\u00e9rt felel\u0151sek, hogy a kalcium oda \u00e9p\u00fclj\u00f6n be, ahov\u00e1 sz\u00fcks\u00e9ges \u2013 a csontokba \u00e9s fogakba, \u00e9s ne oda, ahol k\u00e1rt okozhat, p\u00e9ld\u00e1ul a l\u00e1gysz\u00f6vetekbe, ves\u00e9kbe, erekbe. K2 vitamin hi\u00e1ny\u00e1ban az elfogyasztott kalcium kifejezetten k\u00e1ros lehet! A K2 \u00e9s a D3 vitamin egy\u00fctt biztos\u00edtja, hogy a bevitt kalcium a legjobb felsz\u00edv\u00f3d\u00e1ssal \u00e9s a megfelel\u0151 helyen hasznosuljon a szervezetben.<\/p>\n<h3>Mit tartalmaz a\u00a0GAL K-komplex+D3-vitamin\u00a012 cseppben?<\/h3>\n<ul>\n<li>K-vtamin komplex 500 mcg (RDA*1333%)<\/li>\n<li>K1-vitamin (fillokinon) 455 mcg (RDA* 1200%)<\/li>\n<li>K2-vitamin MK-7 (menakinon-7) 45 mcg (RDA* 133%)<\/li>\n<li>D3-vitamin (kolekalciferol) 4000 NE = 100 mcg (RDA* 2000%)<\/li>\n<\/ul>\n<h3>Mennyit javasolt fogyasztani bel\u0151le?<\/h3>\n<p>Naponta 12 csepp fogyaszt\u00e1s\u00e1t javasoljuk k\u00f6zvetlen sz\u00e1jba cseppentve vagy az \u00e9telhez keverve. Legjobb a nap els\u0151 \u00e9tkez\u00e9sekor fogyasztani. Folyad\u00e9kba ne keverje!<\/p>\n<h3>GAL K2 + D3-vitamin cseppek<\/h3>\n<p>A GAL k\u00e9sz\u00edtm\u00e9nye a szervezet sz\u00e1m\u00e1ra legjobb hasznosul\u00e1s\u00fa, term\u00e9szetes D3 vitamint, valamint K1 \u00e9s K2 vitamint tartalmaz, nagy d\u00f3zisban, felsz\u00edv\u00f3d\u00e1st seg\u00edt\u0151 bio k\u00f3kuszolajban oldva. Hozz\u00e1j\u00e1rul az immunrendszer \u00e9s az idegrendszer eg\u00e9szs\u00e9ges m\u0171k\u00f6d\u00e9s\u00e9hez, a csontok meger\u0151s\u00edt\u00e9s\u00e9hez, a \u00e9s az autoimmun betegs\u00e9gek megel\u0151z\u00e9s\u00e9hez.<\/p>\n<h3>A megfelel\u0151 D-vitamin-bevitel<\/h3>\n<p>A D-vitamin mennyis\u00e9g\u00e9t nemzetk\u00f6zi egys\u00e9gekben (NE) m\u00e9rik. Jelent\u0151s\u00e9g\u00e9t a szervezet eg\u00e9szs\u00e9ges m\u0171k\u00f6d\u00e9s\u00e9hez az is mutatja, hogy m\u00edg kor\u00e1bban feln\u0151ttek eset\u00e9ben napi 400-800 NE fogyaszt\u00e1s\u00e1t javasolt\u00e1k, m\u00e1ra a szakemberek m\u00e1r min. 1500-2000 NE szed\u00e9s\u00e9t aj\u00e1nlj\u00e1k. A GAL k\u00e9sz\u00edtm\u00e9nye emelt hat\u00f3anyagtartalm\u00fa, adagonk\u00e9nt 4000 NE D-vitamint tartalmaz!<\/p>\n<h3>Megel\u0151zheti a csontritkul\u00e1st<\/h3>\n<p>A D-vitamin hozz\u00e1j\u00e1rul a kalcium \u00e9s a foszfor felsz\u00edv\u00f3d\u00e1s\u00e1hoz \u00e9s hasznosul\u00e1s\u00e1hoz a szervezetben, ezzel kiemelt szerephez jut a csontok \u00e9s a fogak eg\u00e9szs\u00e9ges meger\u0151s\u00edt\u00e9s\u00e9ben. Kisgyerekekn\u00e9l biztos\u00edtja a megfelel\u0151 csontfejl\u0151d\u00e9st \u00e9s v\u00e1zrendszert, valamint a csonts\u0171r\u0171s\u00e9get. Id\u0151sebb korban ellens\u00falyozza a csont\u00e1llom\u00e1ny ritkul\u00e1s\u00e1t, folyamatos p\u00f3tl\u00e1sa el\u0151seg\u00edti a csontritkul\u00e1s megel\u0151z\u00e9s\u00e9t.<\/p>\n<h3>V\u00e9di a fogakat<\/h3>\n<p>A D-vitamin cs\u00f6kkenti a fogszuvasod\u00e1s \u00e9s fog\u00ednysorvad\u00e1s m\u00e9rt\u00e9k\u00e9t, jav\u00edt a m\u00e1r kialakult probl\u00e9m\u00e1kon. Meg\u00e1ll\u00edthatja az \u00e1llkapocscsont fog\u00e1gybetegs\u00e9g okozta csontveszt\u00e9s\u00e9t is.<\/p>\n<h3>Fert\u0151z\u0151 betegs\u00e9gek, influenza<\/h3>\n<p>\u00c1ltal\u00e1nos immunrendszer-er\u0151s\u00edt\u0151 hat\u00e1s\u00e1val a D-vitamin megn\u00f6veli a szervezet v\u00e9dekez\u0151k\u00e9pess\u00e9g\u00e9t, megel\u0151zheti a fert\u0151z\u00e9seket, illetve azok gyorsabb \u00e9s enyh\u00e9bb lefoly\u00e1s\u00faak lehetnek. P\u00e9ld\u00e1ul az influenza els\u0151 t\u00fcneteinek megjelen\u00e9sekor adagolt nagyobb d\u00f3zis\u00fa D-vitamin jelent\u0151sen ler\u00f6vid\u00edti a betegs\u00e9g idej\u00e9t, \u00e9s sz\u00e1mottev\u0151en cs\u00f6kkenti a kellemetlen t\u00fcneteiket, illetve megakad\u00e1lyozhatja s\u00falyosabb sz\u00f6v\u0151dm\u00e9nyek kialakul\u00e1s\u00e1t.<\/p>\n<h3>V\u00e9di a sz\u00edvet, az \u00e9rrendszert<\/h3>\n<p>A D-vitamin hi\u00e1nya nagym\u00e9rt\u00e9kben megn\u00f6veli a sz\u00edv- \u00e9s \u00e9rrendszeri betegs\u00e9gek kialakul\u00e1s\u00e1t, \u00edgy p\u00e9ld\u00e1ul az infarktust vagy az \u00e9relmeszesed\u00e9st. P\u00f3tl\u00e1sa hozz\u00e1j\u00e1rul a magas v\u00e9rnyom\u00e1s cs\u00f6kkent\u00e9s\u00e9hez, megel\u0151z\u00e9s\u00e9hez, a teljes sz\u00edv- \u00e9s \u00e9rrendszer eg\u00e9szs\u00e9ges m\u0171k\u00f6d\u00e9s\u00e9re, de a m\u00e1r<\/p>\n<h3>Autoimmun betegs\u00e9gek<\/h3>\n<p>Hi\u00e1nya vagy alacsony szintje az immunrendszer hib\u00e1s m\u0171k\u00f6d\u00e9s\u00e9t okozhatja. Megn\u00f6veli az autoimmun betegs\u00e9gek kialakul\u00e1s\u00e1nak kock\u00e1zat\u00e1t, mint a sclerosis multiplex vagy a cukorbetegs\u00e9g. Megfelel\u0151 adagol\u00e1sa seg\u00edti a sejtek norm\u00e1l m\u0171k\u00f6d\u00e9s\u00e9t, megel\u0151zi, hogy a szervezet v\u00e9dekez\u0151 rendszere \u00f6nmaga ellen forduljon.<\/p>\n<h3>Az idegrendszer v\u00e9delme<\/h3>\n<p>Az idegrendszer kiemelt v\u00e9delm\u00e9vel a D-vitamin k\u00fcl\u00f6n\u00f6sen az autizmus, a skizofr\u00e9nia, az epilepszia, a Parkinson- \u00e9s Alzheimer-k\u00f3r megel\u0151z\u00e9s\u00e9ben j\u00e1tszhat fontos szerepet, de a betegs\u00e9g t\u00fcneteinek jelent\u0151s enyh\u00edt\u00e9s\u00e9ben is eredm\u00e9nyes.<\/p>\n<h3>Depresszi\u00f3 megel\u0151z\u00e9se, kezel\u00e9se<\/h3>\n<p>D-vitamin-hi\u00e1ny legt\u00f6bbsz\u00f6r t\u00e9len, a naps\u00fct\u00e9ses \u00f3r\u00e1k sz\u00e1m\u00e1nak cs\u00f6kken\u00e9s\u00e9vel alakul ki. Nem v\u00e9letlen\u00fcl, hiszen ilyenkorra hamar ki\u00fcr\u00fclnek a ny\u00e1ron felhalmozott vitamintartal\u00e9kok. D-vitamin p\u00f3tl\u00e1s\u00e1val megel\u0151zhet\u0151 a depresszi\u00f3, \u00e9s enyh\u00edthet\u0151k a m\u00e1r kialakult betegs\u00e9g t\u00fcnetei.<\/p>\n<h3>A K-vitamin hat\u00e1sa<\/h3>\n<p>A K-vitamin zs\u00edrban old\u00f3d\u00f3 vitamin, legfontosabb feladata a v\u00e9ralvad\u00e1s megfelel\u0151 el\u0151seg\u00edt\u00e9se \u00e9s az \u00e1sv\u00e1nyi anyagok csontokba val\u00f3 be\u00e9p\u00fcl\u00e9s\u00e9nek biztos\u00edt\u00e1sa.<\/p>\n<p>K\u00e9t alapvet\u0151 form\u00e1ja ismert: a K1 vitamin \u00e9s a K2 vitamin. A K1 vitamin felel\u0151s az eg\u00e9szs\u00e9ges v\u00e9ralvad\u00e1s\u00e9rt, a K2 vitamin pedig els\u0151sorban a sz\u00edv- \u00e9s \u00e9rrendszer eg\u00e9szs\u00e9g\u00e9hez, valamint az anyagcsere megfelel\u0151 m\u0171k\u00f6d\u00e9s\u00e9hez sz\u00fcks\u00e9ges.\u00a0 Az \u00e9lelmiszerekben legink\u00e1bb K1 vitamin tal\u00e1lhat\u00f3, a K2 vitamin egy r\u00e9sz\u00e9t a b\u00e9lrendszer j\u00f3t\u00e9kony bakt\u00e9riumai \u00e1ll\u00edtj\u00e1k el\u0151.<\/p>\n<h3>A v\u00e9ralvad\u00e1s biztos\u00edt\u00e1sa<\/h3>\n<p>A K-vitamin legfontosabb feladata, hogy befoly\u00e1solja a v\u00e9r alvad\u00e1si k\u00e9pess\u00e9g\u00e9t, seg\u00edtse a feh\u00e9rj\u00e9k \u00f6sszetapad\u00e1s\u00e1t. Ha a v\u00e9r nem k\u00e9pes a sz\u00fcks\u00e9ges m\u00e9rt\u00e9kben megalvadni, s\u00falyos, \u00e9letvesz\u00e9lyes helyzet alakulhat ki. Bizonyos v\u00e9ralvad\u00e1sg\u00e1tl\u00f3 gy\u00f3gyszerek hat\u00e1s\u00e1t is k\u00e9pes befoly\u00e1solni, ez\u00e9rt ilyen gy\u00f3gyszerek szed\u00e9sekor mindenk\u00e9ppen egyeztetni sz\u00fcks\u00e9ges a kezel\u0151orvos\u00e1val mind a K-vitaminban gazdag \u00e9telek fogyaszt\u00e1s\u00e1r\u00f3l, mind a t\u00e1pl\u00e1l\u00e9k-kieg\u00e9sz\u00edt\u0151kkel bevitt K-vitamin mennyis\u00e9g\u00e9vel kapcsolatban.<\/p>\n<h3>A csontok er\u0151s\u00edt\u00e9se<\/h3>\n<p>A K-vitamin a D-vitaminnal egy\u00fctt biztos\u00edtja, hogy a feh\u00e9rj\u00e9k be\u00e9p\u00fclhessenek a csontokba, \u00e9s megk\u00f6ss\u00e9k a l\u00e9tfontoss\u00e1g\u00fa \u00e1sv\u00e1nyi anyagokat, k\u00fcl\u00f6n\u00f6sen a kalciumot \u00e9s a foszfort. A K-vitamin kiemelten seg\u00edtheti a csontritkul\u00e1s megel\u0151z\u00e9s\u00e9t! A K1 \u00e9s a K2 vitamin egy\u00fcttesen j\u00e1rul hozz\u00e1 a csontok \u00e1sv\u00e1nyianyag-tartalm\u00e1nak n\u00f6vel\u00e9s\u00e9hez. Folyamatos p\u00f3tl\u00e1suk hossz\u00fa t\u00e1von biztos\u00edtja a csontozat megfelel\u0151 szil\u00e1rds\u00e1g\u00e1t, rugalmass\u00e1g\u00e1t, elker\u00fclhet\u0151 a korral j\u00e1r\u00f3 csontgyeng\u00fcl\u00e9s, csontritkul\u00e1s. A fogakra is j\u00f3t\u00e9kony hat\u00e1ssal vannak, megakad\u00e1lyozhatj\u00e1k a fogk\u00f6vess\u00e9get, fogszuvasod\u00e1st, \u00e9p\u00edtik a fog kem\u00e9nysz\u00f6vet\u00e9t, a dentint. Kora gyerekkort\u00f3l t\u00e1mogatj\u00e1k a szab\u00e1lyos, eg\u00e9szs\u00e9ges fogsor \u00e9s a szimmetrikus arc fejl\u0151d\u00e9s\u00e9t.<\/p>\n<h3>Sz\u00edvbetegs\u00e9gek megel\u0151z\u00e9se<\/h3>\n<p>A K2 vitamin megakad\u00e1lyozza a koleszterin lerak\u00f3d\u00e1s\u00e1t az \u00e9rfalakban, g\u00e1tolja az erek elz\u00e1r\u00f3d\u00e1s\u00e1t. Ezzel megel\u0151zheti az \u00e9relmeszesed\u00e9s kialakul\u00e1s\u00e1t, s\u0151t a m\u00e1r kialakult meszesed\u00e9st is visszaford\u00edthatja. Kiemelt szerepe van a sz\u00edvbetegs\u00e9gek megel\u0151z\u00e9s\u00e9ben, az \u00e9rrendszer hossz\u00fa t\u00e1v\u00fa v\u00e9delm\u00e9ben.<\/p>\n<h3>Az agy eg\u00e9szs\u00e9ges m\u0171k\u00f6d\u00e9se<\/h3>\n<p>A K-vitamin a sejtek megfelel\u0151 n\u00f6veked\u00e9s\u00e9hez, fejl\u0151d\u00e9s\u00e9hez is n\u00e9lk\u00fcl\u00f6zhetetlen. Seg\u00edti az agym\u0171k\u00f6d\u00e9shez sz\u00fcks\u00e9ges feh\u00e9rj\u00e9k el\u0151\u00e1ll\u00edt\u00e1s\u00e1t, m\u0171k\u00f6d\u00e9s\u00e9t, az idegsejtek eg\u00e9szs\u00e9g\u00e9nek meg\u0151rz\u00e9s\u00e9t. Szerepet j\u00e1tszhat az Alzheimer-k\u00f3r kock\u00e1zat\u00e1nak cs\u00f6kkent\u00e9s\u00e9ben, a betegek \u00e1llapot\u00e1nak jelent\u0151s jav\u00edt\u00e1s\u00e1ban.<\/p>\n","protected":false},"excerpt":{"rendered":"<p>A GAL k\u00e9sz\u00edtm\u00e9nye a szervezet sz\u00e1m\u00e1ra legjobb hasznosul\u00e1s\u00fa, term\u00e9szetes D3 vitamint, valamint K1 \u00e9s K2 vitamint tartalmaz, nagy d\u00f3zisban, felsz\u00edv\u00f3d\u00e1st seg\u00edt\u0151 bio k\u00f3kuszolajban oldva. Hozz\u00e1j\u00e1rul az immunrendszer \u00e9s az idegrendszer eg\u00e9szs\u00e9ges m\u0171k\u00f6d\u00e9s\u00e9hez, a csontok meger\u0151s\u00edt\u00e9s\u00e9hez, a ok \u00e9s az autoimmun betegs\u00e9gek megel\u0151z\u00e9s\u00e9hez. A kiv\u00e1l\u00f3 felsz\u00edv\u00f3d\u00e1st \u00e9s hasznosul\u00e1st BIO- \u00e9s RSPO-min\u0151s\u00edt\u00e9s garant\u00e1lja!<\/p>\n","protected":false},"featured_media":0,"comment_status":"closed","ping_status":"open","template":"","meta":[],"product_cat":[60],"product_tag":[],"class_list":{"0":"post-5306","1":"product","2":"type-product","3":"status-publish","5":"product_brand-gal","6":"product_cat-vitaminok","8":"first","9":"instock","10":"purchasable","11":"product-type-simple"},"_links":{"self":[{"href":"https:\/\/vitamin.coredesign.hu\/index.php?rest_route=\/wp\/v2\/product\/5306","targetHints":{"allow":["GET"]}}],"collection":[{"href":"https:\/\/vitamin.coredesign.hu\/index.php?rest_route=\/wp\/v2\/product"}],"about":[{"href":"https:\/\/vitamin.coredesign.hu\/index.php?rest_route=\/wp\/v2\/types\/product"}],"replies":[{"embeddable":true,"href":"https:\/\/vitamin.coredesign.hu\/index.php?rest_route=%2Fwp%2Fv2%2Fcomments&post=5306"}],"wp:attachment":[{"href":"https:\/\/vitamin.coredesign.hu\/index.php?rest_route=%2Fwp%2Fv2%2Fmedia&parent=5306"}],"wp:term":[{"taxonomy":"product_cat","embeddable":true,"href":"https:\/\/vitamin.coredesign.hu\/index.php?rest_route=%2Fwp%2Fv2%2Fproduct_cat&post=5306"},{"taxonomy":"product_tag","embeddable":true,"href":"https:\/\/vitamin.coredesign.hu\/index.php?rest_route=%2Fwp%2Fv2%2Fproduct_tag&post=5306"}],"curies":[{"name":"wp","href":"https:\/\/api.w.org\/{rel}","templated":true}]}}