{"id":5302,"date":"2025-10-12T12:24:14","date_gmt":"2025-10-12T10:24:14","guid":{"rendered":"https:\/\/vitamin.coredesign.hu\/?product=immunpro-liposzomas-emulzio-150-ml"},"modified":"2026-01-08T23:23:58","modified_gmt":"2026-01-08T22:23:58","slug":"immunpro-liposzomas-emulzio-150-ml","status":"publish","type":"product","link":"https:\/\/vitamin.coredesign.hu\/?product=immunpro-liposzomas-emulzio-150-ml","title":{"rendered":"Immunpro liposz\u00f3m\u00e1s emulzi\u00f3 (150 ml)"},"content":{"rendered":"<p>&nbsp;<\/p>\n<div id=\"lt-accessibility-devtools\" aria-hidden=\"true\"><\/div>\n<p>ImmunPro Liposz\u00f3m\u00e1s Emulzi\u00f3 \u2013 C-vitamin, Quercetin, Cink \u00e9s D-vitamin tartalm\u00fa \u00e9trend-kieg\u00e9sz\u00edt\u0151 citrom-lime \u00edzes\u00edt\u00e9ssel<\/p>\n<p><b>HAT\u00d3ANYAGOK:<br \/>\n<\/b><strong>Immuner\u0151s\u00edt\u0151<\/strong><br \/>\nA term\u00e9k Cink, C- \u00e9s D-vitamin tartalma hozz\u00e1j\u00e1rul az immunrendszer norm\u00e1l m\u0171k\u00f6d\u00e9s\u00e9hez.<\/p>\n<p><strong>Antioxid\u00e1ns<\/strong><br \/>\nA term\u00e9k quercetin tartalma hozz\u00e1j\u00e1rul a szervezet antioxid\u00e1ns kapacit\u00e1s\u00e1nak fenntart\u00e1s\u00e1hoz.<\/p>\n<p><strong>Cs\u00f6kkenti a f\u00e1radts\u00e1got<\/strong><br \/>\nA term\u00e9k C-vitamin tartalma cs\u00f6kkenti a f\u00e1radts\u00e1got \u00e9s a kimer\u00fclts\u00e9get. A term\u00e9k C-vitamin tartalma hozz\u00e1j\u00e1rul a szervezet energia szintj\u00e9nek \u00e9s vitalit\u00e1s\u00e1nak fenntart\u00e1s\u00e1hoz.<br \/>\nA quercetin hozz\u00e1j\u00e1rul az eg\u00e9szs\u00e9ges szervezet fenntart\u00e1s\u00e1hoz.<\/p>\n<p><strong>\u00d6SSZETEV\u0150K:<\/strong><br \/>\nTiszt\u00edtott v\u00edz; N\u00f6v\u00e9nyi glicerin; Vitamin: C-vitamin (Na-L-Aszkorb\u00e1t); Cink-aszkorb\u00e1t; Savany\u00fas\u00e1got szab\u00e1lyoz\u00f3 anyag: tejsav; Antioxid\u00e1ns: quercetin; Emulge\u00e1l\u00f3 szer: sz\u00f3jalecitin; N-acetil-cisztein; Emulzi\u00f3 k\u00e9pz\u0151: poliszorb\u00e1t; S\u0171r\u00edt\u0151anyag: gumi ar\u00e1bikum; term\u00e9szetes citrom emulzi\u00f3s aroma, citrom-lime aroma; Vitamin: D3-vitamin (kolekalciferol).<\/p>\n<p><img fetchpriority=\"high\" decoding=\"async\" class=\"wp-image-25365 aligncenter\" src=\"https:\/\/hymato.hu\/wp-content\/uploads\/2021\/11\/ImmunPro-copy.jpg\" sizes=\"(max-width: 565px) 100vw, 565px\" srcset=\"https:\/\/hymato.hu\/wp-content\/uploads\/2021\/11\/ImmunPro-copy.jpg 2480w, https:\/\/hymato.hu\/wp-content\/uploads\/2021\/11\/ImmunPro-copy-300x300.jpg 300w, https:\/\/hymato.hu\/wp-content\/uploads\/2021\/11\/ImmunPro-copy-100x100.jpg 100w, https:\/\/hymato.hu\/wp-content\/uploads\/2021\/11\/ImmunPro-copy-600x600.jpg 600w, https:\/\/hymato.hu\/wp-content\/uploads\/2021\/11\/ImmunPro-copy-1024x1024.jpg 1024w, https:\/\/hymato.hu\/wp-content\/uploads\/2021\/11\/ImmunPro-copy-150x150.jpg 150w, https:\/\/hymato.hu\/wp-content\/uploads\/2021\/11\/ImmunPro-copy-768x768.jpg 768w, https:\/\/hymato.hu\/wp-content\/uploads\/2021\/11\/ImmunPro-copy-1536x1536.jpg 1536w, https:\/\/hymato.hu\/wp-content\/uploads\/2021\/11\/ImmunPro-copy-2048x2048.jpg 2048w\" alt=\"immunpro liposz\u00f3m\u00e1s emulzi\u00f3 (150 ml)\" width=\"565\" height=\"565\" \/><\/p>\n<p><strong>FELHASZN\u00c1L\u00c1S:<\/strong><br \/>\n<strong>Aj\u00e1nlott napi adag:<\/strong><\/p>\n<ul>\n<li>5 ml (1 m\u00e9r\u0151kan\u00e1l, amit a csomag tartalmaz vagy 1 te\u00e1skan\u00e1l)<\/li>\n<li>A term\u00e9ket 1-2 dl tetsz\u0151leges folyad\u00e9kba (v\u00edz, tea, gy\u00fcm\u00f6lcsl\u00e9 stb.) keverve fogyassza!<\/li>\n<li>Az aj\u00e1nlott napi adagot ne l\u00e9pje t\u00fal!<\/li>\n<\/ul>\n<p><strong>T\u00e1rol\u00e1s:<\/strong><\/p>\n<ul>\n<li>F\u00e9nyt\u0151l, sug\u00e1rz\u00f3 h\u0151t\u0151l v\u00e9dett, sz\u00e1raz h\u0171v\u00f6s helyen t\u00e1roland\u00f3!<\/li>\n<li>Felbont\u00e1s ut\u00e1n 30 napon bel\u00fcl elfogyasztand\u00f3!<\/li>\n<li>Gyermekek el\u0151l gondosan elz\u00e1rva tartand\u00f3!<\/li>\n<\/ul>\n","protected":false},"excerpt":{"rendered":"<p>ImmunPro Liposz\u00f3m\u00e1s Emulzi\u00f3 \u2013 C-vitamin, Quercetin, Cink \u00e9s D-vitamin tartalm\u00fa \u00e9trend-kieg\u00e9sz\u00edt\u0151 citrom-lime \u00edzes\u00edt\u00e9ssel<\/p>\n<p>&nbsp;<\/p>\n","protected":false},"featured_media":5303,"comment_status":"closed","ping_status":"open","template":"","meta":[],"product_cat":[61],"product_tag":[],"class_list":{"0":"post-5302","1":"product","2":"type-product","3":"status-publish","4":"has-post-thumbnail","6":"product_brand-hymato","7":"product_cat-etrend-kiegeszitok","9":"first","10":"instock","11":"purchasable","12":"product-type-simple"},"_links":{"self":[{"href":"https:\/\/vitamin.coredesign.hu\/index.php?rest_route=\/wp\/v2\/product\/5302","targetHints":{"allow":["GET"]}}],"collection":[{"href":"https:\/\/vitamin.coredesign.hu\/index.php?rest_route=\/wp\/v2\/product"}],"about":[{"href":"https:\/\/vitamin.coredesign.hu\/index.php?rest_route=\/wp\/v2\/types\/product"}],"replies":[{"embeddable":true,"href":"https:\/\/vitamin.coredesign.hu\/index.php?rest_route=%2Fwp%2Fv2%2Fcomments&post=5302"}],"wp:featuredmedia":[{"embeddable":true,"href":"https:\/\/vitamin.coredesign.hu\/index.php?rest_route=\/wp\/v2\/media\/5303"}],"wp:attachment":[{"href":"https:\/\/vitamin.coredesign.hu\/index.php?rest_route=%2Fwp%2Fv2%2Fmedia&parent=5302"}],"wp:term":[{"taxonomy":"product_cat","embeddable":true,"href":"https:\/\/vitamin.coredesign.hu\/index.php?rest_route=%2Fwp%2Fv2%2Fproduct_cat&post=5302"},{"taxonomy":"product_tag","embeddable":true,"href":"https:\/\/vitamin.coredesign.hu\/index.php?rest_route=%2Fwp%2Fv2%2Fproduct_tag&post=5302"}],"curies":[{"name":"wp","href":"https:\/\/api.w.org\/{rel}","templated":true}]}}