{"id":5300,"date":"2025-10-12T12:24:14","date_gmt":"2025-10-12T10:24:14","guid":{"rendered":"https:\/\/vitamin.coredesign.hu\/?product=huminiqum-folyekony-etrend-kiegeszito-250-ml"},"modified":"2026-01-08T23:23:57","modified_gmt":"2026-01-08T22:23:57","slug":"huminiqum-folyekony-etrend-kiegeszito-250-ml","status":"publish","type":"product","link":"https:\/\/vitamin.coredesign.hu\/?product=huminiqum-folyekony-etrend-kiegeszito-250-ml","title":{"rendered":"HUMINIQUM foly\u00e9kony \u00e9trend-kieg\u00e9sz\u00edt\u0151 (250 ml)"},"content":{"rendered":"<p>&nbsp;<\/p>\n<div id=\"lt-accessibility-devtools\" aria-hidden=\"true\"><\/div>\n<p>\u00c1sv\u00e1nyi anyagokat, mikroelemeket, nyomelemeket, C-vitamint, fulvosavat, huminsavat \u00e9s m\u00e1riat\u00f6vis kivonatot tartalmaz\u00f3 foly\u00e9kony \u00e9trendkieg\u00e9sz\u00edt\u0151.<\/p>\n<p><strong>HAT\u00d3ANYAGOK:<\/strong><\/p>\n<p>A huminsavak mikroelemekkel k\u00e9pzett komplex vegy\u00fcletei term\u00e9szetes t\u00e1mogat\u00e1st ny\u00fajtanak a technikai civiliz\u00e1ci\u00f3 kih\u00edv\u00e1sainak megfelelni v\u00e1gy\u00f3 ember testi, lelki \u00e9s szellemi megpr\u00f3b\u00e1ltat\u00e1saihoz.<\/p>\n<p>A\u00a0<strong>huminsav<\/strong>\u00a0k\u00e9pz\u0151d\u00e9s kiindul\u00e1si vegy\u00fcleteinek a f\u00e1s n\u00f6v\u00e9nyi r\u00e9szek lignin molekul\u00e1i, valamint a flavonoid szerkezet\u0171 vegy\u00fcletek tekinthet\u0151k. A term\u00e9szetes huminsavak sz\u00e1mos \u00e1sv\u00e1nyi anyagot tartalmaz \u00f6nmag\u00e1ban \u00e9s mindezeket j\u00f3l felvehet\u0151, biol\u00f3giailag k\u00f6nnyen hasznos\u00edthat\u00f3 form\u00e1ban.<\/p>\n<p><strong>\u00c9lettani hat\u00e1s<\/strong><\/p>\n<ul>\n<li>A C-vitamin, a vas (Fe) a r\u00e9z (Cu) \u00e9s a szel\u00e9n (Se) hozz\u00e1j\u00e1rul a norm\u00e1l immunrendszer m\u0171k\u00f6d\u00e9s\u00e9hez.<\/li>\n<li>A cink (Zn) \u00e9s a j\u00f3d (I) hozz\u00e1j\u00e1rul a norm\u00e1l szellemi m\u0171k\u00f6d\u00e9shez.<\/li>\n<li>A M\u00e1riat\u00f6vis mag kivonat t\u00e1mogatja a m\u00e1j m\u0171k\u00f6d\u00e9s\u00e9t.<\/li>\n<li>A mang\u00e1n (Mn) \u00e9s a cink (Zn) hozz\u00e1j\u00e1rul a sejtek oxidat\u00edv stresszel szembeni v\u00e9delm\u00e9hez.<\/li>\n<\/ul>\n<p><strong>\u00d6SSZETEV\u0150K:<\/strong><br \/>\nHuminsavak, M\u00e1riat\u00f6vis kivonat, K\u00e1lcium-klorid, Kovasav-g\u00e9l, Magn\u00e9zium-L-aszkorb\u00e1t, Vas-szulf\u00e1t, Cink-L-aszkorb\u00e1t, Na-hidrog\u00e9n-foszf\u00e1t, Mang\u00e1n-aszkorb\u00e1t, R\u00e9z-szulf\u00e1t, N\u00e1trium bor\u00e1t, K\u00e1lium-jodid, Amm\u00f3nium-molibd\u00e1t, N\u00e1trium-szelenit, Kr\u00f3m-III-klorid, Tiszt\u00edtott v\u00edz.<\/p>\n<p><img fetchpriority=\"high\" decoding=\"async\" class=\"wp-image-25356 aligncenter\" src=\"https:\/\/hymato.hu\/wp-content\/uploads\/2021\/11\/Huminiqum-ml-copy.jpg\" sizes=\"(max-width: 785px) 100vw, 785px\" srcset=\"https:\/\/hymato.hu\/wp-content\/uploads\/2021\/11\/Huminiqum-ml-copy.jpg 2480w, https:\/\/hymato.hu\/wp-content\/uploads\/2021\/11\/Huminiqum-ml-copy-300x300.jpg 300w, https:\/\/hymato.hu\/wp-content\/uploads\/2021\/11\/Huminiqum-ml-copy-100x100.jpg 100w, https:\/\/hymato.hu\/wp-content\/uploads\/2021\/11\/Huminiqum-ml-copy-600x600.jpg 600w, https:\/\/hymato.hu\/wp-content\/uploads\/2021\/11\/Huminiqum-ml-copy-1024x1024.jpg 1024w, https:\/\/hymato.hu\/wp-content\/uploads\/2021\/11\/Huminiqum-ml-copy-150x150.jpg 150w, https:\/\/hymato.hu\/wp-content\/uploads\/2021\/11\/Huminiqum-ml-copy-768x768.jpg 768w, https:\/\/hymato.hu\/wp-content\/uploads\/2021\/11\/Huminiqum-ml-copy-1536x1536.jpg 1536w, https:\/\/hymato.hu\/wp-content\/uploads\/2021\/11\/Huminiqum-ml-copy-2048x2048.jpg 2048w\" alt=\"huminiqum foly\u00e9kony \u00e9trend kieg\u00e9sz\u00edt\u0151 (250 ml)\" width=\"785\" height=\"785\" \/><\/p>\n<p><strong>FELHASZN\u00c1L\u00c1S:<\/strong><br \/>\n<strong>Aj\u00e1nlott napi adag:<\/strong><\/p>\n<ul>\n<li>Feln\u0151tteknek: 5-10 ml (A 10 ml-es adagot k\u00e9t r\u00e9szletben [2\u00d75 ml] reggel \u00e9s este aj\u00e1nlott bekeverni).<\/li>\n<li>Gyerekeknek (4-10 \u00e9v): 2,5 ml<\/li>\n<li>\u00c9tkez\u00e9s el\u0151tt 15-20 perccel aj\u00e1nlott bevenni.<\/li>\n<li>Az aj\u00e1nlott napi adagot keverj\u00fck el egy poh\u00e1r folyad\u00e9kban (gy\u00fcm\u00f6lcsl\u00e9, tea, v\u00edz, tej).<\/li>\n<li>\u00cdzes\u00edt\u00e9s\u00e9t mindenki tetsz\u00e9s szerint v\u00e9gezze, ha a term\u00e9k eredeti term\u00e9szetes \u00edze zavar\u00f3.<\/li>\n<li>\u00cdz\u00e9t kellemesebb\u00e9 tehetj\u00fck \u00e9s hat\u00e1s\u00e1t fokozhatjuk, ha 1-2 csepp citromlevet adunk hozz\u00e1.<\/li>\n<li><strong>A k\u00e9sz\u00edtm\u00e9ny nem tartalmaz semmilyen adal\u00e9kanyagot (\u00edzes\u00edt\u0151, stabiliz\u00e1l\u00f3, tart\u00f3s\u00edt\u00f3 stb).<\/strong><\/li>\n<li>Az aj\u00e1nlott napi adagot ne l\u00e9pje t\u00fal!<\/li>\n<\/ul>\n<p><strong>T\u00e1rol\u00e1s:<\/strong><\/p>\n<ul>\n<li>F\u00e9nyt\u0151l, sug\u00e1rz\u00f3 h\u0151t\u0151l v\u00e9dett, sz\u00e1raz h\u0171v\u00f6s helyen t\u00e1roland\u00f3!<\/li>\n<li>Felbont\u00e1s ut\u00e1n visszaz\u00e1rt kupakkal saj\u00e1t doboz\u00e1ban fagymentes helyen t\u00e1roland\u00f3! (H\u0171t\u00e9st nem ig\u00e9nyel)<\/li>\n<li>Gyermekek el\u0151l gondosan elz\u00e1rva tartand\u00f3!<\/li>\n<\/ul>\n","protected":false},"excerpt":{"rendered":"<p>\u00c1sv\u00e1nyi anyagokat, mikroelemeket, nyomelemeket, C-vitamint, fulvosavat, huminsavat \u00e9s m\u00e1riat\u00f6vis kivonatot tartalmaz\u00f3 foly\u00e9kony \u00e9trendkieg\u00e9sz\u00edt\u0151.<\/p>\n<p>&nbsp;<\/p>\n","protected":false},"featured_media":5301,"comment_status":"closed","ping_status":"open","template":"","meta":[],"product_cat":[61],"product_tag":[],"class_list":{"0":"post-5300","1":"product","2":"type-product","3":"status-publish","4":"has-post-thumbnail","6":"product_brand-hymato","7":"product_cat-etrend-kiegeszitok","9":"first","10":"instock","11":"purchasable","12":"product-type-simple"},"_links":{"self":[{"href":"https:\/\/vitamin.coredesign.hu\/index.php?rest_route=\/wp\/v2\/product\/5300","targetHints":{"allow":["GET"]}}],"collection":[{"href":"https:\/\/vitamin.coredesign.hu\/index.php?rest_route=\/wp\/v2\/product"}],"about":[{"href":"https:\/\/vitamin.coredesign.hu\/index.php?rest_route=\/wp\/v2\/types\/product"}],"replies":[{"embeddable":true,"href":"https:\/\/vitamin.coredesign.hu\/index.php?rest_route=%2Fwp%2Fv2%2Fcomments&post=5300"}],"wp:featuredmedia":[{"embeddable":true,"href":"https:\/\/vitamin.coredesign.hu\/index.php?rest_route=\/wp\/v2\/media\/5301"}],"wp:attachment":[{"href":"https:\/\/vitamin.coredesign.hu\/index.php?rest_route=%2Fwp%2Fv2%2Fmedia&parent=5300"}],"wp:term":[{"taxonomy":"product_cat","embeddable":true,"href":"https:\/\/vitamin.coredesign.hu\/index.php?rest_route=%2Fwp%2Fv2%2Fproduct_cat&post=5300"},{"taxonomy":"product_tag","embeddable":true,"href":"https:\/\/vitamin.coredesign.hu\/index.php?rest_route=%2Fwp%2Fv2%2Fproduct_tag&post=5300"}],"curies":[{"name":"wp","href":"https:\/\/api.w.org\/{rel}","templated":true}]}}