{"id":5298,"date":"2025-10-12T12:24:14","date_gmt":"2025-10-12T10:24:14","guid":{"rendered":"https:\/\/vitamin.coredesign.hu\/?product=huminiqum-kapszula-etrend-kiegeszito-120-db"},"modified":"2026-01-08T23:23:56","modified_gmt":"2026-01-08T22:23:56","slug":"huminiqum-kapszula-etrend-kiegeszito-120-db","status":"publish","type":"product","link":"https:\/\/vitamin.coredesign.hu\/?product=huminiqum-kapszula-etrend-kiegeszito-120-db","title":{"rendered":"HUMINIQUM kapszula \u00e9trend-kieg\u00e9sz\u00edt\u0151 (120 db)"},"content":{"rendered":"<p>&nbsp;<\/p>\n<div id=\"lt-accessibility-devtools\" aria-hidden=\"true\"><\/div>\n<p>\u00c1sv\u00e1nyi anyagokat, mikroelemeket, nyomelemeket, C-vitamint, huminsavakat \u00e9s m\u00e1riat\u00f6vis kivonatot tartalmaz\u00f3 \u00e9trendkieg\u00e9sz\u00edt\u0151 kapszul\u00e1ban.<\/p>\n<p><strong>HAT\u00d3ANYAGOK:<\/strong><br \/>\nA huminsavak mikroelemekkel k\u00e9pzett komplex vegy\u00fcletei term\u00e9szetes t\u00e1mogat\u00e1st ny\u00fajtanak a technikai civiliz\u00e1ci\u00f3 kih\u00edv\u00e1sainak megfelelni v\u00e1gy\u00f3 ember testi, lelki \u00e9s szellemi megpr\u00f3b\u00e1ltat\u00e1saihoz.<\/p>\n<p>A\u00a0<strong>huminsav<\/strong>\u00a0k\u00e9pz\u0151d\u00e9s kiindul\u00e1si vegy\u00fcleteinek a f\u00e1s n\u00f6v\u00e9nyi r\u00e9szek lignin molekul\u00e1i, valamint a flavonoid szerkezet\u0171 vegy\u00fcletek tekinthet\u0151k. A term\u00e9szetes huminsavak sz\u00e1mos \u00e1sv\u00e1nyi anyagot tartalmaz \u00f6nmag\u00e1ban \u00e9s mindezeket j\u00f3l felvehet\u0151, biol\u00f3giailag k\u00f6nnyen hasznos\u00edthat\u00f3 form\u00e1ban.<\/p>\n<p><strong>\u00c9lettani hat\u00e1s<\/strong><\/p>\n<p>A C-vitamin, a vas (Fe) a r\u00e9z (Cu) \u00e9s a szel\u00e9n (Se) hozz\u00e1j\u00e1rul a norm\u00e1l immunrendszer m\u0171k\u00f6d\u00e9s\u00e9hez.<br \/>\nA cink (Zn) \u00e9s a j\u00f3d (I) hozz\u00e1j\u00e1rul a norm\u00e1l szellemi m\u0171k\u00f6d\u00e9shez.<br \/>\nA M\u00e1riat\u00f6vis mag kivonat t\u00e1mogatja a m\u00e1j m\u0171k\u00f6d\u00e9s\u00e9t.<br \/>\nA mang\u00e1n (Mn) \u00e9s a cink (Zn) hozz\u00e1j\u00e1rul a sejtek oxidat\u00edv stresszel szembeni v\u00e9delm\u00e9hez.<\/p>\n<p><strong>\u00d6SSZETEV\u0150K:<\/strong><br \/>\nHuzminsavak, M\u00e1riat\u00f6vis kivonat, K\u00e1lcium-klorid, Kovasav-g\u00e9l, Magn\u00e9zium-L-aszkorb\u00e1t, Vas-szulf\u00e1t, Cink-L-aszkorb\u00e1t, Na-hidrog\u00e9n-foszf\u00e1t, Mang\u00e1n-aszkorb\u00e1t, R\u00e9z-szulf\u00e1t, N\u00e1trium bor\u00e1t, K\u00e1lium-jodid, Amm\u00f3nium-molibd\u00e1t, N\u00e1trium-szelenit, Kr\u00f3m-III-klorid, tiszt\u00edtott v\u00edz, N\u00f6v\u00e9nyi cellul\u00f3z (kapszula).<\/p>\n<p><strong>FELHASZN\u00c1L\u00c1S:<\/strong><\/p>\n<p><strong>Aj\u00e1nlott napi adag:<\/strong><\/p>\n<ul>\n<li>2-4 db kapszula (A 4 db kapszul\u00e1t k\u00e9t r\u00e9szletben (2\u00d72 db) reggel \u00e9s este aj\u00e1nlott bekeverni.)<\/li>\n<li>Az aj\u00e1nlott napi adagot b\u0151 folyad\u00e9kkal vegy\u00fck be (gy\u00fcm\u00f6lcsl\u00e9, tea, v\u00edz, tej).<\/li>\n<li>\u00c9tkez\u00e9s el\u0151tt 15-20 perccel aj\u00e1nlott bevenni.<\/li>\n<li>Az aj\u00e1nlott napi adagot ne l\u00e9pje t\u00fal!<\/li>\n<\/ul>\n<p>Tov\u00e1bbi fogyaszt\u00e1si javaslatok k\u00fcl\u00f6nb\u00f6z\u0151 eg\u00e9szs\u00e9g\u00fcgyi \u00e1llapotokra vonatkoz\u00f3an:<\/p>\n<ul>\n<li>\u00c1ltal\u00e1nos robor\u00e1l\u00e1sra: 1\u00d72 db<\/li>\n<li>Mikroelemek p\u00f3tl\u00e1s\u00e1ra: 2\u00d72 db<\/li>\n<li>Sav-b\u00e1zis egyens\u00faly helyre\u00e1ll\u00edt\u00e1s\u00e1ra: 1\u00d72 db<\/li>\n<li>F\u00e1radts\u00e1g, leverts\u00e9g \u00e9rzet eset\u00e9n: 1\u00d72 db<\/li>\n<li>Fizikai megterhel\u00e9s, versenyz\u00e9s: 2\u00d72 db<\/li>\n<li>Szellemi kimer\u00fclts\u00e9g eset\u00e9n: 2\u00d72 db<\/li>\n<li>\u00c1ldott \u00e1llapotban, szoptat\u00f3s any\u00e1knak: 1\u00d72 db<\/li>\n<li>Betegs\u00e9g ut\u00e1ni l\u00e1badoz\u00e1s: 2\u00d72 db<\/li>\n<li>Gyerekeknek: 1\u00d71 db<\/li>\n<\/ul>\n<p><strong>T\u00e1rol\u00e1s:<\/strong><\/p>\n<ul>\n<li>F\u00e9nyt\u0151l, sug\u00e1rz\u00f3 h\u0151t\u0151l v\u00e9dett, sz\u00e1raz h\u0171v\u00f6s helyen t\u00e1roland\u00f3!<\/li>\n<li>Felbont\u00e1s ut\u00e1n 30 napon bel\u00fcl elfogyasztand\u00f3!<\/li>\n<li>Gyermekek el\u0151l gondosan elz\u00e1rva tartand\u00f3!<\/li>\n<\/ul>\n","protected":false},"excerpt":{"rendered":"<p>\u00c1sv\u00e1nyi anyagokat, mikroelemeket, nyomelemeket, C-vitamint, huminsavakat \u00e9s m\u00e1riat\u00f6vis kivonatot tartalmaz\u00f3 \u00e9trendkieg\u00e9sz\u00edt\u0151 kapszul\u00e1ban.<\/p>\n<p>&nbsp;<\/p>\n","protected":false},"featured_media":5299,"comment_status":"closed","ping_status":"open","template":"","meta":[],"product_cat":[61],"product_tag":[],"class_list":{"0":"post-5298","1":"product","2":"type-product","3":"status-publish","4":"has-post-thumbnail","6":"product_brand-hymato","7":"product_cat-etrend-kiegeszitok","9":"first","10":"instock","11":"purchasable","12":"product-type-simple"},"_links":{"self":[{"href":"https:\/\/vitamin.coredesign.hu\/index.php?rest_route=\/wp\/v2\/product\/5298","targetHints":{"allow":["GET"]}}],"collection":[{"href":"https:\/\/vitamin.coredesign.hu\/index.php?rest_route=\/wp\/v2\/product"}],"about":[{"href":"https:\/\/vitamin.coredesign.hu\/index.php?rest_route=\/wp\/v2\/types\/product"}],"replies":[{"embeddable":true,"href":"https:\/\/vitamin.coredesign.hu\/index.php?rest_route=%2Fwp%2Fv2%2Fcomments&post=5298"}],"wp:featuredmedia":[{"embeddable":true,"href":"https:\/\/vitamin.coredesign.hu\/index.php?rest_route=\/wp\/v2\/media\/5299"}],"wp:attachment":[{"href":"https:\/\/vitamin.coredesign.hu\/index.php?rest_route=%2Fwp%2Fv2%2Fmedia&parent=5298"}],"wp:term":[{"taxonomy":"product_cat","embeddable":true,"href":"https:\/\/vitamin.coredesign.hu\/index.php?rest_route=%2Fwp%2Fv2%2Fproduct_cat&post=5298"},{"taxonomy":"product_tag","embeddable":true,"href":"https:\/\/vitamin.coredesign.hu\/index.php?rest_route=%2Fwp%2Fv2%2Fproduct_tag&post=5298"}],"curies":[{"name":"wp","href":"https:\/\/api.w.org\/{rel}","templated":true}]}}