{"id":5296,"date":"2025-10-12T12:24:14","date_gmt":"2025-10-12T10:24:14","guid":{"rendered":"https:\/\/vitamin.coredesign.hu\/?product=prostacell-kapszula-etrend-kiegeszito-60-db"},"modified":"2026-01-08T23:23:55","modified_gmt":"2026-01-08T22:23:55","slug":"prostacell-kapszula-etrend-kiegeszito-60-db","status":"publish","type":"product","link":"https:\/\/vitamin.coredesign.hu\/?product=prostacell-kapszula-etrend-kiegeszito-60-db","title":{"rendered":"ProstaCell kapszula \u00e9trend-kieg\u00e9sz\u00edt\u0151 (60 db)"},"content":{"rendered":"<p>&nbsp;<\/p>\n<div id=\"lt-accessibility-devtools\" aria-hidden=\"true\"><\/div>\n<p>B\u00e9ta szitoszterol, csal\u00e1n \u00e9s f\u0171r\u00e9szp\u00e1lma kivonat, Q-10, huminsav \u00e9s likopin tartalm\u00fa \u00e9l\u0151fl\u00f3r\u00e1s \u00e9trend-kieg\u00e9sz\u00edt\u0151.<\/p>\n<p>A ProstaCell k\u00e9sz\u00edtm\u00e9ny hat\u00f3anyagai r\u00e9v\u00e9n hozz\u00e1j\u00e1rulhat az eg\u00e9szs\u00e9ges prosztata m\u0171k\u00f6d\u00e9s\u00e9hez. A csal\u00e1n gy\u00f6k\u00e9r kivonat hozz\u00e1j\u00e1rul az eg\u00e9szs\u00e9ges prosztata fenntart\u00e1s\u00e1hoz. A b\u00e9ta szitoszterol hozz\u00e1j\u00e1rul a prosztata \u00e9s a vese norm\u00e1l m\u0171k\u00f6d\u00e9s\u00e9hez. A likopin cs\u00f6kkenti a prosztata oxidat\u00edv k\u00e1rosod\u00e1s\u00e1t. A Cink (Zn), B\u00f3r (B) \u00e9s Szel\u00e9n (Se) hozz\u00e1j\u00e1rulnak a prosztata eg\u00e9szs\u00e9ges m\u0171k\u00f6d\u00e9s\u00e9hez.<\/p>\n<p>Term\u00e9szetes gy\u00f3gyn\u00f6v\u00e9nykivonat tartalma \u00e9s k\u00e9t k\u00fcl\u00f6nleges probiotikus t\u00f6rzs\u00e9nek k\u00f6sz\u00f6nhet\u0151en seg\u00edthet a prosztata norm\u00e1l m\u0171k\u00f6d\u00e9s\u00e9ben.<\/p>\n<p><strong>A term\u00e9k k\u00e9t h\u00f3napra (60 napra) elegend\u0151 kapszul\u00e1t tartalmaz!<\/strong><\/p>\n<p><strong>A term\u00e9k f\u0151 hat\u00f3anyagai:<\/strong><\/p>\n<ul>\n<li><strong>Csal\u00e1n gy\u00f6k\u00e9r<\/strong>\u00a0\u2013 Hozz\u00e1j\u00e1rul az eg\u00e9szs\u00e9ges prosztata fenntart\u00e1s\u00e1hoz. Seg\u00edti a 45 \u00e9ves kor feletti f\u00e9rfiak norm\u00e1l vizel\u00e9si funkci\u00f3inak m\u0171k\u00f6d\u00e9s\u00e9t.<\/li>\n<li><strong>F\u0171r\u00e9szp\u00e1lma<\/strong>\u00a0\u2013 Hat\u00f3anyagai szerepet j\u00e1tszanak a prosztata norm\u00e1l m\u00e9ret\u00e9nek meg\u0151rz\u00e9s\u00e9ben. Tov\u00e1bb\u00e1 hozz\u00e1j\u00e1rul a reprodukci\u00f3s funkci\u00f3k norm\u00e1l m\u0171k\u00f6d\u00e9s\u00e9hez. A csal\u00e1n gy\u00f6k\u00e9r kivonat j\u00f3t\u00e9kony hat\u00e1ssal van a f\u00e9rfi eg\u00e9szs\u00e9gre.<\/li>\n<li><strong>Huminsav<\/strong>\u00a0\u2013 A huminsav mikroelemekkel k\u00e9pzett komplex vegy\u00fcletei term\u00e9szetes t\u00e1mogat\u00e1st ny\u00fajtanak a technikai civiliz\u00e1ci\u00f3 kih\u00edv\u00e1sainak megfelelni v\u00e1gy\u00f3 ember testi, lelki \u00e9s szellemi megpr\u00f3b\u00e1ltat\u00e1saihoz.<\/li>\n<li><strong>B\u00e9ta szitoszterol<\/strong>\u00a0\u2013 Hozz\u00e1j\u00e1rul a prosztata \u00e9s a vese norm\u00e1l m\u0171k\u00f6d\u00e9s\u00e9hez. Seg\u00edt a norm\u00e1l prosztata m\u00e9ret megtart\u00e1s\u00e1ban \u00e9s a vizel\u00e9si probl\u00e9m\u00e1k norm\u00e1l m\u0171k\u00f6d\u00e9sben is szerepet j\u00e1tszik.<\/li>\n<li><strong>Cink\u00a0<\/strong>\u2013 Seg\u00edti a norm\u00e1l tesztoszteron szint megtart\u00e1s\u00e1t. Hozz\u00e1j\u00e1rul a prosztata eg\u00e9szs\u00e9ges m\u0171k\u00f6d\u00e9s\u00e9hez.<\/li>\n<\/ul>\n<p>&nbsp;<\/p>\n<p><img fetchpriority=\"high\" decoding=\"async\" class=\"wp-image-31921 aligncenter\" src=\"https:\/\/hymato.hu\/wp-content\/uploads\/2022\/09\/prosta-2.0.jpg\" sizes=\"(max-width: 498px) 100vw, 498px\" srcset=\"https:\/\/hymato.hu\/wp-content\/uploads\/2022\/09\/prosta-2.0.jpg 2240w, https:\/\/hymato.hu\/wp-content\/uploads\/2022\/09\/prosta-2.0-600x664.jpg 600w, https:\/\/hymato.hu\/wp-content\/uploads\/2022\/09\/prosta-2.0-271x300.jpg 271w, https:\/\/hymato.hu\/wp-content\/uploads\/2022\/09\/prosta-2.0-925x1024.jpg 925w, https:\/\/hymato.hu\/wp-content\/uploads\/2022\/09\/prosta-2.0-768x850.jpg 768w, https:\/\/hymato.hu\/wp-content\/uploads\/2022\/09\/prosta-2.0-1387x1536.jpg 1387w, https:\/\/hymato.hu\/wp-content\/uploads\/2022\/09\/prosta-2.0-1850x2048.jpg 1850w\" alt=\"prostacell kapszula \u00e9trend kieg\u00e9sz\u00edt\u0151 (60 db)\" width=\"498\" height=\"552\" \/><\/p>\n<p><strong>Aj\u00e1nlott\u00a0<\/strong><strong>napi adag<\/strong>: 1 db kapszula naponta, \u00e9tkez\u00e9s el\u0151tt<\/p>\n<p><strong>Adagol\u00e1s<\/strong>: Az aj\u00e1nlott napi adagot tetsz\u0151leges folyad\u00e9kban (v\u00edz, tea, gy\u00fcm\u00f6lcsl\u00e9 stb.) vegye be, reggel vagy d\u00e9lben aj\u00e1nlott bevenni.<\/p>\n<p><strong>Figyelmeztet\u00e9sek:<\/strong>\u00a0Az aj\u00e1nlott napi adagot ne l\u00e9pje t\u00fal!\u00a0Az \u00e9trend-kieg\u00e9sz\u00edt\u0151 nem helyettes\u00edti a vegyes \u00e9trendet \u00e9s az eg\u00e9szs\u00e9ges \u00e9letm\u00f3dot.<\/p>\n<p>Gyermekek el\u0151l elz\u00e1rva tartand\u00f3. F\u00e9nyt\u0151l \u00e9s sug\u00e1rz\u00f3 h\u0151t\u0151l v\u00e9dett, sz\u00e1raz h\u0171v\u00f6s helyen t\u00e1roland\u00f3.<\/p>\n","protected":false},"excerpt":{"rendered":"<p>B\u00e9ta szitoszterol, csal\u00e1n \u00e9s f\u0171r\u00e9szp\u00e1lma kivonat, Q-10, huminsav \u00e9s likopin tartalm\u00fa \u00e9l\u0151fl\u00f3r\u00e1s \u00e9trend-kieg\u00e9sz\u00edt\u0151.<\/p>\n<p>&nbsp;<\/p>\n","protected":false},"featured_media":5297,"comment_status":"closed","ping_status":"open","template":"","meta":[],"product_cat":[61],"product_tag":[],"class_list":{"0":"post-5296","1":"product","2":"type-product","3":"status-publish","4":"has-post-thumbnail","6":"product_brand-hymato","7":"product_cat-etrend-kiegeszitok","9":"first","10":"instock","11":"purchasable","12":"product-type-simple"},"_links":{"self":[{"href":"https:\/\/vitamin.coredesign.hu\/index.php?rest_route=\/wp\/v2\/product\/5296","targetHints":{"allow":["GET"]}}],"collection":[{"href":"https:\/\/vitamin.coredesign.hu\/index.php?rest_route=\/wp\/v2\/product"}],"about":[{"href":"https:\/\/vitamin.coredesign.hu\/index.php?rest_route=\/wp\/v2\/types\/product"}],"replies":[{"embeddable":true,"href":"https:\/\/vitamin.coredesign.hu\/index.php?rest_route=%2Fwp%2Fv2%2Fcomments&post=5296"}],"wp:featuredmedia":[{"embeddable":true,"href":"https:\/\/vitamin.coredesign.hu\/index.php?rest_route=\/wp\/v2\/media\/5297"}],"wp:attachment":[{"href":"https:\/\/vitamin.coredesign.hu\/index.php?rest_route=%2Fwp%2Fv2%2Fmedia&parent=5296"}],"wp:term":[{"taxonomy":"product_cat","embeddable":true,"href":"https:\/\/vitamin.coredesign.hu\/index.php?rest_route=%2Fwp%2Fv2%2Fproduct_cat&post=5296"},{"taxonomy":"product_tag","embeddable":true,"href":"https:\/\/vitamin.coredesign.hu\/index.php?rest_route=%2Fwp%2Fv2%2Fproduct_tag&post=5296"}],"curies":[{"name":"wp","href":"https:\/\/api.w.org\/{rel}","templated":true}]}}