{"id":5294,"date":"2025-10-12T12:24:14","date_gmt":"2025-10-12T10:24:14","guid":{"rendered":"https:\/\/vitamin.coredesign.hu\/?product=mikrobiom-24-elofloras-etrend-kiegeszito-kapszula-30-db"},"modified":"2026-01-08T23:23:54","modified_gmt":"2026-01-08T22:23:54","slug":"mikrobiom-24-elofloras-etrend-kiegeszito-kapszula-30-db","status":"publish","type":"product","link":"https:\/\/vitamin.coredesign.hu\/?product=mikrobiom-24-elofloras-etrend-kiegeszito-kapszula-30-db","title":{"rendered":"MikroBiom 24 \u00e9l\u0151fl\u00f3r\u00e1s \u00e9trend-kieg\u00e9sz\u00edt\u0151 kapszula (30 db)"},"content":{"rendered":"<p>&nbsp;<\/p>\n<div id=\"lt-accessibility-devtools\" aria-hidden=\"true\"><\/div>\n<p>\u00c9l\u0151fl\u00f3r\u00e1t \u00e9s butir\u00e1tot tartalmaz\u00f3 \u00e9trend-kieg\u00e9sz\u00edt\u0151 sav\u00e1ll\u00f3 kapszul\u00e1ban. Immunrendszer\u00fcnk \u00e9s b\u00e9lfl\u00f3r\u00e1nk t\u00e1mogat\u00e1s\u00e1nak egy \u00faj szintje. 24 f\u00e9le garant\u00e1lt mennyis\u00e9g\u0171 bakt\u00e9riumt\u00f6rzs\u00e9vel seg\u00edt az eg\u00e9szs\u00e9ges b\u00e9lfl\u00f3ra kialak\u00edt\u00e1s\u00e1ban \u00e9s fenntart\u00e1s\u00e1ban. Egy napi adag 30 milli\u00e1rd \u00e9l\u0151 kult\u00far\u00e1t tartalmaz.<\/p>\n<p>B\u00e9lrendszer\u00fcnkben a hasznos \u00e9s a k\u00e1ros b\u00e9lfl\u00f3r\u00e1nak egyens\u00falyban kellene lennie. Azonban az \u00e9let\u00fcnk sor\u00e1n minket \u00e9rt, legt\u00f6bbsz\u00f6r k\u00fcls\u0151 behat\u00e1sokra (antibiotikumok, fert\u0151z\u00e9sek, m\u00e9reganyagokkal val\u00f3 \u00e9rintkez\u00e9s, szennyezett leveg\u0151, stressz stb.) ez az egyens\u00faly felborulhat.<\/p>\n<p>A hasznos b\u00e9lfl\u00f3ra \u00e1ll\u00edtja el\u0151 a vitaminok, az enzimek nagy r\u00e9sz\u00e9t, sz\u00e1mos l\u00e9tfontoss\u00e1g\u00fa hormont \u00e9s az immunrendszer f\u0151bb alapelemeit. Ha a hasznos b\u00e9lfl\u00f3ra k\u00e1rosodik, akkor ezek az anyagok nem termel\u0151dnek megfelel\u0151en \u00e9s ennek sz\u00e1mos \u00e9lettani k\u00f6vetkezm\u00e9nye lehet.<br \/>\nLegyeng\u00fclhet az immunrendszer, b\u0151rbetegs\u00e9gek, allergi\u00e1s t\u00fcnetek jelenhetnek meg, a hormonrendszer egyens\u00faly\u00e1nak hi\u00e1ny\u00e1ban elh\u00edz\u00e1s \u00e9s kering\u00e9si probl\u00e9m\u00e1k jelentkezhetnek.<\/p>\n<p>Ha a hasznos b\u00e9lfl\u00f3ra nem j\u00f3l m\u0171k\u00f6dik, \u00e9s a t\u00e1panyagokat nem tudja megfelel\u0151en lebontani, megem\u00e9szteni, annak k\u00f6vetkezm\u00e9nye lehet p\u00e9ld\u00e1ul a glut\u00e9n \u00e9s lakt\u00f3z \u00e9rz\u00e9kenys\u00e9g kialakul\u00e1sa is.<\/p>\n<p>Az emberi szervezetben l\u00e9v\u0151 mikrobiom kutat\u00e1sa egy \u00faj tudom\u00e1nyter\u00fclett\u00e9 kezd v\u00e1lni. Jelenleg m\u00e9g csak kezdetleges ismereteink vannak a mikrobiom teljes jelent\u0151s\u00e9g\u00e9r\u0151l.<br \/>\nN\u00e9h\u00e1ny meglep\u0151 t\u00e9ny ezzel kapcsolatban:<\/p>\n<ul>\n<li>A benn\u00fcnk \u00e9l\u0151 bakt\u00e9riumok \u00e9s gomb\u00e1k sz\u00e1ma t\u00f6bb, mint a szervezet\u00fcnk saj\u00e1t sejtjeinek sz\u00e1ma.<\/li>\n<li>A mikrobiom folyamatos kommunik\u00e1ci\u00f3ban \u00e9s inform\u00e1ci\u00f3 cser\u00e9ben van az aggyal is (b\u00e9l-agy tengely).<\/li>\n<li>A legyeng\u00fclt hasznos b\u00e9lfl\u00f3r\u00e1t nagyban seg\u00edthetj\u00fck k\u00edv\u00fclr\u0151l bevitt \u00fagynevezett probiotikumokkal.<\/li>\n<li>N\u00e9lk\u00fcl\u00f6zhetetlenek az optim\u00e1lis em\u00e9szt\u00e9shez \u00e9s a t\u00e1panyagok felsz\u00edv\u00f3d\u00e1s\u00e1hoz, valamint seg\u00edtik a szervezetet vitaminok el\u0151\u00e1ll\u00edt\u00e1s\u00e1ban \u00e9s a m\u00e9reganyagok elt\u00e1vol\u00edt\u00e1s\u00e1ban.<\/li>\n<li>Az immunrendszer m\u0171k\u00f6d\u00e9s\u00e9nek k\u00f6r\u00fclbel\u00fcl 80%-a az em\u00e9szt\u0151rendszerben tal\u00e1lhat\u00f3.<\/li>\n<li>A probiotikumok rendszeres haszn\u00e1lata hozz\u00e1j\u00e1rulhat a h\u00fagyutak eg\u00e9szs\u00e9g\u00e9nek fenntart\u00e1s\u00e1hoz az\u00e1ltal, hogy fenntartja az eg\u00e9szs\u00e9ges bakt\u00e9riumpopul\u00e1ci\u00f3t a h\u00fagy\u00fati kiv\u00e1lasztott ter\u00fcletein.<\/li>\n<li>A term\u00e9k fogyaszt\u00e1s\u00e1t kifejezetten aj\u00e1nljuk antibiotikumos kezel\u00e9sek alatt \u00e9s ut\u00e1n, hogy meg tudjuk \u0151rizni az eg\u00e9szs\u00e9ges b\u00e9lfl\u00f3r\u00e1t.<\/li>\n<\/ul>\n<p>A hasznos b\u00e9lfl\u00f3ra helyre\u00e1ll\u00edt\u00e1s\u00e1nak \u00e9s fenntart\u00e1s\u00e1nak hossz\u00fa t\u00e1v\u00fa megold\u00e1sa az \u00e9tkez\u00e9si szok\u00e1saink tudatos v\u00e1ltoztat\u00e1sa lenne, vagyis egyr\u00e9szt rostanyagokkal (prebiotikumok), nyers z\u00f6lds\u00e9gekkel, cs\u00edr\u00e1ztatott magokkal, hidegen sajtolt n\u00f6v\u00e9nyi olajokkal \u00e9s j\u00f3 min\u0151s\u00e9g\u0171<br \/>\n\u00e1llati zs\u00edrokkal kellene t\u00e1pl\u00e1lni a hasznos b\u00e9lfl\u00f3ra energia ell\u00e1t\u00e1s\u00e1t, m\u00e1sr\u00e9szt el\u0151t\u00e9rbe kellene helyezni az \u00fagynevezett ferment\u00e1lt (el\u0151em\u00e9sztett \u00e9l\u0151fl\u00f3r\u00e1s) \u00e9lelmiszerek fogyaszt\u00e1s\u00e1t. T\u00e1mogassa a hasznos b\u00e9lfl\u00f3r\u00e1j\u00e1t rostanyagokban d\u00fas \u00e9tkez\u00e9ssel. A hasznos bakt\u00e9riumok rostanyagok n\u00e9lk\u00fcl nem jutnak energiaforr\u00e1shoz \u00e9s nehezebben tudj\u00e1k kifejteni pozit\u00edv hat\u00e1sukat.<\/p>\n<p><strong>Prebiotikumok<\/strong>: A hasznos b\u00e9lfl\u00f3ra energia forr\u00e1sai. Jellemz\u0151en n\u00f6v\u00e9nyi \u00e9s \u00e1llati rostanyagok.<br \/>\n<strong>Probiotikumok<\/strong>: A hasznos b\u00e9lfl\u00f3r\u00e1t fel\u00e9p\u00edt\u0151 bakt\u00e9rium- \u00e9s gombat\u00f6rzsek.<br \/>\n<strong>Antibiotikumok<\/strong>: A hasznos \u00e9s a k\u00e1ros bakt\u00e9riumokat \u00e9s b\u00e9lfl\u00f3r\u00e1t is elpuszt\u00edt\u00f3 anyagok, gy\u00f3gyszerek.<\/p>\n<p>A MikroBiom 24\u00a0 term\u00e9k kiemelked\u0151en magas mennyis\u00e9g\u0171 \u00e9s min\u0151s\u00e9g\u0171 probiotikus, \u00fagynevezett j\u00f3 bakt\u00e9riumokat tartalmaz. Az\u00e9rt, hogy ezek a t\u00f6rzsek min\u00e9l jobban kifejts\u00e9k hat\u00e1sukat, ez\u00e9rt a bakt\u00e9riumokat gyomorsav ellen\u00e1ll\u00f3 kapszul\u00e1ba z\u00e1rtuk. Ezek a speci\u00e1lis gyomorsav ellen\u00e1ll\u00f3 kapszul\u00e1k a gyomorsavban nem, de l\u00fagos k\u00f6zegben felold\u00f3dnak. Ez\u00e1ltal ezek a kapszul\u00e1k a patk\u00f3b\u00e9lben old\u00f3dnak fel, mert a patk\u00f3b\u00e9lben l\u00fagos k\u00f6zeg\u0171 a pH szint. \u00cdgy ezen j\u00f3 bakt\u00e9riumokat egyb\u0151l a k\u00edv\u00e1nt helyre sz\u00e1ll\u00edtja.<\/p>\n<ul>\n<li>A term\u00e9kben tal\u00e1lhat\u00f3 probiotikus \u00e9l\u0151 t\u00f6rzsek hozz\u00e1j\u00e1rulhatnak az eg\u00e9szs\u00e9ges b\u00e9lfl\u00f3ra kialak\u00edt\u00e1s\u00e1hoz \u00e9s fenntart\u00e1s\u00e1hoz.<\/li>\n<li>A term\u00e9k butir\u00e1t (vajsav) tartalma hozz\u00e1j\u00e1rulhat a norm\u00e1l b\u00e9lfunkci\u00f3k \u00e9s em\u00e9szt\u00e9si folyamatok kialak\u00edt\u00e1s\u00e1hoz.<\/li>\n<\/ul>\n<p><strong>\u00d6SSZETEV\u0150K:<\/strong>\u00a0N\u00e1trium-Butir\u00e1t, Mikrokrist\u00e1lyos cellul\u00f3z, Sacharomices Boulardi, Lactobacillus lactis, Bifidobacterium longum, Lactobacillus acidophilus, Lactobacillus crispatus, Lactobacillus salivarius, Lactobacillus fermentum, Bifidobacterium bifidum, Bifidobacterium adeloscentis, Bifidobacterium infantis, Bacillus clausii, Lactobacillus reuteri, Lactobacillus gasseri, Pediococcus acidalactici, Lactococcus lactis sp cremoris, Lactobacillus-Rhamnosus GG, Bifidobacterium lactis, Bifidobacterium breve, Bacillus subtilis, Leuconostoc mesenteroides, Pediococcus pentosaceus, Lactobacillus plantarum, Lactobacillus paracasei, Streptococcus thermophilus<\/p>\n<p><img fetchpriority=\"high\" decoding=\"async\" class=\"wp-image-26315 aligncenter\" src=\"https:\/\/hymato.hu\/wp-content\/uploads\/2023\/04\/MicroBiom24-copy.jpg\" sizes=\"(max-width: 635px) 100vw, 635px\" srcset=\"https:\/\/hymato.hu\/wp-content\/uploads\/2023\/04\/MicroBiom24-copy.jpg 2480w, https:\/\/hymato.hu\/wp-content\/uploads\/2023\/04\/MicroBiom24-copy-300x300.jpg 300w, https:\/\/hymato.hu\/wp-content\/uploads\/2023\/04\/MicroBiom24-copy-100x100.jpg 100w, https:\/\/hymato.hu\/wp-content\/uploads\/2023\/04\/MicroBiom24-copy-600x600.jpg 600w, https:\/\/hymato.hu\/wp-content\/uploads\/2023\/04\/MicroBiom24-copy-1024x1024.jpg 1024w, https:\/\/hymato.hu\/wp-content\/uploads\/2023\/04\/MicroBiom24-copy-150x150.jpg 150w, https:\/\/hymato.hu\/wp-content\/uploads\/2023\/04\/MicroBiom24-copy-768x768.jpg 768w, https:\/\/hymato.hu\/wp-content\/uploads\/2023\/04\/MicroBiom24-copy-1536x1536.jpg 1536w, https:\/\/hymato.hu\/wp-content\/uploads\/2023\/04\/MicroBiom24-copy-2048x2048.jpg 2048w\" alt=\"mikrobiom 24 \u00e9l\u0151fl\u00f3r\u00e1s \u00e9trend kieg\u00e9sz\u00edt\u0151 kapszula (30 db)\" width=\"635\" height=\"635\" \/><\/p>\n<p><strong>Aj\u00e1nlott napi adag:<\/strong><\/p>\n<ul>\n<li>1 db kapszula\u00a0 naponta, \u00e9tkez\u00e9s k\u00f6zben vagy ut\u00e1n.<\/li>\n<li>Az aj\u00e1nlott napi adagot tetsz\u0151leges folyad\u00e9kban (v\u00edz, gy\u00fcm\u00f6lcsl\u00e9, kef\u00edr, stb.) vegye be.<\/li>\n<li>Az aj\u00e1nlott napi adagot ne l\u00e9pje t\u00fal!<\/li>\n<li>\u00c9lelmi rostokban gazdag \u00e9tkez\u00e9ssel t\u00e1mogassa a b\u00e9lfl\u00f3ra eg\u00e9szs\u00e9ges m\u0171k\u00f6d\u00e9s\u00e9t.<\/li>\n<\/ul>\n<p><strong>T\u00e1rol\u00e1s:<\/strong><\/p>\n<ul>\n<li>F\u00e9nyt\u0151l, sug\u00e1rz\u00f3 h\u0151t\u0151l v\u00e9dett, sz\u00e1raz h\u0171t\u00f6tt helyen (h\u0171t\u0151szekr\u00e9nyben) t\u00e1roland\u00f3!<\/li>\n<li>Gyermekek el\u0151l gondosan elz\u00e1rva tartand\u00f3!<\/li>\n<\/ul>\n","protected":false},"excerpt":{"rendered":"<p>\u00c9l\u0151fl\u00f3r\u00e1t \u00e9s butir\u00e1tot tartalmaz\u00f3 \u00e9trend-kieg\u00e9sz\u00edt\u0151 sav\u00e1ll\u00f3 kapszul\u00e1ban. Immunrendszer\u00fcnk \u00e9s b\u00e9lfl\u00f3r\u00e1nk t\u00e1mogat\u00e1s\u00e1nak egy \u00faj szintje. 24 f\u00e9le garant\u00e1lt mennyis\u00e9g\u0171 bakt\u00e9riumt\u00f6rzs\u00e9vel seg\u00edt az eg\u00e9szs\u00e9ges b\u00e9lfl\u00f3ra kialak\u00edt\u00e1s\u00e1ban \u00e9s fenntart\u00e1s\u00e1ban. Egy napi adag 30 milli\u00e1rd \u00e9l\u0151 kult\u00far\u00e1t tartalmaz.<\/p>\n<p>&nbsp;<\/p>\n","protected":false},"featured_media":5295,"comment_status":"closed","ping_status":"open","template":"","meta":[],"product_cat":[76],"product_tag":[],"class_list":{"0":"post-5294","1":"product","2":"type-product","3":"status-publish","4":"has-post-thumbnail","6":"product_brand-hymato","7":"product_cat-eloflora","9":"first","10":"instock","11":"purchasable","12":"product-type-simple"},"_links":{"self":[{"href":"https:\/\/vitamin.coredesign.hu\/index.php?rest_route=\/wp\/v2\/product\/5294","targetHints":{"allow":["GET"]}}],"collection":[{"href":"https:\/\/vitamin.coredesign.hu\/index.php?rest_route=\/wp\/v2\/product"}],"about":[{"href":"https:\/\/vitamin.coredesign.hu\/index.php?rest_route=\/wp\/v2\/types\/product"}],"replies":[{"embeddable":true,"href":"https:\/\/vitamin.coredesign.hu\/index.php?rest_route=%2Fwp%2Fv2%2Fcomments&post=5294"}],"wp:featuredmedia":[{"embeddable":true,"href":"https:\/\/vitamin.coredesign.hu\/index.php?rest_route=\/wp\/v2\/media\/5295"}],"wp:attachment":[{"href":"https:\/\/vitamin.coredesign.hu\/index.php?rest_route=%2Fwp%2Fv2%2Fmedia&parent=5294"}],"wp:term":[{"taxonomy":"product_cat","embeddable":true,"href":"https:\/\/vitamin.coredesign.hu\/index.php?rest_route=%2Fwp%2Fv2%2Fproduct_cat&post=5294"},{"taxonomy":"product_tag","embeddable":true,"href":"https:\/\/vitamin.coredesign.hu\/index.php?rest_route=%2Fwp%2Fv2%2Fproduct_tag&post=5294"}],"curies":[{"name":"wp","href":"https:\/\/api.w.org\/{rel}","templated":true}]}}