{"id":5288,"date":"2025-10-12T12:24:14","date_gmt":"2025-10-12T10:24:14","guid":{"rendered":"https:\/\/vitamin.coredesign.hu\/?product=lipocell-liposzomas-c-vitamin-meggyes-izben-250-ml"},"modified":"2026-01-08T23:23:51","modified_gmt":"2026-01-08T22:23:51","slug":"lipocell-liposzomas-c-vitamin-meggyes-izben-250-ml","status":"publish","type":"product","link":"https:\/\/vitamin.coredesign.hu\/?product=lipocell-liposzomas-c-vitamin-meggyes-izben-250-ml","title":{"rendered":"LipoCell liposz\u00f3m\u00e1s C-vitamin meggyes \u00edzben (250 ml)"},"content":{"rendered":"<p>&nbsp;<\/p>\n<div id=\"lt-accessibility-devtools\" aria-hidden=\"true\"><\/div>\n<h4>LipoCell liposz\u00f3m\u00e1s C-vitamin, fulvosav \u00e9s bioflavonoid tartalm\u00fa foly\u00e9kony \u00e9trend-kieg\u00e9sz\u00edt\u0151 meggyes \u00edzben. GMO- \u00e9s cukormentes, veg\u00e1n term\u00e9k.<\/h4>\n<h4>A LipoCell\u00ae C-vitamin\u00a0<strong>liposz\u00f3m\u00e1kba (mikroszkopikus kapszul\u00e1kba)<\/strong>\u00a0z\u00e1rt C-vitamint tartalmaz, amely jelent\u0151sen megn\u00f6velheti az akt\u00edv hat\u00f3anyagok felsz\u00edv\u00f3d\u00e1s\u00e1t a b\u00e9lrendszerben. A term\u00e9kben tal\u00e1lhat\u00f3 bioflavonoid szint\u00e9n jelent\u0151s m\u00e9rt\u00e9kben hozz\u00e1j\u00e1rulhat a C-vitamin biol\u00f3giai hasznosul\u00e1s\u00e1hoz, melyre m\u00e1r Szent-Gy\u00f6rgyi Albert Nobel-d\u00edjas magyar orvos is felh\u00edvta a figyelmet.<\/h4>\n<p><strong>A term\u00e9k C-vitamin tartalma<\/strong>:<\/p>\n<ul>\n<li>Hozz\u00e1j\u00e1rul az immunrendszer norm\u00e1l m\u0171k\u00f6d\u00e9s\u00e9hez.<\/li>\n<li>V\u00e9di a sejteket az oxidat\u00edv stresszel szemben.<\/li>\n<li>Cs\u00f6kkenti a f\u00e1radts\u00e1got.<\/li>\n<li>Hozz\u00e1j\u00e1rul az idegrendszer megfelel\u0151 m\u0171k\u00f6d\u00e9s\u00e9hez.<\/li>\n<li>Hozz\u00e1j\u00e1rul a megfelel\u0151 kollag\u00e9n k\u00e9pz\u0151d\u00e9shez.<\/li>\n<\/ul>\n<p><strong>\u00d6SSZETEV\u0150K:<\/strong><br \/>\nTiszt\u00edtott v\u00edz, N\u00f6v\u00e9nyi glicerin, Vitamin: C-vitamin (Na-L-aszkorb\u00e1t); Antioxid\u00e1ns: c\u00e9klagy\u00f6k\u00e9r kivonat; Emulge\u00e1l\u00f3 szer: Sz\u00f3jalecitin; Aroma: \u00cdzjav\u00edt\u00f3 aroma; Fulvosav, Aroma: Term\u00e9szetazonos meggy aroma; Tart\u00f3s\u00edt\u00f3szer: K\u00e1lium-szorb\u00e1t; Vitamin: C-vitamin (L-aszkorbinsav); Citrus-bioflavonoid<\/p>\n<p><img fetchpriority=\"high\" decoding=\"async\" class=\"wp-image-25352 aligncenter\" src=\"https:\/\/hymato.hu\/wp-content\/uploads\/2021\/11\/C-vitamin-250-copy.jpg\" sizes=\"(max-width: 590px) 100vw, 590px\" srcset=\"https:\/\/hymato.hu\/wp-content\/uploads\/2021\/11\/C-vitamin-250-copy.jpg 2480w, https:\/\/hymato.hu\/wp-content\/uploads\/2021\/11\/C-vitamin-250-copy-300x300.jpg 300w, https:\/\/hymato.hu\/wp-content\/uploads\/2021\/11\/C-vitamin-250-copy-100x100.jpg 100w, https:\/\/hymato.hu\/wp-content\/uploads\/2021\/11\/C-vitamin-250-copy-600x600.jpg 600w, https:\/\/hymato.hu\/wp-content\/uploads\/2021\/11\/C-vitamin-250-copy-1024x1024.jpg 1024w, https:\/\/hymato.hu\/wp-content\/uploads\/2021\/11\/C-vitamin-250-copy-150x150.jpg 150w, https:\/\/hymato.hu\/wp-content\/uploads\/2021\/11\/C-vitamin-250-copy-768x768.jpg 768w, https:\/\/hymato.hu\/wp-content\/uploads\/2021\/11\/C-vitamin-250-copy-1536x1536.jpg 1536w, https:\/\/hymato.hu\/wp-content\/uploads\/2021\/11\/C-vitamin-250-copy-2048x2048.jpg 2048w\" alt=\"lipocell liposz\u00f3m\u00e1s c vitamin meggyes \u00edzben (250 ml)\" width=\"590\" height=\"590\" \/><\/p>\n<p><strong>Aj\u00e1nlott napi adag:<\/strong><\/p>\n<ul>\n<li>Feln\u0151tteknek napi 10 ml (mell\u00e9kelt m\u00e9r\u0151kan\u00e1llal kim\u00e9rve vagy 2 te\u00e1skan\u00e1l)<\/li>\n<li>Gyerekeknek napi 5 ml (mell\u00e9kelt m\u00e9r\u0151kan\u00e1llal kim\u00e9rve vagy 1 te\u00e1skan\u00e1l)<\/li>\n<li>Az aj\u00e1nlott napi adagot 1-2 dl tetsz\u0151leges folyad\u00e9kban (v\u00edz, tea, gy\u00fcm\u00f6lcsl\u00e9 stb.) elkeverve aj\u00e1nlott fogyasztani.<\/li>\n<li>Haszn\u00e1lat el\u0151tt felr\u00e1zand\u00f3!<\/li>\n<li>Az aj\u00e1nlott napi adagot ne l\u00e9pje t\u00fal!<\/li>\n<\/ul>\n<p><strong>T\u00e1rol\u00e1s:<\/strong><\/p>\n<ul>\n<li>F\u00e9nyt\u0151l, sug\u00e1rz\u00f3 h\u0151t\u0151l v\u00e9dett, sz\u00e1raz h\u0171v\u00f6s helyen t\u00e1roland\u00f3!<\/li>\n<li>Felbont\u00e1s ut\u00e1n 2 h\u00f3napon bel\u00fcl elfogyasztand\u00f3!<\/li>\n<li>Gyermekek el\u0151l gondosan elz\u00e1rva tartand\u00f3!<\/li>\n<\/ul>\n","protected":false},"excerpt":{"rendered":"<p>LipoCell liposz\u00f3m\u00e1s C-vitamin, fulvosav \u00e9s bioflavonoid tartalm\u00fa foly\u00e9kony \u00e9trend-kieg\u00e9sz\u00edt\u0151 meggyes \u00edzben. GMO- \u00e9s cukormentes, veg\u00e1n term\u00e9k.<\/p>\n","protected":false},"featured_media":5289,"comment_status":"closed","ping_status":"open","template":"","meta":[],"product_cat":[60],"product_tag":[],"class_list":{"0":"post-5288","1":"product","2":"type-product","3":"status-publish","4":"has-post-thumbnail","6":"product_brand-hymato","7":"product_cat-vitaminok","9":"first","10":"instock","11":"purchasable","12":"product-type-simple"},"_links":{"self":[{"href":"https:\/\/vitamin.coredesign.hu\/index.php?rest_route=\/wp\/v2\/product\/5288","targetHints":{"allow":["GET"]}}],"collection":[{"href":"https:\/\/vitamin.coredesign.hu\/index.php?rest_route=\/wp\/v2\/product"}],"about":[{"href":"https:\/\/vitamin.coredesign.hu\/index.php?rest_route=\/wp\/v2\/types\/product"}],"replies":[{"embeddable":true,"href":"https:\/\/vitamin.coredesign.hu\/index.php?rest_route=%2Fwp%2Fv2%2Fcomments&post=5288"}],"wp:featuredmedia":[{"embeddable":true,"href":"https:\/\/vitamin.coredesign.hu\/index.php?rest_route=\/wp\/v2\/media\/5289"}],"wp:attachment":[{"href":"https:\/\/vitamin.coredesign.hu\/index.php?rest_route=%2Fwp%2Fv2%2Fmedia&parent=5288"}],"wp:term":[{"taxonomy":"product_cat","embeddable":true,"href":"https:\/\/vitamin.coredesign.hu\/index.php?rest_route=%2Fwp%2Fv2%2Fproduct_cat&post=5288"},{"taxonomy":"product_tag","embeddable":true,"href":"https:\/\/vitamin.coredesign.hu\/index.php?rest_route=%2Fwp%2Fv2%2Fproduct_tag&post=5288"}],"curies":[{"name":"wp","href":"https:\/\/api.w.org\/{rel}","templated":true}]}}