{"id":5284,"date":"2025-10-12T12:24:14","date_gmt":"2025-10-12T10:24:14","guid":{"rendered":"https:\/\/vitamin.coredesign.hu\/?product=lipocell-vision-liposzomas-etrend-kiegeszito-250-ml"},"modified":"2026-01-08T23:23:49","modified_gmt":"2026-01-08T22:23:49","slug":"lipocell-vision-liposzomas-etrend-kiegeszito-250-ml","status":"publish","type":"product","link":"https:\/\/vitamin.coredesign.hu\/?product=lipocell-vision-liposzomas-etrend-kiegeszito-250-ml","title":{"rendered":"LipoCell Vision liposz\u00f3m\u00e1s \u00e9trend-kieg\u00e9sz\u00edt\u0151 (250 ml)"},"content":{"rendered":"<p>&nbsp;<\/p>\n<div id=\"lt-accessibility-devtools\" aria-hidden=\"true\"><\/div>\n<h4>Lipocell \u00ae Vision term\u00e9k liposz\u00f3m\u00e1s technol\u00f3gi\u00e1val k\u00e9sz\u00fclt. Hat\u00f3anyagai mikroszk\u00f3pikus kapszul\u00e1kba z\u00e1rva hat\u00e9konyan sz\u00edv\u00f3dnak fel \u00e9s fejtik ki hat\u00e1sukat.<\/h4>\n<p>A term\u00e9k hat\u00f3anyagai mint p\u00e9ld\u00e1ul a:<br \/>\n\u2022\u00a0<strong>LUTEIN<\/strong>\u00a0hozz\u00e1j\u00e1rul az eg\u00e9szs\u00e9ges makula \u00e9s retina fenntart\u00e1s\u00e1hoz<br \/>\n\u2022\u00a0<strong>LIKOPIN<\/strong>\u00a0antioxid\u00e1ns, v\u00e9di a szemet az oxid\u00e1ci\u00f3t\u00f3l id\u0151sebb korban<br \/>\n\u2022\u00a0<strong>ZEAXANTIN<\/strong>\u00a0jav\u00edtja az \u00e9lesl\u00e1t\u00e1st, cs\u00f6kkenti a szem-sz\u00e1razs\u00e1got<br \/>\n\u2022\u00a0<strong>ASZTAXANTIN<\/strong>\u00a0n\u00f6veli a retina antioxid\u00e1ns szintj\u00e9t, cs\u00f6kkenti a szem f\u00e1radts\u00e1got<br \/>\n\u2022\u00a0<strong>A-VITAMIN<\/strong>\u00a0sz\u00fcks\u00e9ges a norm\u00e1l l\u00e1t\u00e1shoz<br \/>\n\u2022\u00a0<strong>B2-VITAMIN<\/strong>\u00a0hozz\u00e1j\u00e1rul a szem eg\u00e9szs\u00e9ges szerkezet\u00e9nek kialakul\u00e1s\u00e1hoz<br \/>\n\u2022\u00a0<strong>C-VITAMIN<\/strong>\u00a0v\u00e9di a szemet az oxidat\u00edv stresszel szemben<br \/>\n\u2022\u00a0<strong>FEKETE \u00c1FONYA KIVONAT<\/strong>\u00a0(antoci\u00e1nok) hozz\u00e1j\u00e1rul a szem kollag\u00e9n tartalm\u00e1nak fenntart\u00e1s\u00e1hoz id\u0151sebb korban<br \/>\n\u2022\u00a0<strong>SZEMVIDI\u00cdT\u00d3 F\u0170 KIVONAT<\/strong>\u00a0hozz\u00e1j\u00e1rul a retina norm\u00e1l m\u0171k\u00f6d\u00e9s\u00e9hez \u00e9s cs\u00f6kkenti a szem f\u00e1radts\u00e1got<\/p>\n<p><strong>T\u00e1rol\u00e1s:<\/strong><\/p>\n<ul>\n<li>F\u00e9nyt\u0151l, sug\u00e1rz\u00f3 h\u0151t\u0151l v\u00e9dett, sz\u00e1raz h\u0171v\u00f6s helyen t\u00e1roland\u00f3!<\/li>\n<li>Felbont\u00e1s ut\u00e1n 2 h\u00f3napon bel\u00fcl elfogyasztand\u00f3!<\/li>\n<li>Gyermekek el\u0151l gondosan elz\u00e1rva tartand\u00f3!<\/li>\n<\/ul>\n<p><strong>\u00d6SSZETEV\u0150K:\u00a0<\/strong>Tiszt\u00edtott v\u00edz, N\u00f6v\u00e9nyi glicerin; Vitamin: C-vitamin (Na-L-aszkorb\u00e1t); Savany\u00fas\u00e1got szab\u00e1lyz\u00f3 anyag; Emulge\u00e1l\u00f3szer: sz\u00f3ja lecitin; Paradicsom kivonat (10% likopin); Q10 koenzim; Vitamin: E-vitamin (d-alpha-tocopherol); Fekete \u00e1fonya kivonat (5 % antoci\u00e1n); Szemvid\u00edt\u00f3f\u0171 kivonat; K\u00f6r\u00f6mvir\u00e1g kivonat (5% zeaxanthin); V\u00f6r\u00f6s alga kivonat (5 % astaxantin); K\u00f6r\u00f6mvir\u00e1g kivonat (5% Lutein); Cink (cink-bisz-glicin\u00e1t); Emulge\u00e1l\u00f3 anyag: poliszorb\u00e1t; Vitamin: A-vitamin (B-karotin); Bodzabogy\u00f3 kivonat (25% polifenol, 5 % antoci\u00e1n); Aroma: k\u00e9ksz\u0151l\u0151 aroma; ; Vitamin: B2-vitamin (riboflavin); Vitamin: D3-vitamin; J\u00f3d (k\u00e1lium-jodid); Szel\u00e9n (n\u00e1trium-szelenit).<\/p>\n<p>&nbsp;<\/p>\n<p><img fetchpriority=\"high\" decoding=\"async\" class=\"wp-image-25337 aligncenter\" src=\"https:\/\/hymato.hu\/wp-content\/uploads\/2022\/07\/Vision-copy.jpg\" sizes=\"(max-width: 720px) 100vw, 720px\" srcset=\"https:\/\/hymato.hu\/wp-content\/uploads\/2022\/07\/Vision-copy.jpg 2480w, https:\/\/hymato.hu\/wp-content\/uploads\/2022\/07\/Vision-copy-300x300.jpg 300w, https:\/\/hymato.hu\/wp-content\/uploads\/2022\/07\/Vision-copy-100x100.jpg 100w, https:\/\/hymato.hu\/wp-content\/uploads\/2022\/07\/Vision-copy-600x600.jpg 600w, https:\/\/hymato.hu\/wp-content\/uploads\/2022\/07\/Vision-copy-1024x1024.jpg 1024w, https:\/\/hymato.hu\/wp-content\/uploads\/2022\/07\/Vision-copy-150x150.jpg 150w, https:\/\/hymato.hu\/wp-content\/uploads\/2022\/07\/Vision-copy-768x768.jpg 768w, https:\/\/hymato.hu\/wp-content\/uploads\/2022\/07\/Vision-copy-1536x1536.jpg 1536w, https:\/\/hymato.hu\/wp-content\/uploads\/2022\/07\/Vision-copy-2048x2048.jpg 2048w\" alt=\"lipocell vision liposz\u00f3m\u00e1s \u00e9trend kieg\u00e9sz\u00edt\u0151 (250 ml)\" width=\"720\" height=\"720\" \/><\/p>\n<p><strong>Aj\u00e1nlott napi adag:\u00a0<\/strong>5 ml (egy te\u00e1skan\u00e1l)<br \/>\n<strong>Adagol\u00e1s:<\/strong>\u00a0Az aj\u00e1nlott napi adagot 1-2 dl tetsz\u0151leges folyad\u00e9kban (v\u00edz, tea, gy\u00fcm\u00f6lcsl\u00e9 stb.) elkeverve fogyassza. Reggel vagy d\u00e9lben<br \/>\naj\u00e1nlott bevenni. Az aj\u00e1nlott napi adagot ne l\u00e9pje t\u00fal!<\/p>\n<p>Figyelmeztet\u00e9sek: Az aj\u00e1nlott napi adagot ne l\u00e9pje t\u00fal. Az \u00e9trend-kieg\u00e9sz\u00edt\u0151 nem helyettes\u00edti a vegyes \u00e9rtendet \u00e9s az eg\u00e9szs\u00e9ges \u00e9letm\u00f3dot.<\/p>\n<p>Gyermekek el\u0151l elz\u00e1rva tartand\u00f3. F\u00e9nyt\u0151l \u00e9s sug\u00e1rz\u00f3 h\u0151t\u0151l v\u00e9dett, sz\u00e1raz h\u0171v\u00f6s helyen t\u00e1roland\u00f3. Felbont\u00e1s ut\u00e1n h\u0171t\u0151szekr\u00e9nyben javasolt t\u00e1rolni.<\/p>\n","protected":false},"excerpt":{"rendered":"<p>LipoCell Vision liposz\u00f3m\u00e1s likopint, Q10-et, luteint, asztaxantint, zeaxantint, vitaminokat \u00e9s mikroelemeket tartalmaz\u00f3 foly\u00e9kony \u00e9trend-kieg\u00e9sz\u00edt\u0151<\/p>\n","protected":false},"featured_media":5285,"comment_status":"closed","ping_status":"open","template":"","meta":[],"product_cat":[61],"product_tag":[],"class_list":{"0":"post-5284","1":"product","2":"type-product","3":"status-publish","4":"has-post-thumbnail","6":"product_brand-hymato","7":"product_cat-etrend-kiegeszitok","9":"first","10":"instock","11":"purchasable","12":"product-type-simple"},"_links":{"self":[{"href":"https:\/\/vitamin.coredesign.hu\/index.php?rest_route=\/wp\/v2\/product\/5284","targetHints":{"allow":["GET"]}}],"collection":[{"href":"https:\/\/vitamin.coredesign.hu\/index.php?rest_route=\/wp\/v2\/product"}],"about":[{"href":"https:\/\/vitamin.coredesign.hu\/index.php?rest_route=\/wp\/v2\/types\/product"}],"replies":[{"embeddable":true,"href":"https:\/\/vitamin.coredesign.hu\/index.php?rest_route=%2Fwp%2Fv2%2Fcomments&post=5284"}],"wp:featuredmedia":[{"embeddable":true,"href":"https:\/\/vitamin.coredesign.hu\/index.php?rest_route=\/wp\/v2\/media\/5285"}],"wp:attachment":[{"href":"https:\/\/vitamin.coredesign.hu\/index.php?rest_route=%2Fwp%2Fv2%2Fmedia&parent=5284"}],"wp:term":[{"taxonomy":"product_cat","embeddable":true,"href":"https:\/\/vitamin.coredesign.hu\/index.php?rest_route=%2Fwp%2Fv2%2Fproduct_cat&post=5284"},{"taxonomy":"product_tag","embeddable":true,"href":"https:\/\/vitamin.coredesign.hu\/index.php?rest_route=%2Fwp%2Fv2%2Fproduct_tag&post=5284"}],"curies":[{"name":"wp","href":"https:\/\/api.w.org\/{rel}","templated":true}]}}