{"id":5282,"date":"2025-10-12T12:24:14","date_gmt":"2025-10-12T10:24:14","guid":{"rendered":"https:\/\/vitamin.coredesign.hu\/?product=lipocell-multikids-folyekony-etrend-kiegeszito-oszibarack-izben-250-ml"},"modified":"2026-01-08T23:23:48","modified_gmt":"2026-01-08T22:23:48","slug":"lipocell-multikids-folyekony-etrend-kiegeszito-oszibarack-izben-250-ml","status":"publish","type":"product","link":"https:\/\/vitamin.coredesign.hu\/?product=lipocell-multikids-folyekony-etrend-kiegeszito-oszibarack-izben-250-ml","title":{"rendered":"LipoCell MultiKids foly\u00e9kony \u00e9trend-kieg\u00e9sz\u00edt\u0151 \u0151szibarack \u00edzben (250 ml)"},"content":{"rendered":"<p>&nbsp;<\/p>\n<div id=\"lt-accessibility-devtools\" aria-hidden=\"true\"><\/div>\n<p>Liposz\u00f3m\u00e1s vitaminokat, gy\u00f6mb\u00e9r \u00e9s ashwaganda kivonatokat, valamint mikroelemeket tartalmaz\u00f3 foly\u00e9kony \u00e9trend-kieg\u00e9sz\u00edt\u0151, \u0151szibarack \u00edzes\u00edt\u00e9ssel.<\/p>\n<p>A term\u00e9k B2, B3, B5, B6, B9, B12 \u00e9s C-vitamin tartalma hozz\u00e1j\u00e1rulhat a f\u00e1rad\u00e9konys\u00e1g cs\u00f6kken\u00e9s\u00e9hez.<\/p>\n<p>A term\u00e9k B6, B9, B12, D, A \u00e9s C-vitamin tartalma valamint szel\u00e9n tartalma hozz\u00e1j\u00e1rulhat az immunrendszer norm\u00e1l m\u0171k\u00f6d\u00e9s\u00e9hez.<\/p>\n<p>A term\u00e9k B1, B6, B7, B12 \u00e9s C-vitamin, valamint szel\u00e9n \u00e9s j\u00f3d tartalma hozz\u00e1j\u00e1rulhat az idegrendszer norm\u00e1l m\u0171k\u00f6d\u00e9s\u00e9hez.<\/p>\n<p>A term\u00e9k K, D \u00e9s C-vitamin tartalma hozz\u00e1j\u00e1rulhat a csontrendszer norm\u00e1l m\u0171k\u00f6d\u00e9s\u00e9hez.<\/p>\n<p>A term\u00e9k B6 vitamin tartalma hozz\u00e1j\u00e1rulhat a hormonrendszer megfelel\u0151 szab\u00e1lyoz\u00e1s\u00e1hoz.<\/p>\n<p>LipoCell MultiKids term\u00e9k liposz\u00f3m\u00e1kba (mikroszk\u00f3pikus kapszul\u00e1k) z\u00e1rt vitaminokat \u00e9s n\u00f6v\u00e9nyi kivonatokat tartalmaz, \u00edgy jelent\u0151sen megn\u0151het az akt\u00edv hat\u00f3anyagok felsz\u00edv\u00f3d\u00e1sa a b\u00e9lrendszerben.<\/p>\n<p>\u2013 Lipoakt\u00edv formula<\/p>\n<p>\u2013 Cukormentes<\/p>\n<p>\u2013 Veg\u00e1n term\u00e9k<\/p>\n<p>\u2013 GMO mentes<\/p>\n<p>\u2013 Tart\u00f3s\u00edt\u00f3szer mentes<\/p>\n<p><strong>A term\u00e9k k\u00f6zel k\u00e9t h\u00f3napra (50 napra) elegend\u0151 folyad\u00e9kot tartalmaz!<\/strong><\/p>\n<p><strong>A term\u00e9k f\u0151 hat\u00f3anyagai:<\/strong><\/p>\n<ul>\n<li><strong>Gy\u00f6mb\u00e9r kivonat<\/strong>\u00a0\u2013 A gy\u00f6mb\u00e9r seg\u00edthet a test felmeleg\u00edt\u00e9s\u00e9ben, tov\u00e1bb\u00e1 hozz\u00e1j\u00e1rulhat a m\u00e9rgez\u0151 anyagok felhalmoz\u00f3d\u00e1s\u00e1nak megg\u00e1tol\u00e1s\u00e1ban.\u00a0Seg\u00edthet a gyullad\u00e1sok kezel\u00e9s\u00e9ben, valamint\u00a0az immunrendszer t\u00e1mogat\u00e1s\u00e1ban.\u00a0Hozz\u00e1j\u00e1rulhat a szervezet term\u00e9szetes v\u00e9dekez\u00e9s\u00e9hez.<\/li>\n<li><strong>Ashwagandha kivonat<\/strong>\u00a0\u2013 Az ashwagandha egy gy\u00f3gyn\u00f6v\u00e9ny, amely seg\u00edthet a szervezetnek a stressz kezel\u00e9s\u00e9ben. A hagyom\u00e1nyos orvosl\u00e1s egyik legfontosabb gy\u00f3gyn\u00f6v\u00e9ny\u00e9nek tartj\u00e1k. T\u00f6bb, mint 3000 \u00e9ve haszn\u00e1lj\u00e1k a stressz enyh\u00edt\u00e9s\u00e9re, tov\u00e1bb\u00e1 az energiaszint n\u00f6vel\u00e9s\u00e9re \u00e9s a koncentr\u00e1ci\u00f3 jav\u00edt\u00e1s\u00e1ra. J\u00f3t\u00e9kony hat\u00e1ssal van a sz\u00edv- \u00e9s \u00e9rrendszerre, seg\u00edt fenntartani a l\u00e9gz\u0151rendszer eg\u00e9szs\u00e9g\u00e9t, valamint seg\u00edtheti a nyugodt alv\u00e1st.<\/li>\n<li><strong>C-vitamin<\/strong>: Hozz\u00e1j\u00e1rul az immunrendszer norm\u00e1l m\u0171k\u00f6d\u00e9s\u00e9hez. V\u00e9di a sejteket az oxidat\u00edv stresszel szemben. Cs\u00f6kkenti a f\u00e1radts\u00e1got. Hozz\u00e1j\u00e1rul az idegrendszer megfelel\u0151 m\u0171k\u00f6d\u00e9s\u00e9hez. Hozz\u00e1j\u00e1rul a megfelel\u0151 kollag\u00e9n k\u00e9pz\u0151d\u00e9shez, amely az erek, a porcok, a csontozat, a fogak \u00e9s a b\u0151r norm\u00e1l \u00e1llapot\u00e1nak fenntart\u00e1s\u00e1hoz sz\u00fcks\u00e9ges.<\/li>\n<li><strong>Vajsav<\/strong>: Hozz\u00e1j\u00e1rul a b\u00e9lfl\u00f3ra egyens\u00faly\u00e1hoz, ami t\u00e1mogatja az immunrendszer norm\u00e1l m\u0171k\u00f6d\u00e9s\u00e9t. Hozz\u00e1j\u00e1rul a szervezet megfelel\u0151 energia\u00e9ll\u00e1t\u00e1shoz.<\/li>\n<\/ul>\n<p><img fetchpriority=\"high\" decoding=\"async\" class=\"wp-image-16907 aligncenter\" src=\"https:\/\/hymato.hu\/wp-content\/uploads\/2022\/12\/tablazat-2.jpg\" sizes=\"(max-width: 613px) 100vw, 613px\" srcset=\"https:\/\/hymato.hu\/wp-content\/uploads\/2022\/12\/tablazat-2.jpg 2480w, https:\/\/hymato.hu\/wp-content\/uploads\/2022\/12\/tablazat-2-300x300.jpg 300w, https:\/\/hymato.hu\/wp-content\/uploads\/2022\/12\/tablazat-2-100x100.jpg 100w, https:\/\/hymato.hu\/wp-content\/uploads\/2022\/12\/tablazat-2-600x600.jpg 600w, https:\/\/hymato.hu\/wp-content\/uploads\/2022\/12\/tablazat-2-1024x1024.jpg 1024w, https:\/\/hymato.hu\/wp-content\/uploads\/2022\/12\/tablazat-2-150x150.jpg 150w, https:\/\/hymato.hu\/wp-content\/uploads\/2022\/12\/tablazat-2-768x768.jpg 768w, https:\/\/hymato.hu\/wp-content\/uploads\/2022\/12\/tablazat-2-1536x1536.jpg 1536w, https:\/\/hymato.hu\/wp-content\/uploads\/2022\/12\/tablazat-2-2048x2048.jpg 2048w\" alt=\"lipocell multikids foly\u00e9kony \u00e9trend kieg\u00e9sz\u00edt\u0151 \u0151szibarack \u00edzben (250 ml)\" width=\"613\" height=\"613\" \/><\/p>\n<p><strong>Napi adag<\/strong>: 5 ml (1 te\u00e1skan\u00e1l).<\/p>\n<p><strong>Adagol\u00e1s<\/strong>: Az aj\u00e1nlott napi adagot 1-2 dl tetsz\u0151leges folyad\u00e9kban (v\u00edz, tea, gy\u00fcm\u00f6lcsl\u00e9 stb.) elkeverve fogyassza. Haszn\u00e1lat el\u0151tt felr\u00e1zand\u00f3!<\/p>\n<p><strong>Figyelmeztet\u00e9sek:<\/strong>\u00a0Az aj\u00e1nlott napi adagot ne l\u00e9pje t\u00fal!\u00a0Az \u00e9trend-kieg\u00e9sz\u00edt\u0151 nem helyettes\u00edti a vegyes \u00e9trendet \u00e9s az eg\u00e9szs\u00e9ges \u00e9letm\u00f3dot.<\/p>\n<p>Gyermekek el\u0151l elz\u00e1rva tartand\u00f3. F\u00e9nyt\u0151l \u00e9s sug\u00e1rz\u00f3 h\u0151t\u0151l v\u00e9dett, sz\u00e1raz h\u0171v\u00f6s helyen t\u00e1roland\u00f3. Felbont\u00e1s ut\u00e1n h\u0171t\u0151szekr\u00e9nyben t\u00e1roland\u00f3.<\/p>\n","protected":false},"excerpt":{"rendered":"<p>Liposz\u00f3m\u00e1s vitaminokat, gy\u00f6mb\u00e9r \u00e9s ashwaganda kivonatokat, valamint mikroelemeket tartalmaz\u00f3 foly\u00e9kony \u00e9trend-kieg\u00e9sz\u00edt\u0151, \u0151szibarack \u00edzes\u00edt\u00e9ssel.<\/p>\n","protected":false},"featured_media":5283,"comment_status":"closed","ping_status":"open","template":"","meta":[],"product_cat":[60],"product_tag":[],"class_list":{"0":"post-5282","1":"product","2":"type-product","3":"status-publish","4":"has-post-thumbnail","6":"product_brand-hymato","7":"product_cat-vitaminok","9":"first","10":"instock","11":"purchasable","12":"product-type-simple"},"_links":{"self":[{"href":"https:\/\/vitamin.coredesign.hu\/index.php?rest_route=\/wp\/v2\/product\/5282","targetHints":{"allow":["GET"]}}],"collection":[{"href":"https:\/\/vitamin.coredesign.hu\/index.php?rest_route=\/wp\/v2\/product"}],"about":[{"href":"https:\/\/vitamin.coredesign.hu\/index.php?rest_route=\/wp\/v2\/types\/product"}],"replies":[{"embeddable":true,"href":"https:\/\/vitamin.coredesign.hu\/index.php?rest_route=%2Fwp%2Fv2%2Fcomments&post=5282"}],"wp:featuredmedia":[{"embeddable":true,"href":"https:\/\/vitamin.coredesign.hu\/index.php?rest_route=\/wp\/v2\/media\/5283"}],"wp:attachment":[{"href":"https:\/\/vitamin.coredesign.hu\/index.php?rest_route=%2Fwp%2Fv2%2Fmedia&parent=5282"}],"wp:term":[{"taxonomy":"product_cat","embeddable":true,"href":"https:\/\/vitamin.coredesign.hu\/index.php?rest_route=%2Fwp%2Fv2%2Fproduct_cat&post=5282"},{"taxonomy":"product_tag","embeddable":true,"href":"https:\/\/vitamin.coredesign.hu\/index.php?rest_route=%2Fwp%2Fv2%2Fproduct_tag&post=5282"}],"curies":[{"name":"wp","href":"https:\/\/api.w.org\/{rel}","templated":true}]}}