{"id":5280,"date":"2025-10-12T12:24:14","date_gmt":"2025-10-12T10:24:14","guid":{"rendered":"https:\/\/vitamin.coredesign.hu\/?product=lipocell-multivita-liposzomas-multivitamin-sargabarack-izesitessel-250-ml"},"modified":"2026-01-08T23:23:47","modified_gmt":"2026-01-08T22:23:47","slug":"lipocell-multivita-liposzomas-multivitamin-sargabarack-izesitessel-250-ml","status":"publish","type":"product","link":"https:\/\/vitamin.coredesign.hu\/?product=lipocell-multivita-liposzomas-multivitamin-sargabarack-izesitessel-250-ml","title":{"rendered":"LipoCell Multivita liposz\u00f3m\u00e1s multivitamin s\u00e1rgabarack \u00edzes\u00edt\u00e9ssel (250 ml)"},"content":{"rendered":"<p>&nbsp;<\/p>\n<div id=\"lt-accessibility-devtools\" aria-hidden=\"true\"><\/div>\n<p>A LipoCell Multivita egy s\u00e1rgabarack \u00edz\u0171, liposz\u00f3m\u00e1s multivitamin k\u00e9sz\u00edtm\u00e9ny, gy\u00f6mb\u00e9r-, bors- \u00e9s aswaganda kivonatokkal, valamint mikroelemekkel gazdag\u00edtva. GMO- \u00e9s cukormentes, veg\u00e1n term\u00e9k.<\/p>\n<p>A\u00a0<strong>LipoCell\u00ae MULTIVITA liposz\u00f3m\u00e1kba (mikroszkopikus kapszul\u00e1kba)<\/strong>\u00a0z\u00e1rt vitaminokat, gy\u00f3gyn\u00f6v\u00e9ny kivonatokat \u00e9s mikroelemeket tartalmaz. Ez a formula jelent\u0151sen megn\u00f6velheti az akt\u00edv hat\u00f3anyagok felsz\u00edv\u00f3d\u00e1s\u00e1t a b\u00e9lrendszerben. A hat\u00f3anyagok hasznosul\u00e1s\u00e1t megn\u00f6velhetik az antioxid\u00e1ns hat\u00e1s\u00fa gy\u00f3gyn\u00f6v\u00e9nyek, mint a kurkuma, a gy\u00f6mb\u00e9r, az aswaganda \u00e9s a bors. A vitaminok hasznosul\u00e1s\u00e1t tov\u00e1bb n\u00f6velheti magas \u00e1sv\u00e1nyi anyag tartalm\u00fa kieg\u00e9sz\u00edt\u0151kkel.<\/p>\n<p><strong>\u00c9lettani hat\u00e1s<\/strong><\/p>\n<ul>\n<li>A term\u00e9k B2, B3, B5, B6, B9, B12 \u00e9s C-vitamin tartalma hozz\u00e1j\u00e1rul a f\u00e1rad\u00e9konys\u00e1g cs\u00f6kkent\u00e9s\u00e9hez<\/li>\n<li>A term\u00e9k B6, B9, B12, D, A \u00e9s C-vitamin tartalma valamint szel\u00e9n tartalma hozz\u00e1j\u00e1rul az immunrendszer norm\u00e1l m\u0171k\u00f6d\u00e9s\u00e9hez<\/li>\n<li>A term\u00e9k B1, B6, B7, B12 \u00e9s C-vitamin valamint szel\u00e9n \u00e9s j\u00f3d tartalma hozz\u00e1j\u00e1rul az idegrendszer norm\u00e1l m\u0171k\u00f6d\u00e9s\u00e9hez<\/li>\n<li>A term\u00e9k K, D \u00e9s C-vitamin tartalma hozz\u00e1j\u00e1rul a csontrendszer norm\u00e1l m\u0171k\u00f6d\u00e9s\u00e9hez<\/li>\n<li>A term\u00e9k B6 -vitamin tartalma hozz\u00e1j\u00e1rul a hormonrendszer megfelel\u0151 szab\u00e1lyoz\u00e1s\u00e1hoz<\/li>\n<\/ul>\n<p><strong>Aswaganda<\/strong>:<\/p>\n<ul>\n<li>J\u00f3t\u00e9kony hat\u00e1ssal van a sz\u00edv- \u00e9s \u00e9rrendszerre.<\/li>\n<li>Seg\u00edt fenntartani a l\u00e9gz\u0151rendszer eg\u00e9szs\u00e9g\u00e9t<\/li>\n<li>Seg\u00edtheti a nyugodt alv\u00e1st<\/li>\n<li>T\u00e1mogatja a n\u0151i reprodukt\u00edv szervek eg\u00e9szs\u00e9g\u00e9t.<\/li>\n<li>T\u00e1mogatja a f\u00e9rfi szexu\u00e1lis funkci\u00f3kat.<\/li>\n<\/ul>\n<p><strong>Gy\u00f6mb\u00e9r<\/strong>:<\/p>\n<ul>\n<li>Seg\u00edthet a gyullad\u00e1sok kezel\u00e9s\u00e9ben<\/li>\n<li>Hozz\u00e1j\u00e1rulhat a szervezet term\u00e9szetes v\u00e9dekez\u00e9s\u00e9hez<\/li>\n<li>Seg\u00edthet az immunrendszer t\u00e1mogat\u00e1s\u00e1ban<\/li>\n<li>Seg\u00edthet fenntartani a sz\u00edv- \u00e9s \u00e9rrendszer eg\u00e9szs\u00e9g\u00e9t<\/li>\n<li>Seg\u00edtheti az em\u00e9szt\u00e9st, hozz\u00e1j\u00e1rulhat a norm\u00e1l em\u00e9szt\u00e9si folyamatok fenntart\u00e1s\u00e1hoz<\/li>\n<li>Hozz\u00e1j\u00e1rulhat a fizikai j\u00f3l\u00e9thez<\/li>\n<li>Seg\u00edthet stimul\u00e1lni egyes em\u00e9szt\u0151enzimeket<\/li>\n<li>Hozz\u00e1j\u00e1rulhat az em\u00e9szt\u0151rendszer komfort\u00e9rzet\u00e9hez<\/li>\n<\/ul>\n<p><strong>\u00d6SSZETEV\u0150K:<br \/>\n<\/strong>Tiszt\u00edtott v\u00edz; n\u00f6v\u00e9nyi glicerin; vitamin: C-vitamin (L-aszkorbin sav); emulge\u00e1l\u00f3szer: sz\u00f3jalecitin; savanyus\u00e1got szab\u00e1lyoz\u00f3 anyag: citromsav; aroma: term\u00e9szetes s\u00e1rgabarack s\u0171r\u00edtm\u00e9ny; emulge\u00e1l\u00f3 anyag: poliszorb\u00e1t; antioxid\u00e1ns: aroma: term\u00e9szetes narancs aroma, \u00edzelfed\u0151 aroma; Antioxid\u00e1ns: aswaganda kivonat; vitamin: B-3 vitamin (niacin), E-vitamin (tokoferol-acet\u00e1t), K-vitamin (naftoquinon); tart\u00f3s\u00edt\u00f3szer: k\u00e1lium-szorb\u00e1t; vitamin: B-5 vitamin (pantot\u00e9nsav), B-2 vitamin (riboflavin), B-6 vitamin (piridoxil-foszf\u00e1t), B-1 vitamin (tiamin), A-vitamin (retinol); antioxid\u00e1ns: gy\u00f6mb\u00e9r kivonat; vitamin: B-9 vitamin (folsav); k\u00e1lium-jodid; n\u00e1trium-szelenit; antioxid\u00e1ns: fekete bors kivonat; vitaminok: B-7 vitamin (biotin), D-3 vitamin (colecalcipherol), B12-vitamin (cobalamin)<\/p>\n","protected":false},"excerpt":{"rendered":"<p>A LipoCell Multivita egy s\u00e1rgabarack \u00edz\u0171, liposz\u00f3m\u00e1s multivitamin k\u00e9sz\u00edtm\u00e9ny, gy\u00f6mb\u00e9r-, bors- \u00e9s aswaganda kivonatokkal, valamint mikroelemekkel gazdag\u00edtva. GMO- \u00e9s cukormentes, veg\u00e1n term\u00e9k.<\/p>\n","protected":false},"featured_media":5281,"comment_status":"closed","ping_status":"open","template":"","meta":[],"product_cat":[60],"product_tag":[],"class_list":{"0":"post-5280","1":"product","2":"type-product","3":"status-publish","4":"has-post-thumbnail","6":"product_brand-hymato","7":"product_cat-vitaminok","9":"first","10":"instock","11":"purchasable","12":"product-type-simple"},"_links":{"self":[{"href":"https:\/\/vitamin.coredesign.hu\/index.php?rest_route=\/wp\/v2\/product\/5280","targetHints":{"allow":["GET"]}}],"collection":[{"href":"https:\/\/vitamin.coredesign.hu\/index.php?rest_route=\/wp\/v2\/product"}],"about":[{"href":"https:\/\/vitamin.coredesign.hu\/index.php?rest_route=\/wp\/v2\/types\/product"}],"replies":[{"embeddable":true,"href":"https:\/\/vitamin.coredesign.hu\/index.php?rest_route=%2Fwp%2Fv2%2Fcomments&post=5280"}],"wp:featuredmedia":[{"embeddable":true,"href":"https:\/\/vitamin.coredesign.hu\/index.php?rest_route=\/wp\/v2\/media\/5281"}],"wp:attachment":[{"href":"https:\/\/vitamin.coredesign.hu\/index.php?rest_route=%2Fwp%2Fv2%2Fmedia&parent=5280"}],"wp:term":[{"taxonomy":"product_cat","embeddable":true,"href":"https:\/\/vitamin.coredesign.hu\/index.php?rest_route=%2Fwp%2Fv2%2Fproduct_cat&post=5280"},{"taxonomy":"product_tag","embeddable":true,"href":"https:\/\/vitamin.coredesign.hu\/index.php?rest_route=%2Fwp%2Fv2%2Fproduct_tag&post=5280"}],"curies":[{"name":"wp","href":"https:\/\/api.w.org\/{rel}","templated":true}]}}