{"id":5276,"date":"2025-10-12T12:24:14","date_gmt":"2025-10-12T10:24:14","guid":{"rendered":"https:\/\/vitamin.coredesign.hu\/?product=haya-labs-turkesterone-500mg-60-kapszula"},"modified":"2026-01-08T23:23:45","modified_gmt":"2026-01-08T22:23:45","slug":"haya-labs-turkesterone-500mg-60-kapszula","status":"publish","type":"product","link":"https:\/\/vitamin.coredesign.hu\/?product=haya-labs-turkesterone-500mg-60-kapszula","title":{"rendered":"HAYA LABS \u2013 Turkesterone 500mg \/ 60 kapszula"},"content":{"rendered":"<p>&nbsp;<\/p>\n<div id=\"lt-accessibility-devtools\" aria-hidden=\"true\"><\/div>\n<p><strong>El\u0151ny\u00f6k:<\/strong><\/p>\n<ul>\n<li>Stimul\u00e1lhatja a feh\u00e9rjeszint\u00e9zist<\/li>\n<li>Seg\u00edtheti az edz\u00e9s ut\u00e1ni regener\u00e1ci\u00f3t<\/li>\n<li>Seg\u00edtheti az izomt\u00f6meg \u00e9p\u00edt\u00e9s\u00e9t<\/li>\n<li>N\u00f6velheti az er\u0151t \u00e9s az \u00e1ll\u00f3k\u00e9pess\u00e9get<\/li>\n<li>Cs\u00f6kkentheti a f\u00e1radts\u00e1got \u00e9s a stresszt<\/li>\n<li>Er\u0151s antioxid\u00e1ns tulajdons\u00e1gokkal rendelkezik<\/li>\n<\/ul>\n<p>A <strong>HAYA LABS Turkesterone<\/strong> t\u00f6k\u00e9letes kieg\u00e9sz\u00edt\u0151 a di\u00e9t\u00e1hoz \u00e9s a rendszeres edz\u00e9shez.<\/p>\n<p><strong>Aj\u00e1nlott napi adag:<\/strong>\u00a0vegyen be 1 kapszul\u00e1t naponta.<\/p>\n<p><strong>Figyelem!!<\/strong> Ha terhes, szoptat vagy b\u00e1rmilyen betegs\u00e9get diagnosztiz\u00e1ltak \u00f6nn\u00e9l, minden esetben k\u00e9rje ki kezel\u0151orvosa, eg\u00e9szs\u00e9g\u00fcgyi tan\u00e1csad\u00f3ja v\u00e9lem\u00e9ny\u00e9t miel\u0151tt b\u00e1rmilyen t\u00e1pl\u00e1l\u00e9kkieg\u00e9sz\u00edt\u0151t v\u00e1s\u00e1rolna.<\/p>\n<p><strong>Allerg\u00e9nek:<\/strong> a term\u00e9k tejet, toj\u00e1st b\u00faz\u00e1t, sz\u00f3j\u00e1t, f\u00f6ldimogyor\u00f3t \u00e9s kagyl\u00f3sz\u00e1rmaz\u00e9kokat is felhaszn\u00e1l\u00f3 \u00fczemben k\u00e9sz\u00fclt.<\/p>\n<p><strong>T\u00e1rol\u00e1si felt\u00e9telek:<\/strong> 5\u00b0C \u00e9s 30\u00b0C k\u00f6z\u00f6tti h\u0151m\u00e9rs\u00e9kleten, k\u00f6zvetlen h\u0151t\u0151l, napf\u00e9nyt\u0151l \u00e9s nedvess\u00e9gt\u0151l v\u00e9dett helyen t\u00e1roland\u00f3.<\/p>\n<p>Az \u00e1ltalunk forgalmazott term\u00e9kek nem alkalmasak betegs\u00e9gek kezel\u00e9s\u00e9re \u00e9s nem helyettes\u00edtik a helyes \u00e9s kell\u0151 mennyis\u00e9g\u0171 \u00e9trendet. A gy\u00e1rt\u00f3k, forgalmaz\u00f3k \u00e1ltal le\u00edrtak\u00e9rt forgalmaz\u00f3 c\u00e9g dolgoz\u00f3i nem v\u00e1llalnak felel\u0151ss\u00e9get.<\/p>\n","protected":false},"excerpt":{"rendered":"<p>A HAYA LABS Turkesterone t\u00f6k\u00e9letes kieg\u00e9sz\u00edt\u0151 a di\u00e9t\u00e1hoz \u00e9s a rendszeres edz\u00e9shez.<\/p>\n","protected":false},"featured_media":5277,"comment_status":"closed","ping_status":"open","template":"","meta":[],"product_cat":[61],"product_tag":[],"class_list":{"0":"post-5276","1":"product","2":"type-product","3":"status-publish","4":"has-post-thumbnail","6":"product_brand-haya-labs","7":"product_cat-etrend-kiegeszitok","9":"first","10":"instock","11":"purchasable","12":"product-type-simple"},"_links":{"self":[{"href":"https:\/\/vitamin.coredesign.hu\/index.php?rest_route=\/wp\/v2\/product\/5276","targetHints":{"allow":["GET"]}}],"collection":[{"href":"https:\/\/vitamin.coredesign.hu\/index.php?rest_route=\/wp\/v2\/product"}],"about":[{"href":"https:\/\/vitamin.coredesign.hu\/index.php?rest_route=\/wp\/v2\/types\/product"}],"replies":[{"embeddable":true,"href":"https:\/\/vitamin.coredesign.hu\/index.php?rest_route=%2Fwp%2Fv2%2Fcomments&post=5276"}],"wp:featuredmedia":[{"embeddable":true,"href":"https:\/\/vitamin.coredesign.hu\/index.php?rest_route=\/wp\/v2\/media\/5277"}],"wp:attachment":[{"href":"https:\/\/vitamin.coredesign.hu\/index.php?rest_route=%2Fwp%2Fv2%2Fmedia&parent=5276"}],"wp:term":[{"taxonomy":"product_cat","embeddable":true,"href":"https:\/\/vitamin.coredesign.hu\/index.php?rest_route=%2Fwp%2Fv2%2Fproduct_cat&post=5276"},{"taxonomy":"product_tag","embeddable":true,"href":"https:\/\/vitamin.coredesign.hu\/index.php?rest_route=%2Fwp%2Fv2%2Fproduct_tag&post=5276"}],"curies":[{"name":"wp","href":"https:\/\/api.w.org\/{rel}","templated":true}]}}