{"id":5274,"date":"2025-10-12T12:24:14","date_gmt":"2025-10-12T10:24:14","guid":{"rendered":"https:\/\/vitamin.coredesign.hu\/?product=haya-labs-high-potency-c-vitamin-csipkebogyoval-1000mg-250-kapszula"},"modified":"2026-01-08T23:23:44","modified_gmt":"2026-01-08T22:23:44","slug":"haya-labs-high-potency-c-vitamin-csipkebogyoval-1000mg-250-kapszula","status":"publish","type":"product","link":"https:\/\/vitamin.coredesign.hu\/?product=haya-labs-high-potency-c-vitamin-csipkebogyoval-1000mg-250-kapszula","title":{"rendered":"HAYA LABS \u2013 High Potency C vitamin Csipkebogy\u00f3val 1000mg \/ 250 kapszula"},"content":{"rendered":"<p>&nbsp;<\/p>\n<div id=\"lt-accessibility-devtools\" aria-hidden=\"true\"><\/div>\n<p>C vitamin \u2013 csipkebogy\u00f3val, r\u00e1ad\u00e1sul magas felsz\u00edv\u00f3d\u00e1s\u00fa form\u00e1ban, kapszul\u00e1s kiszerel\u00e9sben. Rendk\u00edv\u00fcl hat\u00e9kony formula! Nagyon k\u00f6nny\u0171 lenyelni.<\/p>\n<p><strong>El\u0151ny\u00f6k:<\/strong><\/p>\n<ul>\n<li>T\u00e1mogatja az immunrendszert<\/li>\n<li>Hat\u00e9kony antioxid\u00e1ns<\/li>\n<li>Seg\u00edti az \u00edny eg\u00e9szs\u00e9g\u00e9t (nem lesz t\u00f6bb v\u00e9rz\u00e9s fogmos\u00e1skor)<\/li>\n<li>Megakad\u00e1lyozza a skorbut el\u0151fordul\u00e1s\u00e1t<\/li>\n<li>Seg\u00edti az E-vitamin felsz\u00edv\u00f3d\u00e1s\u00e1t<\/li>\n<li>T\u00e1mogatja a sz\u00edv- \u00e9s \u00e9rrendszer eg\u00e9szs\u00e9g\u00e9t<\/li>\n<li>Elengedhetetlen a kollag\u00e9n termel\u00e9shez<\/li>\n<li>Er\u0151s\u00edti az \u00e9rrendszert<\/li>\n<li>T\u00e1mogatja a j\u00f3 agyi aktivit\u00e1st<\/li>\n<li>Jav\u00edtja a vas felsz\u00edv\u00f3d\u00e1s\u00e1t<\/li>\n<li>A j\u00f3 mell\u00e9kvese funkci\u00f3 kulcskomponense<\/li>\n<li>Stimul\u00e1lja a sebek \u00e9s \u00e9g\u00e9sek gy\u00f3gyul\u00e1s\u00e1t<\/li>\n<\/ul>\n<p>A 18. sz\u00e1zadi tenger\u00e9szek m\u00e1r felfedezt\u00e9k, hogy a k\u00fcl\u00f6nb\u00f6z\u0151 citrusf\u00e9l\u00e9k lev\u00e9nek sz\u00edvogat\u00e1s\u00e1val elker\u00fclhetik a fogveszt\u00e9s\u00fcket hosszan tart\u00f3 haj\u00f3\u00fatjaik sor\u00e1n. Ez a vitamin sz\u00e1mos el\u0151ny\u00f6s tulajdons\u00e1ggal rendelkezik, de legismertebb a sejtv\u00e9d\u0151 hat\u00e1s\u00e1r\u00f3l, amely az immunrendszert er\u0151s\u00edti \u00e9s egyben er\u0151s antioxid\u00e1ns hat\u00e1ssal is b\u00edr. Ez egy megker\u00fclhetetlen elem, amely jav\u00edtja az eg\u00e9szs\u00e9get \u00e9s akt\u00edvan befoly\u00e1solja az eg\u00e9sz testet. K\u00f6sz\u00f6nhet\u0151en a Haya Labs High Potency C-vitaminnak \u00e9s a Rose Hipsnek, ezzel a kiv\u00e1l\u00f3an felsz\u00edv\u00f3d\u00f3 tablett\u00e1val, a napi C vitamin sz\u00fcks\u00e9glet\u00e9t egy tablett\u00e1ban veheti be!<\/p>\n<p>Ez a term\u00e9k a Rose Hips vad r\u00f3zsa term\u00e9st (csipkebogy\u00f3t) is tartalmaz. A csipkebogy\u00f3 a C-vitamin egyik term\u00e9szetes forr\u00e1sa, ezenk\u00edv\u00fcl t\u00f6bb C-vitamint tartalmaz, mint a citrusf\u00e9l\u00e9k, valamint gazdag a C-vitamin felsz\u00edv\u00f3d\u00e1s\u00e1t t\u00e1mogat\u00f3 bioflavonoidokban is gazdag. A csipkebogy\u00f3 term\u00e9se gazdag A-, B-vitaminokban, de tartalmaz m\u00e9g D, E \u00e9s K vitaminokat is, valamint vasat \u00e9s kalciumot.<\/p>\n<p><strong>Aj\u00e1nlott adag:\u00a0<\/strong>1 tabletta<\/p>\n<p><strong>Haszn\u00e1lati utas\u00edt\u00e1s:<\/strong>\u00a0Vegyen be 1 tablett\u00e1t 1-2 alkalommal naponta \u00e9tkez\u00e9s k\u00f6zben.<\/p>\n<p><strong>Csomag tartalma:<\/strong>\u00a0250 adag<\/p>\n<p>N\u00f6velje eg\u00e9szs\u00e9g\u00e9t a Haya Labs High Potency C-vitaminnal a Rose Hips-szel! Rendelje meg most!<\/p>\n<p><strong>\u00d6sszetev\u0151k:<\/strong>\u00a0C-vitamin (aszkorbinsav), csipkebogy\u00f3<\/p>\n","protected":false},"excerpt":{"rendered":"<p>C vitamin \u2013 csipkebogy\u00f3val, r\u00e1ad\u00e1sul magas felsz\u00edv\u00f3d\u00e1s\u00fa form\u00e1ban, kapszul\u00e1s kiszerel\u00e9sben. Rendk\u00edv\u00fcl hat\u00e9kony formula! Nagyon k\u00f6nny\u0171 lenyelni.<\/p>\n","protected":false},"featured_media":5275,"comment_status":"closed","ping_status":"open","template":"","meta":[],"product_cat":[60],"product_tag":[],"class_list":{"0":"post-5274","1":"product","2":"type-product","3":"status-publish","4":"has-post-thumbnail","6":"product_brand-haya-labs","7":"product_cat-vitaminok","9":"first","10":"instock","11":"purchasable","12":"product-type-simple"},"_links":{"self":[{"href":"https:\/\/vitamin.coredesign.hu\/index.php?rest_route=\/wp\/v2\/product\/5274","targetHints":{"allow":["GET"]}}],"collection":[{"href":"https:\/\/vitamin.coredesign.hu\/index.php?rest_route=\/wp\/v2\/product"}],"about":[{"href":"https:\/\/vitamin.coredesign.hu\/index.php?rest_route=\/wp\/v2\/types\/product"}],"replies":[{"embeddable":true,"href":"https:\/\/vitamin.coredesign.hu\/index.php?rest_route=%2Fwp%2Fv2%2Fcomments&post=5274"}],"wp:featuredmedia":[{"embeddable":true,"href":"https:\/\/vitamin.coredesign.hu\/index.php?rest_route=\/wp\/v2\/media\/5275"}],"wp:attachment":[{"href":"https:\/\/vitamin.coredesign.hu\/index.php?rest_route=%2Fwp%2Fv2%2Fmedia&parent=5274"}],"wp:term":[{"taxonomy":"product_cat","embeddable":true,"href":"https:\/\/vitamin.coredesign.hu\/index.php?rest_route=%2Fwp%2Fv2%2Fproduct_cat&post=5274"},{"taxonomy":"product_tag","embeddable":true,"href":"https:\/\/vitamin.coredesign.hu\/index.php?rest_route=%2Fwp%2Fv2%2Fproduct_tag&post=5274"}],"curies":[{"name":"wp","href":"https:\/\/api.w.org\/{rel}","templated":true}]}}