{"id":5272,"date":"2025-10-12T12:24:14","date_gmt":"2025-10-12T10:24:14","guid":{"rendered":"https:\/\/vitamin.coredesign.hu\/?product=haya-labs-curcumin-kurkuma-kivonat-500mg-60-tabletta"},"modified":"2026-01-08T23:23:43","modified_gmt":"2026-01-08T22:23:43","slug":"haya-labs-curcumin-kurkuma-kivonat-500mg-60-tabletta","status":"publish","type":"product","link":"https:\/\/vitamin.coredesign.hu\/?product=haya-labs-curcumin-kurkuma-kivonat-500mg-60-tabletta","title":{"rendered":"HAYA LABS \u2013 Curcumin (kurkuma kivonat) 500mg \/ 60 tabletta"},"content":{"rendered":"<p>&nbsp;<\/p>\n<div id=\"lt-accessibility-devtools\" aria-hidden=\"true\"><\/div>\n<p><strong>HAYA LABS Curcumin<\/strong> \/ kurkuma kivonat \/\u00a0seg\u00edt a gyullad\u00e1sos folyamatok lek\u00fczd\u00e9s\u00e9ben. A k\u00e9sz\u00edtm\u00e9ny antibakteri\u00e1lis, v\u00edrusellenes \u00e9s gomba\u00f6l\u0151 hat\u00e1s\u00fa (bele\u00e9rtve a Candid\u00e1t is). \u00cdz\u00fcleti gyullad\u00e1s t\u00fcneteit enyh\u00edt\u0151 hat\u00f3anyag. Fenntartja a norm\u00e1lis v\u00e9rnyom\u00e1st, seg\u00edt az eg\u00e9szs\u00e9ges m\u00e1jfunkci\u00f3 fenntart\u00e1s\u00e1ban. Megakad\u00e1lyozza a toxinok \u00e9s a szabadgy\u00f6k\u00f6k felhalmoz\u00f3d\u00e1s\u00e1t. Jav\u00edtja az em\u00e9szt\u0151rendszer m\u0171k\u00f6d\u00e9s\u00e9t. Sz\u00e1mos tanulm\u00e1ny szerint a kurkuma blokkolja bizonyos tumorsejtek n\u00f6veked\u00e9s\u00e9t.<\/p>\n<p><strong>El\u0151ny\u00f6k:<\/strong><\/p>\n<ul>\n<li>Jav\u00edtja az immunit\u00e1st<\/li>\n<li>Hat\u00e9kony antioxid\u00e1ns<\/li>\n<li>Gomba\u00f6l\u0151 \u00e9s antibiotikus hat\u00e1s\u00fa<\/li>\n<li>Normaliz\u00e1lja a v\u00e9rnyom\u00e1st<\/li>\n<li>Er\u0151s\u00edti a csontokat \u00e9s az \u00edz\u00fcleteket<\/li>\n<li>Jav\u00edtja az em\u00e9szt\u00e9si folyamatot<\/li>\n<li>V\u00e9di a m\u00e1jat a toxinokt\u00f3l<\/li>\n<li>T\u00e1mogatja a regener\u00e1ci\u00f3s folyamatokat<\/li>\n<\/ul>\n<p>A kurkuma gy\u00f3gyn\u00f6v\u00e9ny legfontosabb hat\u00f3anyaga. A gy\u00f3gy\u00edt\u00f3 tulajdons\u00e1gait m\u00e1r r\u00e9g\u00f3ta ismerik India \u00e9s \u00c1zsia orsz\u00e1gaiban. K\u00f6ztudott t\u00e9ny, hogy er\u0151s gyullad\u00e1scs\u00f6kkent\u0151, antioxid\u00e1ns \u00e9s m\u00e9g r\u00e1kellenes hat\u00e1sa is van.<\/p>\n<p>Az \u00f6sszes gy\u00f3gy\u00edt\u00f3 tulajdons\u00e1ga mellett a HAYA LABS kurkuma kivonata az egyik leger\u0151sebb antioxid\u00e1ns. A kurkumin lass\u00edtja a sejtek \u00f6reged\u00e9si folyamat\u00e1t, fokozza az immunit\u00e1st \u00e9s n\u00f6veli a szervezet azon k\u00e9pess\u00e9g\u00e9t, hogy k\u00e9pes legyen legy\u0151zni a v\u00edrusokat \u00e9s a fert\u0151z\u00e9seket.<\/p>\n<p><strong>Hat\u00e1sa:<\/strong><br \/>\n<strong>HAYA LABS Curcumin<\/strong> \/ kurkuma kivonat \/\u00a0\u00a0seg\u00edti az edz\u00e9smunk\u00e1t \u2013 cs\u00f6kkenti az izmok f\u00e1jdalm\u00e1t egy kem\u00e9ny edz\u00e9s ut\u00e1n. A kurkumin gyullad\u00e1sg\u00e1tl\u00f3 tulajdons\u00e1gai gyors\u00edtj\u00e1k a gy\u00f3gyul\u00e1st, a regener\u00e1ci\u00f3t \u00e9s enyh\u00edtik az edz\u0151teremben elszenvedett s\u00e9r\u00fcl\u00e9seket.<\/p>\n<p><strong>Adag:<\/strong>\u00a01 kapszula<\/p>\n<p><strong>Haszn\u00e1lati utas\u00edt\u00e1s:<\/strong>\u00a0Vegyen be 2-3 adagot naponta, \u00e9tkez\u00e9s k\u00f6zben.<\/p>\n<p><strong>Kiszerel\u00e9s:<\/strong>\u00a060 adag<\/p>\n<p><strong>Lass\u00edtsuk az \u00f6reged\u00e9si folyamatot a HAYA LABS Curcuminnal!<\/strong><\/p>\n<p><strong>\u00d6sszetev\u0151k:<\/strong>\u00a0Kurkumin kivonat.<\/p>\n<p><strong>Megjegyz\u00e9s:<\/strong><\/p>\n<p>Ne l\u00e9pje t\u00fal az aj\u00e1nlott napi adagot!<br \/>\nNe haszn\u00e1lja az eg\u00e9szs\u00e9ges t\u00e1pl\u00e1lkoz\u00e1s helyettes\u00edt\u0151jek\u00e9nt!<\/p>\n","protected":false},"excerpt":{"rendered":"<p>HAYA LABS Curcumin \/ kurkuma kivonat \/\u00a0seg\u00edt a gyullad\u00e1sos folyamatok lek\u00fczd\u00e9s\u00e9ben.<\/p>\n","protected":false},"featured_media":5273,"comment_status":"closed","ping_status":"open","template":"","meta":[],"product_cat":[61],"product_tag":[],"class_list":{"0":"post-5272","1":"product","2":"type-product","3":"status-publish","4":"has-post-thumbnail","6":"product_brand-haya-labs","7":"product_cat-etrend-kiegeszitok","9":"first","10":"instock","11":"purchasable","12":"product-type-simple"},"_links":{"self":[{"href":"https:\/\/vitamin.coredesign.hu\/index.php?rest_route=\/wp\/v2\/product\/5272","targetHints":{"allow":["GET"]}}],"collection":[{"href":"https:\/\/vitamin.coredesign.hu\/index.php?rest_route=\/wp\/v2\/product"}],"about":[{"href":"https:\/\/vitamin.coredesign.hu\/index.php?rest_route=\/wp\/v2\/types\/product"}],"replies":[{"embeddable":true,"href":"https:\/\/vitamin.coredesign.hu\/index.php?rest_route=%2Fwp%2Fv2%2Fcomments&post=5272"}],"wp:featuredmedia":[{"embeddable":true,"href":"https:\/\/vitamin.coredesign.hu\/index.php?rest_route=\/wp\/v2\/media\/5273"}],"wp:attachment":[{"href":"https:\/\/vitamin.coredesign.hu\/index.php?rest_route=%2Fwp%2Fv2%2Fmedia&parent=5272"}],"wp:term":[{"taxonomy":"product_cat","embeddable":true,"href":"https:\/\/vitamin.coredesign.hu\/index.php?rest_route=%2Fwp%2Fv2%2Fproduct_cat&post=5272"},{"taxonomy":"product_tag","embeddable":true,"href":"https:\/\/vitamin.coredesign.hu\/index.php?rest_route=%2Fwp%2Fv2%2Fproduct_tag&post=5272"}],"curies":[{"name":"wp","href":"https:\/\/api.w.org\/{rel}","templated":true}]}}