{"id":5270,"date":"2025-10-12T12:24:14","date_gmt":"2025-10-12T10:24:14","guid":{"rendered":"https:\/\/vitamin.coredesign.hu\/?product=haya-labs-cissus-500mg-100-kapszula"},"modified":"2026-01-08T23:23:42","modified_gmt":"2026-01-08T22:23:42","slug":"haya-labs-cissus-500mg-100-kapszula","status":"publish","type":"product","link":"https:\/\/vitamin.coredesign.hu\/?product=haya-labs-cissus-500mg-100-kapszula","title":{"rendered":"HAYA LABS \u2013 Cissus 500mg 100 kapszula"},"content":{"rendered":"<p>&nbsp;<\/p>\n<div id=\"lt-accessibility-devtools\" aria-hidden=\"true\"><\/div>\n<p>A <strong>Haya Labs Cissus<\/strong> term\u00e9szetes \u00e9trend-kieg\u00e9sz\u00edt\u0151, amely a Cissus \u00e1zsiai gy\u00f3gyn\u00f6v\u00e9ny \u2013 Cissus Quadrangularis \u2013 kivonat\u00e1t tartalmazza, 40% -ra ketoszteronra szabv\u00e1nyos\u00edtva. Gy\u00f3gy\u00e1szati \u200b\u200btulajdons\u00e1gai m\u00e1r az \u0151si id\u0151kben ismertek voltak, \u00e9s a Haya Labs Cissusnak k\u00f6sz\u00f6nhet\u0151en mindenki sz\u00e1m\u00e1ra el\u00e9rhet\u0151.<\/p>\n<p><strong>El\u0151ny\u00f6k:<\/strong><\/p>\n<ul>\n<li>\u0151si \u00e1zsiai gy\u00f3gyn\u00f6v\u00e9ny<\/li>\n<li>felgyors\u00edtja a regener\u00e1l\u00f3d\u00e1st<\/li>\n<li>jav\u00edtja az \u00edz\u00fcletek eg\u00e9szs\u00e9g\u00e9t<\/li>\n<li>er\u0151teljes antioxid\u00e1ns<\/li>\n<li>n\u00f6veli az \u00e1ll\u00f3k\u00e9pess\u00e9get<\/li>\n<li>v\u00e9di az izmokat \u00e9s a csontokat a s\u00e9r\u00fcl\u00e9sekt\u0151l<\/li>\n<li>stimul\u00e1lja az izmok \u00e9s a csontok n\u00f6veked\u00e9s\u00e9t<\/li>\n<li>energiat ad a testnek<\/li>\n<\/ul>\n<p>Teljesen term\u00e9szetes kieg\u00e9sz\u00edt\u0151, n\u00f6v\u00e9nyi eredet\u0171 \u00f6sszetev\u0151kkel. Gy\u00f6kereinek, leveleinek \u00e9s sz\u00e1r\u00e1nak kivonatait az \u00f3korban haszn\u00e1lj\u00e1k k\u00fcl\u00f6nf\u00e9le betegs\u00e9gek megel\u0151z\u00e9s\u00e9re \u00e9s kezel\u00e9s\u00e9re. Az \u00e1zsiai gy\u00f3gyszer er\u0151s gyullad\u00e1sg\u00e1tl\u00f3 hat\u00e1ssal rendelkezik, v\u00e9di \u00e9s helyre\u00e1ll\u00edtja az izomsz\u00f6veteket \u00e9s a csontokat, felgyors\u00edtja a s\u00e9r\u00fclt szalagok, inak \u00e9s porcok helyre\u00e1ll\u00edt\u00e1si folyamat\u00e1t. N\u00f6veli az \u00e1ll\u00f3k\u00e9pess\u00e9get intenz\u00edv fizikai tev\u00e9kenys\u00e9gek sor\u00e1n is.<\/p>\n<p>A <strong>Haya Labs cissus<\/strong> kivonata nagy mennyis\u00e9g\u0171 ketoszteront tartalmaz. Cs\u00f6kkentik a kortizolszintet, \u00e9s serkentik a csont \u00e9s az izmok n\u00f6veked\u00e9s\u00e9t. Er\u0151s\u00edt\u0151 \u00e9s f\u00e1jdalomcsillap\u00edt\u00f3 tulajdons\u00e1gainak k\u00f6sz\u00f6nhet\u0151en \u2013 \u00f6sszehasonl\u00edtva az aszpirinnel \u00e9s az analginnal \u2013 a kieg\u00e9sz\u00edt\u0151 felhaszn\u00e1lhat\u00f3 az osteoarthritis, valamint m\u00e1s csontok, porcok \u00e9s inak okozta kellemetlens\u00e9gek megel\u0151z\u00e9s\u00e9re. A cissus kivonatot fegyverk\u00e9nt haszn\u00e1lj\u00e1k a t\u00fals\u00faly elker\u00fcl\u00e9s\u00e9re, valamint az izomt\u00f6meg meg\u0151rz\u00e9s\u00e9re, ha cs\u00f6kken a kal\u00f3riabevitel.<\/p>\n<p>Er\u0151s antioxid\u00e1ns, amely semleges\u00edti a szabad gy\u00f6k\u00f6ket \u00e9s cs\u00f6kkenti a koleszterinszintet. A fentiek mellett a Haya Labs Cissus nyugtat\u00f3 hat\u00e1st gyakorol a k\u00f6zponti idegrendszerre.<\/p>\n<p><strong>Egy adag:<\/strong> 2 kapszula<\/p>\n<p><strong>Aj\u00e1nlott felhaszn\u00e1l\u00e1s:<\/strong> Vegyen be 1 adagot naponta<\/p>\n<p><strong>Csomagol\u00e1s m\u00e9rete:<\/strong> 50<\/p>\n","protected":false},"excerpt":{"rendered":"<p>A Haya Labs Cissus term\u00e9szetes \u00e9trend-kieg\u00e9sz\u00edt\u0151, amely a Cissus \u00e1zsiai gy\u00f3gyn\u00f6v\u00e9ny \u2013 Cissus Quadrangularis \u2013 kivonat\u00e1t tartalmazza, 40% -ra ketoszteronra szabv\u00e1nyos\u00edtva.<\/p>\n","protected":false},"featured_media":5271,"comment_status":"closed","ping_status":"open","template":"","meta":[],"product_cat":[61],"product_tag":[],"class_list":{"0":"post-5270","1":"product","2":"type-product","3":"status-publish","4":"has-post-thumbnail","6":"product_brand-haya-labs","7":"product_cat-etrend-kiegeszitok","9":"first","10":"instock","11":"purchasable","12":"product-type-simple"},"_links":{"self":[{"href":"https:\/\/vitamin.coredesign.hu\/index.php?rest_route=\/wp\/v2\/product\/5270","targetHints":{"allow":["GET"]}}],"collection":[{"href":"https:\/\/vitamin.coredesign.hu\/index.php?rest_route=\/wp\/v2\/product"}],"about":[{"href":"https:\/\/vitamin.coredesign.hu\/index.php?rest_route=\/wp\/v2\/types\/product"}],"replies":[{"embeddable":true,"href":"https:\/\/vitamin.coredesign.hu\/index.php?rest_route=%2Fwp%2Fv2%2Fcomments&post=5270"}],"wp:featuredmedia":[{"embeddable":true,"href":"https:\/\/vitamin.coredesign.hu\/index.php?rest_route=\/wp\/v2\/media\/5271"}],"wp:attachment":[{"href":"https:\/\/vitamin.coredesign.hu\/index.php?rest_route=%2Fwp%2Fv2%2Fmedia&parent=5270"}],"wp:term":[{"taxonomy":"product_cat","embeddable":true,"href":"https:\/\/vitamin.coredesign.hu\/index.php?rest_route=%2Fwp%2Fv2%2Fproduct_cat&post=5270"},{"taxonomy":"product_tag","embeddable":true,"href":"https:\/\/vitamin.coredesign.hu\/index.php?rest_route=%2Fwp%2Fv2%2Fproduct_tag&post=5270"}],"curies":[{"name":"wp","href":"https:\/\/api.w.org\/{rel}","templated":true}]}}