{"id":5268,"date":"2025-10-12T12:23:55","date_gmt":"2025-10-12T10:23:55","guid":{"rendered":"https:\/\/vitamin.coredesign.hu\/?product=haya-labs-chelated-iron-kelatozott-vas-90-kapszula"},"modified":"2026-01-08T23:23:36","modified_gmt":"2026-01-08T22:23:36","slug":"haya-labs-chelated-iron-kelatozott-vas-90-kapszula","status":"publish","type":"product","link":"https:\/\/vitamin.coredesign.hu\/?product=haya-labs-chelated-iron-kelatozott-vas-90-kapszula","title":{"rendered":"HAYA LABS \u2013 Chelated Iron (kel\u00e1tozott vas) \/ 90 kapszula"},"content":{"rendered":"<p>&nbsp;<\/p>\n<div id=\"lt-accessibility-devtools\" aria-hidden=\"true\"><\/div>\n<p>HAYA LABS Vas-Kel\u00e1t er\u0151s antioxid\u00e1ns, seg\u00edti az immunredszer er\u0151s\u00edt\u00e9s\u00e9t. Hozz\u00e1j\u00e1rulhat az eg\u00e9szs\u00e9ges v\u00f6r\u00f6sv\u00e9rtest termel\u00e9shez.<\/p>\n<p><strong>El\u0151ny\u00f6k:<\/strong><\/p>\n<ul>\n<li>T\u00e1mogatja az immunrendszert<\/li>\n<li>Er\u0151s antioxid\u00e1ns<\/li>\n<li>Seg\u00edtheti a sejtek energiatermel\u00e9s\u00e9t<\/li>\n<li>Jobb hasznosul\u00e1s a kel\u00e1tos formul\u00e1nak k\u00f6sz\u00f6nhet\u0151en<\/li>\n<\/ul>\n","protected":false},"excerpt":{"rendered":"<p>HAYA LABS Vas-Kel\u00e1t er\u0151s antioxid\u00e1ns, seg\u00edti az immunredszer er\u0151s\u00edt\u00e9s\u00e9t. Hozz\u00e1j\u00e1rulhat az eg\u00e9szs\u00e9ges v\u00f6r\u00f6sv\u00e9rtest termel\u00e9shez.<\/p>\n","protected":false},"featured_media":5269,"comment_status":"closed","ping_status":"open","template":"","meta":[],"product_cat":[73],"product_tag":[],"class_list":{"0":"post-5268","1":"product","2":"type-product","3":"status-publish","4":"has-post-thumbnail","6":"product_brand-haya-labs","7":"product_cat-arvanyi-anyagok","9":"first","10":"instock","11":"purchasable","12":"product-type-simple"},"_links":{"self":[{"href":"https:\/\/vitamin.coredesign.hu\/index.php?rest_route=\/wp\/v2\/product\/5268","targetHints":{"allow":["GET"]}}],"collection":[{"href":"https:\/\/vitamin.coredesign.hu\/index.php?rest_route=\/wp\/v2\/product"}],"about":[{"href":"https:\/\/vitamin.coredesign.hu\/index.php?rest_route=\/wp\/v2\/types\/product"}],"replies":[{"embeddable":true,"href":"https:\/\/vitamin.coredesign.hu\/index.php?rest_route=%2Fwp%2Fv2%2Fcomments&post=5268"}],"wp:featuredmedia":[{"embeddable":true,"href":"https:\/\/vitamin.coredesign.hu\/index.php?rest_route=\/wp\/v2\/media\/5269"}],"wp:attachment":[{"href":"https:\/\/vitamin.coredesign.hu\/index.php?rest_route=%2Fwp%2Fv2%2Fmedia&parent=5268"}],"wp:term":[{"taxonomy":"product_cat","embeddable":true,"href":"https:\/\/vitamin.coredesign.hu\/index.php?rest_route=%2Fwp%2Fv2%2Fproduct_cat&post=5268"},{"taxonomy":"product_tag","embeddable":true,"href":"https:\/\/vitamin.coredesign.hu\/index.php?rest_route=%2Fwp%2Fv2%2Fproduct_tag&post=5268"}],"curies":[{"name":"wp","href":"https:\/\/api.w.org\/{rel}","templated":true}]}}