{"id":5266,"date":"2025-10-12T12:23:55","date_gmt":"2025-10-12T10:23:55","guid":{"rendered":"https:\/\/vitamin.coredesign.hu\/?product=haya-labs-ashwagandha-450mg-90-kapszula"},"modified":"2026-01-08T23:23:35","modified_gmt":"2026-01-08T22:23:35","slug":"haya-labs-ashwagandha-450mg-90-kapszula","status":"publish","type":"product","link":"https:\/\/vitamin.coredesign.hu\/?product=haya-labs-ashwagandha-450mg-90-kapszula","title":{"rendered":"HAYA LABS \u2013 Ashwagandha 450mg. \/ 90 kapszula"},"content":{"rendered":"<p>&nbsp;<\/p>\n<div id=\"lt-accessibility-devtools\" aria-hidden=\"true\"><\/div>\n<p><strong>El\u0151ny\u00f6k:<\/strong><\/p>\n<ul>\n<li>Cs\u00f6kkenti a stressz \u00e9s a szorong\u00e1s szintj\u00e9t<\/li>\n<li>Jav\u00edtja a f\u00f3kuszt \u00e9s a mem\u00f3ri\u00e1t<\/li>\n<li>Fokozza az energiaszintet<\/li>\n<li>Seg\u00edt a v\u00e9rcukorszint szab\u00e1lyoz\u00e1s\u00e1ban<\/li>\n<li>Gyullad\u00e1scs\u00f6kkent\u0151 hat\u00e1s<\/li>\n<li>Seg\u00edt fenntartani az eg\u00e9szs\u00e9ges koleszterinszintet<\/li>\n<li>T\u00e1mogatja az immunrendszert<\/li>\n<\/ul>\n<p>Az Ashwagandha hossz\u00fa \u00e9vsz\u00e1zadok \u00f3ta r\u00e9sze a hagyom\u00e1nyos \u00e1jurv\u00e9da gyakorlatnak. Ez az egyed\u00fcl\u00e1ll\u00f3 n\u00f6v\u00e9ny h\u00edres az er\u0151s adaptog\u00e9n tulajdons\u00e1gair\u00f3l \u2013 gy\u00f3gyszerk\u00e9nt fogyasztva el\u0151seg\u00edti a test alkalmazkod\u00e1s\u00e1t a k\u00fcls\u0151 vagy bels\u0151 stressz k\u00f6r\u00fclm\u00e9nyeihez. Az Ashwagandha seg\u00edt cs\u00f6kkenteni a stressz szintj\u00e9t az\u00e1ltal, hogy cs\u00f6kkenti a kortizol termel\u00e9s\u00e9t, \u00e9s gyakran kr\u00f3nikus stresszben szenved\u0151 betegek kezel\u00e9s\u00e9re \u00edrj\u00e1k fel.<\/p>\n<p>Tanulm\u00e1nyok kimutatt\u00e1k, hogy az ashwagandha fogyaszt\u00e1sa el\u0151seg\u00edti az eg\u00e9szs\u00e9ges agyi m\u0171k\u00f6d\u00e9st, val\u00f3sz\u00edn\u0171leg annak k\u00f6sz\u00f6nhet\u0151en, hogy k\u00e9pes megv\u00e9deni az agysz\u00f6vetet a szabad gy\u00f6k\u00f6k k\u00e1rosod\u00e1s\u00e1t\u00f3l. T\u00e1mogatja a sz\u00edv- \u00e9s \u00e9rrendszert is a koleszterin \u00e9s a trigliceridek szintj\u00e9nek szab\u00e1lyoz\u00e1s\u00e1val. Kutat\u00e1sok szerint ez az egzotikus n\u00f6v\u00e9ny eg\u00e9szs\u00e9ges norm\u00e1kban is seg\u00edthet a v\u00e9rcukorszint szab\u00e1lyoz\u00e1s\u00e1ban.<\/p>\n<p>Az Ashwagandha kivonatot sz\u00e9les k\u00f6rben haszn\u00e1lj\u00e1k hat\u00e9kony energian\u00f6vel\u0151k\u00e9nt, n\u00f6velheti az er\u0151t \u00e9s a sportteljes\u00edtm\u00e9nyt.<\/p>\n","protected":false},"excerpt":{"rendered":"<p>A Haya Labs Ashwagandha term\u00e9szetes term\u00e9k, amely a Withania somnifera n\u00f6v\u00e9ny gy\u00f6k\u00e9rkivonat\u00e1n alapul, m\u00e1s n\u00e9ven ashwagandha.<\/p>\n","protected":false},"featured_media":5267,"comment_status":"closed","ping_status":"open","template":"","meta":[],"product_cat":[61],"product_tag":[],"class_list":{"0":"post-5266","1":"product","2":"type-product","3":"status-publish","4":"has-post-thumbnail","6":"product_brand-haya-labs","7":"product_cat-etrend-kiegeszitok","9":"first","10":"instock","11":"purchasable","12":"product-type-simple"},"_links":{"self":[{"href":"https:\/\/vitamin.coredesign.hu\/index.php?rest_route=\/wp\/v2\/product\/5266","targetHints":{"allow":["GET"]}}],"collection":[{"href":"https:\/\/vitamin.coredesign.hu\/index.php?rest_route=\/wp\/v2\/product"}],"about":[{"href":"https:\/\/vitamin.coredesign.hu\/index.php?rest_route=\/wp\/v2\/types\/product"}],"replies":[{"embeddable":true,"href":"https:\/\/vitamin.coredesign.hu\/index.php?rest_route=%2Fwp%2Fv2%2Fcomments&post=5266"}],"wp:featuredmedia":[{"embeddable":true,"href":"https:\/\/vitamin.coredesign.hu\/index.php?rest_route=\/wp\/v2\/media\/5267"}],"wp:attachment":[{"href":"https:\/\/vitamin.coredesign.hu\/index.php?rest_route=%2Fwp%2Fv2%2Fmedia&parent=5266"}],"wp:term":[{"taxonomy":"product_cat","embeddable":true,"href":"https:\/\/vitamin.coredesign.hu\/index.php?rest_route=%2Fwp%2Fv2%2Fproduct_cat&post=5266"},{"taxonomy":"product_tag","embeddable":true,"href":"https:\/\/vitamin.coredesign.hu\/index.php?rest_route=%2Fwp%2Fv2%2Fproduct_tag&post=5266"}],"curies":[{"name":"wp","href":"https:\/\/api.w.org\/{rel}","templated":true}]}}