{"id":5264,"date":"2025-10-12T12:23:55","date_gmt":"2025-10-12T10:23:55","guid":{"rendered":"https:\/\/vitamin.coredesign.hu\/?product=haya-labs-urzolsav-250-mg-100-kapszula"},"modified":"2026-01-08T23:23:34","modified_gmt":"2026-01-08T22:23:34","slug":"haya-labs-urzolsav-250-mg-100-kapszula","status":"publish","type":"product","link":"https:\/\/vitamin.coredesign.hu\/?product=haya-labs-urzolsav-250-mg-100-kapszula","title":{"rendered":"HAYA LABS \u2013 Urzolsav 250 mg \/ 100 kapszula"},"content":{"rendered":"<p>&nbsp;<\/p>\n<div id=\"lt-accessibility-devtools\" aria-hidden=\"true\"><\/div>\n<p>Kutat\u00f3k egereken megfigyelt\u00e9k, hogy az urzolsav hat\u00e1s\u00e1ra n\u00f6vekedett a k\u00eds\u00e9rleti \u00e1llatok izomt\u00f6mege, mik\u00f6zben testzs\u00edr ar\u00e1nyuk is kedvez\u0151en alakult, az ut\u00f3bbi 30 %-os cs\u00f6kken\u00e9s\u00e9t tapasztalt\u00e1k. Mindez val\u00f3sz\u00edn\u0171leg az\u00e9rt van \u00edgy, mert az almah\u00e9jban is tal\u00e1lhat\u00f3 urzolsav er\u0151s\u00edti az izomn\u00f6veked\u00e9s\u00e9rt felel\u0151s inzulinhormon hat\u00e1s\u00e1t. Ez pedig a test\u00e9p\u00edt\u0151k sz\u00e1m\u00e1ra k\u00fcl\u00f6n\u00f6sen el\u0151ny\u00f6s.<\/p>\n<p><strong>El\u0151ny\u00f6k:<\/strong><\/p>\n<ul>\n<li>T\u00e1mogatja a sz\u00e1raz izomt\u00f6meg \u00e9p\u00edt\u00e9s\u00e9t<\/li>\n<li>Le\u00e1ll\u00edtja a katabolikus folyamatokat<\/li>\n<li>Gyors\u00edtja a zs\u00edrveszt\u00e9st<\/li>\n<li>Stimul\u00e1lja az immunrendszert<\/li>\n<li>T\u00e1mogatja a sz\u00edv-\u00e9s \u00e9rrendszer<\/li>\n<li>Er\u0151s\u00edti a csontokat \u00e9s az \u00edz\u00fcleteket<\/li>\n<li>Term\u00e9szetes hat\u00f3anyag<\/li>\n<\/ul>\n<p>Az urlzolsav term\u00e9szetes anyag, amely a term\u00e9szetben is el\u0151fordul, pl. az alma h\u00e9j\u00e1ban. Sok j\u00f3t\u00e9kony hat\u00e1sa ismert. Nem v\u00e9letlen a mond\u00e1s:\u00a0Napi egy alma az orvost t\u00e1vol tartja!<br \/>\nEz az \u00f6sszetev\u0151 ide\u00e1lis sportol\u00f3knak \u00e9s intenz\u00edv testmozg\u00e1st v\u00e9gz\u0151 embereknek, mert hat\u00e1sa bizony\u00edtottan megel\u0151zi az izomle\u00e9p\u00fcl\u00e9st \u00e9s seg\u00edti az izomn\u00f6veked\u00e9st.<\/p>\n<p>Tanulm\u00e1nyok kimutatt\u00e1k, hogy az urzolsav hat\u00e9konyan cs\u00f6kkenti a koleszterin \u00e9s a triglicerid szintj\u00e9t a v\u00e9rben, cs\u00f6kkenti a v\u00e9rcukor szintet. Cs\u00f6kkenti a lip\u00e1z enzim aktivit\u00e1s\u00e1t, \u00e9s \u00edgy megakad\u00e1lyozza a zs\u00edrok felsz\u00edv\u00f3d\u00e1s\u00e1t. Az urlzolsav r\u00e9szt vesz az energiatermel\u00e9sben \u00e9s szab\u00e1lyozza az energiafelhaszn\u00e1l\u00e1st. Mindezek teszik a HAYA LABS Ursolic Acid-ot megfelel\u0151 t\u00e1pl\u00e1l\u00e9kkieg\u00e9sz\u00edt\u0151v\u00e9 azok sz\u00e1m\u00e1ra, akik c\u00e9lja az izomt\u00f6meg n\u00f6vel\u00e9se \u00e9s testzs\u00edr le\u00e9p\u00edt\u00e9se!<\/p>\n<p>Az urzolsav n\u00f6veli a nitrog\u00e9n-oxid szintj\u00e9t, t\u00e1mogatja a sz\u00edv- \u00e9s \u00e9rrendszer m\u0171k\u00f6d\u00e9s\u00e9t, serkenti a glikog\u00e9n szint\u00e9zis\u00e9t a m\u00e1jban, \u00e9s er\u0151s\u00edti a csontok \u00e9s az \u00edz\u00fcletek eg\u00e9szs\u00e9g\u00e9t.<\/p>\n<p>Kivonat\u00e1t napi 450 mg-os adagokban aj\u00e1nlott fogyasztani a kedvez\u0151 hat\u00e1s el\u00e9r\u00e9se \u00e9rdek\u00e9ben.<\/p>\n<p><strong>Egy adag:<\/strong>\u00a01 kapszula<\/p>\n<p><strong>Haszn\u00e1lati utas\u00edt\u00e1s:<\/strong>\u00a0Naponta 2-3 adagot kell bevenni az \u00e9tkez\u00e9s ideje alatt.<\/p>\n<p><strong>Kiszerel\u00e9s:<\/strong>\u00a0100 adag<\/p>\n","protected":false},"excerpt":{"rendered":"<p>Az urlzolsav term\u00e9szetes anyag, amely a term\u00e9szetben is el\u0151fordul, pl. az alma h\u00e9j\u00e1ban. Sok j\u00f3t\u00e9kony hat\u00e1sa ismert. Nem v\u00e9letlen a mond\u00e1s:\u00a0Napi egy alma az orvost t\u00e1vol tartja!<\/p>\n","protected":false},"featured_media":5265,"comment_status":"closed","ping_status":"open","template":"","meta":[],"product_cat":[61],"product_tag":[],"class_list":{"0":"post-5264","1":"product","2":"type-product","3":"status-publish","4":"has-post-thumbnail","6":"product_brand-haya-labs","7":"product_cat-etrend-kiegeszitok","9":"first","10":"instock","11":"purchasable","12":"product-type-simple"},"_links":{"self":[{"href":"https:\/\/vitamin.coredesign.hu\/index.php?rest_route=\/wp\/v2\/product\/5264","targetHints":{"allow":["GET"]}}],"collection":[{"href":"https:\/\/vitamin.coredesign.hu\/index.php?rest_route=\/wp\/v2\/product"}],"about":[{"href":"https:\/\/vitamin.coredesign.hu\/index.php?rest_route=\/wp\/v2\/types\/product"}],"replies":[{"embeddable":true,"href":"https:\/\/vitamin.coredesign.hu\/index.php?rest_route=%2Fwp%2Fv2%2Fcomments&post=5264"}],"wp:featuredmedia":[{"embeddable":true,"href":"https:\/\/vitamin.coredesign.hu\/index.php?rest_route=\/wp\/v2\/media\/5265"}],"wp:attachment":[{"href":"https:\/\/vitamin.coredesign.hu\/index.php?rest_route=%2Fwp%2Fv2%2Fmedia&parent=5264"}],"wp:term":[{"taxonomy":"product_cat","embeddable":true,"href":"https:\/\/vitamin.coredesign.hu\/index.php?rest_route=%2Fwp%2Fv2%2Fproduct_cat&post=5264"},{"taxonomy":"product_tag","embeddable":true,"href":"https:\/\/vitamin.coredesign.hu\/index.php?rest_route=%2Fwp%2Fv2%2Fproduct_tag&post=5264"}],"curies":[{"name":"wp","href":"https:\/\/api.w.org\/{rel}","templated":true}]}}