{"id":5262,"date":"2025-10-12T12:23:55","date_gmt":"2025-10-12T10:23:55","guid":{"rendered":"https:\/\/vitamin.coredesign.hu\/?product=haya-labs-saw-palmetto-200-mg-60-kapszula"},"modified":"2026-01-08T23:23:33","modified_gmt":"2026-01-08T22:23:33","slug":"haya-labs-saw-palmetto-200-mg-60-kapszula","status":"publish","type":"product","link":"https:\/\/vitamin.coredesign.hu\/?product=haya-labs-saw-palmetto-200-mg-60-kapszula","title":{"rendered":"HAYA LABS \u2013 Saw Palmetto 200 mg. \/ 60 kapszula"},"content":{"rendered":"<p>&nbsp;<\/p>\n<div id=\"lt-accessibility-devtools\" aria-hidden=\"true\"><\/div>\n<p><strong>El\u0151ny\u00f6k:<\/strong><\/p>\n<ul>\n<li>seg\u00edthet hozz\u00e1j\u00e1rulni az eg\u00e9szs\u00e9ges prosztata m\u0171k\u00f6d\u00e9shez<\/li>\n<li>megk\u00f6nny\u00edtheti a vizel\u00e9st<\/li>\n<li>seg\u00edthet a hormon\u00e1lis egyens\u00faly fenntart\u00e1s\u00e1ban<\/li>\n<li>n\u00f6velheti a libid\u00f3t<\/li>\n<\/ul>\n<p><strong>Mi a F\u0171r\u00e9szp\u00e1lma?<\/strong><\/p>\n<p>A F\u0171r\u00e9szp\u00e1lma (Saw Palmetto) az Egyes\u00fclt \u00c1llamok d\u00e9lkeleti r\u00e9sz\u00e9n \u0151shonos n\u00e9pszer\u0171 n\u00f6v\u00e9ny, amelynek gy\u00fcm\u00f6lcs\u00e9t \u00e9vtizedek \u00f3ta tanulm\u00e1nyozz\u00e1k, \u00e9s bizony\u00edtottan hasznosak a prosztata eg\u00e9szs\u00e9g\u00e9nek meg\u0151rz\u00e9s\u00e9ben.<\/p>\n<p>A f\u0171r\u00e9szp\u00e1lm\u00e1t \u00e9vsz\u00e1zadok \u00f3ta alkalmazz\u00e1k \u00c1zsi\u00e1ban \u00e9s \u00c9szak-Amerik\u00e1ban a j\u00f3indulat\u00fa prosztata hiperpl\u00e1zia (BPH) kezel\u00e9s\u00e9re. A j\u00f3indulat\u00fa prosztata hiperpl\u00e1zia a prosztata nem r\u00e1kos megnagyobbod\u00e1sa.<\/p>\n<p>A F\u0171r\u00e9szp\u00e1lma zs\u00edrsavakat \u00e9s zs\u00edrsav-\u00e9sztereket tartalmaz, amelyek hat\u00e9konyan blokkolj\u00e1k a tesztoszteron DHT-v\u00e9 t\u00f6rt\u00e9n\u0151 enzimatikus \u00e1talakul\u00e1s\u00e1t (az 5-alfa-redukt\u00e1z g\u00e1tl\u00e1s\u00e1val) \u00e9s a DHT enzimatikus \u00e1talakul\u00e1s\u00e1t androsztandioll\u00e1 (a 3-alfa-hidroxi-szteroid-dehidrogen\u00e1z g\u00e1tl\u00e1s\u00e1val). ). Ez viszont seg\u00edthet megakad\u00e1lyozni a prosztata sz\u00f6vetek n\u00f6veked\u00e9s\u00e9t az\u00e1ltal, hogy cs\u00f6kkenti az androg\u00e9nek prosztata sejtekre gyakorolt hat\u00e1s\u00e1t.<\/p>\n<p><strong>Egy adag:<\/strong> 1 kapszula<\/p>\n<p><strong>Aj\u00e1nlott felhaszn\u00e1l\u00e1s:<\/strong> Vegyen be 1 adagot naponta 2x<\/p>\n<p><strong>Csomag tartalma:<\/strong> 30 adag<\/p>\n","protected":false},"excerpt":{"rendered":"<p>A Saw Palmetto (f\u0171r\u00e9szp\u00e1lma) az Egyes\u00fclt \u00c1llamok d\u00e9lkeleti r\u00e9sz\u00e9n \u0151shonos n\u00e9pszer\u0171 n\u00f6v\u00e9ny, amelynek gy\u00fcm\u00f6lcs\u00e9t \u00e9vtizedek \u00f3ta tanulm\u00e1nyozz\u00e1k, \u00e9s bizony\u00edtottan hasznosak a prosztata eg\u00e9szs\u00e9g\u00e9nek meg\u0151rz\u00e9s\u00e9ben.<\/p>\n","protected":false},"featured_media":5263,"comment_status":"closed","ping_status":"open","template":"","meta":[],"product_cat":[61],"product_tag":[],"class_list":{"0":"post-5262","1":"product","2":"type-product","3":"status-publish","4":"has-post-thumbnail","6":"product_brand-haya-labs","7":"product_cat-etrend-kiegeszitok","9":"first","10":"instock","11":"purchasable","12":"product-type-simple"},"_links":{"self":[{"href":"https:\/\/vitamin.coredesign.hu\/index.php?rest_route=\/wp\/v2\/product\/5262","targetHints":{"allow":["GET"]}}],"collection":[{"href":"https:\/\/vitamin.coredesign.hu\/index.php?rest_route=\/wp\/v2\/product"}],"about":[{"href":"https:\/\/vitamin.coredesign.hu\/index.php?rest_route=\/wp\/v2\/types\/product"}],"replies":[{"embeddable":true,"href":"https:\/\/vitamin.coredesign.hu\/index.php?rest_route=%2Fwp%2Fv2%2Fcomments&post=5262"}],"wp:featuredmedia":[{"embeddable":true,"href":"https:\/\/vitamin.coredesign.hu\/index.php?rest_route=\/wp\/v2\/media\/5263"}],"wp:attachment":[{"href":"https:\/\/vitamin.coredesign.hu\/index.php?rest_route=%2Fwp%2Fv2%2Fmedia&parent=5262"}],"wp:term":[{"taxonomy":"product_cat","embeddable":true,"href":"https:\/\/vitamin.coredesign.hu\/index.php?rest_route=%2Fwp%2Fv2%2Fproduct_cat&post=5262"},{"taxonomy":"product_tag","embeddable":true,"href":"https:\/\/vitamin.coredesign.hu\/index.php?rest_route=%2Fwp%2Fv2%2Fproduct_tag&post=5262"}],"curies":[{"name":"wp","href":"https:\/\/api.w.org\/{rel}","templated":true}]}}