{"id":5258,"date":"2025-10-12T12:23:55","date_gmt":"2025-10-12T10:23:55","guid":{"rendered":"https:\/\/vitamin.coredesign.hu\/?product=haya-labs-pyruvate-90-kapszula"},"modified":"2026-01-08T23:23:31","modified_gmt":"2026-01-08T22:23:31","slug":"haya-labs-pyruvate-90-kapszula","status":"publish","type":"product","link":"https:\/\/vitamin.coredesign.hu\/?product=haya-labs-pyruvate-90-kapszula","title":{"rendered":"HAYA LABS \u2013 Pyruvate 90 kapszula"},"content":{"rendered":"<p>&nbsp;<\/p>\n<div id=\"lt-accessibility-devtools\" aria-hidden=\"true\"><\/div>\n<p><strong>HAYA Labs Prostate Health<\/strong> 60 kapszula. vitaminok, \u00e1sv\u00e1nyi anyagok \u00e9s gy\u00f3gyn\u00f6v\u00e9nyek egyed\u00fcl\u00e1ll\u00f3 kombin\u00e1ci\u00f3ja, amelyek seg\u00edtenek fenntartani a prosztata norm\u00e1l m\u0171k\u00f6d\u00e9s\u00e9t.<\/p>\n<p>A pyruvat olyan t\u00e1panyag, amely nagy szerepet j\u00e1tszik azokban a folyamatokban, amelyek szab\u00e1lyozz\u00e1k az energiatermel\u00e9st a testben. A sejt-mitokondriumokban tal\u00e1lhat\u00f3, a sejtek \u00fagynevezett \u201cer\u0151m\u0171v\u00e9ben\u201d. Megk\u00f6nny\u00edti a szervezetben t\u00f6rt\u00e9n\u0151 fontos anyagcser\u00e9t. Noha ez az elem a testben term\u00e9szetesen termel\u0151dik, n\u00e9h\u00e1ny kutat\u00e1s azt sugallja, hogy a piruv\u00e1t-kieg\u00e9sz\u00edt\u0151k seg\u00edthetnek a testnek az energia hat\u00e9konyabb felhaszn\u00e1l\u00e1s\u00e1ban.<\/p>\n<p><strong>El\u0151ny\u00f6k:<\/strong><\/p>\n<ul>\n<li>\u00a0seg\u00edti az eg\u00e9szs\u00e9ges anyagcser\u00e9t<\/li>\n<li>\u00a0n\u00f6veli az izmok sz\u00e1m\u00e1ra rendelkez\u00e9sre \u00e1ll\u00f3 energi\u00e1t<\/li>\n<li>\u00a0n\u00f6veli az \u00e1ll\u00f3k\u00e9pess\u00e9get edz\u00e9s k\u00f6zben<\/li>\n<li>\u00a0bizonyos antioxid\u00e1ns tulajdons\u00e1gokat mutat<\/li>\n<li>\u00a0serkenti a sejtek l\u00e9gz\u00e9s\u00e9t, \u00e9s hasznos lehet a zs\u00edrtermel\u00e9s g\u00e1tl\u00e1s\u00e1ban<\/li>\n<li>\u00a0tanulm\u00e1nyok kimutatt\u00e1k a fogy\u00e1st \u00e9s a zs\u00edr\u00e9get\u00e9st nagy d\u00f3zis\u00fa (22\u201328 gramm) alkalmaz\u00e1s* eset\u00e9n<\/li>\n<\/ul>\n<p>A piruvsav k\u00e9miailag instabil; ez\u00e9rt stabiliz\u00e1lja, ha m\u00e1s \u00e1sv\u00e1nyi anyagokkal reakci\u00f3ba l\u00e9pve s\u00f3v\u00e1 alakul.<\/p>\n<p>A pyruvat egy viszonylag \u00faj kieg\u00e9sz\u00edt\u0151 az atl\u00e9tikai \u00e9s sport t\u00e1pl\u00e1l\u00e9kipar sz\u00e1m\u00e1ra. Val\u00f3j\u00e1ban a piruvsavb\u00f3l sz\u00e1rmazik. A pyruvat az a vegy\u00fclet, amely elind\u00edtja a Krebs-ciklust. A Krebsz-ciklus egy energiaciklus, amely k\u00f6zvetlen\u00fcl felel\u0151s az ATP (energia) el\u0151\u00e1ll\u00edt\u00e1s\u00e1\u00e9rt. A piruv\u00e1t ismert el\u0151nyei: zs\u00edros t\u00f6meg cs\u00f6kkent\u00e9se, a v\u00e9r lipidek cs\u00f6kkent\u00e9se, az \u00e1ll\u00f3k\u00e9pess\u00e9g n\u00f6veked\u00e9se, fokozott energiatermel\u00e9s \u00e9s az elvesz\u00edtett zs\u00edrtartalom visszaszerz\u00e9si es\u00e9ly\u00e9nek cs\u00f6kken\u00e9se.<\/p>\n<p>Egy adag: 2 kapszula<\/p>\n<p>Aj\u00e1nlott felhaszn\u00e1l\u00e1s: vegyen be 1 adagot naponta h\u00e1romszor \u00e9tkez\u00e9s k\u00f6zben<\/p>\n<p>Csomag tartalma: 45 adag<\/p>\n","protected":false},"excerpt":{"rendered":"<p>A pyruvat olyan t\u00e1panyag, amely nagy szerepet j\u00e1tszik azokban a folyamatokban, amelyek szab\u00e1lyozz\u00e1k az energiatermel\u00e9st a testben.<\/p>\n","protected":false},"featured_media":5259,"comment_status":"closed","ping_status":"open","template":"","meta":[],"product_cat":[61],"product_tag":[],"class_list":{"0":"post-5258","1":"product","2":"type-product","3":"status-publish","4":"has-post-thumbnail","6":"product_brand-haya-labs","7":"product_cat-etrend-kiegeszitok","9":"first","10":"instock","11":"purchasable","12":"product-type-simple"},"_links":{"self":[{"href":"https:\/\/vitamin.coredesign.hu\/index.php?rest_route=\/wp\/v2\/product\/5258","targetHints":{"allow":["GET"]}}],"collection":[{"href":"https:\/\/vitamin.coredesign.hu\/index.php?rest_route=\/wp\/v2\/product"}],"about":[{"href":"https:\/\/vitamin.coredesign.hu\/index.php?rest_route=\/wp\/v2\/types\/product"}],"replies":[{"embeddable":true,"href":"https:\/\/vitamin.coredesign.hu\/index.php?rest_route=%2Fwp%2Fv2%2Fcomments&post=5258"}],"wp:featuredmedia":[{"embeddable":true,"href":"https:\/\/vitamin.coredesign.hu\/index.php?rest_route=\/wp\/v2\/media\/5259"}],"wp:attachment":[{"href":"https:\/\/vitamin.coredesign.hu\/index.php?rest_route=%2Fwp%2Fv2%2Fmedia&parent=5258"}],"wp:term":[{"taxonomy":"product_cat","embeddable":true,"href":"https:\/\/vitamin.coredesign.hu\/index.php?rest_route=%2Fwp%2Fv2%2Fproduct_cat&post=5258"},{"taxonomy":"product_tag","embeddable":true,"href":"https:\/\/vitamin.coredesign.hu\/index.php?rest_route=%2Fwp%2Fv2%2Fproduct_tag&post=5258"}],"curies":[{"name":"wp","href":"https:\/\/api.w.org\/{rel}","templated":true}]}}