{"id":5256,"date":"2025-10-12T12:23:55","date_gmt":"2025-10-12T10:23:55","guid":{"rendered":"https:\/\/vitamin.coredesign.hu\/?product=haya-labs-prostate-health-60-kapszula"},"modified":"2026-01-08T23:23:30","modified_gmt":"2026-01-08T22:23:30","slug":"haya-labs-prostate-health-60-kapszula","status":"publish","type":"product","link":"https:\/\/vitamin.coredesign.hu\/?product=haya-labs-prostate-health-60-kapszula","title":{"rendered":"HAYA LABS \u2013 Prostate Health 60 kapszula"},"content":{"rendered":"<p>&nbsp;<\/p>\n<div id=\"lt-accessibility-devtools\" aria-hidden=\"true\"><\/div>\n<p><strong>HAYA Labs Prostate Health<\/strong> 60 kapszula. vitaminok, \u00e1sv\u00e1nyi anyagok \u00e9s gy\u00f3gyn\u00f6v\u00e9nyek egyed\u00fcl\u00e1ll\u00f3 kombin\u00e1ci\u00f3ja, amelyek seg\u00edtenek fenntartani a prosztata norm\u00e1l m\u0171k\u00f6d\u00e9s\u00e9t.<\/p>\n<p><strong>El\u0151ny\u00f6k:<\/strong><\/p>\n<ul>\n<li>El\u0151seg\u00edti a prosztata eg\u00e9szs\u00e9ges m\u0171k\u00f6d\u00e9s\u00e9t<\/li>\n<li>Cs\u00f6kkentheti a prosztata duzzanat\u00e1val j\u00e1r\u00f3 vizelet\u00fcr\u00edt\u00e9s s\u00fcrg\u0151ss\u00e9g\u00e9t, gyakoris\u00e1g\u00e1t \u00e9s\/vagy k\u00e9sleltet\u00e9s\u00e9t<\/li>\n<li>A prosztata, a h\u00fagyh\u00f3lyag \u00e9s a h\u00fagyutak \u00e1ltal\u00e1nos eg\u00e9szs\u00e9g\u00e9nek el\u0151seg\u00edt\u00e9se.<\/li>\n<\/ul>\n<p>A prosztata egy kicsi, f\u00e1nk alak\u00fa \u00e9s m\u00e9ret\u0171 di\u00f3, a h\u00fagycs\u00f6vet k\u00f6r\u00fclvev\u0151 szerv, ahol a h\u00fagyh\u00f3lyagot hagyja el. A prosztata l\u00fagos anyagot termel, amely a h\u00edm reprodukt\u00edv folyad\u00e9k nagy r\u00e9sz\u00e9t fel\u00e9p\u00edti. A 40. \u00e9let\u00e9v el\u00e9r\u00e9s\u00e9vel a prosztata sejtjei gyakran nagyobbak lesznek; ezt a prosztata adenom\u00e1j\u00e1nak vagy r\u00f6videsen (BPH) nevezik. A BPH a prosztata nem r\u00e1kos megnagyobbod\u00e1sa, amely bizonyos esetekben \u00e1rtalmatlan. Gyakran megn\u00f6vekedett prosztata nyomja a h\u00fagycs\u00f6vet \u00e9s befoly\u00e1solja a vizel\u00e9st; ez a h\u00fagyh\u00f3lyaghoz kapcsol\u00f3d\u00f3 urol\u00f3giai t\u00fcnetekhez vezethet. Sz\u00e1mos tanulm\u00e1ny kimutatta, hogy az 50 \u00e9v feletti f\u00e9rfiak t\u00f6bb mint fele prosztata -megnagyobbod\u00e1sban \u00e9s kapcsol\u00f3d\u00f3 t\u00fcnetekben szenved. Ahogy \u00f6regszenek, ak\u00e1r 80% -uk kellemetlen t\u00fcneteket tapasztalhat, amelyek k\u00f6z\u00e9 tartozik a gyakori vizel\u00e9s, az \u00e9jszakai vizel\u00e9s \u00e9s a h\u00e1t als\u00f3 r\u00e9sz\u00e9n jelentkez\u0151 f\u00e1jdalom.<\/p>\n<p>Sa\u043e palmetto<br \/>\nSao tenyere nagyon hasznos prosztataprobl\u00e9m\u00e1kban szenved\u0151 f\u00e9rfiaknak; haszn\u00e1lata jelenleg a DHT -re \u00f6sszpontos\u00edt. A Sao Palmetto enyh\u00edti az ehhez az \u00e1llapothoz kapcsol\u00f3d\u00f3 t\u00fcneteket, p\u00e9ld\u00e1ul a vizel\u00e9s gyakoris\u00e1g\u00e1t \u00e9s s\u00fcrg\u0151ss\u00e9g\u00e9t, a t\u00falzott \u00e9jszakai vizel\u00e9st vagy a vizel\u00e9s k\u00e9s\u00e9s\u00e9t. Ezenk\u00edv\u00fcl ez az \u00f6sszetev\u0151 el\u0151seg\u00edti az optim\u00e1lis gyullad\u00e1scs\u00f6kkent\u0151 hat\u00e1st, cs\u00f6kkenti a duzzanatot \u00e9s el\u0151seg\u00edti a norm\u00e1lis vizelet\u00e1raml\u00e1st. Ezenk\u00edv\u00fcl a Sao palmetto egyes tanulm\u00e1nyokban azt mutatja, hogy k\u00e9pes megakad\u00e1lyozni a tesztoszteron DHT -v\u00e9 val\u00f3 \u00e1talakul\u00e1s\u00e1t.<\/p>\n<p>T\u00f6k<br \/>\nN\u00e9h\u00e1ny \u00e9vvel ezel\u0151tt a tud\u00f3sok \u00e9szrevett\u00e9k, hogy azok a f\u00e9rfiak, akik olyan ter\u00fcleteken \u00e9lnek, ahol a t\u00f6kmag az \u00e9trend r\u00e9sze, alacsonyabb gyakoris\u00e1ggal mutattak prosztataprobl\u00e9m\u00e1kat. Ennek oka lehet az esszenci\u00e1lis zs\u00edrsavak tartalma, mivel az EFA hasznosnak tekinthet\u0151 a szervezet eg\u00e9szs\u00e9g\u00e9re. J\u00f3 cinkforr\u00e1s, a s\u00fct\u0151t\u00f6k t\u00e1panyagokat tartalmaz, amelyek el\u0151seg\u00edtik a prosztata, a h\u00f3lyag \u00e9s a h\u00fagyutak eg\u00e9szs\u00e9g\u00e9t. Ez a leghat\u00e9konyabb, ha csal\u00e1nnal \u00e9s\/vagy Sao palmetto -val kombin\u00e1lj\u00e1k.<\/p>\n<p>Csal\u00e1n<br \/>\nA csal\u00e1n pozit\u00edv hat\u00e1ssal van a prosztata, a h\u00f3lyag \u00e9s a h\u00fagyutak karbantart\u00e1s\u00e1ra. Ezenk\u00edv\u00fcl el\u0151seg\u00edti a vizelet \u00e1raml\u00e1s\u00e1t \u00e9s t\u00e1mogatja a kevesebb vizel\u00e9st.<br \/>\nEgy adag: 2 kapszula<br \/>\nFelhaszn\u00e1l\u00e1si javaslat: Napi 1 adagot vegyen be v\u00edzzel<br \/>\nCsomag tartalma: 30 adag<\/p>\n","protected":false},"excerpt":{"rendered":"<p>HAYA Labs Prostate Health 60 kapszula. vitaminok, \u00e1sv\u00e1nyi anyagok \u00e9s gy\u00f3gyn\u00f6v\u00e9nyek egyed\u00fcl\u00e1ll\u00f3 kombin\u00e1ci\u00f3ja, amelyek seg\u00edtenek fenntartani a prosztata norm\u00e1l m\u0171k\u00f6d\u00e9s\u00e9t.<\/p>\n","protected":false},"featured_media":5257,"comment_status":"closed","ping_status":"open","template":"","meta":[],"product_cat":[61],"product_tag":[],"class_list":{"0":"post-5256","1":"product","2":"type-product","3":"status-publish","4":"has-post-thumbnail","6":"product_brand-haya-labs","7":"product_cat-etrend-kiegeszitok","9":"first","10":"instock","11":"purchasable","12":"product-type-simple"},"_links":{"self":[{"href":"https:\/\/vitamin.coredesign.hu\/index.php?rest_route=\/wp\/v2\/product\/5256","targetHints":{"allow":["GET"]}}],"collection":[{"href":"https:\/\/vitamin.coredesign.hu\/index.php?rest_route=\/wp\/v2\/product"}],"about":[{"href":"https:\/\/vitamin.coredesign.hu\/index.php?rest_route=\/wp\/v2\/types\/product"}],"replies":[{"embeddable":true,"href":"https:\/\/vitamin.coredesign.hu\/index.php?rest_route=%2Fwp%2Fv2%2Fcomments&post=5256"}],"wp:featuredmedia":[{"embeddable":true,"href":"https:\/\/vitamin.coredesign.hu\/index.php?rest_route=\/wp\/v2\/media\/5257"}],"wp:attachment":[{"href":"https:\/\/vitamin.coredesign.hu\/index.php?rest_route=%2Fwp%2Fv2%2Fmedia&parent=5256"}],"wp:term":[{"taxonomy":"product_cat","embeddable":true,"href":"https:\/\/vitamin.coredesign.hu\/index.php?rest_route=%2Fwp%2Fv2%2Fproduct_cat&post=5256"},{"taxonomy":"product_tag","embeddable":true,"href":"https:\/\/vitamin.coredesign.hu\/index.php?rest_route=%2Fwp%2Fv2%2Fproduct_tag&post=5256"}],"curies":[{"name":"wp","href":"https:\/\/api.w.org\/{rel}","templated":true}]}}