{"id":5254,"date":"2025-10-12T12:23:55","date_gmt":"2025-10-12T10:23:55","guid":{"rendered":"https:\/\/vitamin.coredesign.hu\/?product=haya-labs-omega-3-1000mg-200-lagykapszula"},"modified":"2026-01-08T23:23:30","modified_gmt":"2026-01-08T22:23:30","slug":"haya-labs-omega-3-1000mg-200-lagykapszula","status":"publish","type":"product","link":"https:\/\/vitamin.coredesign.hu\/?product=haya-labs-omega-3-1000mg-200-lagykapszula","title":{"rendered":"HAYA LABS \u2013 Omega 3 1000mg. \/ 200 l\u00e1gykapszula"},"content":{"rendered":"<p>&nbsp;<\/p>\n<div id=\"lt-accessibility-devtools\" aria-hidden=\"true\"><\/div>\n<p><strong>El\u0151ny\u00f6k:<\/strong><\/p>\n<ul>\n<li>Er\u0151s gyullad\u00e1scs\u00f6kkent\u0151 hat\u00e1s<\/li>\n<li>T\u00e1mogatja a sz\u00edv-\u00e9s \u00e9rrendszer m\u0171k\u00f6d\u00e9s\u00e9t<\/li>\n<li>Felgyors\u00edtja a regener\u00e1ci\u00f3t<\/li>\n<li>Stimul\u00e1lja az izomt\u00f6meg n\u00f6veked\u00e9s\u00e9t<\/li>\n<li>Cs\u00f6kkenti a magas v\u00e9rnyom\u00e1st<\/li>\n<li>Stimul\u00e1lja az immunrendszert<\/li>\n<li>T\u00e1mogatja az idegrendszert<\/li>\n<li>Cs\u00f6kkenti a koleszterinszintet<\/li>\n<li>Er\u0151s\u00edti a csontokat<\/li>\n<\/ul>\n<p>A <strong>HAYA LABS Omega 3<\/strong> kiv\u00e1l\u00f3 min\u0151s\u00e9g\u0171, term\u00e9szetes halolajat tartalmaz, amely az alapvet\u0151 omega-3 zs\u00edrsavak (EPA \u00e9s DHA) term\u00e9szetes forr\u00e1sa. Er\u0151s gyullad\u00e1scs\u00f6kkent\u0151 hat\u00e1sa van, \u00e9s felgyors\u00edtja a terhel\u00e9sek ut\u00e1ni regener\u00e1ci\u00f3s folyamatokat. Seg\u00edt a sz\u00edvm\u0171k\u00f6d\u00e9s jav\u00edt\u00e1s\u00e1ban, a magas v\u00e9rnyom\u00e1s cs\u00f6kkent\u00e9s\u00e9ben, er\u0151s\u00edti a v\u00e9red\u00e9nyek falait, cs\u00f6kkenti a rossz koleszterin \u00e9s triglicerid szinteket a v\u00e9rben. Cs\u00f6kkenti a sz\u00edv- \u00e9s \u00e9rrendszeri megbeteged\u00e9sek kock\u00e1zat\u00e1t. Az omega-3 zs\u00edrsavak stimul\u00e1lj\u00e1k a sejtek n\u00f6veked\u00e9s\u00e9t \u00e9s el\u0151seg\u00edtik a sz\u00e1raz izomt\u00f6meg \u00e9p\u00edt\u00e9s\u00e9t.<\/p>\n<p><strong>HAYA LABS Az Omega 3<\/strong> stimul\u00e1lja a test term\u00e9szetes v\u00e9delm\u00e9t \u00e9s jav\u00edtja az idegrendszer m\u0171k\u00f6d\u00e9s\u00e9t. A term\u00e9knek f\u00e1jdalomcsillap\u00edt\u00f3 hat\u00e1sa lehet, \u00e9s jav\u00edthatja az \u00edz\u00fcletek eg\u00e9szs\u00e9g\u00e9t. A <strong>HAYA LABS Omega 3<\/strong> olyan halolajat tartalmaz, amely er\u0151s\u00edti a csontokat, seg\u00edti a l\u00e1t\u00e1st \u00e9s el\u0151seg\u00edti a hormon\u00e1lis egyens\u00falyt az agyalapi mirigy \u00e9s a pajzsmirigy m\u0171k\u00f6d\u00e9s\u00e9nek szab\u00e1lyoz\u00e1s\u00e1val.<\/p>\n<p><strong>Aj\u00e1nlott napi bevitel:\u00a0<\/strong>Vegy\u00fcnk be 1 kapszul\u00e1t 2-3 alkalommal naponta \u00e9tkez\u00e9s k\u00f6zben.<\/p>\n<p><strong>Kiszerel\u00e9s:\u00a0<\/strong>200 adag<\/p>\n<p>V\u00e1s\u00e1rolja meg most a HAYA LABS Omega 3-at \u00e9s tegye er\u0151sebb\u00e9 \u00e9s eg\u00e9szs\u00e9gesebb\u00e9 sz\u00edv\u00e9t \u00e9s er\u0151s\u00edtse test\u00e9t!<\/p>\n","protected":false},"excerpt":{"rendered":"<p>V\u00e1s\u00e1rolja meg most a HAYA LABS Omega 3-at \u00e9s tegye er\u0151sebb\u00e9 \u00e9s eg\u00e9szs\u00e9gesebb\u00e9 sz\u00edv\u00e9t \u00e9s er\u0151s\u00edtse test\u00e9t!<\/p>\n","protected":false},"featured_media":5255,"comment_status":"closed","ping_status":"open","template":"","meta":[],"product_cat":[79],"product_tag":[],"class_list":{"0":"post-5254","1":"product","2":"type-product","3":"status-publish","4":"has-post-thumbnail","6":"product_brand-haya-labs","7":"product_cat-aminosavak","9":"first","10":"instock","11":"purchasable","12":"product-type-simple"},"_links":{"self":[{"href":"https:\/\/vitamin.coredesign.hu\/index.php?rest_route=\/wp\/v2\/product\/5254","targetHints":{"allow":["GET"]}}],"collection":[{"href":"https:\/\/vitamin.coredesign.hu\/index.php?rest_route=\/wp\/v2\/product"}],"about":[{"href":"https:\/\/vitamin.coredesign.hu\/index.php?rest_route=\/wp\/v2\/types\/product"}],"replies":[{"embeddable":true,"href":"https:\/\/vitamin.coredesign.hu\/index.php?rest_route=%2Fwp%2Fv2%2Fcomments&post=5254"}],"wp:featuredmedia":[{"embeddable":true,"href":"https:\/\/vitamin.coredesign.hu\/index.php?rest_route=\/wp\/v2\/media\/5255"}],"wp:attachment":[{"href":"https:\/\/vitamin.coredesign.hu\/index.php?rest_route=%2Fwp%2Fv2%2Fmedia&parent=5254"}],"wp:term":[{"taxonomy":"product_cat","embeddable":true,"href":"https:\/\/vitamin.coredesign.hu\/index.php?rest_route=%2Fwp%2Fv2%2Fproduct_cat&post=5254"},{"taxonomy":"product_tag","embeddable":true,"href":"https:\/\/vitamin.coredesign.hu\/index.php?rest_route=%2Fwp%2Fv2%2Fproduct_tag&post=5254"}],"curies":[{"name":"wp","href":"https:\/\/api.w.org\/{rel}","templated":true}]}}