{"id":5248,"date":"2025-10-12T12:23:55","date_gmt":"2025-10-12T10:23:55","guid":{"rendered":"https:\/\/vitamin.coredesign.hu\/?product=haya-labs-n-acetyl-l-cysteine-60-tabletta"},"modified":"2026-01-08T23:23:27","modified_gmt":"2026-01-08T22:23:27","slug":"haya-labs-n-acetyl-l-cysteine-60-tabletta","status":"publish","type":"product","link":"https:\/\/vitamin.coredesign.hu\/?product=haya-labs-n-acetyl-l-cysteine-60-tabletta","title":{"rendered":"HAYA LABS \u2013 N-Acetyl L-Cysteine 60 tabletta"},"content":{"rendered":"<p>&nbsp;<\/p>\n<div id=\"lt-accessibility-devtools\" aria-hidden=\"true\"><\/div>\n<p><strong>100% N-acetil-L-cisztein<\/strong> 60 tabletta, er\u0151s antioxid\u00e1ns, seg\u00edthet stimul\u00e1lni az immunrendszert, gyullad\u00e1scs\u00f6kkent\u0151 tulajdons\u00e1gok<\/p>\n<ul>\n<li>Er\u0151teljes antioxid\u00e1ns tulajdons\u00e1gok: seg\u00edthet a testnek a szabad gy\u00f6k\u00f6k \u00e1ltal okozott k\u00e1rok elleni k\u00fczdelemben<\/li>\n<li>Seg\u00edthet az immunrendszer stimul\u00e1l\u00e1s\u00e1ban: sz\u00e1mos eg\u00e9szs\u00e9g\u00fcgyi el\u0151nye miatt stimul\u00e1lhatja az immunrendszert<\/li>\n<li>Er\u0151s gyullad\u00e1scs\u00f6kkent\u0151 hat\u00e1s: er\u0151s tulajdons\u00e1gai miatt pozit\u00edvan befoly\u00e1solhatja a gyullad\u00e1st<\/li>\n<li>Seg\u00edthet a gy\u00f3gyul\u00e1sban: pozit\u00edvan befoly\u00e1solhatja a gy\u00f3gyul\u00e1st<\/li>\n<li>Kiv\u00e1l\u00f3 min\u0151s\u00e9g\u0171 term\u00e9k: az \u00f6sszes Haya Labs term\u00e9k kiv\u00e1l\u00f3 min\u0151s\u00e9g\u0171 alapanyagokb\u00f3l k\u00e9sz\u00fclKiv\u00e1l\u00f3 min\u0151s\u00e9g\u0171 term\u00e9k, amely 100% N-acetil-L-cisztein, \u00e9s seg\u00edthet az \u00e1ltal\u00e1nos eg\u00e9szs\u00e9gi \u00e1llapot fenntart\u00e1s\u00e1ban.<\/li>\n<\/ul>\n<p>A <strong>Haya Labs 100% N-acetil-L-cisztein<\/strong> 60 tabletta kiszerel\u00e9sben ker\u00fcl forgalomba, adagonk\u00e9nt 600 mg N-acetil-L-ciszteint tartalmaz. Az aj\u00e1nlott adag 1 tabletta, naponta k\u00e9tszer.<\/p>\n<p><strong>A Haya Labs 100% N-acetil-L-cisztein el\u0151nyei:<\/strong><\/p>\n<ul>\n<li>Er\u0151s antioxid\u00e1ns<\/li>\n<li>Seg\u00edthet stimul\u00e1lni az immunrendszert<\/li>\n<li>Er\u0151s gyullad\u00e1scs\u00f6kkent\u0151 hat\u00e1s<\/li>\n<li>Seg\u00edtheti a regener\u00e1l\u00f3d\u00e1st<\/li>\n<\/ul>\n<p>A <strong>Haya Labs 100% N-acetil-L-cisztein<\/strong> egy er\u0151teljes formula, amely fontos az eg\u00e9szs\u00e9gi \u00e1llapot\u00e1hoz.<\/p>\n<p>Biztons\u00e1gi inform\u00e1ci\u00f3k:<br \/>\nVIGY\u00c1ZAT: Ne l\u00e9pje t\u00fal a megadott adagot. Ha terhes, szoptat, v\u00e9nyk\u00f6teles gy\u00f3gyszert szed, mindenk\u00e9ppen k\u00e9rje ki a kezel\u0151orvosa v\u00e9lem\u00e9ny\u00e9t miel\u0151tt b\u00e1rmilyen \u00e9trend-kieg\u00e9sz\u00edt\u0151t szedne. Ha mell\u00e9khat\u00e1sok jelentkeznek, hagyja abba a haszn\u00e1latot \u00e9s forduljon h\u00e1ziorvoshoz. Nem alkalmas 18 \u00e9v alatti szem\u00e9lyek sz\u00e1m\u00e1ra. Tartsa mindig t\u00e1vol gyermekekt\u0151l. Ne haszn\u00e1lja, ha a csomagol\u00e1s s\u00e9r\u00fclt. Az \u00e9trend-kieg\u00e9sz\u00edt\u0151ket NEM szabad a kiegyens\u00falyozott \u00e9trend \u00e9s az eg\u00e9szs\u00e9ges \u00e9letm\u00f3d helyettes\u00edt\u00e9s\u00e9re haszn\u00e1lni.<\/p>\n<p><strong>\u00d6sszetev\u0151k:<\/strong> N-acetil-L-cisztein<\/p>\n<p><strong>Allerg\u00e9n figyelmeztet\u00e9s:<\/strong>\u00a0Tejet, toj\u00e1st, b\u00faz\u00e1t \u00e9s sz\u00f3j\u00e1t tartalmaz\u00f3 term\u00e9keket feldolgoz\u00f3 berendez\u00e9seken gy\u00e1rtj\u00e1k.<\/p>\n","protected":false},"excerpt":{"rendered":"<p>100% N-acetil-L-cisztein 60 tabletta, er\u0151s antioxid\u00e1ns, seg\u00edthet stimul\u00e1lni az immunrendszert, gyullad\u00e1scs\u00f6kkent\u0151 tulajdons\u00e1gok<\/p>\n","protected":false},"featured_media":5249,"comment_status":"closed","ping_status":"open","template":"","meta":[],"product_cat":[79],"product_tag":[],"class_list":{"0":"post-5248","1":"product","2":"type-product","3":"status-publish","4":"has-post-thumbnail","6":"product_brand-haya-labs","7":"product_cat-aminosavak","9":"first","10":"instock","11":"purchasable","12":"product-type-simple"},"_links":{"self":[{"href":"https:\/\/vitamin.coredesign.hu\/index.php?rest_route=\/wp\/v2\/product\/5248","targetHints":{"allow":["GET"]}}],"collection":[{"href":"https:\/\/vitamin.coredesign.hu\/index.php?rest_route=\/wp\/v2\/product"}],"about":[{"href":"https:\/\/vitamin.coredesign.hu\/index.php?rest_route=\/wp\/v2\/types\/product"}],"replies":[{"embeddable":true,"href":"https:\/\/vitamin.coredesign.hu\/index.php?rest_route=%2Fwp%2Fv2%2Fcomments&post=5248"}],"wp:featuredmedia":[{"embeddable":true,"href":"https:\/\/vitamin.coredesign.hu\/index.php?rest_route=\/wp\/v2\/media\/5249"}],"wp:attachment":[{"href":"https:\/\/vitamin.coredesign.hu\/index.php?rest_route=%2Fwp%2Fv2%2Fmedia&parent=5248"}],"wp:term":[{"taxonomy":"product_cat","embeddable":true,"href":"https:\/\/vitamin.coredesign.hu\/index.php?rest_route=%2Fwp%2Fv2%2Fproduct_cat&post=5248"},{"taxonomy":"product_tag","embeddable":true,"href":"https:\/\/vitamin.coredesign.hu\/index.php?rest_route=%2Fwp%2Fv2%2Fproduct_tag&post=5248"}],"curies":[{"name":"wp","href":"https:\/\/api.w.org\/{rel}","templated":true}]}}