{"id":5246,"date":"2025-10-12T12:23:55","date_gmt":"2025-10-12T10:23:55","guid":{"rendered":"https:\/\/vitamin.coredesign.hu\/?product=haya-labs-maca-500mg-60-kapszula"},"modified":"2026-01-08T23:23:26","modified_gmt":"2026-01-08T22:23:26","slug":"haya-labs-maca-500mg-60-kapszula","status":"publish","type":"product","link":"https:\/\/vitamin.coredesign.hu\/?product=haya-labs-maca-500mg-60-kapszula","title":{"rendered":"HAYA LABS \u2013 Maca 500mg. \/ 60 kapszula."},"content":{"rendered":"<p>&nbsp;<\/p>\n<div id=\"lt-accessibility-devtools\" aria-hidden=\"true\"><\/div>\n<p>100% Maca 500mg. 60 kapszula seg\u00edt n\u00f6velni az er\u0151t, n\u00f6veli az \u00e1ll\u00f3k\u00e9pess\u00e9get, seg\u00edthet n\u00f6velni az energi\u00e1t<\/p>\n<ul>\n<li>seg\u00edt n\u00f6velni a test \u00e1ltal\u00e1nos erej\u00e9t<\/li>\n<li>n\u00f6veli az \u00e1ll\u00f3k\u00e9pess\u00e9get: a Maca egyik f\u0151 el\u0151nye, hogy k\u00e9pes n\u00f6velni az \u00e1ll\u00f3k\u00e9pess\u00e9get edz\u00e9s k\u00f6zben<\/li>\n<li>seg\u00edt az energia fellend\u00edt\u00e9s\u00e9ben: er\u0151s gy\u00f3gyn\u00f6v\u00e9ny, amely n\u00f6velheti az energiaszintet<\/li>\n<li>gazdag esszenci\u00e1lis \u00e1sv\u00e1nyi anyagokban: p\u00e9ld\u00e1ul szel\u00e9nben, kalciumban, magn\u00e9ziumban stb.<\/li>\n<li>kiv\u00e1l\u00f3 min\u0151s\u00e9g\u0171 term\u00e9k: az \u00f6sszes Haya Labs term\u00e9k kiv\u00e1l\u00f3 min\u0151s\u00e9g\u0171 alapanyagokb\u00f3l k\u00e9sz\u00fcl<\/li>\n<\/ul>\n<p><strong>Haya Labs 100% Maca 500mg<\/strong>. 60 kapszula csomagol\u00e1sban, adagonk\u00e9nt 500mg Maca kivonattal rendelkezik. Az aj\u00e1nlott adag 1 kapszula, naponta egyszer.<\/p>\n<p><strong>Haya Labs 100% Maca 500mg. el\u0151nyei:<\/strong><\/p>\n<ul>\n<li>seg\u00edt n\u00f6velni az er\u0151t<\/li>\n<li>n\u00f6veli az \u00e1ll\u00f3k\u00e9pess\u00e9get<\/li>\n<li>seg\u00edt n\u00f6velni az energi\u00e1t<\/li>\n<li>gazdag esszenci\u00e1lis \u00e1sv\u00e1nyi anyagokban<\/li>\n<\/ul>\n","protected":false},"excerpt":{"rendered":"<p>100% Maca 500mg. 60 kapszula seg\u00edt n\u00f6velni az er\u0151t, n\u00f6veli az \u00e1ll\u00f3k\u00e9pess\u00e9get, seg\u00edthet n\u00f6velni az energi\u00e1t<\/p>\n","protected":false},"featured_media":5247,"comment_status":"closed","ping_status":"open","template":"","meta":[],"product_cat":[61],"product_tag":[],"class_list":{"0":"post-5246","1":"product","2":"type-product","3":"status-publish","4":"has-post-thumbnail","6":"product_brand-haya-labs","7":"product_cat-etrend-kiegeszitok","9":"first","10":"instock","11":"purchasable","12":"product-type-simple"},"_links":{"self":[{"href":"https:\/\/vitamin.coredesign.hu\/index.php?rest_route=\/wp\/v2\/product\/5246","targetHints":{"allow":["GET"]}}],"collection":[{"href":"https:\/\/vitamin.coredesign.hu\/index.php?rest_route=\/wp\/v2\/product"}],"about":[{"href":"https:\/\/vitamin.coredesign.hu\/index.php?rest_route=\/wp\/v2\/types\/product"}],"replies":[{"embeddable":true,"href":"https:\/\/vitamin.coredesign.hu\/index.php?rest_route=%2Fwp%2Fv2%2Fcomments&post=5246"}],"wp:featuredmedia":[{"embeddable":true,"href":"https:\/\/vitamin.coredesign.hu\/index.php?rest_route=\/wp\/v2\/media\/5247"}],"wp:attachment":[{"href":"https:\/\/vitamin.coredesign.hu\/index.php?rest_route=%2Fwp%2Fv2%2Fmedia&parent=5246"}],"wp:term":[{"taxonomy":"product_cat","embeddable":true,"href":"https:\/\/vitamin.coredesign.hu\/index.php?rest_route=%2Fwp%2Fv2%2Fproduct_cat&post=5246"},{"taxonomy":"product_tag","embeddable":true,"href":"https:\/\/vitamin.coredesign.hu\/index.php?rest_route=%2Fwp%2Fv2%2Fproduct_tag&post=5246"}],"curies":[{"name":"wp","href":"https:\/\/api.w.org\/{rel}","templated":true}]}}