{"id":5244,"date":"2025-10-12T12:23:55","date_gmt":"2025-10-12T10:23:55","guid":{"rendered":"https:\/\/vitamin.coredesign.hu\/?product=haya-labs-l-arginine-l-ornithine-l-lysine-100-kapszula"},"modified":"2026-01-08T23:23:25","modified_gmt":"2026-01-08T22:23:25","slug":"haya-labs-l-arginine-l-ornithine-l-lysine-100-kapszula","status":"publish","type":"product","link":"https:\/\/vitamin.coredesign.hu\/?product=haya-labs-l-arginine-l-ornithine-l-lysine-100-kapszula","title":{"rendered":"HAYA LABS \u2013 L-Arginine L-Ornithine L-Lysine \/100 kapszula"},"content":{"rendered":"<p>&nbsp;<\/p>\n<div id=\"lt-accessibility-devtools\" aria-hidden=\"true\"><\/div>\n<p><strong>El\u0151ny\u00f6k:<\/strong><\/p>\n<ul>\n<li>N\u00f6veli a n\u00f6veked\u00e9si hormon termel\u00e9st<\/li>\n<li>N\u00f6veli az izomm\u00e9retet<\/li>\n<li>Felgyors\u00edtja a regener\u00e1ci\u00f3s folyamatot<\/li>\n<li>Er\u0151s immunstimul\u00e1tor<\/li>\n<li>N\u00f6veli az er\u0151t \u00e9s az energi\u00e1t<\/li>\n<li>Stimul\u00e1lja a zs\u00edr\u00e9get\u00e9si folyamatokat<\/li>\n<li>Cs\u00f6kkenti a koleszterinszintet<\/li>\n<li>Jav\u00edtja az anyagcser\u00e9t<\/li>\n<li>Semleges\u00edti az izomt\u00f6meg le\u00e9p\u00fcl\u00e9s\u00e9t<\/li>\n<li>T\u00e1mogatja a szexu\u00e1lis funkci\u00f3t<\/li>\n<\/ul>\n<p><strong>Haya Labs L-Arginin L-Ornitin L-Lizin<\/strong>, az arginin \u00e9s a lizin aminosavak kombin\u00e1ci\u00f3j\u00e1t tartalmazza, melyek stimul\u00e1lj\u00e1k a n\u00f6veked\u00e9si hormon termel\u00e9s\u00e9t. A term\u00e9k m\u00e1trixa tartalmazza az ornitin aminosavat is, ami n\u00f6veli a m\u00e1sik k\u00e9t hat\u00f3anyag hat\u00e1s\u00e1t. Az arginin el\u0151seg\u00edti a sejtoszt\u00f3d\u00e1st, semleges\u00edti a szabad gy\u00f6k\u00f6k k\u00e1ros hat\u00e1sait \u00e9s megn\u00f6veli az izomt\u00f6meg m\u00e9ret\u00e9t. Ez az aminosav t\u00e1mogatja az immunrendszert \u00e9s a szexu\u00e1lis funkci\u00f3t, valamint jav\u00edtja a hangulatot.<\/p>\n<p>A lizin szab\u00e1lyozza a szervezet nitrog\u00e9n egyens\u00faly\u00e1t, fontos szerepet j\u00e1tszik a v\u00e1zizmok \u00e9p\u00edt\u00e9s\u00e9ben \u00e9s felgyors\u00edtja a regener\u00e1ci\u00f3s folyamatokat a nagy intenzit\u00e1s\u00fa edz\u00e9sek ut\u00e1n. A lizin fontos szerepet j\u00e1tszik a zs\u00edrsavak energi\u00e1v\u00e1 \u00e1talakul\u00e1s\u00e1ban, cs\u00f6kkenti a rossz koleszterin szintj\u00e9t.<\/p>\n<p>Az ornitin serkenti a zs\u00edrok metabolizmus\u00e1t, jav\u00edtja a m\u00e1j eg\u00e9szs\u00e9gi \u00e1llapot\u00e1t \u00e9s er\u0151s\u00edti az immunrendszert. Serkenti a regener\u00e1ci\u00f3 folyamat\u00e1t, kik\u00fcsz\u00f6b\u00f6li az izomt\u00f6meg elveszt\u00e9s\u00e9t \u00e9s cs\u00f6kkenti a s\u00falyemel\u00e9s k\u00f6vetkezt\u00e9ben fell\u00e9p\u0151 s\u00e9r\u00fcl\u00e9sek kock\u00e1zat\u00e1t.<\/p>\n<p><strong>Napi adag:<\/strong>\u00a04 kapszula<\/p>\n<p><strong>Haszn\u00e1lati utas\u00edt\u00e1s:\u00a0<\/strong>Vegyen be naponta 1 adagot alv\u00e1s el\u0151tt.<\/p>\n<p><strong>Kiszerel\u00e9s:<\/strong>\u00a025 adag<\/p>\n<p>Nagyobb izmok \u00e9s vill\u00e1mgyors regener\u00e1ci\u00f3 a <strong>Haya Labs L-Arginine L-Ornithine L-Lizin<\/strong>-nel! V\u00e1s\u00e1rolj most!<\/p>\n<p><strong>\u00d6sszetev\u0151k:\u00a0<\/strong>L-arginin (szabad form\u00e1j\u00fa), L-ornitin (szabad form\u00e1j\u00fa), L-lizin (szabad form\u00e1j\u00fa)<\/p>\n","protected":false},"excerpt":{"rendered":"<p>Nagyobb izmok \u00e9s vill\u00e1mgyors regener\u00e1ci\u00f3 a Haya Labs L-Arginine L-Ornithine L-Lizin-nel! V\u00e1s\u00e1rolj most!<\/p>\n","protected":false},"featured_media":5245,"comment_status":"closed","ping_status":"open","template":"","meta":[],"product_cat":[79],"product_tag":[],"class_list":{"0":"post-5244","1":"product","2":"type-product","3":"status-publish","4":"has-post-thumbnail","6":"product_brand-haya-labs","7":"product_cat-aminosavak","9":"first","10":"instock","11":"purchasable","12":"product-type-simple"},"_links":{"self":[{"href":"https:\/\/vitamin.coredesign.hu\/index.php?rest_route=\/wp\/v2\/product\/5244","targetHints":{"allow":["GET"]}}],"collection":[{"href":"https:\/\/vitamin.coredesign.hu\/index.php?rest_route=\/wp\/v2\/product"}],"about":[{"href":"https:\/\/vitamin.coredesign.hu\/index.php?rest_route=\/wp\/v2\/types\/product"}],"replies":[{"embeddable":true,"href":"https:\/\/vitamin.coredesign.hu\/index.php?rest_route=%2Fwp%2Fv2%2Fcomments&post=5244"}],"wp:featuredmedia":[{"embeddable":true,"href":"https:\/\/vitamin.coredesign.hu\/index.php?rest_route=\/wp\/v2\/media\/5245"}],"wp:attachment":[{"href":"https:\/\/vitamin.coredesign.hu\/index.php?rest_route=%2Fwp%2Fv2%2Fmedia&parent=5244"}],"wp:term":[{"taxonomy":"product_cat","embeddable":true,"href":"https:\/\/vitamin.coredesign.hu\/index.php?rest_route=%2Fwp%2Fv2%2Fproduct_cat&post=5244"},{"taxonomy":"product_tag","embeddable":true,"href":"https:\/\/vitamin.coredesign.hu\/index.php?rest_route=%2Fwp%2Fv2%2Fproduct_tag&post=5244"}],"curies":[{"name":"wp","href":"https:\/\/api.w.org\/{rel}","templated":true}]}}