{"id":5242,"date":"2025-10-12T12:23:55","date_gmt":"2025-10-12T10:23:55","guid":{"rendered":"https:\/\/vitamin.coredesign.hu\/?product=haya-labs-huperzine-a-98-kivonat-200mcg-90-kapszula"},"modified":"2026-01-08T23:23:24","modified_gmt":"2026-01-08T22:23:24","slug":"haya-labs-huperzine-a-98-kivonat-200mcg-90-kapszula","status":"publish","type":"product","link":"https:\/\/vitamin.coredesign.hu\/?product=haya-labs-huperzine-a-98-kivonat-200mcg-90-kapszula","title":{"rendered":"HAYA LABS \u2013 Huperzine A 98% kivonat 200mcg \/ 90 kapszula"},"content":{"rendered":"<p>&nbsp;<\/p>\n<div id=\"lt-accessibility-devtools\" aria-hidden=\"true\"><\/div>\n<p><strong>100% Huperzine A 98% kivonat 200 mcg 90 kapszula<\/strong>, seg\u00edthet a f\u00f3kuszban, seg\u00edthet a koncentr\u00e1ci\u00f3 n\u00f6vel\u00e9s\u00e9ben, seg\u00edthet a mem\u00f3ria n\u00f6vel\u00e9s\u00e9ben<\/p>\n<p><strong>El\u0151nyei:<\/strong><\/p>\n<ul>\n<li>Seg\u00edthet a koncentr\u00e1l\u00e1sban<\/li>\n<li>Seg\u00edt fokozni a koncentr\u00e1ci\u00f3t<\/li>\n<li>Seg\u00edthet a mem\u00f3ria n\u00f6vel\u00e9s\u00e9ben<\/li>\n<li>Term\u00e9szetes kivonat<\/li>\n<\/ul>\n<p>Seg\u00edthet a koncentr\u00e1l\u00e1sban: pozit\u00edv hat\u00e1ssal lehet a ment\u00e1lis f\u00f3kuszra<br \/>\nSeg\u00edt fokozni a koncentr\u00e1ci\u00f3t: er\u0151teljes tulajdons\u00e1gai miatt n\u00f6velheti a koncentr\u00e1ci\u00f3t<br \/>\nSeg\u00edt a mem\u00f3ria n\u00f6vel\u00e9s\u00e9ben: nagy hat\u00e1ssal van a mem\u00f3riakapacit\u00e1sra<br \/>\nTerm\u00e9szetes kivonat: a Huperzia serrata n\u00f6v\u00e9nyb\u0151l sz\u00e1rmazik<\/p>\n<p><strong>Haya Labs 100% Huperzine A 98% Extract 200mcg 90 kapszula<\/strong> csomagol\u00e1sban, 200 mcg Huperzine A (Huperzia serrata lev\u00e9lkivonatb\u00f3l) adagonk\u00e9nt. Az aj\u00e1nlott adag 1 kapszula, legfeljebb napi 3 alkalommal.<\/p>\n<p><strong>Egy adag:<\/strong> 1 kapszula<\/p>\n<p><strong>Aj\u00e1nlott haszn\u00e1lat:<\/strong> napi 1-3 adagot vegyen be<\/p>\n<p><strong>Csomag tartalma:<\/strong> 90 adag<\/p>\n","protected":false},"excerpt":{"rendered":"<p>100% Huperzine A 98% kivonat 200 mcg 90 kapszula, seg\u00edthet a f\u00f3kuszban, seg\u00edthet a koncentr\u00e1ci\u00f3 n\u00f6vel\u00e9s\u00e9ben, seg\u00edthet a mem\u00f3ria n\u00f6vel\u00e9s\u00e9ben<\/p>\n","protected":false},"featured_media":5243,"comment_status":"closed","ping_status":"open","template":"","meta":[],"product_cat":[61],"product_tag":[],"class_list":{"0":"post-5242","1":"product","2":"type-product","3":"status-publish","4":"has-post-thumbnail","6":"product_brand-haya-labs","7":"product_cat-etrend-kiegeszitok","9":"first","10":"instock","11":"purchasable","12":"product-type-simple"},"_links":{"self":[{"href":"https:\/\/vitamin.coredesign.hu\/index.php?rest_route=\/wp\/v2\/product\/5242","targetHints":{"allow":["GET"]}}],"collection":[{"href":"https:\/\/vitamin.coredesign.hu\/index.php?rest_route=\/wp\/v2\/product"}],"about":[{"href":"https:\/\/vitamin.coredesign.hu\/index.php?rest_route=\/wp\/v2\/types\/product"}],"replies":[{"embeddable":true,"href":"https:\/\/vitamin.coredesign.hu\/index.php?rest_route=%2Fwp%2Fv2%2Fcomments&post=5242"}],"wp:featuredmedia":[{"embeddable":true,"href":"https:\/\/vitamin.coredesign.hu\/index.php?rest_route=\/wp\/v2\/media\/5243"}],"wp:attachment":[{"href":"https:\/\/vitamin.coredesign.hu\/index.php?rest_route=%2Fwp%2Fv2%2Fmedia&parent=5242"}],"wp:term":[{"taxonomy":"product_cat","embeddable":true,"href":"https:\/\/vitamin.coredesign.hu\/index.php?rest_route=%2Fwp%2Fv2%2Fproduct_cat&post=5242"},{"taxonomy":"product_tag","embeddable":true,"href":"https:\/\/vitamin.coredesign.hu\/index.php?rest_route=%2Fwp%2Fv2%2Fproduct_tag&post=5242"}],"curies":[{"name":"wp","href":"https:\/\/api.w.org\/{rel}","templated":true}]}}